{"id":9214,"date":"2019-11-15T20:28:24","date_gmt":"2019-11-15T19:28:24","guid":{"rendered":"http:\/\/www.archive.splatfilmfest.com\/?page_id=9214"},"modified":"2019-12-17T13:19:47","modified_gmt":"2019-12-17T12:19:47","slug":"nagrodypublicznosci2019","status":"publish","type":"page","link":"https:\/\/www.archive.splatfilmfest.com\/index.php\/nagrodypublicznosci2019\/","title":{"rendered":"NAGRODY PUBLICZNO\u015aCI"},"content":{"rendered":"<p><span style=\"color: #000000;\">[vc_row][vc_column][vc_empty_space][film_discover style_discover=&#8221;3&#8243; image=&#8221;9215&#8243;]<\/span><\/p>\n<h2><span style=\"color: #000000;\">Podczas festiwalu Splat!FilmFest 2019 w Lublinie i Warszawie widzki i widzowie przyznali Nagrody Publiczno\u015bci dla film\u00f3w pe\u0142nometra\u017cowych i kr\u00f3tkometra\u017cowych.<\/span><\/h2>\n<h2><span style=\"color: #000000;\">FILMY PE\u0141NOMETRA\u017bOWE<\/span><\/h2>\n<ul>\n<li>\n<h2><span style=\"color: #000000;\">najlepszy film: DEERSKIN<br \/>\n<\/span><\/h2>\n<\/li>\n<li>\n<h2><span style=\"color: #000000;\">najlepsza re\u017cyseria: BACURAU<br \/>\n<\/span><\/h2>\n<\/li>\n<li>\n<h2><span style=\"color: #000000;\">najlepszy scenariusz: DEERSKIN<br \/>\n<\/span><\/h2>\n<\/li>\n<li>\n<h2><span style=\"color: #000000;\">najstraszniejszy film: COLOR OUT OF SPACE<\/span><\/h2>\n<\/li>\n<li>\n<h2><span style=\"color: #000000;\">najbardziej szokuj\u0105cy film: Z\u0141OTA R\u0118KAWICZKA<\/span><\/h2>\n<\/li>\n<li>\n<h2><span style=\"color: #000000;\">najlepsze efekty specjalne: COLOR OUT OF SPACE<br \/>\n<\/span><\/h2>\n<\/li>\n<\/ul>\n<h2><\/h2>\n<h2><span style=\"color: #000000;\">FILMY KR\u00d3TKOMETRA\u017bOWE<\/span><\/h2>\n<ul>\n<li>\n<h2><span style=\"color: #000000;\">najstraszniejszy film: JABBARA<\/span><\/h2>\n<\/li>\n<li>\n<h2><span style=\"color: #000000;\">najbardziej szokuj\u0105cy film: JABBARA<br \/>\n<\/span><\/h2>\n<\/li>\n<li>\n<h2><span style=\"color: #000000;\">najlepsze efekty specjalne: JABBARA<\/span><\/h2>\n<\/li>\n<li>\n<h2><span style=\"color: #000000;\">najlepszy film: JABBARA<\/span><\/h2>\n<\/li>\n<li>\n<h2><span style=\"color: #000000;\">najlepszy scenariusz: JABBARA<\/span><\/h2>\n<\/li>\n<li>\n<h2><span style=\"color: #000000;\">najlepsza re\u017cyseria: JABBARA<\/span><\/h2>\n<\/li>\n<\/ul>\n<h2><span style=\"color: #000000;\"><em> G.R.A.T.U.L.U.J.E.M.Y !<\/em><\/span><\/h2>\n<h2><span style=\"color: #000000;\">Widzki i widz\u00f3w, kt\u00f3rzy wzi\u0119li udzia\u0142 w g\u0142osowaniu i wygrali nagrody, poinformujemy o tym fakcie mailowo.<\/span><\/h2>\n<p>&nbsp;<\/p>\n<p>&nbsp;<\/p>\n<h2><span style=\"color: #000000;\">Splat!FilmFest jako cz\u0142onek The M\u00e9li\u00e8s International Festivals Federation by\u0142 tak\u017ce organizatorem specjalnego konkursu <a style=\"color: #000000;\" href=\"http:\/\/www.archive.splatfilmfest.com\/index.php\/melies-dargent2019\/\" target=\"_blank\" rel=\"noopener noreferrer\">M\u00c9LI\u00c8S D\u2019ARGENT<\/a>. W konkursie wzi\u0119\u0142o udzia\u0142 6 europejskich film\u00f3w kr\u00f3tkometra\u017cowych wyselekcjonowanych przez Splat!FilmFest. <em>Na najlepszy film g\u0142osowa\u0142a publiczno\u015b\u0107 po prezentacji bloku film\u00f3w, kt\u00f3ra odby\u0142a si\u0119 3 grudnia w warszawskiej Kinotece. Publiczno\u015b\u0107 wybra\u0142a najlepszy film konkursu i jest nim \u201eOb\u0142\u0119d\u201d (\u201eMadness\u201d\u201d) w re\u017cyserii Jakuba Drobczy\u0144skiego. G.R.A.T.U.L.U.J.E.M.Y !<\/em><\/span><\/h2>\n<p><span style=\"color: #000000;\">[\/film_discover][\/vc_column][\/vc_row][vc_row][vc_column][\/vc_column][\/vc_row]<\/span><\/p>","protected":false},"excerpt":{"rendered":"<p>[vc_row][vc_column][vc_empty_space][film_discover style_discover=&#8221;3&#8243; image=&#8221;9215&#8243;] Podczas festiwalu Splat!FilmFest 2019 w Lublinie i Warszawie widzki i widzowie przyznali Nagrody Publiczno\u015bci dla film\u00f3w pe\u0142nometra\u017cowych i kr\u00f3tkometra\u017cowych. FILMY PE\u0141NOMETRA\u017bOWE najlepszy film: DEERSKIN najlepsza re\u017cyseria: BACURAU najlepszy scenariusz: DEERSKIN najstraszniejszy film: COLOR OUT OF SPACE najbardziej szokuj\u0105cy film: Z\u0141OTA R\u0118KAWICZKA najlepsze efekty specjalne: COLOR OUT OF SPACE FILMY KR\u00d3TKOMETRA\u017bOWE najstraszniejszy film: JABBARA najbardziej szokuj\u0105cy film: JABBARA najlepsze efekty specjalne: JABBARA najlepszy film: JABBARA najlepszy scenariusz: JABBARA najlepsza re\u017cyseria: JABBARA G.R.A.T.U.L.U.J.E.M.Y ! Widzki i widz\u00f3w, kt\u00f3rzy wzi\u0119li udzia\u0142 w g\u0142osowaniu i wygrali nagrody, poinformujemy o tym fakcie mailowo. &nbsp; &nbsp; Splat!FilmFest jako cz\u0142onek The M\u00e9li\u00e8s International Festivals Federation by\u0142 tak\u017ce organizatorem specjalnego konkursu M\u00c9LI\u00c8S D\u2019ARGENT. W konkursie [&hellip;]<\/p>\n","protected":false},"author":1,"featured_media":0,"parent":0,"menu_order":0,"comment_status":"closed","ping_status":"closed","template":"","meta":[],"yoast_head":"<!-- This site is optimized with the Yoast SEO plugin v15.2.1 - https:\/\/yoast.com\/wordpress\/plugins\/seo\/ -->\n<title>NAGRODY PUBLICZNO\u015aCI - Splat!FilmFest<\/title>\n<meta name=\"robots\" content=\"index, follow, max-snippet:-1, max-image-preview:large, max-video-preview:-1\" \/>\n<link rel=\"canonical\" href=\"https:\/\/www.archive.splatfilmfest.com\/index.php\/nagrodypublicznosci2019\/\" \/>\n<meta property=\"og:locale\" content=\"pl_PL\" \/>\n<meta property=\"og:type\" content=\"article\" \/>\n<meta property=\"og:title\" content=\"[:pl]NAGRODY PUBLICZNO\u015aCI[:en]AUDIENCE AWARDS[:] - Splat!FilmFest\" \/>\n<meta property=\"og:description\" content=\"[vc_row][vc_column][vc_empty_space][film_discover style_discover=&#8221;3&#8243; image=&#8221;9215&#8243;] Podczas festiwalu Splat!FilmFest 2019 w Lublinie i Warszawie widzki i widzowie przyznali Nagrody Publiczno\u015bci dla film\u00f3w pe\u0142nometra\u017cowych i kr\u00f3tkometra\u017cowych. FILMY PE\u0141NOMETRA\u017bOWE najlepszy film: DEERSKIN najlepsza re\u017cyseria: BACURAU najlepszy scenariusz: DEERSKIN najstraszniejszy film: COLOR OUT OF SPACE najbardziej szokuj\u0105cy film: Z\u0141OTA R\u0118KAWICZKA najlepsze efekty specjalne: COLOR OUT OF SPACE FILMY KR\u00d3TKOMETRA\u017bOWE najstraszniejszy film: JABBARA najbardziej szokuj\u0105cy film: JABBARA najlepsze efekty specjalne: JABBARA najlepszy film: JABBARA najlepszy scenariusz: JABBARA najlepsza re\u017cyseria: JABBARA G.R.A.T.U.L.U.J.E.M.Y ! Widzki i widz\u00f3w, kt\u00f3rzy wzi\u0119li udzia\u0142 w g\u0142osowaniu i wygrali nagrody, poinformujemy o tym fakcie mailowo. &nbsp; &nbsp; Splat!FilmFest jako cz\u0142onek The M\u00e9li\u00e8s International Festivals Federation by\u0142 tak\u017ce organizatorem specjalnego konkursu M\u00c9LI\u00c8S D\u2019ARGENT. W konkursie [&hellip;]\" \/>\n<meta property=\"og:url\" content=\"https:\/\/www.archive.splatfilmfest.com\/index.php\/nagrodypublicznosci2019\/\" \/>\n<meta property=\"og:site_name\" content=\"Splat!FilmFest\" \/>\n<meta property=\"article:publisher\" content=\"https:\/\/www.facebook.com\/splatfilmfest\" \/>\n<meta property=\"article:modified_time\" content=\"2019-12-17T12:19:47+00:00\" \/>\n<meta name=\"twitter:card\" content=\"summary_large_image\" \/>\n<meta name=\"twitter:creator\" content=\"@SplatFilmFest\" \/>\n<meta name=\"twitter:site\" content=\"@SplatFilmFest\" \/>\n<meta name=\"twitter:label1\" content=\"Written by\">\n\t<meta name=\"twitter:data1\" content=\"admin\">\n\t<meta name=\"twitter:label2\" content=\"Est. reading time\">\n\t<meta name=\"twitter:data2\" content=\"1 minuta\">\n<script type=\"application\/ld+json\" class=\"yoast-schema-graph\">{\"@context\":\"https:\/\/schema.org\",\"@graph\":[{\"@type\":\"WebSite\",\"@id\":\"https:\/\/www.archive.splatfilmfest.com\/#website\",\"url\":\"https:\/\/www.archive.splatfilmfest.com\/\",\"name\":\"Splat!FilmFest\",\"description\":\"\",\"potentialAction\":[{\"@type\":\"SearchAction\",\"target\":\"https:\/\/www.archive.splatfilmfest.com\/?s={search_term_string}\",\"query-input\":\"required name=search_term_string\"}],\"inLanguage\":\"pl-PL\"},{\"@type\":\"WebPage\",\"@id\":\"https:\/\/www.archive.splatfilmfest.com\/index.php\/nagrodypublicznosci2019\/#webpage\",\"url\":\"https:\/\/www.archive.splatfilmfest.com\/index.php\/nagrodypublicznosci2019\/\",\"name\":\"[:pl]NAGRODY PUBLICZNO\\u015aCI[:en]AUDIENCE AWARDS[:] - Splat!FilmFest\",\"isPartOf\":{\"@id\":\"https:\/\/www.archive.splatfilmfest.com\/#website\"},\"datePublished\":\"2019-11-15T19:28:24+00:00\",\"dateModified\":\"2019-12-17T12:19:47+00:00\",\"inLanguage\":\"pl-PL\",\"potentialAction\":[{\"@type\":\"ReadAction\",\"target\":[\"https:\/\/www.archive.splatfilmfest.com\/index.php\/nagrodypublicznosci2019\/\"]}]}]}<\/script>\n<!-- \/ Yoast SEO plugin. -->","_links":{"self":[{"href":"https:\/\/www.archive.splatfilmfest.com\/index.php\/wp-json\/wp\/v2\/pages\/9214"}],"collection":[{"href":"https:\/\/www.archive.splatfilmfest.com\/index.php\/wp-json\/wp\/v2\/pages"}],"about":[{"href":"https:\/\/www.archive.splatfilmfest.com\/index.php\/wp-json\/wp\/v2\/types\/page"}],"author":[{"embeddable":true,"href":"https:\/\/www.archive.splatfilmfest.com\/index.php\/wp-json\/wp\/v2\/users\/1"}],"replies":[{"embeddable":true,"href":"https:\/\/www.archive.splatfilmfest.com\/index.php\/wp-json\/wp\/v2\/comments?post=9214"}],"version-history":[{"count":7,"href":"https:\/\/www.archive.splatfilmfest.com\/index.php\/wp-json\/wp\/v2\/pages\/9214\/revisions"}],"predecessor-version":[{"id":9369,"href":"https:\/\/www.archive.splatfilmfest.com\/index.php\/wp-json\/wp\/v2\/pages\/9214\/revisions\/9369"}],"wp:attachment":[{"href":"https:\/\/www.archive.splatfilmfest.com\/index.php\/wp-json\/wp\/v2\/media?parent=9214"}],"curies":[{"name":"wp","href":"https:\/\/api.w.org\/{rel}","templated":true}]}}