{"id":8810,"date":"2019-11-13T20:19:42","date_gmt":"2019-11-13T19:19:42","guid":{"rendered":"http:\/\/www.archive.splatfilmfest.com\/?page_id=8810"},"modified":"2019-12-14T17:04:15","modified_gmt":"2019-12-14T16:04:15","slug":"melies-dargent2019","status":"publish","type":"page","link":"https:\/\/www.archive.splatfilmfest.com\/index.php\/melies-dargent2019\/","title":{"rendered":"KONKURS M\u00c9LI\u00c8S D&#8217;ARGENT"},"content":{"rendered":"<p>[vc_row][vc_column][vc_column_text]<\/p>\n<h2>[\/vc_column_text][\/vc_column][\/vc_row][vc_row][vc_column][vc_single_image image=&#8221;8836&#8243; img_size=&#8221;full&#8221; alignment=&#8221;center&#8221;][vc_empty_space][vc_column_text]<em><span style=\"color: #000000;\">WYNIKI KONKURSU\u00a0 M\u00c9LI\u00c8S D\u2019ARGENT.<br \/>\nSplat!FilmFest jako cz\u0142onek M\u00e9li\u00e8s International Festivals Federation &#8211; MIFF jest organizatorem specjalnego konkursu M\u00c9LI\u00c8S D\u2019ARGENT. W konkursie wzi\u0119\u0142o udzia\u0142 6 europejskich film\u00f3w kr\u00f3tkometra\u017cowych wyselekcjonowanych przez Splat!FilmFest. Na najlepszy film g\u0142osowa\u0142a publiczno\u015b\u0107 po prezentacji bloku film\u00f3w, kt\u00f3ra odby\u0142a si\u0119 3 grudnia w warszawskiej Kinotece. Publiczno\u015b\u0107 wybra\u0142a najlepszy film konkursu i jest nim&#8230; &#8220;Ob\u0142\u0119d&#8221; (&#8220;Madness&#8221;&#8221;) w re\u017cyserii Jakuba Drobczy\u0144skiego. G.R.A.T.U.L.U.J.E.M.Y !<\/span><\/em><\/h2>\n<p><em>\u00a0<\/em>[\/vc_column_text][vc_empty_space][film_textblock text_small=&#8221;kr\u00f3tkometra\u017cowe&#8221; text_big=&#8221;M\u00c9LI\u00c8S D&#8217;ARGENT&#8221;][vc_empty_space][\/vc_column][\/vc_row][vc_row][vc_column][vc_empty_space][\/vc_column][\/vc_row][vc_row][vc_column][film_video film_style=&#8221;2&#8243; film_list_id=&#8221;8791,8793,8799,8800,8801,8802&#8243;][\/vc_column][\/vc_row][vc_row][vc_column][vc_column_text]<\/p>\n<p>&nbsp;<\/p>\n<p>[\/vc_column_text][\/vc_column][\/vc_row]<\/p>","protected":false},"excerpt":{"rendered":"<p>[vc_row][vc_column][vc_column_text] [\/vc_column_text][\/vc_column][\/vc_row][vc_row][vc_column][vc_single_image image=&#8221;8836&#8243; img_size=&#8221;full&#8221; alignment=&#8221;center&#8221;][vc_empty_space][vc_column_text]WYNIKI KONKURSU\u00a0 M\u00c9LI\u00c8S D\u2019ARGENT. Splat!FilmFest jako cz\u0142onek M\u00e9li\u00e8s International Festivals Federation &#8211; MIFF jest organizatorem specjalnego konkursu M\u00c9LI\u00c8S D\u2019ARGENT. W konkursie wzi\u0119\u0142o udzia\u0142 6 europejskich film\u00f3w kr\u00f3tkometra\u017cowych wyselekcjonowanych przez Splat!FilmFest. Na najlepszy film g\u0142osowa\u0142a publiczno\u015b\u0107 po prezentacji bloku film\u00f3w, kt\u00f3ra odby\u0142a si\u0119 3 grudnia w warszawskiej Kinotece. Publiczno\u015b\u0107 wybra\u0142a najlepszy film konkursu i jest nim&#8230; &#8220;Ob\u0142\u0119d&#8221; (&#8220;Madness&#8221;&#8221;) w re\u017cyserii Jakuba Drobczy\u0144skiego. G.R.A.T.U.L.U.J.E.M.Y ! \u00a0[\/vc_column_text][vc_empty_space][film_textblock text_small=&#8221;kr\u00f3tkometra\u017cowe&#8221; text_big=&#8221;M\u00c9LI\u00c8S D&#8217;ARGENT&#8221;][vc_empty_space][\/vc_column][\/vc_row][vc_row][vc_column][vc_empty_space][\/vc_column][\/vc_row][vc_row][vc_column][film_video film_style=&#8221;2&#8243; film_list_id=&#8221;8791,8793,8799,8800,8801,8802&#8243;][\/vc_column][\/vc_row][vc_row][vc_column][vc_column_text] &nbsp; [\/vc_column_text][\/vc_column][\/vc_row]<\/p>\n","protected":false},"author":1,"featured_media":8828,"parent":0,"menu_order":0,"comment_status":"closed","ping_status":"closed","template":"","meta":[],"yoast_head":"<!-- This site is optimized with the Yoast SEO plugin v15.2.1 - https:\/\/yoast.com\/wordpress\/plugins\/seo\/ -->\n<title>KONKURS M\u00c9LI\u00c8S D&#039;ARGENT - Splat!FilmFest<\/title>\n<meta name=\"description\" content=\"KONKURS M\u00c9LI\u00c8S D\u2019ARGENT\" \/>\n<meta name=\"robots\" content=\"index, follow, max-snippet:-1, max-image-preview:large, max-video-preview:-1\" \/>\n<link rel=\"canonical\" href=\"https:\/\/www.archive.splatfilmfest.com\/index.php\/melies-dargent2019\/\" \/>\n<meta property=\"og:locale\" content=\"pl_PL\" \/>\n<meta property=\"og:type\" content=\"article\" \/>\n<meta property=\"og:title\" content=\"[:pl]KONKURS M\u00c9LI\u00c8S D&#039;ARGENT[:en]COMPETITION M\u00c9LI\u00c8S D&#039;ARGENT[:] - Splat!FilmFest\" \/>\n<meta property=\"og:description\" content=\"KONKURS M\u00c9LI\u00c8S D\u2019ARGENT\" \/>\n<meta property=\"og:url\" content=\"https:\/\/www.archive.splatfilmfest.com\/index.php\/melies-dargent2019\/\" \/>\n<meta property=\"og:site_name\" content=\"Splat!FilmFest\" \/>\n<meta property=\"article:publisher\" content=\"https:\/\/www.facebook.com\/splatfilmfest\" \/>\n<meta property=\"article:modified_time\" content=\"2019-12-14T16:04:15+00:00\" \/>\n<meta property=\"og:image\" content=\"https:\/\/www.archive.splatfilmfest.com\/wp-content\/uploads\/2019\/11\/fb34c6f59f3be1993af49979df46281c.jpg\" \/>\n\t<meta property=\"og:image:width\" content=\"509\" \/>\n\t<meta property=\"og:image:height\" content=\"191\" \/>\n<meta name=\"twitter:card\" content=\"summary_large_image\" \/>\n<meta name=\"twitter:creator\" content=\"@SplatFilmFest\" \/>\n<meta name=\"twitter:site\" content=\"@SplatFilmFest\" \/>\n<meta name=\"twitter:label1\" content=\"Written by\">\n\t<meta name=\"twitter:data1\" content=\"admin\">\n\t<meta name=\"twitter:label2\" content=\"Est. reading time\">\n\t<meta name=\"twitter:data2\" content=\"1 minuta\">\n<script type=\"application\/ld+json\" class=\"yoast-schema-graph\">{\"@context\":\"https:\/\/schema.org\",\"@graph\":[{\"@type\":\"WebSite\",\"@id\":\"https:\/\/www.archive.splatfilmfest.com\/#website\",\"url\":\"https:\/\/www.archive.splatfilmfest.com\/\",\"name\":\"Splat!FilmFest\",\"description\":\"\",\"potentialAction\":[{\"@type\":\"SearchAction\",\"target\":\"https:\/\/www.archive.splatfilmfest.com\/?s={search_term_string}\",\"query-input\":\"required name=search_term_string\"}],\"inLanguage\":\"pl-PL\"},{\"@type\":\"ImageObject\",\"@id\":\"https:\/\/www.archive.splatfilmfest.com\/index.php\/melies-dargent2019\/#primaryimage\",\"inLanguage\":\"pl-PL\",\"url\":\"https:\/\/www.archive.splatfilmfest.com\/wp-content\/uploads\/2019\/11\/fb34c6f59f3be1993af49979df46281c.jpg\",\"width\":509,\"height\":191},{\"@type\":\"WebPage\",\"@id\":\"https:\/\/www.archive.splatfilmfest.com\/index.php\/melies-dargent2019\/#webpage\",\"url\":\"https:\/\/www.archive.splatfilmfest.com\/index.php\/melies-dargent2019\/\",\"name\":\"[:pl]KONKURS M\\u00c9LI\\u00c8S D'ARGENT[:en]COMPETITION M\\u00c9LI\\u00c8S D'ARGENT[:] - Splat!FilmFest\",\"isPartOf\":{\"@id\":\"https:\/\/www.archive.splatfilmfest.com\/#website\"},\"primaryImageOfPage\":{\"@id\":\"https:\/\/www.archive.splatfilmfest.com\/index.php\/melies-dargent2019\/#primaryimage\"},\"datePublished\":\"2019-11-13T19:19:42+00:00\",\"dateModified\":\"2019-12-14T16:04:15+00:00\",\"description\":\"KONKURS M\\u00c9LI\\u00c8S D\\u2019ARGENT\",\"inLanguage\":\"pl-PL\",\"potentialAction\":[{\"@type\":\"ReadAction\",\"target\":[\"https:\/\/www.archive.splatfilmfest.com\/index.php\/melies-dargent2019\/\"]}]}]}<\/script>\n<!-- \/ Yoast SEO plugin. -->","_links":{"self":[{"href":"https:\/\/www.archive.splatfilmfest.com\/index.php\/wp-json\/wp\/v2\/pages\/8810"}],"collection":[{"href":"https:\/\/www.archive.splatfilmfest.com\/index.php\/wp-json\/wp\/v2\/pages"}],"about":[{"href":"https:\/\/www.archive.splatfilmfest.com\/index.php\/wp-json\/wp\/v2\/types\/page"}],"author":[{"embeddable":true,"href":"https:\/\/www.archive.splatfilmfest.com\/index.php\/wp-json\/wp\/v2\/users\/1"}],"replies":[{"embeddable":true,"href":"https:\/\/www.archive.splatfilmfest.com\/index.php\/wp-json\/wp\/v2\/comments?post=8810"}],"version-history":[{"count":12,"href":"https:\/\/www.archive.splatfilmfest.com\/index.php\/wp-json\/wp\/v2\/pages\/8810\/revisions"}],"predecessor-version":[{"id":9366,"href":"https:\/\/www.archive.splatfilmfest.com\/index.php\/wp-json\/wp\/v2\/pages\/8810\/revisions\/9366"}],"wp:featuredmedia":[{"embeddable":true,"href":"https:\/\/www.archive.splatfilmfest.com\/index.php\/wp-json\/wp\/v2\/media\/8828"}],"wp:attachment":[{"href":"https:\/\/www.archive.splatfilmfest.com\/index.php\/wp-json\/wp\/v2\/media?parent=8810"}],"curies":[{"name":"wp","href":"https:\/\/api.w.org\/{rel}","templated":true}]}}