{"id":8278,"date":"2019-10-28T14:54:14","date_gmt":"2019-10-28T13:54:14","guid":{"rendered":"http:\/\/www.archive.splatfilmfest.com\/?page_id=8278"},"modified":"2019-11-28T18:34:06","modified_gmt":"2019-11-28T17:34:06","slug":"dokumenty-2019","status":"publish","type":"page","link":"https:\/\/www.archive.splatfilmfest.com\/index.php\/program-2019\/dokumenty-2019\/","title":{"rendered":"DOKUMENTY 2019"},"content":{"rendered":"<p>[vc_row][vc_column][vc_single_image image=&#8221;8560&#8243; img_size=&#8221;full&#8221; alignment=&#8221;center&#8221;][vc_empty_space][vc_column_text]<\/p>\n<p style=\"text-align: center;\"><em><span style=\"color: #000000;\"> DOKUMENTY to nowa sekcja na festiwalu. Prezentujemy tutaj filmy dokumentalne, pe\u0142ne ciekawostek i smaczk\u00f3w zwi\u0105zanych z kinem gatunkowym, o kt\u00f3rych nie \u015bni\u0142o si\u0119 nawet najwi\u0119kszym filmowym nerdom.<\/span><br \/>\n<\/em><\/p>\n<p>[\/vc_column_text][vc_empty_space][film_textblock text_small=&#8221;features&#8221; text_big=&#8221;DOKUMENTY&#8221;][vc_empty_space][\/vc_column][\/vc_row][vc_row][vc_column][vc_empty_space][\/vc_column][\/vc_row][vc_row][vc_column][film_video film_style=&#8221;2&#8243; film_list_id=&#8221;8514, 8481, 8480, 8412, 8403&#8243;][\/vc_column][\/vc_row]<\/p>","protected":false},"excerpt":{"rendered":"<p>[vc_row][vc_column][vc_single_image image=&#8221;8560&#8243; img_size=&#8221;full&#8221; alignment=&#8221;center&#8221;][vc_empty_space][vc_column_text] DOKUMENTY to nowa sekcja na festiwalu. Prezentujemy tutaj filmy dokumentalne, pe\u0142ne ciekawostek i smaczk\u00f3w zwi\u0105zanych z kinem gatunkowym, o kt\u00f3rych nie \u015bni\u0142o si\u0119 nawet najwi\u0119kszym filmowym nerdom. [\/vc_column_text][vc_empty_space][film_textblock text_small=&#8221;features&#8221; text_big=&#8221;DOKUMENTY&#8221;][vc_empty_space][\/vc_column][\/vc_row][vc_row][vc_column][vc_empty_space][\/vc_column][\/vc_row][vc_row][vc_column][film_video film_style=&#8221;2&#8243; film_list_id=&#8221;8514, 8481, 8480, 8412, 8403&#8243;][\/vc_column][\/vc_row]<\/p>\n","protected":false},"author":1,"featured_media":8560,"parent":7990,"menu_order":0,"comment_status":"closed","ping_status":"closed","template":"","meta":[],"yoast_head":"<!-- This site is optimized with the Yoast SEO plugin v15.2.1 - https:\/\/yoast.com\/wordpress\/plugins\/seo\/ -->\n<title>DOKUMENTY 2019 - Splat!FilmFest<\/title>\n<meta name=\"robots\" content=\"index, follow, max-snippet:-1, max-image-preview:large, max-video-preview:-1\" \/>\n<link rel=\"canonical\" href=\"https:\/\/www.archive.splatfilmfest.com\/index.php\/program-2019\/dokumenty-2019\/\" \/>\n<meta property=\"og:locale\" content=\"pl_PL\" \/>\n<meta property=\"og:type\" content=\"article\" \/>\n<meta property=\"og:title\" content=\"[:pl]DOKUMENTY 2019[:en]DOCS 2019[:] - Splat!FilmFest\" \/>\n<meta property=\"og:description\" content=\"[vc_row][vc_column][vc_single_image image=&#8221;8560&#8243; img_size=&#8221;full&#8221; alignment=&#8221;center&#8221;][vc_empty_space][vc_column_text] DOKUMENTY to nowa sekcja na festiwalu. Prezentujemy tutaj filmy dokumentalne, pe\u0142ne ciekawostek i smaczk\u00f3w zwi\u0105zanych z kinem gatunkowym, o kt\u00f3rych nie \u015bni\u0142o si\u0119 nawet najwi\u0119kszym filmowym nerdom. [\/vc_column_text][vc_empty_space][film_textblock text_small=&#8221;features&#8221; text_big=&#8221;DOKUMENTY&#8221;][vc_empty_space][\/vc_column][\/vc_row][vc_row][vc_column][vc_empty_space][\/vc_column][\/vc_row][vc_row][vc_column][film_video film_style=&#8221;2&#8243; film_list_id=&#8221;8514, 8481, 8480, 8412, 8403&#8243;][\/vc_column][\/vc_row]\" \/>\n<meta property=\"og:url\" content=\"https:\/\/www.archive.splatfilmfest.com\/index.php\/program-2019\/dokumenty-2019\/\" \/>\n<meta property=\"og:site_name\" content=\"Splat!FilmFest\" \/>\n<meta property=\"article:publisher\" content=\"https:\/\/www.facebook.com\/splatfilmfest\" \/>\n<meta property=\"article:modified_time\" content=\"2019-11-28T17:34:06+00:00\" \/>\n<meta property=\"og:image\" content=\"https:\/\/www.archive.splatfilmfest.com\/wp-content\/uploads\/2019\/11\/KLAUN-WRINKLES.jpg\" \/>\n\t<meta property=\"og:image:width\" content=\"1280\" \/>\n\t<meta property=\"og:image:height\" content=\"720\" \/>\n<meta name=\"twitter:card\" content=\"summary_large_image\" \/>\n<meta name=\"twitter:creator\" content=\"@SplatFilmFest\" \/>\n<meta name=\"twitter:site\" content=\"@SplatFilmFest\" \/>\n<meta name=\"twitter:label1\" content=\"Written by\">\n\t<meta name=\"twitter:data1\" content=\"admin\">\n\t<meta name=\"twitter:label2\" content=\"Est. reading time\">\n\t<meta name=\"twitter:data2\" content=\"1 minuta\">\n<script type=\"application\/ld+json\" class=\"yoast-schema-graph\">{\"@context\":\"https:\/\/schema.org\",\"@graph\":[{\"@type\":\"WebSite\",\"@id\":\"https:\/\/www.archive.splatfilmfest.com\/#website\",\"url\":\"https:\/\/www.archive.splatfilmfest.com\/\",\"name\":\"Splat!FilmFest\",\"description\":\"\",\"potentialAction\":[{\"@type\":\"SearchAction\",\"target\":\"https:\/\/www.archive.splatfilmfest.com\/?s={search_term_string}\",\"query-input\":\"required name=search_term_string\"}],\"inLanguage\":\"pl-PL\"},{\"@type\":\"ImageObject\",\"@id\":\"https:\/\/www.archive.splatfilmfest.com\/index.php\/program-2019\/dokumenty-2019\/#primaryimage\",\"inLanguage\":\"pl-PL\",\"url\":\"https:\/\/www.archive.splatfilmfest.com\/wp-content\/uploads\/2019\/11\/KLAUN-WRINKLES.jpg\",\"width\":1280,\"height\":720},{\"@type\":\"WebPage\",\"@id\":\"https:\/\/www.archive.splatfilmfest.com\/index.php\/program-2019\/dokumenty-2019\/#webpage\",\"url\":\"https:\/\/www.archive.splatfilmfest.com\/index.php\/program-2019\/dokumenty-2019\/\",\"name\":\"[:pl]DOKUMENTY 2019[:en]DOCS 2019[:] - Splat!FilmFest\",\"isPartOf\":{\"@id\":\"https:\/\/www.archive.splatfilmfest.com\/#website\"},\"primaryImageOfPage\":{\"@id\":\"https:\/\/www.archive.splatfilmfest.com\/index.php\/program-2019\/dokumenty-2019\/#primaryimage\"},\"datePublished\":\"2019-10-28T13:54:14+00:00\",\"dateModified\":\"2019-11-28T17:34:06+00:00\",\"inLanguage\":\"pl-PL\",\"potentialAction\":[{\"@type\":\"ReadAction\",\"target\":[\"https:\/\/www.archive.splatfilmfest.com\/index.php\/program-2019\/dokumenty-2019\/\"]}]}]}<\/script>\n<!-- \/ Yoast SEO plugin. -->","_links":{"self":[{"href":"https:\/\/www.archive.splatfilmfest.com\/index.php\/wp-json\/wp\/v2\/pages\/8278"}],"collection":[{"href":"https:\/\/www.archive.splatfilmfest.com\/index.php\/wp-json\/wp\/v2\/pages"}],"about":[{"href":"https:\/\/www.archive.splatfilmfest.com\/index.php\/wp-json\/wp\/v2\/types\/page"}],"author":[{"embeddable":true,"href":"https:\/\/www.archive.splatfilmfest.com\/index.php\/wp-json\/wp\/v2\/users\/1"}],"replies":[{"embeddable":true,"href":"https:\/\/www.archive.splatfilmfest.com\/index.php\/wp-json\/wp\/v2\/comments?post=8278"}],"version-history":[{"count":9,"href":"https:\/\/www.archive.splatfilmfest.com\/index.php\/wp-json\/wp\/v2\/pages\/8278\/revisions"}],"predecessor-version":[{"id":9352,"href":"https:\/\/www.archive.splatfilmfest.com\/index.php\/wp-json\/wp\/v2\/pages\/8278\/revisions\/9352"}],"up":[{"embeddable":true,"href":"https:\/\/www.archive.splatfilmfest.com\/index.php\/wp-json\/wp\/v2\/pages\/7990"}],"wp:featuredmedia":[{"embeddable":true,"href":"https:\/\/www.archive.splatfilmfest.com\/index.php\/wp-json\/wp\/v2\/media\/8560"}],"wp:attachment":[{"href":"https:\/\/www.archive.splatfilmfest.com\/index.php\/wp-json\/wp\/v2\/media?parent=8278"}],"curies":[{"name":"wp","href":"https:\/\/api.w.org\/{rel}","templated":true}]}}