{"id":7831,"date":"2019-08-06T23:35:44","date_gmt":"2019-08-06T21:35:44","guid":{"rendered":"http:\/\/www.archive.splatfilmfest.com\/?page_id=7831"},"modified":"2019-08-07T00:10:17","modified_gmt":"2019-08-06T22:10:17","slug":"o-festiwalu-2017","status":"publish","type":"page","link":"https:\/\/www.archive.splatfilmfest.com\/index.php\/o-festiwalu-2017\/","title":{"rendered":"O PROGRAMIE 2017"},"content":{"rendered":"<p>[vc_row][vc_column][film_discover style_discover=&#8221;3&#8243; image=&#8221;5787&#8243;]<\/p>\n<p>\u00a0<\/p>\n\n\n<\/p>\n<h2><span style=\"color: #000000;\">Mi\u0119dzynarodowy festiwal kina grozy Splat!FilmFest 3 odb\u0119dzie si\u0119 w dniach 15-24 wrze\u015bnia w Lublinie w siedzibie Centrum Kultury w Lublinie (ul. Peowiak\u00f3w 12) i jest propozycj\u0105 dla wymagaj\u0105cych widz\u00f3w horroru, kina brutalnego, mrocznego i szalonego. Splat!FilmFest to przede wszystkim premiery najlepszych i najwa\u017cniejszych horror\u00f3w oraz thriller\u00f3w z 2017 i 2016 roku.<\/span><br \/><span style=\"color: #000000;\">Tegoroczny program zawiera a\u017c 45 pozycji.<\/span><br \/><span style=\"color: #000000;\">Naszym go\u015bciem specjalnym jest <a style=\"color: #000000;\" href=\"http:\/\/www.archive.splatfilmfest.com\/index.php\/film\/julius-ramsay\/\" target=\"_blank\" rel=\"noreferrer noopener\">Julius Ramsay, re\u017cyser seriali \u201eThe Walking Dead\u201d<\/a>, \u201eOutcast\u201d, \u201eKrzyk\u201d, tw\u00f3rca dwukrotnie nominowany do Primetime Emmy. Specjalnie na Splat!FilmFest przyje\u017cd\u017ca ze swoim mrocznym thrillerem \u201eMidnighters\u201d, kt\u00f3rego \u015bwiatowa premiera mia\u0142a miejsce na Los Angeles Film Festival w tym roku.<\/span><\/h2>\n<p><span style=\"color: #000000;\">\n\n\n<p><\/p>\n<p><span style=\"color: #000000;\"><\/span><\/p>\n\n\n<\/span><\/p>\n<h2><span style=\"color: #000000;\">Filmy podzielone s\u0105 na bloki tematyczne. Najbardziej przera\u017caj\u0105ce i brutalne tytu\u0142y s\u0105 w dziale <a style=\"color: #000000;\" href=\"http:\/\/www.archive.splatfilmfest.com\/index.php\/program-2017\/strach-i-terror\/\" target=\"_blank\" rel=\"noreferrer noopener\">STRACH i TERROR<\/a>, m.in. \u201eHounds of love\u201d, \u201eKilling Ground\u201d, czy przedpremierowy pokaz \u201eMaus\u201d (wstrz\u0105saj\u0105cy survival horror z w\u0105tkami wojny i terroryzmu).<\/span><br \/><span style=\"color: #000000;\">Sekcja <a style=\"color: #000000;\" href=\"http:\/\/www.archive.splatfilmfest.com\/index.php\/program-2017\/girl-power\/\" target=\"_blank\" rel=\"noreferrer noopener\">GIRL POWER<\/a> zawiera filmy kopi\u0105ce ty\u0142ki stereotypom przedstawiania kobiet w horrorze (\u201e68 Kill\u201d, \u201eTragedy Girls\u201d, \u201eM.F.A\u201d).<\/span><br \/><span style=\"color: #000000;\">W bloku <a style=\"color: #000000;\" href=\"http:\/\/www.archive.splatfilmfest.com\/index.php\/program-2017\/wtf\/\" target=\"_blank\" rel=\"noreferrer noopener\">WTF<\/a> znajduj\u0105 si\u0119 rzeczy wyj\u0105tkowo osobliwe, w tym najohydniejszy film \u015bwiata &#8211; &#8220;Kuso&#8221; (Sundance Film Festival 2017).<\/span><br \/><span style=\"color: #000000;\">Nie brakuje te\u017c krwawych, inteligentnych komedii w dziale <a style=\"color: #000000;\" href=\"http:\/\/www.archive.splatfilmfest.com\/index.php\/program-2017\/strasznie-smiesznie\/\" target=\"_blank\" rel=\"noreferrer noopener\">STRASZNIE \u015aMIESZNIE<\/a>, jak \u201eMayhem\u201d (Steven Yeun z \u201eThe Walking Dead\u201d) czy \u201eDead Shack\u201d nawi\u0105zuj\u0105cy do kultowych horror\u00f3w lat 80.<\/span><br \/><span style=\"color: #000000;\">Sekcja <a style=\"color: #000000;\" href=\"http:\/\/www.archive.splatfilmfest.com\/index.php\/program-2017\/cult-classics\/\" target=\"_blank\" rel=\"noreferrer noopener\">CULT CLASSICS<\/a> umo\u017cliwia obejrzenie na du\u017cym ekranie horror\u00f3w kultowych i przegl\u0105du dzie\u0142 Andrzeja \u017bu\u0142awskiego. Po s\u0142ynnym \u201eOp\u0119taniu\u201d <a style=\"color: #000000;\" href=\"http:\/\/www.archive.splatfilmfest.com\/index.php\/film\/xawery-zulawski\/\" target=\"_blank\" rel=\"noreferrer noopener\">z widzami spotka si\u0119 re\u017cyser Xawery \u017bu\u0142awski<\/a> by porozmawia\u0107 o tw\u00f3rczo\u015bci ojca.<\/span><br \/><span style=\"color: #000000;\">Splat!FilmFest to tak\u017ce <a style=\"color: #000000;\" href=\"http:\/\/www.archive.splatfilmfest.com\/index.php\/program-2017\/wyklady\/\" target=\"_blank\" rel=\"noreferrer noopener\">WYK\u0141ADY<\/a>, na kt\u00f3rych na pewno nikt nie za\u015bnie. Porozmawiamy o rynku kaset VHS w Polsce okresu transformacji, klaunach, wizerunku kobiety w horrorze oraz o tw\u00f3rczo\u015bci Wesa Cravena.<\/span><br \/><span style=\"color: #000000;\">Nowo\u015bci\u0105 na festiwalu jest sekcja <a style=\"color: #000000;\" href=\"http:\/\/www.archive.splatfilmfest.com\/index.php\/program-2017\/dla-dzieci\/\" target=\"_blank\" rel=\"noreferrer noopener\">DLA DZIECI<\/a>, na kt\u00f3rej b\u0119dzie mo\u017cna zobaczy\u0107 poddan\u0105 rekonstrukcji cyfrowej \u201eAkademi\u0119 Pana Kleksa\u201d.<\/span><\/h2>\n<p><span style=\"color: #000000;\">\n\n\n<p><\/p>\n<p><span style=\"color: #000000;\"><\/span><\/p>\n\n\n<\/span><\/p>\n<h2><span style=\"color: #000000;\">Poza tym, seans niespodzianka,<a style=\"color: #000000;\" href=\"http:\/\/www.archive.splatfilmfest.com\/index.php\/film\/spotkanie-ze-stefanem-darda\/\" target=\"_blank\" rel=\"noreferrer noopener\"> spotkanie ze Stefanem Dard\u0105,<\/a> <a style=\"color: #000000;\" href=\"http:\/\/www.archive.splatfilmfest.com\/index.php\/program-2017\/5488-2\/\" target=\"_blank\" rel=\"noreferrer noopener\">impreza w klimatach synthwave<\/a> i prezenty dla widz\u00f3w, kt\u00f3rzy wezm\u0105 udzia\u0142 w g\u0142osowaniu\u00a0 i przyznaj\u0105 Nagrody Publiczno\u015bci w 6 kategoriach: Najstraszniejszy Film, Najbardziej szokuj\u0105cy Film, Najlepsze Efekty Specjalne, Najlepsza re\u017cyseria, Najlepszy Scenariusz i Najlepszy Film.<\/span><\/h2>\n<p><span style=\"color: #000000;\">\n\n\n<p><\/p>\n<p><span style=\"color: #000000;\"><\/span><\/p>\n\n\n<\/span><\/p>\n<h2><span style=\"color: #000000;\">Z dum\u0105 informujemy, \u017ce festiwal jest realizowany dzi\u0119ki wsparciu miasta Lublina w ramach obchod\u00f3w 700-lecia miasta w 2017 roku.<\/span><\/h2>\n<p><span style=\"color: #000000;\">\n\n\n<p><\/p>\n<p><span style=\"color: #000000;\"><\/span><\/p>\n\n\n<\/span><\/p>\n<h2><span style=\"color: #000000;\">STRAAAASZNIE zapraszamy na Splat!FilmFest, jedyny taki festiwal w Polsce! Niech poleje si\u0119 krew!<\/span><\/h2>\n<p><span style=\"color: #000000;\">\n\n\n<p><\/p>\n<p><span style=\"color: #000000;\"><\/span><\/p>\n\n\n<\/span><\/p>\n<h2><span style=\"color: #000000;\">Monika Stolat &amp; Splat!FilmFest Crew 2017<\/span><\/h2>\n<p><span style=\"color: #000000;\">\n\n\n<p><\/p>\n<p>[\/film_discover][\/vc_column][\/vc_row]<\/p>","protected":false},"excerpt":{"rendered":"<p>[vc_row][vc_column][film_discover style_discover=&#8221;3&#8243; image=&#8221;5787&#8243;] \u00a0 Mi\u0119dzynarodowy festiwal kina grozy Splat!FilmFest 3 odb\u0119dzie si\u0119 w dniach 15-24 wrze\u015bnia w Lublinie w siedzibie Centrum Kultury w Lublinie (ul. Peowiak\u00f3w 12) i jest propozycj\u0105 dla wymagaj\u0105cych widz\u00f3w horroru, kina brutalnego, mrocznego i szalonego. Splat!FilmFest to przede wszystkim premiery najlepszych i najwa\u017cniejszych horror\u00f3w oraz thriller\u00f3w z 2017 i 2016 roku.Tegoroczny program zawiera a\u017c 45 pozycji.Naszym go\u015bciem specjalnym jest Julius Ramsay, re\u017cyser seriali \u201eThe Walking Dead\u201d, \u201eOutcast\u201d, \u201eKrzyk\u201d, tw\u00f3rca dwukrotnie nominowany do Primetime Emmy. Specjalnie na Splat!FilmFest przyje\u017cd\u017ca ze swoim mrocznym thrillerem \u201eMidnighters\u201d, kt\u00f3rego \u015bwiatowa premiera mia\u0142a miejsce na Los Angeles Film Festival w tym roku. Filmy podzielone s\u0105 na bloki tematyczne. Najbardziej przera\u017caj\u0105ce i brutalne [&hellip;]<\/p>\n","protected":false},"author":1,"featured_media":5501,"parent":0,"menu_order":0,"comment_status":"closed","ping_status":"closed","template":"","meta":[],"yoast_head":"<!-- This site is optimized with the Yoast SEO plugin v15.2.1 - https:\/\/yoast.com\/wordpress\/plugins\/seo\/ -->\n<title>O PROGRAMIE 2017 - Splat!FilmFest<\/title>\n<meta name=\"robots\" content=\"index, follow, max-snippet:-1, max-image-preview:large, max-video-preview:-1\" \/>\n<link rel=\"canonical\" href=\"https:\/\/www.archive.splatfilmfest.com\/index.php\/o-festiwalu-2017\/\" \/>\n<meta property=\"og:locale\" content=\"pl_PL\" \/>\n<meta property=\"og:type\" content=\"article\" \/>\n<meta property=\"og:title\" content=\"O PROGRAMIE 2017 - Splat!FilmFest\" \/>\n<meta property=\"og:description\" content=\"[vc_row][vc_column][film_discover style_discover=&#8221;3&#8243; image=&#8221;5787&#8243;] \u00a0 Mi\u0119dzynarodowy festiwal kina grozy Splat!FilmFest 3 odb\u0119dzie si\u0119 w dniach 15-24 wrze\u015bnia w Lublinie w siedzibie Centrum Kultury w Lublinie (ul. Peowiak\u00f3w 12) i jest propozycj\u0105 dla wymagaj\u0105cych widz\u00f3w horroru, kina brutalnego, mrocznego i szalonego. Splat!FilmFest to przede wszystkim premiery najlepszych i najwa\u017cniejszych horror\u00f3w oraz thriller\u00f3w z 2017 i 2016 roku.Tegoroczny program zawiera a\u017c 45 pozycji.Naszym go\u015bciem specjalnym jest Julius Ramsay, re\u017cyser seriali \u201eThe Walking Dead\u201d, \u201eOutcast\u201d, \u201eKrzyk\u201d, tw\u00f3rca dwukrotnie nominowany do Primetime Emmy. Specjalnie na Splat!FilmFest przyje\u017cd\u017ca ze swoim mrocznym thrillerem \u201eMidnighters\u201d, kt\u00f3rego \u015bwiatowa premiera mia\u0142a miejsce na Los Angeles Film Festival w tym roku. Filmy podzielone s\u0105 na bloki tematyczne. Najbardziej przera\u017caj\u0105ce i brutalne [&hellip;]\" \/>\n<meta property=\"og:url\" content=\"https:\/\/www.archive.splatfilmfest.com\/index.php\/o-festiwalu-2017\/\" \/>\n<meta property=\"og:site_name\" content=\"Splat!FilmFest\" \/>\n<meta property=\"article:publisher\" content=\"https:\/\/www.facebook.com\/splatfilmfest\" \/>\n<meta property=\"article:modified_time\" content=\"2019-08-06T22:10:17+00:00\" \/>\n<meta property=\"og:image\" content=\"https:\/\/www.archive.splatfilmfest.com\/wp-content\/uploads\/2015\/12\/plakat-768x1086.jpg\" \/>\n\t<meta property=\"og:image:width\" content=\"768\" \/>\n\t<meta property=\"og:image:height\" content=\"1086\" \/>\n<meta name=\"twitter:card\" content=\"summary_large_image\" \/>\n<meta name=\"twitter:creator\" content=\"@SplatFilmFest\" \/>\n<meta name=\"twitter:site\" content=\"@SplatFilmFest\" \/>\n<meta name=\"twitter:label1\" content=\"Written by\">\n\t<meta name=\"twitter:data1\" content=\"admin\">\n\t<meta name=\"twitter:label2\" content=\"Est. reading time\">\n\t<meta name=\"twitter:data2\" content=\"3 minuty\">\n<script type=\"application\/ld+json\" class=\"yoast-schema-graph\">{\"@context\":\"https:\/\/schema.org\",\"@graph\":[{\"@type\":\"WebSite\",\"@id\":\"https:\/\/www.archive.splatfilmfest.com\/#website\",\"url\":\"https:\/\/www.archive.splatfilmfest.com\/\",\"name\":\"Splat!FilmFest\",\"description\":\"\",\"potentialAction\":[{\"@type\":\"SearchAction\",\"target\":\"https:\/\/www.archive.splatfilmfest.com\/?s={search_term_string}\",\"query-input\":\"required name=search_term_string\"}],\"inLanguage\":\"pl-PL\"},{\"@type\":\"ImageObject\",\"@id\":\"https:\/\/www.archive.splatfilmfest.com\/index.php\/o-festiwalu-2017\/#primaryimage\",\"inLanguage\":\"pl-PL\",\"url\":\"https:\/\/www.archive.splatfilmfest.com\/wp-content\/uploads\/2015\/12\/plakat.jpg\",\"width\":1462,\"height\":2067},{\"@type\":\"WebPage\",\"@id\":\"https:\/\/www.archive.splatfilmfest.com\/index.php\/o-festiwalu-2017\/#webpage\",\"url\":\"https:\/\/www.archive.splatfilmfest.com\/index.php\/o-festiwalu-2017\/\",\"name\":\"O PROGRAMIE 2017 - Splat!FilmFest\",\"isPartOf\":{\"@id\":\"https:\/\/www.archive.splatfilmfest.com\/#website\"},\"primaryImageOfPage\":{\"@id\":\"https:\/\/www.archive.splatfilmfest.com\/index.php\/o-festiwalu-2017\/#primaryimage\"},\"datePublished\":\"2019-08-06T21:35:44+00:00\",\"dateModified\":\"2019-08-06T22:10:17+00:00\",\"inLanguage\":\"pl-PL\",\"potentialAction\":[{\"@type\":\"ReadAction\",\"target\":[\"https:\/\/www.archive.splatfilmfest.com\/index.php\/o-festiwalu-2017\/\"]}]}]}<\/script>\n<!-- \/ Yoast SEO plugin. -->","_links":{"self":[{"href":"https:\/\/www.archive.splatfilmfest.com\/index.php\/wp-json\/wp\/v2\/pages\/7831"}],"collection":[{"href":"https:\/\/www.archive.splatfilmfest.com\/index.php\/wp-json\/wp\/v2\/pages"}],"about":[{"href":"https:\/\/www.archive.splatfilmfest.com\/index.php\/wp-json\/wp\/v2\/types\/page"}],"author":[{"embeddable":true,"href":"https:\/\/www.archive.splatfilmfest.com\/index.php\/wp-json\/wp\/v2\/users\/1"}],"replies":[{"embeddable":true,"href":"https:\/\/www.archive.splatfilmfest.com\/index.php\/wp-json\/wp\/v2\/comments?post=7831"}],"version-history":[{"count":9,"href":"https:\/\/www.archive.splatfilmfest.com\/index.php\/wp-json\/wp\/v2\/pages\/7831\/revisions"}],"predecessor-version":[{"id":7887,"href":"https:\/\/www.archive.splatfilmfest.com\/index.php\/wp-json\/wp\/v2\/pages\/7831\/revisions\/7887"}],"wp:featuredmedia":[{"embeddable":true,"href":"https:\/\/www.archive.splatfilmfest.com\/index.php\/wp-json\/wp\/v2\/media\/5501"}],"wp:attachment":[{"href":"https:\/\/www.archive.splatfilmfest.com\/index.php\/wp-json\/wp\/v2\/media?parent=7831"}],"curies":[{"name":"wp","href":"https:\/\/api.w.org\/{rel}","templated":true}]}}