{"id":7599,"date":"2018-11-09T15:50:43","date_gmt":"2018-11-09T14:50:43","guid":{"rendered":"http:\/\/www.archive.splatfilmfest.com\/?page_id=7599"},"modified":"2018-12-14T15:05:33","modified_gmt":"2018-12-14T14:05:33","slug":"nagrody-publicznosci-2018","status":"publish","type":"page","link":"https:\/\/www.archive.splatfilmfest.com\/index.php\/nagrody-publicznosci-2018\/","title":{"rendered":"NAGRODY PUBLICZNO\u015aCI"},"content":{"rendered":"<p>[vc_row][vc_column][vc_empty_space][film_discover style_discover=&#8221;3&#8243; image=&#8221;7602&#8243;]<\/p>\n<h2><span style=\"color: #000000;\">Podczas festiwalu Splat!FilmFest 2018 w Lublinie i Warszawie widzowie przyznali Nagrody Publiczno\u015bci dla film\u00f3w pe\u0142nometra\u017cowych i kr\u00f3tkometra\u017cowych.<br \/>\n<\/span><\/h2>\n<h2><span style=\"color: #000000;\">FILMY PE\u0141NOMETRA\u017bOWE<\/span><\/h2>\n<ul>\n<li>\n<h2><span style=\"color: #000000;\">najlepszy film: HAGAZUSSA<\/span><\/h2>\n<\/li>\n<li>\n<h2><span style=\"color: #000000;\">najlepsza re\u017cyseria: W\u0141ADCY CHAOSU<\/span><\/h2>\n<\/li>\n<li>\n<h2><span style=\"color: #000000;\">najlepszy scenariusz: N\u00d3\u017b I SERCE<\/span><\/h2>\n<\/li>\n<li>\n<h2><span style=\"color: #000000;\">najstraszniejszy film: DACHRA<br \/>\n<\/span><\/h2>\n<\/li>\n<li>\n<h2><span style=\"color: #000000;\">najbardziej szokuj\u0105cy film: W\u0141ADCY CHAOSU<br \/>\n<\/span><\/h2>\n<\/li>\n<li>\n<h2><span style=\"color: #000000;\">najlepsze efekty specjalne: DIAMANTINO <\/span><\/h2>\n<\/li>\n<\/ul>\n<h2><span style=\"color: #000000;\">\u00a0<\/span><\/h2>\n<h2><span style=\"color: #000000;\">FILMY KR\u00d3TKOMETRA\u017bOWE<\/span><\/h2>\n<ul>\n<li>\n<h2><span style=\"color: #000000;\">najstraszniejszy film: KONIEC<br \/>\n<\/span><\/h2>\n<\/li>\n<li>\n<h2><span style=\"color: #000000;\">najbardziej szokuj\u0105cy film: KONIEC<\/span><\/h2>\n<\/li>\n<li>\n<h2><span style=\"color: #000000;\">najlepsze efekty specjalne: KONIEC<br \/>\n<\/span><\/h2>\n<\/li>\n<li>\n<h2><span style=\"color: #000000;\">najlepszy film: KONIEC<br \/>\n<\/span><\/h2>\n<\/li>\n<li>\n<h2><span style=\"color: #000000;\">najlepszy scenariusz: KONIEC<br \/>\n<\/span><\/h2>\n<\/li>\n<li>\n<h2><span style=\"color: #000000;\">najlepsza re\u017cyseria: KONIEC<br \/>\n<\/span><\/h2>\n<\/li>\n<\/ul>\n<h2><span style=\"color: #000000;\">GRATULUJEMY!!!<\/span><br \/>\n<span style=\"color: #000000;\">Widz\u00f3w, kt\u00f3rzy wzi\u0119li udzia\u0142 w g\u0142osowaniu i wygrali nagrody, poinformujemy o tym fakcie mailowo.<\/span><\/h2>\n<p><span style=\"color: #000000;\">\u00a0<\/span>[\/film_discover][\/vc_column][\/vc_row][vc_row][vc_column][\/vc_column][\/vc_row]<\/p>","protected":false},"excerpt":{"rendered":"<p>[vc_row][vc_column][vc_empty_space][film_discover style_discover=&#8221;3&#8243; image=&#8221;7602&#8243;] Podczas festiwalu Splat!FilmFest 2018 w Lublinie i Warszawie widzowie przyznali Nagrody Publiczno\u015bci dla film\u00f3w pe\u0142nometra\u017cowych i kr\u00f3tkometra\u017cowych. FILMY PE\u0141NOMETRA\u017bOWE najlepszy film: HAGAZUSSA najlepsza re\u017cyseria: W\u0141ADCY CHAOSU najlepszy scenariusz: N\u00d3\u017b I SERCE najstraszniejszy film: DACHRA najbardziej szokuj\u0105cy film: W\u0141ADCY CHAOSU najlepsze efekty specjalne: DIAMANTINO \u00a0 FILMY KR\u00d3TKOMETRA\u017bOWE najstraszniejszy film: KONIEC najbardziej szokuj\u0105cy film: KONIEC najlepsze efekty specjalne: KONIEC najlepszy film: KONIEC najlepszy scenariusz: KONIEC najlepsza re\u017cyseria: KONIEC GRATULUJEMY!!! Widz\u00f3w, kt\u00f3rzy wzi\u0119li udzia\u0142 w g\u0142osowaniu i wygrali nagrody, poinformujemy o tym fakcie mailowo. \u00a0[\/film_discover][\/vc_column][\/vc_row][vc_row][vc_column][\/vc_column][\/vc_row]<\/p>\n","protected":false},"author":1,"featured_media":7602,"parent":0,"menu_order":0,"comment_status":"closed","ping_status":"closed","template":"template-nonesidebar.php","meta":[],"yoast_head":"<!-- This site is optimized with the Yoast SEO plugin v15.2.1 - https:\/\/yoast.com\/wordpress\/plugins\/seo\/ -->\n<title>NAGRODY PUBLICZNO\u015aCI - Splat!FilmFest<\/title>\n<meta name=\"robots\" content=\"index, follow, max-snippet:-1, max-image-preview:large, max-video-preview:-1\" \/>\n<link rel=\"canonical\" href=\"https:\/\/www.archive.splatfilmfest.com\/index.php\/nagrody-publicznosci-2018\/\" \/>\n<meta property=\"og:locale\" content=\"pl_PL\" \/>\n<meta property=\"og:type\" content=\"article\" \/>\n<meta property=\"og:title\" content=\"[:pl]NAGRODY PUBLICZNO\u015aCI[:en]AUDIENCE AWARDS[:] - Splat!FilmFest\" \/>\n<meta property=\"og:description\" content=\"[vc_row][vc_column][vc_empty_space][film_discover style_discover=&#8221;3&#8243; image=&#8221;7602&#8243;] Podczas festiwalu Splat!FilmFest 2018 w Lublinie i Warszawie widzowie przyznali Nagrody Publiczno\u015bci dla film\u00f3w pe\u0142nometra\u017cowych i kr\u00f3tkometra\u017cowych. FILMY PE\u0141NOMETRA\u017bOWE najlepszy film: HAGAZUSSA najlepsza re\u017cyseria: W\u0141ADCY CHAOSU najlepszy scenariusz: N\u00d3\u017b I SERCE najstraszniejszy film: DACHRA najbardziej szokuj\u0105cy film: W\u0141ADCY CHAOSU najlepsze efekty specjalne: DIAMANTINO \u00a0 FILMY KR\u00d3TKOMETRA\u017bOWE najstraszniejszy film: KONIEC najbardziej szokuj\u0105cy film: KONIEC najlepsze efekty specjalne: KONIEC najlepszy film: KONIEC najlepszy scenariusz: KONIEC najlepsza re\u017cyseria: KONIEC GRATULUJEMY!!! Widz\u00f3w, kt\u00f3rzy wzi\u0119li udzia\u0142 w g\u0142osowaniu i wygrali nagrody, poinformujemy o tym fakcie mailowo. \u00a0[\/film_discover][\/vc_column][\/vc_row][vc_row][vc_column][\/vc_column][\/vc_row]\" \/>\n<meta property=\"og:url\" content=\"https:\/\/www.archive.splatfilmfest.com\/index.php\/nagrody-publicznosci-2018\/\" \/>\n<meta property=\"og:site_name\" content=\"Splat!FilmFest\" \/>\n<meta property=\"article:publisher\" content=\"https:\/\/www.facebook.com\/splatfilmfest\" \/>\n<meta property=\"article:modified_time\" content=\"2018-12-14T14:05:33+00:00\" \/>\n<meta property=\"og:image\" content=\"https:\/\/www.archive.splatfilmfest.com\/wp-content\/uploads\/2018\/11\/laur-official-selection-2018.jpg\" \/>\n\t<meta property=\"og:image:width\" content=\"709\" \/>\n\t<meta property=\"og:image:height\" content=\"709\" \/>\n<meta name=\"twitter:card\" content=\"summary_large_image\" \/>\n<meta name=\"twitter:creator\" content=\"@SplatFilmFest\" \/>\n<meta name=\"twitter:site\" content=\"@SplatFilmFest\" \/>\n<meta name=\"twitter:label1\" content=\"Written by\">\n\t<meta name=\"twitter:data1\" content=\"admin\">\n\t<meta name=\"twitter:label2\" content=\"Est. reading time\">\n\t<meta name=\"twitter:data2\" content=\"1 minuta\">\n<script type=\"application\/ld+json\" class=\"yoast-schema-graph\">{\"@context\":\"https:\/\/schema.org\",\"@graph\":[{\"@type\":\"WebSite\",\"@id\":\"https:\/\/www.archive.splatfilmfest.com\/#website\",\"url\":\"https:\/\/www.archive.splatfilmfest.com\/\",\"name\":\"Splat!FilmFest\",\"description\":\"\",\"potentialAction\":[{\"@type\":\"SearchAction\",\"target\":\"https:\/\/www.archive.splatfilmfest.com\/?s={search_term_string}\",\"query-input\":\"required name=search_term_string\"}],\"inLanguage\":\"pl-PL\"},{\"@type\":\"ImageObject\",\"@id\":\"https:\/\/www.archive.splatfilmfest.com\/index.php\/nagrody-publicznosci-2018\/#primaryimage\",\"inLanguage\":\"pl-PL\",\"url\":\"https:\/\/www.archive.splatfilmfest.com\/wp-content\/uploads\/2018\/11\/laur-official-selection-2018.jpg\",\"width\":709,\"height\":709},{\"@type\":\"WebPage\",\"@id\":\"https:\/\/www.archive.splatfilmfest.com\/index.php\/nagrody-publicznosci-2018\/#webpage\",\"url\":\"https:\/\/www.archive.splatfilmfest.com\/index.php\/nagrody-publicznosci-2018\/\",\"name\":\"[:pl]NAGRODY PUBLICZNO\\u015aCI[:en]AUDIENCE AWARDS[:] - Splat!FilmFest\",\"isPartOf\":{\"@id\":\"https:\/\/www.archive.splatfilmfest.com\/#website\"},\"primaryImageOfPage\":{\"@id\":\"https:\/\/www.archive.splatfilmfest.com\/index.php\/nagrody-publicznosci-2018\/#primaryimage\"},\"datePublished\":\"2018-11-09T14:50:43+00:00\",\"dateModified\":\"2018-12-14T14:05:33+00:00\",\"inLanguage\":\"pl-PL\",\"potentialAction\":[{\"@type\":\"ReadAction\",\"target\":[\"https:\/\/www.archive.splatfilmfest.com\/index.php\/nagrody-publicznosci-2018\/\"]}]}]}<\/script>\n<!-- \/ Yoast SEO plugin. -->","_links":{"self":[{"href":"https:\/\/www.archive.splatfilmfest.com\/index.php\/wp-json\/wp\/v2\/pages\/7599"}],"collection":[{"href":"https:\/\/www.archive.splatfilmfest.com\/index.php\/wp-json\/wp\/v2\/pages"}],"about":[{"href":"https:\/\/www.archive.splatfilmfest.com\/index.php\/wp-json\/wp\/v2\/types\/page"}],"author":[{"embeddable":true,"href":"https:\/\/www.archive.splatfilmfest.com\/index.php\/wp-json\/wp\/v2\/users\/1"}],"replies":[{"embeddable":true,"href":"https:\/\/www.archive.splatfilmfest.com\/index.php\/wp-json\/wp\/v2\/comments?post=7599"}],"version-history":[{"count":17,"href":"https:\/\/www.archive.splatfilmfest.com\/index.php\/wp-json\/wp\/v2\/pages\/7599\/revisions"}],"predecessor-version":[{"id":7761,"href":"https:\/\/www.archive.splatfilmfest.com\/index.php\/wp-json\/wp\/v2\/pages\/7599\/revisions\/7761"}],"wp:featuredmedia":[{"embeddable":true,"href":"https:\/\/www.archive.splatfilmfest.com\/index.php\/wp-json\/wp\/v2\/media\/7602"}],"wp:attachment":[{"href":"https:\/\/www.archive.splatfilmfest.com\/index.php\/wp-json\/wp\/v2\/media?parent=7599"}],"curies":[{"name":"wp","href":"https:\/\/api.w.org\/{rel}","templated":true}]}}