{"id":7198,"date":"2018-10-30T01:31:28","date_gmt":"2018-10-30T00:31:28","guid":{"rendered":"http:\/\/www.archive.splatfilmfest.com\/?page_id=7198"},"modified":"2018-11-07T22:57:17","modified_gmt":"2018-11-07T21:57:17","slug":"bilety-2","status":"publish","type":"page","link":"https:\/\/www.archive.splatfilmfest.com\/index.php\/bilety-2\/","title":{"rendered":"BILETY"},"content":{"rendered":"<p>[vc_row][vc_column][vc_column_text]<\/p>\n<h2 style=\"padding-left: 180px;\"><span style=\"color: #000000;\">\u00a0<\/span><\/h2>\n<p>&nbsp;<\/p>\n<h2 style=\"padding-left: 180px;\"><strong><span style=\"color: #000000;\">BILETY W WARSZAWIE<\/span><\/strong><\/h2>\n<h2 style=\"padding-left: 180px;\"><span style=\"color: #000000;\">Zakupu mo\u017cna dokona\u0107 w kasie Kinoteki oraz online: <a href=\"http:\/\/www.kinoteka.pl\/\"><span style=\"color: #800080;\">www.kinoteka.pl<\/span><\/a><\/span><\/h2>\n<h2 style=\"padding-left: 180px;\"><\/h2>\n<h2 style=\"padding-left: 180px;\"><span style=\"color: #000000;\"><strong>Cennik:<\/strong><\/span><br \/>\n<span style=\"color: #000000;\"><strong>bilet normalny<\/strong> |\u00a025 z\u0142<\/span><br \/>\n<span style=\"color: #000000;\"><strong>bilet studencki<\/strong> (po okazaniu wa\u017cnej legitymacji) |\u00a022 z\u0142<\/span><br \/>\n<span style=\"color: #000000;\"><strong>karnet 5+ |\u00a019 z\u0142\/ bilet<\/strong> (na 5\u00a0&#8211;\u00a09\u00a0r\u00f3\u017cnych seans\u00f3w przy jednorazowej transakcji tylko w\u00a0kasach kina)<\/span><br \/>\n<span style=\"color: #000000;\"><strong>karnet 10+ |\u00a018 z\u0142\/ bilet<\/strong> (na 10+ r\u00f3\u017cnych seans\u00f3w przy jednorazowej transakcji tylko w\u00a0kasach kina)<\/span><\/h2>\n<h2 style=\"padding-left: 180px;\"><span style=\"color: #000000;\">Miejsca w\u00a0salach s\u0105 nienumerowane.<\/span><\/h2>\n<h2 style=\"padding-left: 180px;\"><span style=\"color: #000000;\">\u00a0<\/span><\/h2>\n<h2 style=\"padding-left: 180px;\"><span style=\"color: #000000;\">W razie pyta\u0144 prosimy o kontakt z kas\u0105 Kinoteki:<\/span><br \/>\n<span style=\"color: #000000;\">tel. 22 551 70 70 (kasy kina otwierane s\u0105 p\u00f3\u0142 godziny przed pierwszym seansem), kierownicy@kinoteka.pl<br \/>\n<\/span><\/h2>\n<h2 style=\"padding-left: 180px;\"><span style=\"color: #000000;\">\u00a0<\/span><\/h2>\n<h2 style=\"padding-left: 180px;\"><span style=\"color: #000000;\">Kinoteka <\/span><br \/>\n<span style=\"color: #000000;\">Pa\u0142ac Kultury i Nauki (wej\u015bcie od al. Jerozolimskich)<\/span><br \/>\n<span style=\"color: #000000;\">Plac Defilad 1<\/span><\/h2>\n<h2 style=\"padding-left: 180px;\"><span style=\"color: #000000;\">W Warszawie &#8211; na wydarzenia darmowe obowi\u0105zuj\u0105 bezp\u0142atne wej\u015bci\u00f3wki, dost\u0119pne w dniu wydarzenia w kasach Kinoteki.<\/span><\/h2>\n<p>&nbsp;<\/p>\n<p>&nbsp;<\/p>\n<h2 style=\"padding-left: 180px;\"><span style=\"color: #000000;\"><strong>BILETY W LUBLINIE<\/strong><br \/>\n<\/span><\/h2>\n<h2 style=\"padding-left: 180px;\"><span style=\"color: #000000;\">Zakupu mo\u017cna dokona\u0107 w kasie Centrum Kultury\u00a0 oraz online: <span style=\"color: #800080;\"><a style=\"color: #800080;\" href=\"https:\/\/bilety.ck.lublin.pl\/MSI\/mvc?sort=Flow&amp;date=2018-11-26&amp;dateStart=0\" target=\"_blank\">bilety.ck.lublin.pl<\/a><\/span><\/span><\/h2>\n<h2 style=\"padding-left: 180px;\"><span style=\"color: #000000;\"><strong>Cennik:<\/strong><\/span><br \/>\n<span style=\"color: #000000;\"><strong>bilet normalny<\/strong> | 15 z\u0142<\/span><br \/>\n<span style=\"color: #000000;\"><strong>bilet studencki<\/strong> (po okazaniu wa\u017cnej legitymacji) | 12 z\u0142<\/span><br \/>\n<span style=\"color: #000000;\"><strong>karnet 10+ | 10 z\u0142\/ bilet<\/strong> (na 10 lub wi\u0119cej r\u00f3\u017cnych seans\u00f3w przy jednorazowej transakcji tylko w\u00a0kasie CK)<\/span><\/h2>\n<h2 style=\"padding-left: 180px;\"><span style=\"color: #000000;\">Miejsca w\u00a0salach s\u0105 nienumerowane.<\/span><\/h2>\n<p>&nbsp;<\/p>\n<h2 style=\"padding-left: 180px;\"><span style=\"color: #000000;\">W Lublinie na wydarzenia darmowe nie obowi\u0105zuj\u0105 wej\u015bci\u00f3wki.<\/span><\/h2>\n<p>&nbsp;<\/p>\n<h2 style=\"padding-left: 180px;\"><span style=\"color: #000000;\"><strong>Lubelska edycja festiwalu jest dofinansowana przez\u00a0 Miasto Lublin.<\/strong><\/span><\/h2>\n<p>&nbsp;<\/p>\n<h2 style=\"padding-left: 180px;\"><span style=\"color: #000000;\">Kasa Centrum Kultury czynna:<\/span><br \/>\n<span style=\"color: #000000;\">od poniedzia\u0142ku do pi\u0105tku w godzinach 10.00-19.00<\/span><br \/>\n<span style=\"color: #000000;\">oraz na godzin\u0119 przed ka\u017cdym wydarzeniem biletowanym,<\/span> <span style=\"color: #000000;\">tel. 81 466 61 40, e-mail: kasa@ck.lublin.pl<\/span><\/h2>\n<h2 style=\"padding-left: 180px;\"><span style=\"color: #000000;\">Centrum Kultury w Lublinie<\/span><\/h2>\n<h2 style=\"padding-left: 180px;\"><span style=\"color: #000000;\">ul. Peowiak\u00f3w 12, Lublin<\/span><\/h2>\n<p>&nbsp;<\/p>\n<p>[\/vc_column_text][\/vc_column][\/vc_row]<\/p>","protected":false},"excerpt":{"rendered":"<p>[vc_row][vc_column][vc_column_text] \u00a0 &nbsp; BILETY W WARSZAWIE Zakupu mo\u017cna dokona\u0107 w kasie Kinoteki oraz online: www.kinoteka.pl Cennik: bilet normalny |\u00a025 z\u0142 bilet studencki (po okazaniu wa\u017cnej legitymacji) |\u00a022 z\u0142 karnet 5+ |\u00a019 z\u0142\/ bilet (na 5\u00a0&#8211;\u00a09\u00a0r\u00f3\u017cnych seans\u00f3w przy jednorazowej transakcji tylko w\u00a0kasach kina) karnet 10+ |\u00a018 z\u0142\/ bilet (na 10+ r\u00f3\u017cnych seans\u00f3w przy jednorazowej transakcji tylko w\u00a0kasach kina) Miejsca w\u00a0salach s\u0105 nienumerowane. \u00a0 W razie pyta\u0144 prosimy o kontakt z kas\u0105 Kinoteki: tel. 22 551 70 70 (kasy kina otwierane s\u0105 p\u00f3\u0142 godziny przed pierwszym seansem), kierownicy@kinoteka.pl \u00a0 Kinoteka Pa\u0142ac Kultury i Nauki (wej\u015bcie od al. Jerozolimskich) Plac Defilad 1 W Warszawie &#8211; na wydarzenia darmowe obowi\u0105zuj\u0105 bezp\u0142atne wej\u015bci\u00f3wki, dost\u0119pne w [&hellip;]<\/p>\n","protected":false},"author":1,"featured_media":7384,"parent":0,"menu_order":0,"comment_status":"closed","ping_status":"closed","template":"template-nonesidebar.php","meta":[],"yoast_head":"<!-- This site is optimized with the Yoast SEO plugin v15.2.1 - https:\/\/yoast.com\/wordpress\/plugins\/seo\/ -->\n<title>BILETY - Splat!FilmFest<\/title>\n<meta name=\"robots\" content=\"index, follow, max-snippet:-1, max-image-preview:large, max-video-preview:-1\" \/>\n<link rel=\"canonical\" href=\"https:\/\/www.archive.splatfilmfest.com\/index.php\/bilety-2\/\" \/>\n<meta property=\"og:locale\" content=\"pl_PL\" \/>\n<meta property=\"og:type\" content=\"article\" \/>\n<meta property=\"og:title\" content=\"[:pl]BILETY[:en]TICKETS[:] - Splat!FilmFest\" \/>\n<meta property=\"og:description\" content=\"[vc_row][vc_column][vc_column_text] \u00a0 &nbsp; BILETY W WARSZAWIE Zakupu mo\u017cna dokona\u0107 w kasie Kinoteki oraz online: www.kinoteka.pl Cennik: bilet normalny |\u00a025 z\u0142 bilet studencki (po okazaniu wa\u017cnej legitymacji) |\u00a022 z\u0142 karnet 5+ |\u00a019 z\u0142\/ bilet (na 5\u00a0&#8211;\u00a09\u00a0r\u00f3\u017cnych seans\u00f3w przy jednorazowej transakcji tylko w\u00a0kasach kina) karnet 10+ |\u00a018 z\u0142\/ bilet (na 10+ r\u00f3\u017cnych seans\u00f3w przy jednorazowej transakcji tylko w\u00a0kasach kina) Miejsca w\u00a0salach s\u0105 nienumerowane. \u00a0 W razie pyta\u0144 prosimy o kontakt z kas\u0105 Kinoteki: tel. 22 551 70 70 (kasy kina otwierane s\u0105 p\u00f3\u0142 godziny przed pierwszym seansem), kierownicy@kinoteka.pl \u00a0 Kinoteka Pa\u0142ac Kultury i Nauki (wej\u015bcie od al. Jerozolimskich) Plac Defilad 1 W Warszawie &#8211; na wydarzenia darmowe obowi\u0105zuj\u0105 bezp\u0142atne wej\u015bci\u00f3wki, dost\u0119pne w [&hellip;]\" \/>\n<meta property=\"og:url\" content=\"https:\/\/www.archive.splatfilmfest.com\/index.php\/bilety-2\/\" \/>\n<meta property=\"og:site_name\" content=\"Splat!FilmFest\" \/>\n<meta property=\"article:publisher\" content=\"https:\/\/www.facebook.com\/splatfilmfest\" \/>\n<meta property=\"article:modified_time\" content=\"2018-11-07T21:57:17+00:00\" \/>\n<meta property=\"og:image\" content=\"https:\/\/www.archive.splatfilmfest.com\/wp-content\/uploads\/2015\/12\/Splat-6-768x432.png\" \/>\n\t<meta property=\"og:image:width\" content=\"768\" \/>\n\t<meta property=\"og:image:height\" content=\"432\" \/>\n<meta name=\"twitter:card\" content=\"summary_large_image\" \/>\n<meta name=\"twitter:creator\" content=\"@SplatFilmFest\" \/>\n<meta name=\"twitter:site\" content=\"@SplatFilmFest\" \/>\n<meta name=\"twitter:label1\" content=\"Written by\">\n\t<meta name=\"twitter:data1\" content=\"admin\">\n\t<meta name=\"twitter:label2\" content=\"Est. reading time\">\n\t<meta name=\"twitter:data2\" content=\"2 minuty\">\n<script type=\"application\/ld+json\" class=\"yoast-schema-graph\">{\"@context\":\"https:\/\/schema.org\",\"@graph\":[{\"@type\":\"WebSite\",\"@id\":\"https:\/\/www.archive.splatfilmfest.com\/#website\",\"url\":\"https:\/\/www.archive.splatfilmfest.com\/\",\"name\":\"Splat!FilmFest\",\"description\":\"\",\"potentialAction\":[{\"@type\":\"SearchAction\",\"target\":\"https:\/\/www.archive.splatfilmfest.com\/?s={search_term_string}\",\"query-input\":\"required name=search_term_string\"}],\"inLanguage\":\"pl-PL\"},{\"@type\":\"ImageObject\",\"@id\":\"https:\/\/www.archive.splatfilmfest.com\/index.php\/bilety-2\/#primaryimage\",\"inLanguage\":\"pl-PL\",\"url\":\"https:\/\/www.archive.splatfilmfest.com\/wp-content\/uploads\/2015\/12\/Splat-6.png\",\"width\":1920,\"height\":1080},{\"@type\":\"WebPage\",\"@id\":\"https:\/\/www.archive.splatfilmfest.com\/index.php\/bilety-2\/#webpage\",\"url\":\"https:\/\/www.archive.splatfilmfest.com\/index.php\/bilety-2\/\",\"name\":\"[:pl]BILETY[:en]TICKETS[:] - Splat!FilmFest\",\"isPartOf\":{\"@id\":\"https:\/\/www.archive.splatfilmfest.com\/#website\"},\"primaryImageOfPage\":{\"@id\":\"https:\/\/www.archive.splatfilmfest.com\/index.php\/bilety-2\/#primaryimage\"},\"datePublished\":\"2018-10-30T00:31:28+00:00\",\"dateModified\":\"2018-11-07T21:57:17+00:00\",\"inLanguage\":\"pl-PL\",\"potentialAction\":[{\"@type\":\"ReadAction\",\"target\":[\"https:\/\/www.archive.splatfilmfest.com\/index.php\/bilety-2\/\"]}]}]}<\/script>\n<!-- \/ Yoast SEO plugin. -->","_links":{"self":[{"href":"https:\/\/www.archive.splatfilmfest.com\/index.php\/wp-json\/wp\/v2\/pages\/7198"}],"collection":[{"href":"https:\/\/www.archive.splatfilmfest.com\/index.php\/wp-json\/wp\/v2\/pages"}],"about":[{"href":"https:\/\/www.archive.splatfilmfest.com\/index.php\/wp-json\/wp\/v2\/types\/page"}],"author":[{"embeddable":true,"href":"https:\/\/www.archive.splatfilmfest.com\/index.php\/wp-json\/wp\/v2\/users\/1"}],"replies":[{"embeddable":true,"href":"https:\/\/www.archive.splatfilmfest.com\/index.php\/wp-json\/wp\/v2\/comments?post=7198"}],"version-history":[{"count":31,"href":"https:\/\/www.archive.splatfilmfest.com\/index.php\/wp-json\/wp\/v2\/pages\/7198\/revisions"}],"predecessor-version":[{"id":7531,"href":"https:\/\/www.archive.splatfilmfest.com\/index.php\/wp-json\/wp\/v2\/pages\/7198\/revisions\/7531"}],"wp:featuredmedia":[{"embeddable":true,"href":"https:\/\/www.archive.splatfilmfest.com\/index.php\/wp-json\/wp\/v2\/media\/7384"}],"wp:attachment":[{"href":"https:\/\/www.archive.splatfilmfest.com\/index.php\/wp-json\/wp\/v2\/media?parent=7198"}],"curies":[{"name":"wp","href":"https:\/\/api.w.org\/{rel}","templated":true}]}}