{"id":6757,"date":"2018-10-24T16:30:34","date_gmt":"2018-10-24T14:30:34","guid":{"rendered":"http:\/\/www.archive.splatfilmfest.com\/?page_id=6757"},"modified":"2018-11-22T11:48:30","modified_gmt":"2018-11-22T10:48:30","slug":"program-lublin","status":"publish","type":"page","link":"https:\/\/www.archive.splatfilmfest.com\/index.php\/program-lublin\/","title":{"rendered":"PROGRAM LUBLIN"},"content":{"rendered":"<p>[vc_row css=&#8221;.vc_custom_1541150397397{background-color: #b58f29 !important;}&#8221;][vc_column][vc_column_text]<\/p>\n<h1 style=\"padding-left: 180px;\"><span style=\"color: #000000;\">HARMONOGRAM Splat!FilmFest 4<\/span><\/h1>\n<h1 class=\"western\" style=\"padding-left: 180px;\"><span style=\"color: #000000;\">26 listopada \u2013 02 grudnia 2018<\/span><\/h1>\n<h1 style=\"padding-left: 180px;\"><span style=\"color: #000000;\">LUBLIN (Centrum Kultury w Lublinie, ul. Peowiak\u00f3w 12)<br \/>\n<\/span><\/h1>\n<p style=\"padding-left: 180px;\"><span style=\"color: #000000;\">harmonogram do pobrania: <span style=\"color: #800080;\"><a style=\"color: #800080;\" href=\"http:\/\/www.archive.splatfilmfest.com\/wp-content\/uploads\/2018\/11\/Harmonogram-SplatFilmFest-LUBLIN.pdf\" target=\"_blank\">tutaj<\/a><\/span><\/span><\/p>\n<p style=\"padding-left: 180px;\"><span style=\"color: #000000;\">katalog do pobrania: <span style=\"color: #800080;\"><a style=\"color: #800080;\" href=\"http:\/\/www.archive.splatfilmfest.com\/wp-content\/uploads\/2018\/10\/Katalog-SplatFilmFest-2018.pdf\" target=\"_blank\">tutaj<\/a><\/span><\/span><\/p>\n<h2 style=\"padding-left: 180px;\"><strong><span style=\"color: #000000;\">26.11 \/ PONIEDZIA\u0141EK \/<\/span><\/strong><br \/>\n<span style=\"color: #000000;\">godz. 19:00 \u2013 21:15 &#8211; Wiatr (otwarcie festiwalu)<\/span><br \/>\n<span style=\"color: #000000;\">godz. 21:30 \u2013 23:10 &#8211; Suspiria<\/span><\/h2>\n<h2 style=\"padding-left: 180px;\"><span style=\"color: #000000;\"><strong>27.11 \/ WTOREK \/<\/strong><br \/>\ngodz. 14:30 \u2013 16:00 \u2013 Blok film\u00f3w kr\u00f3tkometra\u017cowych I * (tylko w Lublinie)<br \/>\ngodz. 16:30 \u2013 17:30 &#8211; Wyk\u0142ad: Krew, seks, flaki i TROMA, czyli o najbardziej niepokornych tw\u00f3rcach horror\u00f3w klasy B na \u015bwiecie * (tylko w Lublinie)<br \/>\ngodz. 18:00 \u2013 19:25 &#8211; Toksyczny M\u015bciciel<br \/>\ngodz. 20:00 \u2013 21:25 &#8211; Piercing<br \/>\ngodz. 21:30 \u2013 23:15 &#8211; Hagazussa<\/span><\/h2>\n<h2 style=\"padding-left: 180px;\"><strong><span style=\"color: #000000;\">28.11 \/ \u015aRODA \/<\/span><\/strong><br \/>\n<span style=\"color: #000000;\">godz. 14:30 \u2013 16:00 &#8211; Blok film\u00f3w kr\u00f3tkometra\u017cowych II * (tylko w Lublinie)<\/span><br \/>\n<span style=\"color: #000000;\">godz. 16:30 \u2013 17:30 &#8211; Wyk\u0142ad: Horror menstruacyjny, czyli revenge movies okresu dojrzewania * (tylko w Lublinie)<\/span><br \/>\n<span style=\"color: #000000;\">godz. 18:00 \u2013 20:40 \u2013 Wilczyca + Q&amp;A z re\u017cyserem Markiem Piestrakiem (film i spotkanie tylko w Lublinie)<\/span><br \/>\n<span style=\"color: #000000;\">godz. 21:00 \u2013 22:35 \u2013 Diamantino<\/span><br \/>\n<span style=\"color: #000000;\">godz. 22:45 \u2013 00:45 &#8211; Dachra<\/span><\/h2>\n<h2 style=\"padding-left: 180px;\"><strong><span style=\"color: #000000;\">29.11 \/ CZWARTEK\/<\/span><\/strong><br \/>\n<span style=\"color: #000000;\">godz. 13:30 \u2013 15:00 &#8211; Blok film\u00f3w kr\u00f3tkometra\u017cowych III * (tylko w Lublinie)<\/span><br \/>\n<span style=\"color: #000000;\">godz. 15:30 \u2013 16:30 &#8211; Wyk\u0142ad: Skate horror czyli deskorolka i jej fascynacja groz\u0105 * (tylko w Lublinie)<\/span><br \/>\n<span style=\"color: #000000;\">godz. 17:00 \u2013 18:35 &#8211; Halloween z lektorem Maciejem Gudowskim na \u017cywo<\/span><br \/>\n<span style=\"color: #000000;\">godz. 19:00 \u2013 20:35 &#8211; Biurowa rebelia<\/span><br \/>\n<span style=\"color: #000000;\">godz. 21:00 \u2013 22:25 &#8211; Tygrysy si\u0119 nie boj\u0105<\/span><br \/>\n<span style=\"color: #000000;\">godz. 22:30 \u2013 23:45 &#8211; Mam ci\u0119 na oku<\/span><\/h2>\n<h2 style=\"padding-left: 180px;\"><strong><span style=\"color: #000000;\">30.11 \/ PI\u0104TEK \/<\/span><\/strong><br \/>\n<span style=\"color: #000000;\">godz. 13:30 \u2013 15:00 &#8211; Blok film\u00f3w kr\u00f3tkometra\u017cowych IV* (tylko w Lublinie)<\/span><br \/>\n<span style=\"color: #000000;\">godz. 15:30 \u2013 16:30 &#8211; Wyk\u0142ad: Teatr wampir\u00f3w. Peerelowski horror telewizyjny * (tylko w Lublinie)<\/span><br \/>\n<span style=\"color: #000000;\">godz. 17:00 \u2013 18:45 \u2013 Lato \u201884<\/span><br \/>\n<span style=\"color: #000000;\">godz. 19:00 \u2013 20:55 &#8211; Dachra<\/span><br \/>\n<span style=\"color: #000000;\">godz. 21:00 \u2013 22:30 &#8211; Pyewacket<\/span><br \/>\n<span style=\"color: #000000;\">godz. 23:00 \u2013 00:50 &#8211; N\u00f3\u017c + serce<\/span><\/h2>\n<h2 style=\"padding-left: 180px;\"><strong><span style=\"color: #000000;\">01.12 \/ SOBOTA \/<\/span><\/strong><br \/>\n<span style=\"color: #000000;\">godz. 14:00 \u2013 15:00 &#8211; Wyk\u0142ad: Z archiwum XXX &#8211; o porno parodii * (tylko w Lublinie)<\/span><br \/>\n<span style=\"color: #000000;\">godz. 15:30 \u2013 16:45 &#8211; Wilczy dom<\/span><br \/>\n<span style=\"color: #000000;\">godz. 17:00 \u2013 18:10 &#8211; Luz<\/span><br \/>\n<span style=\"color: #000000;\">godz. 18:30 \u2013 20:05 &#8211; Relaxer<\/span><br \/>\n<span style=\"color: #000000;\">godz. 20:30 \u2013 22:25 &#8211; W\u0142adcy chaosu<\/span><br \/>\n<span style=\"color: #000000;\">godz. 22:30 \u2013 23:55 &#8211; G\u0142owica<\/span><\/h2>\n<h2 style=\"padding-left: 180px;\"><strong><span style=\"color: #000000;\">02.12 \/ NIEDZIELA \/<\/span><\/strong><br \/>\n<span style=\"color: #000000;\">godz. 12:00 \u2013 13:30 &#8211; Przyjaciel weso\u0142ego diab\u0142a * (tylko w Lublinie)<\/span><br \/>\n<span style=\"color: #000000;\">godz. 13:45 \u2013 15:15 &#8211; Hex<\/span><br \/>\n<span style=\"color: #000000;\">godz. 15:30 \u2013 17:05 &#8211; Zab\u00f3jczy B\u00f3g<\/span><br \/>\n<span style=\"color: #000000;\">godz. 17:30 \u2013 19:00 &#8211; Wilko\u0142ak<\/span><br \/>\n<span style=\"color: #000000;\">godz. 19:30 \u2013 21:15 &#8211; Najlepsi Przyjaciele vol. 1<\/span><br \/>\n<span style=\"color: #000000;\">godz. 21:30 \u2013 23:30 &#8211; Najlepsi Przyjaciele vol. 2<\/span><\/h2>\n<h2 style=\"padding-left: 180px;\"><\/h2>\n<p>&nbsp;<\/p>\n<h2 style=\"padding-left: 180px;\"><span style=\"color: #000000;\">* WST\u0118P BEZP\u0141ATNY NA WYDARZENIA OZNACZONE GWIAZDK\u0104<\/span><\/h2>\n<h2 style=\"padding-left: 180px;\"><\/h2>\n<p>&nbsp;<\/p>\n<p>[\/vc_column_text][\/vc_column][\/vc_row]<\/p>","protected":false},"excerpt":{"rendered":"<p>[vc_row css=&#8221;.vc_custom_1541150397397{background-color: #b58f29 !important;}&#8221;][vc_column][vc_column_text] HARMONOGRAM Splat!FilmFest 4 26 listopada \u2013 02 grudnia 2018 LUBLIN (Centrum Kultury w Lublinie, ul. Peowiak\u00f3w 12) harmonogram do pobrania: tutaj katalog do pobrania: tutaj 26.11 \/ PONIEDZIA\u0141EK \/ godz. 19:00 \u2013 21:15 &#8211; Wiatr (otwarcie festiwalu) godz. 21:30 \u2013 23:10 &#8211; Suspiria 27.11 \/ WTOREK \/ godz. 14:30 \u2013 16:00 \u2013 Blok film\u00f3w kr\u00f3tkometra\u017cowych I * (tylko w Lublinie) godz. 16:30 \u2013 17:30 &#8211; Wyk\u0142ad: Krew, seks, flaki i TROMA, czyli o najbardziej niepokornych tw\u00f3rcach horror\u00f3w klasy B na \u015bwiecie * (tylko w Lublinie) godz. 18:00 \u2013 19:25 &#8211; Toksyczny M\u015bciciel godz. 20:00 \u2013 21:25 &#8211; Piercing godz. 21:30 \u2013 23:15 &#8211; Hagazussa 28.11 \/ [&hellip;]<\/p>\n","protected":false},"author":1,"featured_media":7384,"parent":0,"menu_order":0,"comment_status":"closed","ping_status":"closed","template":"template-nonesidebar.php","meta":[],"yoast_head":"<!-- This site is optimized with the Yoast SEO plugin v15.2.1 - https:\/\/yoast.com\/wordpress\/plugins\/seo\/ -->\n<title>PROGRAM LUBLIN - Splat!FilmFest<\/title>\n<meta name=\"robots\" content=\"index, follow, max-snippet:-1, max-image-preview:large, max-video-preview:-1\" \/>\n<link rel=\"canonical\" href=\"https:\/\/www.archive.splatfilmfest.com\/index.php\/program-lublin\/\" \/>\n<meta property=\"og:locale\" content=\"pl_PL\" \/>\n<meta property=\"og:type\" content=\"article\" \/>\n<meta property=\"og:title\" content=\"PROGRAM LUBLIN - Splat!FilmFest\" \/>\n<meta property=\"og:description\" content=\"[vc_row css=&#8221;.vc_custom_1541150397397{background-color: #b58f29 !important;}&#8221;][vc_column][vc_column_text] HARMONOGRAM Splat!FilmFest 4 26 listopada \u2013 02 grudnia 2018 LUBLIN (Centrum Kultury w Lublinie, ul. Peowiak\u00f3w 12) harmonogram do pobrania: tutaj katalog do pobrania: tutaj 26.11 \/ PONIEDZIA\u0141EK \/ godz. 19:00 \u2013 21:15 &#8211; Wiatr (otwarcie festiwalu) godz. 21:30 \u2013 23:10 &#8211; Suspiria 27.11 \/ WTOREK \/ godz. 14:30 \u2013 16:00 \u2013 Blok film\u00f3w kr\u00f3tkometra\u017cowych I * (tylko w Lublinie) godz. 16:30 \u2013 17:30 &#8211; Wyk\u0142ad: Krew, seks, flaki i TROMA, czyli o najbardziej niepokornych tw\u00f3rcach horror\u00f3w klasy B na \u015bwiecie * (tylko w Lublinie) godz. 18:00 \u2013 19:25 &#8211; Toksyczny M\u015bciciel godz. 20:00 \u2013 21:25 &#8211; Piercing godz. 21:30 \u2013 23:15 &#8211; Hagazussa 28.11 \/ [&hellip;]\" \/>\n<meta property=\"og:url\" content=\"https:\/\/www.archive.splatfilmfest.com\/index.php\/program-lublin\/\" \/>\n<meta property=\"og:site_name\" content=\"Splat!FilmFest\" \/>\n<meta property=\"article:publisher\" content=\"https:\/\/www.facebook.com\/splatfilmfest\" \/>\n<meta property=\"article:modified_time\" content=\"2018-11-22T10:48:30+00:00\" \/>\n<meta property=\"og:image\" content=\"https:\/\/www.archive.splatfilmfest.com\/wp-content\/uploads\/2015\/12\/Splat-6-768x432.png\" \/>\n\t<meta property=\"og:image:width\" content=\"768\" \/>\n\t<meta property=\"og:image:height\" content=\"432\" \/>\n<meta name=\"twitter:card\" content=\"summary_large_image\" \/>\n<meta name=\"twitter:creator\" content=\"@SplatFilmFest\" \/>\n<meta name=\"twitter:site\" content=\"@SplatFilmFest\" \/>\n<meta name=\"twitter:label1\" content=\"Written by\">\n\t<meta name=\"twitter:data1\" content=\"admin\">\n\t<meta name=\"twitter:label2\" content=\"Est. reading time\">\n\t<meta name=\"twitter:data2\" content=\"3 minuty\">\n<script type=\"application\/ld+json\" class=\"yoast-schema-graph\">{\"@context\":\"https:\/\/schema.org\",\"@graph\":[{\"@type\":\"WebSite\",\"@id\":\"https:\/\/www.archive.splatfilmfest.com\/#website\",\"url\":\"https:\/\/www.archive.splatfilmfest.com\/\",\"name\":\"Splat!FilmFest\",\"description\":\"\",\"potentialAction\":[{\"@type\":\"SearchAction\",\"target\":\"https:\/\/www.archive.splatfilmfest.com\/?s={search_term_string}\",\"query-input\":\"required name=search_term_string\"}],\"inLanguage\":\"pl-PL\"},{\"@type\":\"ImageObject\",\"@id\":\"https:\/\/www.archive.splatfilmfest.com\/index.php\/program-lublin\/#primaryimage\",\"inLanguage\":\"pl-PL\",\"url\":\"https:\/\/www.archive.splatfilmfest.com\/wp-content\/uploads\/2015\/12\/Splat-6.png\",\"width\":1920,\"height\":1080},{\"@type\":\"WebPage\",\"@id\":\"https:\/\/www.archive.splatfilmfest.com\/index.php\/program-lublin\/#webpage\",\"url\":\"https:\/\/www.archive.splatfilmfest.com\/index.php\/program-lublin\/\",\"name\":\"PROGRAM LUBLIN - Splat!FilmFest\",\"isPartOf\":{\"@id\":\"https:\/\/www.archive.splatfilmfest.com\/#website\"},\"primaryImageOfPage\":{\"@id\":\"https:\/\/www.archive.splatfilmfest.com\/index.php\/program-lublin\/#primaryimage\"},\"datePublished\":\"2018-10-24T14:30:34+00:00\",\"dateModified\":\"2018-11-22T10:48:30+00:00\",\"inLanguage\":\"pl-PL\",\"potentialAction\":[{\"@type\":\"ReadAction\",\"target\":[\"https:\/\/www.archive.splatfilmfest.com\/index.php\/program-lublin\/\"]}]}]}<\/script>\n<!-- \/ Yoast SEO plugin. -->","_links":{"self":[{"href":"https:\/\/www.archive.splatfilmfest.com\/index.php\/wp-json\/wp\/v2\/pages\/6757"}],"collection":[{"href":"https:\/\/www.archive.splatfilmfest.com\/index.php\/wp-json\/wp\/v2\/pages"}],"about":[{"href":"https:\/\/www.archive.splatfilmfest.com\/index.php\/wp-json\/wp\/v2\/types\/page"}],"author":[{"embeddable":true,"href":"https:\/\/www.archive.splatfilmfest.com\/index.php\/wp-json\/wp\/v2\/users\/1"}],"replies":[{"embeddable":true,"href":"https:\/\/www.archive.splatfilmfest.com\/index.php\/wp-json\/wp\/v2\/comments?post=6757"}],"version-history":[{"count":50,"href":"https:\/\/www.archive.splatfilmfest.com\/index.php\/wp-json\/wp\/v2\/pages\/6757\/revisions"}],"predecessor-version":[{"id":7734,"href":"https:\/\/www.archive.splatfilmfest.com\/index.php\/wp-json\/wp\/v2\/pages\/6757\/revisions\/7734"}],"wp:featuredmedia":[{"embeddable":true,"href":"https:\/\/www.archive.splatfilmfest.com\/index.php\/wp-json\/wp\/v2\/media\/7384"}],"wp:attachment":[{"href":"https:\/\/www.archive.splatfilmfest.com\/index.php\/wp-json\/wp\/v2\/media?parent=6757"}],"curies":[{"name":"wp","href":"https:\/\/api.w.org\/{rel}","templated":true}]}}