{"id":5545,"date":"2017-08-27T22:50:38","date_gmt":"2017-08-27T20:50:38","guid":{"rendered":"http:\/\/www.archive.splatfilmfest.com\/?page_id=5545"},"modified":"2018-07-10T16:15:17","modified_gmt":"2018-07-10T14:15:17","slug":"konkurs","status":"publish","type":"page","link":"https:\/\/www.archive.splatfilmfest.com\/index.php\/program-2017\/konkurs\/","title":{"rendered":"NAGRODY PUBLICZNO\u015aCI"},"content":{"rendered":"<p><\/p>\n<h2><span style=\"color: #000000;\">[vc_row][vc_column][vc_column_text][\/vc_column_text][\/vc_column][\/vc_row][vc_row][vc_column][film_discover style_discover=&#8221;3&#8243; small_title=&#8221;NAGRODY PUBLICZNO\u015aCI&#8221;][\/film_discover][vc_empty_space][film_discover style_discover=&#8221;3&#8243; image=&#8221;5793&#8243;]\u00a0<\/span><\/h2>\n<div>\n<div id=\"js_9\" class=\"_5pbx userContent\" data-ft=\"{&quot;tn&quot;:&quot;K&quot;}\">\n<p><span style=\"color: #000000;\"><strong>Nagrody Publiczno\u015bci Splat!FilmFest 3 otrzymuj\u0105:<\/strong><\/span><\/p>\n<\/div>\n<\/div>\n<ul>\n<li>\n<h2><span style=\"color: #000000;\"><strong>najstraszniejszy film: A DARK SONG<br \/>\n<\/strong><\/span><\/h2>\n<\/li>\n<li>\n<h2><span style=\"color: #000000;\"><strong>najbardziej szokuj\u0105cy film: KUSO<br \/>\n<\/strong><\/span><\/h2>\n<\/li>\n<li>\n<h2><span style=\"color: #000000;\"><strong>najlepsze efekty specjalne: KUSO<br \/>\n<\/strong><\/span><\/h2>\n<\/li>\n<li>\n<h2><span style=\"color: #000000;\"><strong>najlepszy film: HOUNDS OF LOVE<br \/>\n<\/strong><\/span><\/h2>\n<\/li>\n<li>\n<h2><span style=\"color: #000000;\"><strong>najlepszy scenariusz: MIDNIGHTERS<br \/>\n<\/strong><\/span><\/h2>\n<\/li>\n<li>\n<h2><span style=\"color: #000000;\"><strong>najlepsza re\u017cyseria: HOUNDS OF LOVE<br \/>\n<\/strong><\/span><\/h2>\n<\/li>\n<\/ul>\n<h2><\/h2>\n<h2><span style=\"color: #000000;\"><strong>GRATULUJEMY!!!<\/strong><\/span><\/h2>\n<h2><span style=\"color: #000000;\"><span class=\"_5yl5\">Widz\u00f3w, kt\u00f3rzy wzi\u0119li udzia\u0142 w g\u0142osowaniu i wygrali nagrody, poinformujemy<\/span> o tym fakcie mailowo \ud83d\ude42<br \/>\n<\/span><\/h2>\n<h2><\/h2>\n<h2><span style=\"color: #000000;\">[\/film_discover][\/vc_column][\/vc_row][vc_row full_width=&#8221;stretch_row_content_no_spaces_content&#8221;][vc_column][vc_empty_space][vc_column_text]<\/span><\/h2>\n<h2><span style=\"color: #000000;\">[\/vc_column_text][\/vc_column][vc_column][\/vc_column][\/vc_row]<\/span><\/h2>\n<p><\/p>","protected":false},"excerpt":{"rendered":"<p>[vc_row][vc_column][vc_column_text][\/vc_column_text][\/vc_column][\/vc_row][vc_row][vc_column][film_discover style_discover=&#8221;3&#8243; small_title=&#8221;NAGRODY PUBLICZNO\u015aCI&#8221;][\/film_discover][vc_empty_space][film_discover style_discover=&#8221;3&#8243; image=&#8221;5793&#8243;]\u00a0 Nagrody Publiczno\u015bci Splat!FilmFest 3 otrzymuj\u0105: najstraszniejszy film: A DARK SONG najbardziej szokuj\u0105cy film: KUSO najlepsze efekty specjalne: KUSO najlepszy film: HOUNDS OF LOVE najlepszy scenariusz: MIDNIGHTERS najlepsza re\u017cyseria: HOUNDS OF LOVE GRATULUJEMY!!! Widz\u00f3w, kt\u00f3rzy wzi\u0119li udzia\u0142 w g\u0142osowaniu i wygrali nagrody, poinformujemy o tym fakcie mailowo \ud83d\ude42 [\/film_discover][\/vc_column][\/vc_row][vc_row full_width=&#8221;stretch_row_content_no_spaces_content&#8221;][vc_column][vc_empty_space][vc_column_text] [\/vc_column_text][\/vc_column][vc_column][\/vc_column][\/vc_row]<\/p>\n","protected":false},"author":1,"featured_media":5788,"parent":4687,"menu_order":0,"comment_status":"closed","ping_status":"closed","template":"template-nonesidebar.php","meta":[],"yoast_head":"<!-- This site is optimized with the Yoast SEO plugin v15.2.1 - https:\/\/yoast.com\/wordpress\/plugins\/seo\/ -->\n<title>NAGRODY PUBLICZNO\u015aCI - Splat!FilmFest<\/title>\n<meta name=\"robots\" content=\"index, follow, max-snippet:-1, max-image-preview:large, max-video-preview:-1\" \/>\n<link rel=\"canonical\" href=\"https:\/\/www.archive.splatfilmfest.com\/index.php\/program-2017\/konkurs\/\" \/>\n<meta property=\"og:locale\" content=\"pl_PL\" \/>\n<meta property=\"og:type\" content=\"article\" \/>\n<meta property=\"og:title\" content=\"[:pl]NAGRODY PUBLICZNO\u015aCI[:en]AUDIENCE AWARDS[:] - Splat!FilmFest\" \/>\n<meta property=\"og:description\" content=\"[vc_row][vc_column][vc_column_text][\/vc_column_text][\/vc_column][\/vc_row][vc_row][vc_column][film_discover style_discover=&#8221;3&#8243; small_title=&#8221;NAGRODY PUBLICZNO\u015aCI&#8221;][\/film_discover][vc_empty_space][film_discover style_discover=&#8221;3&#8243; image=&#8221;5793&#8243;]\u00a0 Nagrody Publiczno\u015bci Splat!FilmFest 3 otrzymuj\u0105: najstraszniejszy film: A DARK SONG najbardziej szokuj\u0105cy film: KUSO najlepsze efekty specjalne: KUSO najlepszy film: HOUNDS OF LOVE najlepszy scenariusz: MIDNIGHTERS najlepsza re\u017cyseria: HOUNDS OF LOVE GRATULUJEMY!!! Widz\u00f3w, kt\u00f3rzy wzi\u0119li udzia\u0142 w g\u0142osowaniu i wygrali nagrody, poinformujemy o tym fakcie mailowo \ud83d\ude42 [\/film_discover][\/vc_column][\/vc_row][vc_row full_width=&#8221;stretch_row_content_no_spaces_content&#8221;][vc_column][vc_empty_space][vc_column_text] [\/vc_column_text][\/vc_column][vc_column][\/vc_column][\/vc_row]\" \/>\n<meta property=\"og:url\" content=\"https:\/\/www.archive.splatfilmfest.com\/index.php\/program-2017\/konkurs\/\" \/>\n<meta property=\"og:site_name\" content=\"Splat!FilmFest\" \/>\n<meta property=\"article:publisher\" content=\"https:\/\/www.facebook.com\/splatfilmfest\" \/>\n<meta property=\"article:modified_time\" content=\"2018-07-10T14:15:17+00:00\" \/>\n<meta property=\"og:image\" content=\"https:\/\/www.archive.splatfilmfest.com\/wp-content\/uploads\/2017\/08\/Zrzut-ekranu-2017-09-21-o-15.06.07.png\" \/>\n\t<meta property=\"og:image:width\" content=\"1395\" \/>\n\t<meta property=\"og:image:height\" content=\"1395\" \/>\n<meta name=\"twitter:card\" content=\"summary_large_image\" \/>\n<meta name=\"twitter:creator\" content=\"@SplatFilmFest\" \/>\n<meta name=\"twitter:site\" content=\"@SplatFilmFest\" \/>\n<meta name=\"twitter:label1\" content=\"Written by\">\n\t<meta name=\"twitter:data1\" content=\"admin\">\n\t<meta name=\"twitter:label2\" content=\"Est. reading time\">\n\t<meta name=\"twitter:data2\" content=\"1 minuta\">\n<script type=\"application\/ld+json\" class=\"yoast-schema-graph\">{\"@context\":\"https:\/\/schema.org\",\"@graph\":[{\"@type\":\"WebSite\",\"@id\":\"https:\/\/www.archive.splatfilmfest.com\/#website\",\"url\":\"https:\/\/www.archive.splatfilmfest.com\/\",\"name\":\"Splat!FilmFest\",\"description\":\"\",\"potentialAction\":[{\"@type\":\"SearchAction\",\"target\":\"https:\/\/www.archive.splatfilmfest.com\/?s={search_term_string}\",\"query-input\":\"required name=search_term_string\"}],\"inLanguage\":\"pl-PL\"},{\"@type\":\"ImageObject\",\"@id\":\"https:\/\/www.archive.splatfilmfest.com\/index.php\/program-2017\/konkurs\/#primaryimage\",\"inLanguage\":\"pl-PL\",\"url\":\"https:\/\/www.archive.splatfilmfest.com\/wp-content\/uploads\/2017\/08\/Zrzut-ekranu-2017-09-21-o-15.06.07.png\",\"width\":1395,\"height\":1395},{\"@type\":\"WebPage\",\"@id\":\"https:\/\/www.archive.splatfilmfest.com\/index.php\/program-2017\/konkurs\/#webpage\",\"url\":\"https:\/\/www.archive.splatfilmfest.com\/index.php\/program-2017\/konkurs\/\",\"name\":\"[:pl]NAGRODY PUBLICZNO\\u015aCI[:en]AUDIENCE AWARDS[:] - Splat!FilmFest\",\"isPartOf\":{\"@id\":\"https:\/\/www.archive.splatfilmfest.com\/#website\"},\"primaryImageOfPage\":{\"@id\":\"https:\/\/www.archive.splatfilmfest.com\/index.php\/program-2017\/konkurs\/#primaryimage\"},\"datePublished\":\"2017-08-27T20:50:38+00:00\",\"dateModified\":\"2018-07-10T14:15:17+00:00\",\"inLanguage\":\"pl-PL\",\"potentialAction\":[{\"@type\":\"ReadAction\",\"target\":[\"https:\/\/www.archive.splatfilmfest.com\/index.php\/program-2017\/konkurs\/\"]}]}]}<\/script>\n<!-- \/ Yoast SEO plugin. -->","_links":{"self":[{"href":"https:\/\/www.archive.splatfilmfest.com\/index.php\/wp-json\/wp\/v2\/pages\/5545"}],"collection":[{"href":"https:\/\/www.archive.splatfilmfest.com\/index.php\/wp-json\/wp\/v2\/pages"}],"about":[{"href":"https:\/\/www.archive.splatfilmfest.com\/index.php\/wp-json\/wp\/v2\/types\/page"}],"author":[{"embeddable":true,"href":"https:\/\/www.archive.splatfilmfest.com\/index.php\/wp-json\/wp\/v2\/users\/1"}],"replies":[{"embeddable":true,"href":"https:\/\/www.archive.splatfilmfest.com\/index.php\/wp-json\/wp\/v2\/comments?post=5545"}],"version-history":[{"count":39,"href":"https:\/\/www.archive.splatfilmfest.com\/index.php\/wp-json\/wp\/v2\/pages\/5545\/revisions"}],"predecessor-version":[{"id":6243,"href":"https:\/\/www.archive.splatfilmfest.com\/index.php\/wp-json\/wp\/v2\/pages\/5545\/revisions\/6243"}],"up":[{"embeddable":true,"href":"https:\/\/www.archive.splatfilmfest.com\/index.php\/wp-json\/wp\/v2\/pages\/4687"}],"wp:featuredmedia":[{"embeddable":true,"href":"https:\/\/www.archive.splatfilmfest.com\/index.php\/wp-json\/wp\/v2\/media\/5788"}],"wp:attachment":[{"href":"https:\/\/www.archive.splatfilmfest.com\/index.php\/wp-json\/wp\/v2\/media?parent=5545"}],"curies":[{"name":"wp","href":"https:\/\/api.w.org\/{rel}","templated":true}]}}