{"id":5375,"date":"2017-08-23T10:40:40","date_gmt":"2017-08-23T08:40:40","guid":{"rendered":"http:\/\/www.archive.splatfilmfest.com\/?page_id=5375"},"modified":"2022-10-16T17:04:04","modified_gmt":"2022-10-16T15:04:04","slug":"strasznie-smiesznie","status":"publish","type":"page","link":"https:\/\/www.archive.splatfilmfest.com\/index.php\/program-2017\/strasznie-smiesznie\/","title":{"rendered":"STRASZNIE \u015aMIESZNIE"},"content":{"rendered":"<p>[vc_row][vc_column][film_textblock text_small=&#8221;pe\u0142nometra\u017cowe&#8221; text_big=&#8221;STRASZNIE \u015aMIESZNIE&#8221;][\/vc_column][\/vc_row][vc_row][vc_column][vc_empty_space][film_video film_style=&#8221;1&#8243; film_list_id=&#8221;5372, 5237,5373,5374,5377&#8243;][\/vc_column][\/vc_row][vc_row][vc_column][\/vc_column][\/vc_row]<\/p>","protected":false},"excerpt":{"rendered":"<p>[vc_row][vc_column][film_textblock text_small=&#8221;pe\u0142nometra\u017cowe&#8221; text_big=&#8221;STRASZNIE \u015aMIESZNIE&#8221;][\/vc_column][\/vc_row][vc_row][vc_column][vc_empty_space][film_video film_style=&#8221;1&#8243; film_list_id=&#8221;5372, 5237,5373,5374,5377&#8243;][\/vc_column][\/vc_row][vc_row][vc_column][\/vc_column][\/vc_row]<\/p>\n","protected":false},"author":1,"featured_media":5016,"parent":4687,"menu_order":0,"comment_status":"closed","ping_status":"closed","template":"template-nonesidebar.php","meta":[],"yoast_head":"<!-- This site is optimized with the Yoast SEO plugin v15.2.1 - https:\/\/yoast.com\/wordpress\/plugins\/seo\/ -->\n<title>STRASZNIE \u015aMIESZNIE - Splat!FilmFest<\/title>\n<meta name=\"robots\" content=\"index, follow, max-snippet:-1, max-image-preview:large, max-video-preview:-1\" \/>\n<link rel=\"canonical\" href=\"https:\/\/www.archive.splatfilmfest.com\/index.php\/program-2017\/strasznie-smiesznie\/\" \/>\n<meta property=\"og:locale\" content=\"pl_PL\" \/>\n<meta property=\"og:type\" content=\"article\" \/>\n<meta property=\"og:title\" content=\"[:pl]STRASZNIE \u015aMIESZNIE[:en]HORRIBLY FUNNY[:] - Splat!FilmFest\" \/>\n<meta property=\"og:description\" content=\"[vc_row][vc_column][film_textblock text_small=&#8221;pe\u0142nometra\u017cowe&#8221; text_big=&#8221;STRASZNIE \u015aMIESZNIE&#8221;][\/vc_column][\/vc_row][vc_row][vc_column][vc_empty_space][film_video film_style=&#8221;1&#8243; film_list_id=&#8221;5372, 5237,5373,5374,5377&#8243;][\/vc_column][\/vc_row][vc_row][vc_column][\/vc_column][\/vc_row]\" \/>\n<meta property=\"og:url\" content=\"https:\/\/www.archive.splatfilmfest.com\/index.php\/program-2017\/strasznie-smiesznie\/\" \/>\n<meta property=\"og:site_name\" content=\"Splat!FilmFest\" \/>\n<meta property=\"article:publisher\" content=\"https:\/\/www.facebook.com\/splatfilmfest\" \/>\n<meta property=\"article:modified_time\" content=\"2022-10-16T15:04:04+00:00\" \/>\n<meta property=\"og:image\" content=\"https:\/\/www.archive.splatfilmfest.com\/wp-content\/uploads\/2017\/08\/DS-still-1.png\" \/>\n\t<meta property=\"og:image:width\" content=\"1190\" \/>\n\t<meta property=\"og:image:height\" content=\"795\" \/>\n<meta name=\"twitter:card\" content=\"summary_large_image\" \/>\n<meta name=\"twitter:creator\" content=\"@SplatFilmFest\" \/>\n<meta name=\"twitter:site\" content=\"@SplatFilmFest\" \/>\n<meta name=\"twitter:label1\" content=\"Written by\">\n\t<meta name=\"twitter:data1\" content=\"admin\">\n\t<meta name=\"twitter:label2\" content=\"Est. reading time\">\n\t<meta name=\"twitter:data2\" content=\"0 minut\">\n<script type=\"application\/ld+json\" class=\"yoast-schema-graph\">{\"@context\":\"https:\/\/schema.org\",\"@graph\":[{\"@type\":\"WebSite\",\"@id\":\"https:\/\/www.archive.splatfilmfest.com\/#website\",\"url\":\"https:\/\/www.archive.splatfilmfest.com\/\",\"name\":\"Splat!FilmFest\",\"description\":\"\",\"potentialAction\":[{\"@type\":\"SearchAction\",\"target\":\"https:\/\/www.archive.splatfilmfest.com\/?s={search_term_string}\",\"query-input\":\"required name=search_term_string\"}],\"inLanguage\":\"pl-PL\"},{\"@type\":\"ImageObject\",\"@id\":\"https:\/\/www.archive.splatfilmfest.com\/index.php\/program-2017\/strasznie-smiesznie\/#primaryimage\",\"inLanguage\":\"pl-PL\",\"url\":\"https:\/\/www.archive.splatfilmfest.com\/wp-content\/uploads\/2017\/08\/DS-still-1.png\",\"width\":1190,\"height\":795},{\"@type\":\"WebPage\",\"@id\":\"https:\/\/www.archive.splatfilmfest.com\/index.php\/program-2017\/strasznie-smiesznie\/#webpage\",\"url\":\"https:\/\/www.archive.splatfilmfest.com\/index.php\/program-2017\/strasznie-smiesznie\/\",\"name\":\"[:pl]STRASZNIE \\u015aMIESZNIE[:en]HORRIBLY FUNNY[:] - Splat!FilmFest\",\"isPartOf\":{\"@id\":\"https:\/\/www.archive.splatfilmfest.com\/#website\"},\"primaryImageOfPage\":{\"@id\":\"https:\/\/www.archive.splatfilmfest.com\/index.php\/program-2017\/strasznie-smiesznie\/#primaryimage\"},\"datePublished\":\"2017-08-23T08:40:40+00:00\",\"dateModified\":\"2022-10-16T15:04:04+00:00\",\"inLanguage\":\"pl-PL\",\"potentialAction\":[{\"@type\":\"ReadAction\",\"target\":[\"https:\/\/www.archive.splatfilmfest.com\/index.php\/program-2017\/strasznie-smiesznie\/\"]}]}]}<\/script>\n<!-- \/ Yoast SEO plugin. -->","_links":{"self":[{"href":"https:\/\/www.archive.splatfilmfest.com\/index.php\/wp-json\/wp\/v2\/pages\/5375"}],"collection":[{"href":"https:\/\/www.archive.splatfilmfest.com\/index.php\/wp-json\/wp\/v2\/pages"}],"about":[{"href":"https:\/\/www.archive.splatfilmfest.com\/index.php\/wp-json\/wp\/v2\/types\/page"}],"author":[{"embeddable":true,"href":"https:\/\/www.archive.splatfilmfest.com\/index.php\/wp-json\/wp\/v2\/users\/1"}],"replies":[{"embeddable":true,"href":"https:\/\/www.archive.splatfilmfest.com\/index.php\/wp-json\/wp\/v2\/comments?post=5375"}],"version-history":[{"count":8,"href":"https:\/\/www.archive.splatfilmfest.com\/index.php\/wp-json\/wp\/v2\/pages\/5375\/revisions"}],"predecessor-version":[{"id":5718,"href":"https:\/\/www.archive.splatfilmfest.com\/index.php\/wp-json\/wp\/v2\/pages\/5375\/revisions\/5718"}],"up":[{"embeddable":true,"href":"https:\/\/www.archive.splatfilmfest.com\/index.php\/wp-json\/wp\/v2\/pages\/4687"}],"wp:featuredmedia":[{"embeddable":true,"href":"https:\/\/www.archive.splatfilmfest.com\/index.php\/wp-json\/wp\/v2\/media\/5016"}],"wp:attachment":[{"href":"https:\/\/www.archive.splatfilmfest.com\/index.php\/wp-json\/wp\/v2\/media?parent=5375"}],"curies":[{"name":"wp","href":"https:\/\/api.w.org\/{rel}","templated":true}]}}