{"id":4687,"date":"2017-08-07T10:54:36","date_gmt":"2017-08-07T08:54:36","guid":{"rendered":"http:\/\/www.archive.splatfilmfest.com\/?page_id=4687"},"modified":"2017-09-22T20:11:31","modified_gmt":"2017-09-22T18:11:31","slug":"program-2017","status":"publish","type":"page","link":"https:\/\/www.archive.splatfilmfest.com\/index.php\/program-2017\/","title":{"rendered":"PROGRAM 2017"},"content":{"rendered":"<p><span style=\"color: #000000;\">[vc_row][vc_column][\/vc_column][\/vc_row][vc_row][vc_column][\/vc_column][\/vc_row][vc_row][vc_column][\/vc_column][\/vc_row][vc_row][vc_column][vc_column_text css=&#8221;.vc_custom_1503914167669{background-color: #dd5454 !important;}&#8221;]<\/span><\/p>\n<blockquote>\n<h3 style=\"padding-left: 390px;\"><span style=\"color: #000000;\">HARMONOGRAM Splat!FilmFest 3<\/span><br \/>\n<span style=\"color: #000000;\">15 &#8211; 24 wrze\u015bnia 2017<\/span><\/h3>\n<p style=\"padding-left: 390px;\"><strong><span style=\"color: #000000;\">pobierz: <a style=\"color: #000000;\" href=\"http:\/\/www.archive.splatfilmfest.com\/wp-content\/uploads\/2017\/08\/KATALOG-SplatFilmFest-3.pdf\" target=\"_blank\">KATALOG <\/a>\/ <a style=\"color: #000000;\" href=\"http:\/\/www.archive.splatfilmfest.com\/wp-content\/uploads\/2017\/08\/Harmonogram-SplatFilmFest.pdf\" target=\"_blank\">harmonogram<\/a><br \/>\n<\/span><\/strong><\/p>\n<p style=\"padding-left: 390px;\"><span style=\"color: #000000;\">15.09 \/ PI\u0104TEK \/<\/span><br \/>\n<span style=\"color: #000000;\"> godz. 19: 00 &#8211; (OTWARCIE FESTIWALU) <a style=\"color: #000000;\" href=\"http:\/\/www.archive.splatfilmfest.com\/index.php\/film\/hounds-of-love\/\" target=\"_blank\">Hounds of love <\/a><\/span><br \/>\n<span style=\"color: #000000;\"> godz. 22:00 &#8211; <a style=\"color: #000000;\" href=\"http:\/\/www.archive.splatfilmfest.com\/index.php\/film\/4851\/\" target=\"_blank\">Killing Ground <\/a>\u00a0<\/span><br \/>\n<span style=\"color: #000000;\"> godz. 00:00 &#8211; <a style=\"color: #000000;\" href=\"http:\/\/www.archive.splatfilmfest.com\/index.php\/film\/68-kill\/\" target=\"_blank\">68 Kill <\/a><\/span><\/p>\n<p style=\"padding-left: 390px;\"><span style=\"color: #000000;\">16.09 \/ SOBOTA \/<\/span><br \/>\n<span style=\"color: #000000;\"> godz. 12:00 &#8211; <a style=\"color: #000000;\" href=\"http:\/\/www.archive.splatfilmfest.com\/index.php\/film\/apetyt-na-zwariowane-sny\/\" target=\"_blank\">Apetyt na zwariowane sny. Kasety VHS w Polsce okresu transformacji &#8211; WYK\u0141AD *<\/a><\/span><br \/>\n<span style=\"color: #000000;\"> godz. 13:30 &#8211; <a style=\"color: #000000;\" href=\"http:\/\/www.archive.splatfilmfest.com\/index.php\/film\/opetanie\/\" target=\"_blank\">Op\u0119tanie<\/a> \u00a0<\/span><br \/>\n<span style=\"color: #000000;\"> godz. 15:35 &#8211; <a style=\"color: #000000;\" href=\"http:\/\/www.archive.splatfilmfest.com\/index.php\/film\/xawery-zulawski\/\" target=\"_blank\">Spotkanie z Xawerym \u017bu\u0142awskim <\/a><\/span><br \/>\n<span style=\"color: #000000;\"> godz. 17:15 &#8211; <a style=\"color: #000000;\" href=\"http:\/\/www.archive.splatfilmfest.com\/index.php\/film\/mayhem\/\" target=\"_blank\">Mayhem<\/a> \u00a0<\/span><br \/>\n<span style=\"color: #000000;\"> godz. 19:30 &#8211; <a style=\"color: #000000;\" href=\"http:\/\/www.archive.splatfilmfest.com\/index.php\/film\/maus\/\" target=\"_blank\">Maus<\/a> \u00a0<\/span><br \/>\n<span style=\"color: #000000;\"> godz. 21:40 &#8211; <a style=\"color: #000000;\" href=\"http:\/\/www.archive.splatfilmfest.com\/index.php\/film\/show-yourself\/\" target=\"_blank\">Show yourself <\/a>\u00a0<\/span><br \/>\n<span style=\"color: #000000;\"> godz. 23:30 &#8211; <a style=\"color: #000000;\" href=\"http:\/\/www.archive.splatfilmfest.com\/index.php\/film\/whos-watching-oliver\/\" target=\"_blank\">Who&#8217;s watching Oliver <\/a><\/span><\/p>\n<p style=\"padding-left: 390px;\"><span style=\"color: #000000;\">17.09 \/ NIEDZIELA \/ <\/span><br \/>\n<span style=\"color: #000000;\"> godz. 14:00 &#8211; <a style=\"color: #000000;\" href=\"http:\/\/www.archive.splatfilmfest.com\/index.php\/film\/akademia-pana-kleksa\/\" target=\"_blank\">Akademia Pana Kleksa cz.1 \u2013 film dla dzieci *<\/a><\/span><br \/>\n<span style=\"color: #000000;\"> godz. 16:40 &#8211; <a style=\"color: #000000;\" href=\"http:\/\/www.archive.splatfilmfest.com\/index.php\/film\/skins\/\" target=\"_blank\">Skins <\/a><\/span><br \/>\n<span style=\"color: #000000;\"> godz. 18:40 &#8211; <a style=\"color: #000000;\" href=\"http:\/\/www.archive.splatfilmfest.com\/index.php\/film\/the-night-watchmen\/\" target=\"_blank\">The Night Watchmen<\/a><\/span><br \/>\n<span style=\"color: #000000;\"> godz. 20:40 &#8211; <a style=\"color: #000000;\" href=\"http:\/\/www.archive.splatfilmfest.com\/index.php\/film\/tragedy-girls\/\" target=\"_blank\">Tragedy girls <\/a><\/span><br \/>\n<span style=\"color: #000000;\"> godz. 23:00 &#8211; <a style=\"color: #000000;\" href=\"http:\/\/www.archive.splatfilmfest.com\/index.php\/film\/trzecia-czesc-nocy\/\" target=\"_blank\">Trzecia cz\u0119\u015b\u0107 nocy <\/a><\/span><\/p>\n<p style=\"padding-left: 390px;\"><span style=\"color: #000000;\">18.09 \/ PONIEDZIA\u0141EK\/ <\/span><br \/>\n<span style=\"color: #000000;\"> godz. 17:15 &#8211; <a style=\"color: #000000;\" href=\"http:\/\/www.archive.splatfilmfest.com\/index.php\/film\/killerki\/\" target=\"_blank\">Od killerki do fighterki &#8211; wizerunek kobiet w kinie grozy. WYK\u0141AD *<\/a><\/span><br \/>\n<span style=\"color: #000000;\"> godz. 19:00 &#8211; <a style=\"color: #000000;\" href=\"http:\/\/www.archive.splatfilmfest.com\/index.php\/film\/midnighters\/\" target=\"_blank\">Midnighters <\/a><\/span><br \/>\n<span style=\"color: #000000;\"> godz. 20:35 &#8211; <a style=\"color: #000000;\" href=\"http:\/\/www.archive.splatfilmfest.com\/index.php\/film\/julius-ramsay\/\" target=\"_blank\">Spotkanie z re\u017cyserem Juliusem Ramsay\u2019em<\/a><\/span><br \/>\n<span style=\"color: #000000;\"> godz. 22:20 &#8211; <a style=\"color: #000000;\" href=\"http:\/\/www.archive.splatfilmfest.com\/index.php\/film\/another-evil\/\" target=\"_blank\">Another Evil <\/a><\/span><\/p>\n<p style=\"padding-left: 390px;\"><span style=\"color: #000000;\">19.09\u00a0 \/ WTOREK \/<\/span><br \/>\n<span style=\"color: #000000;\"> godz. 17:00 &#8211; <a style=\"color: #000000;\" href=\"http:\/\/www.archive.splatfilmfest.com\/index.php\/film\/strach-ma-smieszne-oczy-motyw-klauna-w-horrorze\/\" target=\"_blank\">Strach ma \u015bmieszne oczy &#8211; motyw klauna w horrorze. WYK\u0141AD *<\/a><\/span><br \/>\n<span style=\"color: #000000;\"> godz. 18:40 &#8211; <a style=\"color: #000000;\" href=\"http:\/\/www.archive.splatfilmfest.com\/index.php\/film\/68-kill\/\" target=\"_blank\">68 Kill <\/a><\/span><br \/>\n<span style=\"color: #000000;\"> godz. 20:55 &#8211; <a style=\"color: #000000;\" href=\"http:\/\/www.archive.splatfilmfest.com\/index.php\/film\/to\/\" target=\"_blank\">To *<\/a><\/span><\/p>\n<p style=\"padding-left: 390px;\"><span style=\"color: #000000;\">20.09 \/ \u015aRODA \/<\/span><br \/>\n<span style=\"color: #000000;\"> godz. 15:00 &#8211; <a style=\"color: #000000;\" href=\"http:\/\/www.archive.splatfilmfest.com\/index.php\/program-2017\/shorts\/\" target=\"_blank\">Shorts *<\/a><\/span><br \/>\n<span style=\"color: #000000;\"> godz. 17:15 &#8211; <a style=\"color: #000000;\" href=\"http:\/\/www.archive.splatfilmfest.com\/index.php\/film\/wes-craven\/\" target=\"_blank\">Oniryzm i komizm w horrorach Wesa Cravena. WYK\u0141AD *<\/a><\/span><br \/>\n<span style=\"color: #000000;\"> godz. 19:00 &#8211; <a style=\"color: #000000;\" href=\"http:\/\/www.archive.splatfilmfest.com\/index.php\/film\/4851\/\" target=\"_blank\">Killing Ground<\/a><\/span><br \/>\n<span style=\"color: #000000;\"> godz. 21:15 &#8211; <a style=\"color: #000000;\" href=\"http:\/\/www.archive.splatfilmfest.com\/index.php\/film\/koszmar-z-ulicy-wiazow\/\" target=\"_blank\">Koszmar z ulicy Wi\u0105z\u00f3w *<\/a><\/span><\/p>\n<p style=\"padding-left: 390px;\"><span style=\"color: #000000;\">21.09 \/ CZWARTEK \/<\/span><br \/>\n<span style=\"color: #000000;\"> godz. 16:00 &#8211; <a style=\"color: #000000;\" href=\"http:\/\/www.archive.splatfilmfest.com\/index.php\/film\/spotkanie-ze-stefanem-darda\/\" target=\"_blank\">Spotkanie ze Stefanem Dard\u0105 *<\/a><\/span><br \/>\n<span style=\"color: #000000;\"> godz. 17:30 &#8211; <a style=\"color: #000000;\" href=\"http:\/\/www.archive.splatfilmfest.com\/index.php\/film\/happy-hunting\/\" target=\"_blank\">Happy hunting <\/a><\/span><br \/>\n<span style=\"color: #000000;\"> godz. 19:40 &#8211; <a style=\"color: #000000;\" href=\"http:\/\/www.archive.splatfilmfest.com\/index.php\/film\/film-niespodzianka\/\" target=\"_blank\">Seans niespodzianka *<\/a><\/span><br \/>\n<span style=\"color: #000000;\"> godz. 22:00 &#8211; <a style=\"color: #000000;\" href=\"http:\/\/www.archive.splatfilmfest.com\/index.php\/film\/after-party\/\" target=\"_blank\">After party z muzyk\u0105 synthwave (Dom Kultury, Krakowskie Przedmie\u015bcie 19) *<\/a><\/span><\/p>\n<p style=\"padding-left: 390px;\"><span style=\"color: #000000;\">22.09 \/ PI\u0104TEK \/<\/span><br \/>\n<span style=\"color: #000000;\"> godz. 17:00 &#8211; <a style=\"color: #000000;\" href=\"http:\/\/www.archive.splatfilmfest.com\/index.php\/film\/skins\/\" target=\"_blank\">Skins <\/a><\/span><br \/>\n<span style=\"color: #000000;\"> godz. 19:00 &#8211; <a style=\"color: #000000;\" href=\"http:\/\/www.archive.splatfilmfest.com\/index.php\/film\/dead-shack\/\" target=\"_blank\">Dead Shack <\/a><\/span><br \/>\n<span style=\"color: #000000;\"> godz. 21:15 &#8211; <a style=\"color: #000000;\" href=\"http:\/\/www.archive.splatfilmfest.com\/index.php\/film\/maus\/\" target=\"_blank\">Maus <\/a><\/span><br \/>\n<span style=\"color: #000000;\"> godz. 23:30 &#8211; <a style=\"color: #000000;\" href=\"http:\/\/www.archive.splatfilmfest.com\/index.php\/film\/4851\/\" target=\"_blank\">Killing Ground <\/a><\/span><\/p>\n<p style=\"padding-left: 390px;\"><span style=\"color: #000000;\">godz. 16:00 &#8211; 23:30 &#8211; <a style=\"color: #000000;\" href=\"http:\/\/www.okultura.pl\/\" target=\"_blank\">stoisko Wydawnictwa Okultura<\/a><\/span><\/p>\n<p style=\"padding-left: 390px;\"><span style=\"color: #000000;\">23.09 \/ SOBOTA \/<\/span><br \/>\n<span style=\"color: #000000;\"> godz. 13:00 &#8211; <a style=\"color: #000000;\" href=\"http:\/\/www.archive.splatfilmfest.com\/index.php\/film\/are-we-not-cats\/\" target=\"_blank\">Are We not Cats <\/a><\/span><br \/>\n<span style=\"color: #000000;\"> godz. 15:00 &#8211;\u00a0 <a style=\"color: #000000;\" href=\"http:\/\/www.archive.splatfilmfest.com\/index.php\/film\/68-kill\/\" target=\"_blank\">68 Kill<\/a> \u00a0<\/span><br \/>\n<span style=\"color: #000000;\"> godz. 17:15 &#8211; <a style=\"color: #000000;\" href=\"http:\/\/www.archive.splatfilmfest.com\/index.php\/film\/m-f-a\/\" target=\"_blank\">M.F.A <\/a>\u00a0<\/span><br \/>\n<span style=\"color: #000000;\"> godz. 19:30 &#8211; <a style=\"color: #000000;\" href=\"http:\/\/www.archive.splatfilmfest.com\/index.php\/film\/kuso\/\" target=\"_blank\">Kuso<\/a><\/span><br \/>\n<span style=\"color: #000000;\"> godz. 22:15 &#8211; <a style=\"color: #000000;\" href=\"http:\/\/www.archive.splatfilmfest.com\/index.php\/film\/a-dark-song\/\" target=\"_blank\">A Dark Song<\/a> \u00a0<\/span><br \/>\n<span style=\"color: #000000;\"> godz. 00:15 &#8211;<a style=\"color: #000000;\" href=\"http:\/\/www.archive.splatfilmfest.com\/index.php\/film\/the-evil-within\/\" target=\"_blank\"> The Evil Within<\/a> \u00a0<\/span><\/p>\n<p style=\"padding-left: 390px;\"><span style=\"color: #000000;\">godz. 16:00 &#8211; 00:00 &#8211; <a style=\"color: #000000;\" href=\"http:\/\/www.okultura.pl\/\" target=\"_blank\">stoisko Wydawnictwa Okultura<\/a><\/span><\/p>\n<p style=\"padding-left: 390px;\"><span style=\"color: #000000;\">24.09 \/ NIEDZIELA \/ <\/span><br \/>\n<span style=\"color: #000000;\"> godz. 13:00 &#8211; <a style=\"color: #000000;\" href=\"http:\/\/www.archive.splatfilmfest.com\/index.php\/film\/akademia-pana-kleksa\/\" target=\"_blank\">Akademia Pana Kleksa cz. 2 &#8211; film dla dzieci *<\/a><\/span><br \/>\n<span style=\"color: #000000;\"> godz. 15:30 &#8211; <a style=\"color: #000000;\" href=\"http:\/\/www.archive.splatfilmfest.com\/index.php\/film\/orazios-clan\/\" target=\"_blank\">Orazio&#8217;s Clan *<\/a><\/span><br \/>\n<span style=\"color: #000000;\"> godz. 17:00 &#8211; <a style=\"color: #000000;\" href=\"http:\/\/www.archive.splatfilmfest.com\/index.php\/film\/na-srebrnym-globie\/\" target=\"_blank\">Na srebrnym globie <\/a><\/span><br \/>\n<span style=\"color: #000000;\"> godz. 20:30 &#8211; <a style=\"color: #000000;\" href=\"http:\/\/www.archive.splatfilmfest.com\/index.php\/film\/straceni-chlopcy\/\" target=\"_blank\">Lost Boys *<\/a><\/span><\/p>\n<\/blockquote>\n<p style=\"padding-left: 420px;\"><span style=\"color: #000000;\">* WST\u0118P BEZP\u0141ATNY NA WYDARZENIA OZNACZONE GWIAZDK\u0104<\/span><\/p>\n<p><span style=\"color: #000000;\">[\/vc_column_text][\/vc_column][\/vc_row]<\/span><\/p>","protected":false},"excerpt":{"rendered":"<p>[vc_row][vc_column][\/vc_column][\/vc_row][vc_row][vc_column][\/vc_column][\/vc_row][vc_row][vc_column][\/vc_column][\/vc_row][vc_row][vc_column][vc_column_text css=&#8221;.vc_custom_1503914167669{background-color: #dd5454 !important;}&#8221;] HARMONOGRAM Splat!FilmFest 3 15 &#8211; 24 wrze\u015bnia 2017 pobierz: KATALOG \/ harmonogram 15.09 \/ PI\u0104TEK \/ godz. 19: 00 &#8211; (OTWARCIE FESTIWALU) Hounds of love godz. 22:00 &#8211; Killing Ground \u00a0 godz. 00:00 &#8211; 68 Kill 16.09 \/ SOBOTA \/ godz. 12:00 &#8211; Apetyt na zwariowane sny. Kasety VHS w Polsce okresu transformacji &#8211; WYK\u0141AD * godz. 13:30 &#8211; Op\u0119tanie \u00a0 godz. 15:35 &#8211; Spotkanie z Xawerym \u017bu\u0142awskim godz. 17:15 &#8211; Mayhem \u00a0 godz. 19:30 &#8211; Maus \u00a0 godz. 21:40 &#8211; Show yourself \u00a0 godz. 23:30 &#8211; Who&#8217;s watching Oliver 17.09 \/ NIEDZIELA \/ godz. 14:00 &#8211; Akademia Pana Kleksa cz.1 \u2013 film dla dzieci * [&hellip;]<\/p>\n","protected":false},"author":1,"featured_media":0,"parent":0,"menu_order":0,"comment_status":"closed","ping_status":"closed","template":"template-nonesidebar.php","meta":[],"yoast_head":"<!-- This site is optimized with the Yoast SEO plugin v15.2.1 - https:\/\/yoast.com\/wordpress\/plugins\/seo\/ -->\n<title>PROGRAM 2017 - Splat!FilmFest<\/title>\n<meta name=\"robots\" content=\"index, follow, max-snippet:-1, max-image-preview:large, max-video-preview:-1\" \/>\n<link rel=\"canonical\" href=\"https:\/\/www.archive.splatfilmfest.com\/index.php\/program-2017\/\" \/>\n<meta property=\"og:locale\" content=\"pl_PL\" \/>\n<meta property=\"og:type\" content=\"article\" \/>\n<meta property=\"og:title\" content=\"PROGRAM 2017 - Splat!FilmFest\" \/>\n<meta property=\"og:description\" content=\"[vc_row][vc_column][\/vc_column][\/vc_row][vc_row][vc_column][\/vc_column][\/vc_row][vc_row][vc_column][\/vc_column][\/vc_row][vc_row][vc_column][vc_column_text css=&#8221;.vc_custom_1503914167669{background-color: #dd5454 !important;}&#8221;] HARMONOGRAM Splat!FilmFest 3 15 &#8211; 24 wrze\u015bnia 2017 pobierz: KATALOG \/ harmonogram 15.09 \/ PI\u0104TEK \/ godz. 19: 00 &#8211; (OTWARCIE FESTIWALU) Hounds of love godz. 22:00 &#8211; Killing Ground \u00a0 godz. 00:00 &#8211; 68 Kill 16.09 \/ SOBOTA \/ godz. 12:00 &#8211; Apetyt na zwariowane sny. Kasety VHS w Polsce okresu transformacji &#8211; WYK\u0141AD * godz. 13:30 &#8211; Op\u0119tanie \u00a0 godz. 15:35 &#8211; Spotkanie z Xawerym \u017bu\u0142awskim godz. 17:15 &#8211; Mayhem \u00a0 godz. 19:30 &#8211; Maus \u00a0 godz. 21:40 &#8211; Show yourself \u00a0 godz. 23:30 &#8211; Who&#8217;s watching Oliver 17.09 \/ NIEDZIELA \/ godz. 14:00 &#8211; Akademia Pana Kleksa cz.1 \u2013 film dla dzieci * [&hellip;]\" \/>\n<meta property=\"og:url\" content=\"https:\/\/www.archive.splatfilmfest.com\/index.php\/program-2017\/\" \/>\n<meta property=\"og:site_name\" content=\"Splat!FilmFest\" \/>\n<meta property=\"article:publisher\" content=\"https:\/\/www.facebook.com\/splatfilmfest\" \/>\n<meta property=\"article:modified_time\" content=\"2017-09-22T18:11:31+00:00\" \/>\n<meta name=\"twitter:card\" content=\"summary_large_image\" \/>\n<meta name=\"twitter:creator\" content=\"@SplatFilmFest\" \/>\n<meta name=\"twitter:site\" content=\"@SplatFilmFest\" \/>\n<meta name=\"twitter:label1\" content=\"Written by\">\n\t<meta name=\"twitter:data1\" content=\"admin\">\n\t<meta name=\"twitter:label2\" content=\"Est. reading time\">\n\t<meta name=\"twitter:data2\" content=\"3 minuty\">\n<script type=\"application\/ld+json\" class=\"yoast-schema-graph\">{\"@context\":\"https:\/\/schema.org\",\"@graph\":[{\"@type\":\"WebSite\",\"@id\":\"https:\/\/www.archive.splatfilmfest.com\/#website\",\"url\":\"https:\/\/www.archive.splatfilmfest.com\/\",\"name\":\"Splat!FilmFest\",\"description\":\"\",\"potentialAction\":[{\"@type\":\"SearchAction\",\"target\":\"https:\/\/www.archive.splatfilmfest.com\/?s={search_term_string}\",\"query-input\":\"required name=search_term_string\"}],\"inLanguage\":\"pl-PL\"},{\"@type\":\"WebPage\",\"@id\":\"https:\/\/www.archive.splatfilmfest.com\/index.php\/program-2017\/#webpage\",\"url\":\"https:\/\/www.archive.splatfilmfest.com\/index.php\/program-2017\/\",\"name\":\"PROGRAM 2017 - Splat!FilmFest\",\"isPartOf\":{\"@id\":\"https:\/\/www.archive.splatfilmfest.com\/#website\"},\"datePublished\":\"2017-08-07T08:54:36+00:00\",\"dateModified\":\"2017-09-22T18:11:31+00:00\",\"inLanguage\":\"pl-PL\",\"potentialAction\":[{\"@type\":\"ReadAction\",\"target\":[\"https:\/\/www.archive.splatfilmfest.com\/index.php\/program-2017\/\"]}]}]}<\/script>\n<!-- \/ Yoast SEO plugin. -->","_links":{"self":[{"href":"https:\/\/www.archive.splatfilmfest.com\/index.php\/wp-json\/wp\/v2\/pages\/4687"}],"collection":[{"href":"https:\/\/www.archive.splatfilmfest.com\/index.php\/wp-json\/wp\/v2\/pages"}],"about":[{"href":"https:\/\/www.archive.splatfilmfest.com\/index.php\/wp-json\/wp\/v2\/types\/page"}],"author":[{"embeddable":true,"href":"https:\/\/www.archive.splatfilmfest.com\/index.php\/wp-json\/wp\/v2\/users\/1"}],"replies":[{"embeddable":true,"href":"https:\/\/www.archive.splatfilmfest.com\/index.php\/wp-json\/wp\/v2\/comments?post=4687"}],"version-history":[{"count":38,"href":"https:\/\/www.archive.splatfilmfest.com\/index.php\/wp-json\/wp\/v2\/pages\/4687\/revisions"}],"predecessor-version":[{"id":5800,"href":"https:\/\/www.archive.splatfilmfest.com\/index.php\/wp-json\/wp\/v2\/pages\/4687\/revisions\/5800"}],"wp:attachment":[{"href":"https:\/\/www.archive.splatfilmfest.com\/index.php\/wp-json\/wp\/v2\/media?parent=4687"}],"curies":[{"name":"wp","href":"https:\/\/api.w.org\/{rel}","templated":true}]}}