{"id":324,"date":"2015-12-09T12:31:17","date_gmt":"2015-12-09T12:31:17","guid":{"rendered":"http:\/\/filmmaker.beautheme.com\/?page_id=324"},"modified":"2018-10-17T18:13:50","modified_gmt":"2018-10-17T16:13:50","slug":"program2016","status":"publish","type":"page","link":"https:\/\/www.archive.splatfilmfest.com\/index.php\/program2016\/","title":{"rendered":"Program 2016"},"content":{"rendered":"<p>[vc_row css=&#8221;.vc_custom_1471072507916{margin-bottom: 100px !important;}&#8221;][vc_column][film_textblock text_big=&#8221;PROGRAM FESTIWALU&#8221;][\/vc_column][\/vc_row][vc_row][vc_column][vc_column_text css=&#8221;.vc_custom_1473590632778{background-color: #ffffff !important;}&#8221;]<\/p>\n<h1 style=\"text-align: center;\"><span style=\"color: #000000;\">12-18 wrze\u015bnia 2016<\/span><br \/>\n<span style=\"color: #000000;\">(poniedzia\u0142ek &#8211; niedziela)<\/span><\/h1>\n<p style=\"text-align: center;\"><a href=\"http:\/\/www.archive.splatfilmfest.com\/wp-content\/uploads\/2015\/12\/harmonogram.pdf\" target=\"_blank\" rel=\"attachment wp-att-3914\">pobierz HARMONOGRAM<\/a><\/p>\n<p style=\"text-align: center;\"><a href=\"http:\/\/www.archive.splatfilmfest.com\/wp-content\/uploads\/2015\/12\/KATALOG-SplatFilmFest.pdf\" target=\"_blank\" rel=\"attachment wp-att-3914\">pobierz KATALOG<\/a><\/p>\n<p style=\"text-align: center;\"><img loading=\"lazy\" class=\"aligncenter wp-image-3584\" src=\"http:\/\/www.archive.splatfilmfest.com\/wp-content\/uploads\/2015\/12\/fbnv2_ww.jpg\" alt=\"fbnv2_ww\" width=\"456\" height=\"169\" srcset=\"https:\/\/www.archive.splatfilmfest.com\/wp-content\/uploads\/2015\/12\/fbnv2_ww.jpg 2364w, https:\/\/www.archive.splatfilmfest.com\/wp-content\/uploads\/2015\/12\/fbnv2_ww-768x284.jpg 768w\" sizes=\"(max-width: 456px) 100vw, 456px\" \/><\/p>\n<pre style=\"text-align: center;\">PONIEDZIA\u0141EK<\/pre>\n<h3 style=\"text-align: center;\"><span style=\"color: #000000;\"><a style=\"color: #000000;\" href=\"http:\/\/www.archive.splatfilmfest.com\/index.php\/film\/the-evil-that-man-do\/\" target=\"_blank\">The Evil That Men Do + <\/a><a style=\"color: #000000;\" href=\"http:\/\/www.archive.splatfilmfest.com\/index.php\/film\/ramon-termens\/\" target=\"_blank\"><strong>SPOTKANIE Z RE\u017bYSEREM<\/strong><\/a> 19:00 &#8211; 20:40 \/ <a href=\"https:\/\/theevilthatmeando.evenea.pl\/\" target=\"_blank\">wej\u015bci\u00f3wka<\/a><br \/>\n<\/span><\/h3>\n<h3 style=\"text-align: center;\"><span style=\"color: #000000;\"><a style=\"color: #000000; text-decoration: underline;\" href=\"http:\/\/www.archive.splatfilmfest.com\/index.php\/film\/obcy-8-pasazer-nostromo\/\" target=\"_blank\">Obcy \u2013 8. pasa\u017cer Nostromo<\/a> 21:30 &#8211; 23:30 \/ <a href=\"https:\/\/obcy.evenea.pl\/\" target=\"_blank\">wej\u015bci\u00f3wka<\/a><br \/>\n<\/span><\/h3>\n<pre class=\"p1\" style=\"text-align: center;\"><span style=\"color: #000000;\">WTOREK<\/span><\/pre>\n<h3 class=\"p1\" style=\"text-align: center;\"><span style=\"color: #000000;\"><a style=\"color: #000000;\" href=\"http:\/\/www.archive.splatfilmfest.com\/index.php\/film\/horror-w-perspektywie-anarchistycznej\/\" target=\"_blank\">WYK\u0141AD: Horror w perspektywie anarchistycznej<\/a> 17:30 &#8211; 18:30 \/ <a href=\"https:\/\/wyladhorror.evenea.pl\/\" target=\"_blank\">wej\u015bci\u00f3wka<\/a><br \/>\n<\/span><\/h3>\n<h3 class=\"p1\" style=\"text-align: center;\"><span style=\"color: #000000;\"><a style=\"color: #000000;\" href=\"http:\/\/www.archive.splatfilmfest.com\/index.php\/film\/scherzo-diabolico\/\" target=\"_blank\">Scherzo Diabolico<\/a> 19:00 &#8211; 20:40 \/ <a href=\"https:\/\/scherzodiabolico.evenea.pl\/\" target=\"_blank\">wej\u015bci\u00f3wka<\/a><br \/>\n<\/span><\/h3>\n<h3 class=\"p1\" style=\"text-align: center;\"><span style=\"color: #000000;\"><a style=\"color: #000000;\" href=\"http:\/\/www.archive.splatfilmfest.com\/index.php\/film\/invitation\/\" target=\"_blank\">Invitation<\/a> 21:15 &#8211; 22:55 \/ <a href=\"https:\/\/invitation.evenea.pl\/\" target=\"_blank\">wej\u015bci\u00f3wka<\/a><br \/>\n<\/span><\/h3>\n<pre class=\"p1\" style=\"text-align: center;\"><span style=\"color: #000000;\">\u015aRODA<\/span><\/pre>\n<h3 class=\"p1\" style=\"text-align: center;\"><span style=\"color: #000000;\"><a style=\"color: #000000;\" href=\"http:\/\/www.archive.splatfilmfest.com\/index.php\/film\/le-scaphandrier\/\" target=\"_blank\">Le Scaphandrier<\/a> 15:30 &#8211; 16:50 \/ <a href=\"https:\/\/lescaphandrier.evenea.pl\/\" target=\"_blank\">wej\u015bci\u00f3wka<\/a><br \/>\n<\/span><\/h3>\n<h3 class=\"p3\" style=\"text-align: center;\"><span style=\"color: #000000;\"><a style=\"color: #000000;\" href=\"http:\/\/www.archive.splatfilmfest.com\/index.php\/film\/strzelajac-smiechem-czyli-zjawisko-slasherow-w-odniesieniu-do-postmodernistycznego-kina-przemocy\/\" target=\"_blank\">WYK\u0141AD: Strzelaj\u0105c \u015bmiechem, czyli zjawisko slasher\u00f3w<\/a><span class=\"s1\"> 17:30 &#8211; 18:30 \/ <a href=\"https:\/\/wykladslashery.evenea.pl\/\" target=\"_blank\">wej\u015bci\u00f3wka<\/a><br \/>\n<\/span><\/span><\/h3>\n<h3 class=\"p1\" style=\"text-align: center;\"><span style=\"color: #000000;\"><a style=\"color: #000000;\" href=\"http:\/\/www.archive.splatfilmfest.com\/index.php\/film\/cat-sick-blues\/\" target=\"_blank\">Cat Sick Blues<\/a>\u00a0 19:00 &#8211; 20:45 \/ <a href=\"https:\/\/catsickblues.evenea.pl\/\" target=\"_blank\">wej\u015bci\u00f3wka<\/a><br \/>\n<\/span><\/h3>\n<h3 class=\"p1\" style=\"text-align: center;\"><span style=\"color: #000000;\"><a style=\"color: #000000;\" href=\"http:\/\/www.archive.splatfilmfest.com\/index.php\/film\/blood-punch\/\" target=\"_blank\">Blood Punch<\/a> 21:15 &#8211; 23:00 \/ <a href=\"https:\/\/bloodpunch.evenea.pl\/\" target=\"_blank\">wej\u015bci\u00f3wka<\/a><br \/>\n<\/span><\/h3>\n<pre class=\"p1\" style=\"text-align: center;\"><span style=\"color: #000000;\">CZWARTEK<\/span><\/pre>\n<h3 class=\"p1\" style=\"text-align: center;\"><span style=\"color: #000000;\"><a style=\"color: #000000;\" href=\"http:\/\/www.archive.splatfilmfest.com\/index.php\/film\/jaki-wplyw-na-widza-ma-percypowanie-brutalnych-obrazow-przemocy-kina-gore\/\" target=\"_blank\">WYK\u0141AD: Jaki wp\u0142yw na widza, maj\u0105 brutalne obrazy przemocy kina gore<\/a> 17:30 &#8211; 18:30 \/ <a href=\"https:\/\/wykladgore.evenea.pl\/\" target=\"_blank\">wej\u015bci\u00f3wka<\/a><br \/>\n<\/span><\/h3>\n<h3 class=\"p1\" style=\"text-align: center;\"><span style=\"color: #000000;\"><a style=\"color: #000000;\" href=\"http:\/\/www.archive.splatfilmfest.com\/index.php\/film\/landmine-goes-click\/\" target=\"_blank\">Landmine Goes Click<\/a> 19:00 &#8211; 20:50 \/ <a href=\"https:\/\/landminegoesclick.evenea.pl\/\" target=\"_blank\">wej\u015bci\u00f3wka<\/a><br \/>\n<\/span><\/h3>\n<h3 class=\"p1\" style=\"text-align: center;\"><span style=\"color: #000000;\"><a style=\"color: #000000;\" href=\"http:\/\/www.archive.splatfilmfest.com\/index.php\/film\/capture-kill-release\/\" target=\"_blank\">Capture Kill Release<\/a> 21:30 &#8211; 23:05 \/ <a href=\"https:\/\/capturekillrelease.evenea.pl\/\" target=\"_blank\">wej\u015bci\u00f3wka<\/a><br \/>\n<\/span><\/h3>\n<h3 class=\"p1\" style=\"text-align: center;\"><span style=\"color: #000000;\"><a style=\"color: #000000;\" href=\"http:\/\/www.archive.splatfilmfest.com\/index.php\/film\/wideodrom\/\" target=\"_blank\">Wideodrom<\/a> 23:35 &#8211; 01:05 \/ <a href=\"https:\/\/wideodrom.evenea.pl\/\" target=\"_blank\">wej\u015bci\u00f3wka<\/a><br \/>\n<\/span><\/h3>\n<pre class=\"p1\" style=\"text-align: center;\"><span style=\"color: #000000;\">PI\u0104TEK<\/span><\/pre>\n<h3 class=\"p1\" style=\"text-align: center;\"><span style=\"color: #000000;\">Strach si\u0119 ba\u0107 &#8211; blok film\u00f3w kr\u00f3tkometra\u017cowych 17:15 &#8211; 18:55 \/ <a href=\"https:\/\/strachsiebac.evenea.pl\/\" target=\"_blank\">wej\u015bci\u00f3wka<\/a><br \/>\n<\/span><\/h3>\n<h3 class=\"p1\" style=\"text-align: center;\"><span style=\"color: #000000;\"><a style=\"color: #000000;\" href=\"http:\/\/www.archive.splatfilmfest.com\/index.php\/film\/sensoria\/\" target=\"_blank\">Sensoria <\/a><a href=\"http:\/\/www.archive.splatfilmfest.com\/index.php\/film\/christian-hallman\/\" target=\"_blank\">+ <strong>SPOTKANIE Z RE\u017bYSEREM<\/strong><\/a> 19:30 &#8211; 20:50 \/ <a href=\"https:\/\/sensoria.evenea.pl\/\" target=\"_blank\">wej\u015bci\u00f3wka<\/a><br \/>\n<\/span><\/h3>\n<h3 class=\"p1\" style=\"text-align: center;\"><span style=\"color: #000000;\"><a style=\"color: #000000;\" href=\"http:\/\/www.archive.splatfilmfest.com\/index.php\/film\/foundfootage3d\/\" target=\"_blank\">Found Footage 3D<\/a> 21:45 &#8211; 23:35 \/ <a href=\"https:\/\/ff3d.evenea.pl\/\" target=\"_blank\">wej\u015bci\u00f3wka<\/a><br \/>\n<\/span><\/h3>\n<h3 class=\"p1\" style=\"text-align: center;\"><span style=\"color: #000000;\"><a style=\"color: #000000;\" href=\"http:\/\/www.archive.splatfilmfest.com\/index.php\/film\/laleczka-chucky\/\" target=\"_blank\">Laleczka Chucky<\/a> 00:00 &#8211; 01:25 \/ <a href=\"https:\/\/laleczkachucky.evenea.pl\/\" target=\"_blank\">wej\u015bci\u00f3wka<\/a><br \/>\n<\/span><\/h3>\n<pre class=\"p1\" style=\"text-align: center;\"><span style=\"color: #000000;\">SOBOTA<\/span><\/pre>\n<h3 class=\"p1\" style=\"text-align: center;\"><span style=\"color: #000000;\"><a style=\"color: #000000;\" href=\"http:\/\/www.archive.splatfilmfest.com\/index.php\/film\/dont-grow-up\/\" target=\"_blank\">Don&#8217;t Grow Up<\/a> 14:15 &#8211; 15:35 \/ <a href=\"https:\/\/dontgrowup.evenea.pl\/\" target=\"_blank\">wej\u015bci\u00f3wka<\/a><br \/>\n<\/span><\/h3>\n<h3 class=\"p1\" style=\"text-align: center;\"><span style=\"color: #000000;\"><a style=\"color: #000000;\" href=\"http:\/\/www.archive.splatfilmfest.com\/index.php\/film\/sun-choke\/\" target=\"_blank\">Sun Choke<\/a> 16:15 &#8211; 17:40 \/ <a href=\"https:\/\/sunchoke.evenea.pl\/\" target=\"_blank\">wej\u015bci\u00f3wka<\/a><br \/>\n<\/span><\/h3>\n<h3 class=\"p1\" style=\"text-align: center;\"><span style=\"color: #000000;\"><a style=\"color: #000000;\" href=\"http:\/\/www.archive.splatfilmfest.com\/index.php\/film\/shelley\/\" target=\"_blank\">Shelley<\/a> 18:15 \/ <a href=\"https:\/\/shelley.evenea.pl\/\" target=\"_blank\">wej\u015bci\u00f3wka<\/a><br \/>\n<\/span><\/h3>\n<h3 class=\"p1\" style=\"text-align: center;\"><span style=\"color: #000000;\"><a style=\"color: #000000;\" href=\"http:\/\/www.archive.splatfilmfest.com\/index.php\/film\/k-shop\/\" target=\"_blank\">K-shop <\/a><a style=\"color: #000000;\" href=\"http:\/\/www.archive.splatfilmfest.com\/index.php\/film\/k-shop\/\" target=\"_blank\">+ <\/a><a style=\"color: #000000;\" href=\"http:\/\/www.archive.splatfilmfest.com\/index.php\/film\/dan-pringle\/\" target=\"_blank\"><strong>SPOTKANIE Z RE\u017bYSEREM I PRODUCENTEM<\/strong><\/a> 20:30 \/\u00a0<a href=\"https:\/\/kshop.evenea.pl\/\" target=\"_blank\">wej\u015bci\u00f3wka<\/a><br \/>\n<\/span><\/h3>\n<h3 class=\"p1\" style=\"text-align: center;\"><span style=\"color: #000000;\"><a style=\"color: #000000;\" href=\"http:\/\/www.archive.splatfilmfest.com\/index.php\/film\/whatwebecome\/\" target=\"_blank\">What We Become<\/a> 23:30 \/ <a href=\"https:\/\/whatwebecome.evenea.pl\/\" target=\"_blank\">wej\u015bci\u00f3wka<\/a><br \/>\n<\/span><\/h3>\n<pre class=\"p1\" style=\"text-align: center;\"><span style=\"color: #000000;\">NIEDZIELA<\/span><\/pre>\n<h3 class=\"p1\" style=\"text-align: center;\"><span style=\"color: #000000;\">Mi\u0119so to morderstwo &#8211; blok film\u00f3w kr\u00f3tkometra\u017cowych 14:30 \/ <a href=\"https:\/\/miesotomorderstwo.evenea.pl\/\" target=\"_blank\">wej\u015bci\u00f3wka<\/a><br \/>\n<\/span><\/h3>\n<h3 class=\"p1\" style=\"text-align: center;\"><span style=\"color: #000000;\"><a style=\"color: #000000;\" href=\"http:\/\/www.archive.splatfilmfest.com\/index.php\/film\/the-rotten-link\/\" target=\"_blank\">The Rotten Link<\/a> 16:45 &#8211; 18:00 \/ <a href=\"https:\/\/therottenlink.evenea.pl\/\" target=\"_blank\">wej\u015bci\u00f3wka<\/a><br \/>\n<\/span><\/h3>\n<h3 class=\"p1\" style=\"text-align: center;\"><span style=\"color: #000000;\"><a style=\"color: #000000;\" href=\"http:\/\/www.archive.splatfilmfest.com\/index.php\/film\/myfatherdie\/\" target=\"_blank\">My Father, Die<\/a> 18:30 &#8211; 20:05 \/ <a href=\"https:\/\/myfatherdie.evenea.pl\/\" target=\"_blank\">wej\u015bci\u00f3wka<\/a><br \/>\n<\/span><\/h3>\n<h3 class=\"p1\" style=\"text-align: center;\"><span style=\"color: #000000;\"><a style=\"color: #000000;\" href=\"http:\/\/www.archive.splatfilmfest.com\/index.php\/film\/clarisse\/\" target=\"_blank\">Clarisse or Something About Us<\/a> 20:35 &#8211; 22:00 \/ <a href=\"https:\/\/clarisse.evenea.pl\/\" target=\"_blank\">wej\u015bci\u00f3wka<\/a><br \/>\n<\/span><\/h3>\n<h3 class=\"p1\" style=\"text-align: center;\"><span style=\"color: #000000;\"><a style=\"color: #000000;\" href=\"http:\/\/www.archive.splatfilmfest.com\/index.php\/film\/green-room\/\" target=\"_blank\">Green Room<\/a> 22:30 &#8211; 00:05\u00a0 \/ <a href=\"https:\/\/greenroom.evenea.pl\/\" target=\"_blank\">wej\u015bci\u00f3wka<\/a><br \/>\n<\/span><\/h3>\n<pre><\/pre>\n<p>[\/vc_column_text][\/vc_column][\/vc_row][vc_row][vc_column width=&#8221;1\/2&#8243;][vc_column_text]<\/p>\n<h3 class=\"p1\" style=\"text-align: center;\"><span style=\"color: #000000;\"><a style=\"color: #000000;\" href=\"http:\/\/www.archive.splatfilmfest.com\/index.php\/program\/filmy-krotkometrazowe\/\" target=\"_blank\">STRACH SI\u0118 BA\u0106<\/a>\/ <a href=\"https:\/\/strachsiebac.evenea.pl\/\" target=\"_blank\">wej\u015bci\u00f3wka<\/a><br \/>\n<\/span><\/h3>\n<h4 class=\"p1\" style=\"text-align: center;\"><span style=\"color: #000000;\">blok film\u00f3w kr\u00f3tkometra\u017cowych<\/span><\/h4>\n<pre style=\"text-align: center;\"><span style=\"color: #000000;\">(pi\u0105tek 17:15-18:55)<\/span><\/pre>\n<p>[\/vc_column_text][vc_column_text]<\/p>\n<p style=\"text-align: center;\"><span style=\"color: #000000;\"><a style=\"color: #000000;\" href=\"http:\/\/www.archive.splatfilmfest.com\/index.php\/film\/switch\/\" target=\"_blank\">Switch<\/a><\/span><\/p>\n<h4 style=\"text-align: center;\"><a href=\"http:\/\/www.archive.splatfilmfest.com\/index.php\/film\/black-widow\/\" target=\"_blank\"><span style=\"color: #000000;\">Black Widow<\/span><\/a><\/h4>\n<h4 style=\"text-align: center;\"><span style=\"color: #000000;\"><a style=\"color: #000000;\" href=\"http:\/\/www.archive.splatfilmfest.com\/index.php\/film\/save\/\">Save<\/a><\/span><\/h4>\n<h4 style=\"text-align: center;\"><span style=\"color: #000000;\"><a style=\"color: #000000;\" href=\"http:\/\/www.archive.splatfilmfest.com\/index.php\/film\/szarosc-oryg-ashen\/\" target=\"_blank\">Ashen<\/a><\/span><\/h4>\n<h4 style=\"text-align: center;\"><span style=\"color: #000000;\"><a style=\"color: #000000;\" href=\"http:\/\/www.archive.splatfilmfest.com\/index.php\/film\/the-fairest-of-them-all\/\" target=\"_blank\">The Fairest of Them All<\/a><\/span><\/h4>\n<h4 style=\"text-align: center;\"><span style=\"color: #000000;\"><a style=\"color: #000000;\" href=\"http:\/\/www.archive.splatfilmfest.com\/index.php\/film\/3504\/\" target=\"_blank\">Sweet Sweet Clara<\/a><\/span><\/h4>\n<h4 style=\"text-align: center;\"><span style=\"color: #000000;\"><a style=\"color: #000000;\" href=\"http:\/\/www.archive.splatfilmfest.com\/index.php\/film\/mayday\/\" target=\"_blank\">Mayday<\/a><\/span><\/h4>\n<h4 style=\"text-align: center;\"><span style=\"color: #000000;\"><a style=\"color: #000000;\" href=\"http:\/\/www.archive.splatfilmfest.com\/index.php\/film\/kookie\/\">Kookie<\/a><\/span><\/h4>\n<h4 style=\"text-align: center;\"><span style=\"color: #000000;\"><a style=\"color: #000000;\" href=\"http:\/\/www.archive.splatfilmfest.com\/index.php\/film\/rougarou\/\" target=\"_blank\">Rougarou<\/a><\/span><\/h4>\n<h4 style=\"text-align: center;\"><span style=\"color: #000000;\"><a style=\"color: #000000;\" href=\"http:\/\/www.archive.splatfilmfest.com\/index.php\/film\/z\/\" target=\"_blank\">Z<\/a><\/span><\/h4>\n<p>[\/vc_column_text][\/vc_column][vc_column width=&#8221;1\/2&#8243;][vc_column_text]<\/p>\n<h3 class=\"p1\" style=\"text-align: center;\"><span style=\"color: #000000;\"><a style=\"color: #000000;\" href=\"http:\/\/www.archive.splatfilmfest.com\/index.php\/program\/filmy-krotkometrazowe\/\" target=\"_blank\">MI\u0118SO TO MORDERSTWO<\/a>\/ <a href=\"https:\/\/miesotomorderstwo.evenea.pl\/\" target=\"_blank\">wej\u015bci\u00f3wka<\/a><br \/>\n<\/span><\/h3>\n<h4 class=\"p1\" style=\"text-align: center;\"><span style=\"color: #000000;\">blok film\u00f3w kr\u00f3tkometra\u017cowych<\/span><\/h4>\n<pre style=\"text-align: center;\"><span style=\"color: #000000;\">(niedziela 14:30 - 16:10)<\/span><\/pre>\n<h4 style=\"text-align: center;\"><span style=\"color: #000000;\"><a style=\"color: #000000;\" href=\"http:\/\/www.archive.splatfilmfest.com\/index.php\/film\/muscle-face-dj-remix\/\" target=\"_blank\">Muscle Face &#8211; DJ Remix<\/a><\/span><\/h4>\n<h4 style=\"text-align: center;\"><span style=\"color: #000000;\"><a style=\"color: #000000;\" href=\"http:\/\/www.archive.splatfilmfest.com\/index.php\/film\/all-the-better\/\" target=\"_blank\">All the Better<\/a><\/span><\/h4>\n<h4 style=\"text-align: center;\"><span style=\"color: #000000;\"><a style=\"color: #000000;\" href=\"http:\/\/www.archive.splatfilmfest.com\/index.php\/film\/zmyj-i-powtorz-oryg-rinse-and-repeat\/\" target=\"_blank\">Rinse and Repeat<\/a><\/span><\/h4>\n<h4 style=\"text-align: center;\"><span style=\"color: #000000;\"><a style=\"color: #000000;\" href=\"http:\/\/www.archive.splatfilmfest.com\/index.php\/film\/shell\/\" target=\"_blank\">Shell<\/a><\/span><\/h4>\n<h4 style=\"text-align: center;\"><span style=\"color: #000000;\"><a style=\"color: #000000;\" href=\"http:\/\/www.archive.splatfilmfest.com\/index.php\/film\/i-could-eat-a-horse\/\" target=\"_blank\">I could eat a horse<\/a><\/span><\/h4>\n<h4 style=\"text-align: center;\"><span style=\"color: #000000;\"><a style=\"color: #000000;\" href=\"http:\/\/www.archive.splatfilmfest.com\/index.php\/film\/obscurum\/\" target=\"_blank\">Obscurum<\/a><\/span><\/h4>\n<h4 style=\"text-align: center;\"><span style=\"color: #000000;\"><a style=\"color: #000000;\" href=\"http:\/\/www.archive.splatfilmfest.com\/index.php\/film\/portal-to-hell\/\" target=\"_blank\">Portal to Hell!!!<\/a><\/span><\/h4>\n<h4 style=\"text-align: center;\"><span style=\"color: #000000;\"><a style=\"color: #000000;\" href=\"http:\/\/www.archive.splatfilmfest.com\/index.php\/film\/monsters\/\" target=\"_blank\">Monsters<\/a><\/span><\/h4>\n<h4 style=\"text-align: center;\"><span style=\"color: #000000;\"><a style=\"color: #000000;\" href=\"http:\/\/www.archive.splatfilmfest.com\/index.php\/film\/bad-throttle\/\" target=\"_blank\">Bad Throttle<\/a><\/span><\/h4>\n<h4 style=\"text-align: center;\"><span style=\"color: #000000;\"><a style=\"color: #000000;\" href=\"http:\/\/www.archive.splatfilmfest.com\/index.php\/film\/pigskin\/\" target=\"_blank\">Pigskin<\/a><\/span><\/h4>\n<h4 style=\"text-align: center;\"><span style=\"color: #000000;\"><a style=\"color: #000000;\" href=\"http:\/\/www.archive.splatfilmfest.com\/index.php\/film\/nizej-podpisana\/\" target=\"_blank\">Ni\u017cej Podpisana<\/a><\/span><\/h4>\n<p>[\/vc_column_text][\/vc_column][\/vc_row]<\/p>\n","protected":false},"excerpt":{"rendered":"<p>[vc_row css=&#8221;.vc_custom_1471072507916{margin-bottom: 100px !important;}&#8221;][vc_column][film_textblock text_big=&#8221;PROGRAM FESTIWALU&#8221;][\/vc_column][\/vc_row][vc_row][vc_column][vc_column_text css=&#8221;.vc_custom_1473590632778{background-color: #ffffff !important;}&#8221;] 12-18 wrze\u015bnia 2016 (poniedzia\u0142ek &#8211; niedziela) pobierz HARMONOGRAM pobierz KATALOG PONIEDZIA\u0141EK The Evil That Men Do + SPOTKANIE Z RE\u017bYSEREM 19:00 &#8211; 20:40 \/ wej\u015bci\u00f3wka Obcy \u2013 8. pasa\u017cer Nostromo 21:30 &#8211; 23:30 \/ wej\u015bci\u00f3wka WTOREK WYK\u0141AD: Horror w perspektywie anarchistycznej 17:30 &#8211; 18:30 \/ wej\u015bci\u00f3wka Scherzo Diabolico 19:00 &#8211; 20:40 \/ wej\u015bci\u00f3wka Invitation 21:15 &#8211; 22:55 \/ wej\u015bci\u00f3wka \u015aRODA Le Scaphandrier 15:30 &#8211; 16:50 \/ wej\u015bci\u00f3wka WYK\u0141AD: Strzelaj\u0105c \u015bmiechem, czyli zjawisko slasher\u00f3w 17:30 &#8211; 18:30 \/ wej\u015bci\u00f3wka Cat Sick Blues\u00a0 19:00 &#8211; 20:45 \/ wej\u015bci\u00f3wka Blood Punch 21:15 &#8211; 23:00 \/ wej\u015bci\u00f3wka CZWARTEK WYK\u0141AD: Jaki wp\u0142yw na widza, maj\u0105 brutalne [&hellip;]<\/p>\n","protected":false},"author":2,"featured_media":0,"parent":0,"menu_order":0,"comment_status":"closed","ping_status":"closed","template":"template-nonesidebar.php","meta":[],"yoast_head":"<!-- This site is optimized with the Yoast SEO plugin v15.2.1 - https:\/\/yoast.com\/wordpress\/plugins\/seo\/ -->\n<title>Program 2016 - Splat!FilmFest<\/title>\n<meta name=\"robots\" content=\"index, follow, max-snippet:-1, max-image-preview:large, max-video-preview:-1\" \/>\n<link rel=\"canonical\" href=\"https:\/\/www.archive.splatfilmfest.com\/index.php\/program2016\/\" \/>\n<meta property=\"og:locale\" content=\"pl_PL\" \/>\n<meta property=\"og:type\" content=\"article\" \/>\n<meta property=\"og:title\" content=\"Program 2016 - Splat!FilmFest\" \/>\n<meta property=\"og:description\" content=\"[vc_row css=&#8221;.vc_custom_1471072507916{margin-bottom: 100px !important;}&#8221;][vc_column][film_textblock text_big=&#8221;PROGRAM FESTIWALU&#8221;][\/vc_column][\/vc_row][vc_row][vc_column][vc_column_text css=&#8221;.vc_custom_1473590632778{background-color: #ffffff !important;}&#8221;] 12-18 wrze\u015bnia 2016 (poniedzia\u0142ek &#8211; niedziela) pobierz HARMONOGRAM pobierz KATALOG PONIEDZIA\u0141EK The Evil That Men Do + SPOTKANIE Z RE\u017bYSEREM 19:00 &#8211; 20:40 \/ wej\u015bci\u00f3wka Obcy \u2013 8. pasa\u017cer Nostromo 21:30 &#8211; 23:30 \/ wej\u015bci\u00f3wka WTOREK WYK\u0141AD: Horror w perspektywie anarchistycznej 17:30 &#8211; 18:30 \/ wej\u015bci\u00f3wka Scherzo Diabolico 19:00 &#8211; 20:40 \/ wej\u015bci\u00f3wka Invitation 21:15 &#8211; 22:55 \/ wej\u015bci\u00f3wka \u015aRODA Le Scaphandrier 15:30 &#8211; 16:50 \/ wej\u015bci\u00f3wka WYK\u0141AD: Strzelaj\u0105c \u015bmiechem, czyli zjawisko slasher\u00f3w 17:30 &#8211; 18:30 \/ wej\u015bci\u00f3wka Cat Sick Blues\u00a0 19:00 &#8211; 20:45 \/ wej\u015bci\u00f3wka Blood Punch 21:15 &#8211; 23:00 \/ wej\u015bci\u00f3wka CZWARTEK WYK\u0141AD: Jaki wp\u0142yw na widza, maj\u0105 brutalne [&hellip;]\" \/>\n<meta property=\"og:url\" content=\"https:\/\/www.archive.splatfilmfest.com\/index.php\/program2016\/\" \/>\n<meta property=\"og:site_name\" content=\"Splat!FilmFest\" \/>\n<meta property=\"article:publisher\" content=\"https:\/\/www.facebook.com\/splatfilmfest\" \/>\n<meta property=\"article:modified_time\" content=\"2018-10-17T16:13:50+00:00\" \/>\n<meta property=\"og:image\" content=\"http:\/\/www.splatfilmfest.com\/wp-content\/uploads\/2015\/12\/fbnv2_ww.jpg\" \/>\n<meta name=\"twitter:card\" content=\"summary_large_image\" \/>\n<meta name=\"twitter:creator\" content=\"@SplatFilmFest\" \/>\n<meta name=\"twitter:site\" content=\"@SplatFilmFest\" \/>\n<meta name=\"twitter:label1\" content=\"Written by\">\n\t<meta name=\"twitter:data1\" content=\"Micha\u0142 Korba\">\n\t<meta name=\"twitter:label2\" content=\"Est. reading time\">\n\t<meta name=\"twitter:data2\" content=\"2 minuty\">\n<script type=\"application\/ld+json\" class=\"yoast-schema-graph\">{\"@context\":\"https:\/\/schema.org\",\"@graph\":[{\"@type\":\"WebSite\",\"@id\":\"https:\/\/www.archive.splatfilmfest.com\/#website\",\"url\":\"https:\/\/www.archive.splatfilmfest.com\/\",\"name\":\"Splat!FilmFest\",\"description\":\"\",\"potentialAction\":[{\"@type\":\"SearchAction\",\"target\":\"https:\/\/www.archive.splatfilmfest.com\/?s={search_term_string}\",\"query-input\":\"required name=search_term_string\"}],\"inLanguage\":\"pl-PL\"},{\"@type\":\"ImageObject\",\"@id\":\"https:\/\/www.archive.splatfilmfest.com\/index.php\/program2016\/#primaryimage\",\"inLanguage\":\"pl-PL\",\"url\":\"http:\/\/www.archive.splatfilmfest.com\/wp-content\/uploads\/2015\/12\/fbnv2_ww.jpg\"},{\"@type\":\"WebPage\",\"@id\":\"https:\/\/www.archive.splatfilmfest.com\/index.php\/program2016\/#webpage\",\"url\":\"https:\/\/www.archive.splatfilmfest.com\/index.php\/program2016\/\",\"name\":\"Program 2016 - Splat!FilmFest\",\"isPartOf\":{\"@id\":\"https:\/\/www.archive.splatfilmfest.com\/#website\"},\"primaryImageOfPage\":{\"@id\":\"https:\/\/www.archive.splatfilmfest.com\/index.php\/program2016\/#primaryimage\"},\"datePublished\":\"2015-12-09T12:31:17+00:00\",\"dateModified\":\"2018-10-17T16:13:50+00:00\",\"inLanguage\":\"pl-PL\",\"potentialAction\":[{\"@type\":\"ReadAction\",\"target\":[\"https:\/\/www.archive.splatfilmfest.com\/index.php\/program2016\/\"]}]}]}<\/script>\n<!-- \/ Yoast SEO plugin. -->","_links":{"self":[{"href":"https:\/\/www.archive.splatfilmfest.com\/index.php\/wp-json\/wp\/v2\/pages\/324"}],"collection":[{"href":"https:\/\/www.archive.splatfilmfest.com\/index.php\/wp-json\/wp\/v2\/pages"}],"about":[{"href":"https:\/\/www.archive.splatfilmfest.com\/index.php\/wp-json\/wp\/v2\/types\/page"}],"author":[{"embeddable":true,"href":"https:\/\/www.archive.splatfilmfest.com\/index.php\/wp-json\/wp\/v2\/users\/2"}],"replies":[{"embeddable":true,"href":"https:\/\/www.archive.splatfilmfest.com\/index.php\/wp-json\/wp\/v2\/comments?post=324"}],"version-history":[{"count":219,"href":"https:\/\/www.archive.splatfilmfest.com\/index.php\/wp-json\/wp\/v2\/pages\/324\/revisions"}],"predecessor-version":[{"id":6365,"href":"https:\/\/www.archive.splatfilmfest.com\/index.php\/wp-json\/wp\/v2\/pages\/324\/revisions\/6365"}],"wp:attachment":[{"href":"https:\/\/www.archive.splatfilmfest.com\/index.php\/wp-json\/wp\/v2\/media?parent=324"}],"curies":[{"name":"wp","href":"https:\/\/api.w.org\/{rel}","templated":true}]}}