{"id":14103,"date":"2023-10-16T14:19:39","date_gmt":"2023-10-16T12:19:39","guid":{"rendered":"https:\/\/www.archive.splatfilmfest.com\/?page_id=14103"},"modified":"2023-10-18T10:33:35","modified_gmt":"2023-10-18T08:33:35","slug":"halloweenparty2023","status":"publish","type":"page","link":"https:\/\/www.archive.splatfilmfest.com\/index.php\/halloweenparty2023\/","title":{"rendered":"HALLOWEEN PARTY"},"content":{"rendered":"<h2 class=\"xdj266r x11i5rnm xat24cr x1mh8g0r x1vvkbs\" style=\"padding-left: 40px;\"><span style=\"color: #000000;\"><img loading=\"lazy\" class=\"aligncenter size-full wp-image-14106\" src=\"https:\/\/www.archive.splatfilmfest.com\/wp-content\/uploads\/2023\/10\/party-na-strone.jpg\" alt=\"\" width=\"1920\" height=\"1080\" srcset=\"https:\/\/www.archive.splatfilmfest.com\/wp-content\/uploads\/2023\/10\/party-na-strone.jpg 1920w, https:\/\/www.archive.splatfilmfest.com\/wp-content\/uploads\/2023\/10\/party-na-strone-768x432.jpg 768w, https:\/\/www.archive.splatfilmfest.com\/wp-content\/uploads\/2023\/10\/party-na-strone-1536x864.jpg 1536w, https:\/\/www.archive.splatfilmfest.com\/wp-content\/uploads\/2023\/10\/party-na-strone-960x540.jpg 960w, https:\/\/www.archive.splatfilmfest.com\/wp-content\/uploads\/2023\/10\/party-na-strone-320x180.jpg 320w, https:\/\/www.archive.splatfilmfest.com\/wp-content\/uploads\/2023\/10\/party-na-strone-1440x810.jpg 1440w\" sizes=\"(max-width: 1920px) 100vw, 1920px\" \/><\/span><\/h2>\n<h2><\/h2>\n<h2 class=\"xdj266r x11i5rnm xat24cr x1mh8g0r x1vvkbs\" style=\"padding-left: 40px;\"><span style=\"color: #000000;\">Splat!FilmFest Halloween Party odb\u0119dzie si\u0119 27 pa\u017adziernika (pi\u0105tek) w holu przy salach kinowych w Kinotece, w Warszawie, przy placu Defilad 1. Startujemy o 22:00.<br \/>\n<\/span><\/h2>\n<h2 class=\"x11i5rnm xat24cr x1mh8g0r x1vvkbs xtlvy1s\" style=\"padding-left: 40px;\"><\/h2>\n<h2 class=\"x11i5rnm xat24cr x1mh8g0r x1vvkbs xtlvy1s\" style=\"padding-left: 40px;\"><span style=\"color: #000000;\"><span class=\"x3nfvp2 x1j61x8r x1fcty0u xdj266r xhhsvwb xat24cr xgzva0m xxymvpz xlup9mm x1kky2od\"><img loading=\"lazy\" src=\"https:\/\/static.xx.fbcdn.net\/images\/emoji.php\/v9\/t25\/2\/16\/1f383.png\" alt=\"?\" width=\"16\" height=\"16\" \/><\/span> Napoje dost\u0119pne s\u0105 w kawiarni Kinoteki<\/span><br \/>\n<span style=\"color: #000000;\"><span class=\"x3nfvp2 x1j61x8r x1fcty0u xdj266r xhhsvwb xat24cr xgzva0m xxymvpz xlup9mm x1kky2od\"><img loading=\"lazy\" src=\"https:\/\/static.xx.fbcdn.net\/images\/emoji.php\/v9\/t25\/2\/16\/1f383.png\" alt=\"?\" width=\"16\" height=\"16\" \/><\/span> mo\u017cna si\u0119 przebra\u0107, ale nie ma obowi\u0105zku<\/span><br \/>\n<span style=\"color: #000000;\"><span class=\"x3nfvp2 x1j61x8r x1fcty0u xdj266r xhhsvwb xat24cr xgzva0m xxymvpz xlup9mm x1kky2od\"><img loading=\"lazy\" src=\"https:\/\/static.xx.fbcdn.net\/images\/emoji.php\/v9\/t25\/2\/16\/1f383.png\" alt=\"?\" width=\"16\" height=\"16\" \/><\/span> mamy spieraln\u0105 sztuczn\u0105 krew, mo\u017cemy si\u0119 podzieli\u0107<\/span><br \/>\n<span style=\"color: #000000;\"><span class=\"x3nfvp2 x1j61x8r x1fcty0u xdj266r xhhsvwb xat24cr xgzva0m xxymvpz xlup9mm x1kky2od\"><img loading=\"lazy\" src=\"https:\/\/static.xx.fbcdn.net\/images\/emoji.php\/v9\/t25\/2\/16\/1f383.png\" alt=\"?\" width=\"16\" height=\"16\" \/><\/span> mo\u017cna przyj\u015b\u0107 ze znajomymi lub samemu<\/span><br \/>\n<span style=\"color: #000000;\"><span class=\"x3nfvp2 x1j61x8r x1fcty0u xdj266r xhhsvwb xat24cr xgzva0m xxymvpz xlup9mm x1kky2od\"><img loading=\"lazy\" src=\"https:\/\/static.xx.fbcdn.net\/images\/emoji.php\/v9\/t25\/2\/16\/1f383.png\" alt=\"?\" width=\"16\" height=\"16\" \/><\/span> jedzenia nie mamy <\/span><br \/>\n<span style=\"color: #000000;\"><span class=\"x3nfvp2 x1j61x8r x1fcty0u xdj266r xhhsvwb xat24cr xgzva0m xxymvpz xlup9mm x1kky2od\"><img loading=\"lazy\" src=\"https:\/\/static.xx.fbcdn.net\/images\/emoji.php\/v9\/t25\/2\/16\/1f383.png\" alt=\"?\" width=\"16\" height=\"16\" \/><\/span> daleko nie b\u0119dziecie mieli, bo wystarczy wyj\u015b\u0107 z seansu\u00a0<\/span><br \/>\n<span style=\"color: #000000;\"><span class=\"x3nfvp2 x1j61x8r x1fcty0u xdj266r xhhsvwb xat24cr xgzva0m xxymvpz xlup9mm x1kky2od\"><img loading=\"lazy\" src=\"https:\/\/static.xx.fbcdn.net\/images\/emoji.php\/v9\/t25\/2\/16\/1f383.png\" alt=\"?\" width=\"16\" height=\"16\" \/><\/span> wst\u0119p bezp\u0142atny, dobry humor obowi\u0105zkowy<\/span><br \/>\n<span style=\"color: #000000;\"><span class=\"x3nfvp2 x1j61x8r x1fcty0u xdj266r xhhsvwb xat24cr xgzva0m xxymvpz xlup9mm x1kky2od\"><img loading=\"lazy\" src=\"https:\/\/static.xx.fbcdn.net\/images\/emoji.php\/v9\/t25\/2\/16\/1f383.png\" alt=\"?\" width=\"16\" height=\"16\" \/><\/span> o doskona\u0142y dob\u00f3r repertuaru zadba NEBAZ<\/span><\/h2>\n<h2 style=\"padding-left: 40px;\"><\/h2>\n<h2 class=\"x11i5rnm xat24cr x1mh8g0r x1vvkbs xtlvy1s\" style=\"padding-left: 40px;\"><span style=\"color: #000000;\">Nebaz zaczyna\u0142 swoj\u0105 przygod\u0119 za did\u017cejk\u0105 w czasach kiedy kontroler s\u0142u\u017cy\u0142 do gier komputerowych, a s\u0142owo Spotify nie znaczy\u0142o zupe\u0142nie nic. Wychowany w polskim Manchesterze na d\u017awi\u0119kach acid house\u2019u i punk rocka. Od zawsze \u0142\u0105czy\u0142 w swoich setach zadziorno\u015b\u0107 gitarowych numer\u00f3w z lat 80. i mi\u0142o\u015b\u0107 do elektroniki oraz muzyki klubowej. Na muzycznej scenie zajmowa\u0142 si\u0119 ju\u017c chyba wszystkim. Kiedy\u015b mened\u017cer r\u00f3\u017cnych zespo\u0142\u00f3w, rezydent Pog\u0142osu (RIP) i Hydrozagadki. Mi\u0142o\u015bnik The Cure i Depeche Mode. Gra\u0142 na Openerze, kilka imprez w UK w trasie z 19 Wiosen, w Grodnie oraz w wielu fajnych klubach w \u0141odzi, Warszawie, Krakowie.<\/span><\/h2>\n<h2 style=\"padding-left: 40px;\"><span style=\"color: #000000;\">Do\u0142\u0105cz do wydarzenie na FB <span style=\"color: #0000ff;\"><strong><a style=\"color: #0000ff;\" href=\"https:\/\/www.facebook.com\/events\/340240201751211\" target=\"_blank\" rel=\"noopener noreferrer\">TUTAJ<\/a><\/strong><\/span>.<\/span><\/h2>\n<h2 class=\"x11i5rnm xat24cr x1mh8g0r x1vvkbs xtlvy1s\" style=\"padding-left: 40px;\"><\/h2>\n<p>&nbsp;<\/p>\n","protected":false},"excerpt":{"rendered":"<p>Splat!FilmFest Halloween Party odb\u0119dzie si\u0119 27 pa\u017adziernika (pi\u0105tek) w holu przy salach kinowych w Kinotece, w Warszawie, przy placu Defilad 1. Startujemy o 22:00. Napoje dost\u0119pne s\u0105 w kawiarni Kinoteki mo\u017cna si\u0119 przebra\u0107, ale nie ma obowi\u0105zku mamy spieraln\u0105 sztuczn\u0105 krew, mo\u017cemy si\u0119 podzieli\u0107 mo\u017cna przyj\u015b\u0107 ze znajomymi lub samemu jedzenia nie mamy daleko nie b\u0119dziecie mieli, bo wystarczy wyj\u015b\u0107 z seansu\u00a0 wst\u0119p bezp\u0142atny, dobry humor obowi\u0105zkowy o doskona\u0142y dob\u00f3r repertuaru zadba NEBAZ Nebaz zaczyna\u0142 swoj\u0105 przygod\u0119 za did\u017cejk\u0105 w czasach kiedy kontroler s\u0142u\u017cy\u0142 do gier komputerowych, a s\u0142owo Spotify nie znaczy\u0142o zupe\u0142nie nic. Wychowany w polskim Manchesterze na d\u017awi\u0119kach acid house\u2019u i punk rocka. Od zawsze \u0142\u0105czy\u0142 w swoich [&hellip;]<\/p>\n","protected":false},"author":1,"featured_media":14106,"parent":0,"menu_order":0,"comment_status":"closed","ping_status":"closed","template":"","meta":[],"yoast_head":"<!-- This site is optimized with the Yoast SEO plugin v15.2.1 - https:\/\/yoast.com\/wordpress\/plugins\/seo\/ -->\n<title>HALLOWEEN PARTY - Splat!FilmFest<\/title>\n<meta name=\"robots\" content=\"index, follow, max-snippet:-1, max-image-preview:large, max-video-preview:-1\" \/>\n<link rel=\"canonical\" href=\"https:\/\/www.archive.splatfilmfest.com\/index.php\/halloweenparty2023\/\" \/>\n<meta property=\"og:locale\" content=\"pl_PL\" \/>\n<meta property=\"og:type\" content=\"article\" \/>\n<meta property=\"og:title\" content=\"HALLOWEEN PARTY - Splat!FilmFest\" \/>\n<meta property=\"og:description\" content=\"Splat!FilmFest Halloween Party odb\u0119dzie si\u0119 27 pa\u017adziernika (pi\u0105tek) w holu przy salach kinowych w Kinotece, w Warszawie, przy placu Defilad 1. Startujemy o 22:00. Napoje dost\u0119pne s\u0105 w kawiarni Kinoteki mo\u017cna si\u0119 przebra\u0107, ale nie ma obowi\u0105zku mamy spieraln\u0105 sztuczn\u0105 krew, mo\u017cemy si\u0119 podzieli\u0107 mo\u017cna przyj\u015b\u0107 ze znajomymi lub samemu jedzenia nie mamy daleko nie b\u0119dziecie mieli, bo wystarczy wyj\u015b\u0107 z seansu\u00a0 wst\u0119p bezp\u0142atny, dobry humor obowi\u0105zkowy o doskona\u0142y dob\u00f3r repertuaru zadba NEBAZ Nebaz zaczyna\u0142 swoj\u0105 przygod\u0119 za did\u017cejk\u0105 w czasach kiedy kontroler s\u0142u\u017cy\u0142 do gier komputerowych, a s\u0142owo Spotify nie znaczy\u0142o zupe\u0142nie nic. Wychowany w polskim Manchesterze na d\u017awi\u0119kach acid house\u2019u i punk rocka. Od zawsze \u0142\u0105czy\u0142 w swoich [&hellip;]\" \/>\n<meta property=\"og:url\" content=\"https:\/\/www.archive.splatfilmfest.com\/index.php\/halloweenparty2023\/\" \/>\n<meta property=\"og:site_name\" content=\"Splat!FilmFest\" \/>\n<meta property=\"article:publisher\" content=\"https:\/\/www.facebook.com\/splatfilmfest\" \/>\n<meta property=\"article:modified_time\" content=\"2023-10-18T08:33:35+00:00\" \/>\n<meta property=\"og:image\" content=\"https:\/\/www.archive.splatfilmfest.com\/wp-content\/uploads\/2023\/10\/party-na-strone.jpg\" \/>\n\t<meta property=\"og:image:width\" content=\"1920\" \/>\n\t<meta property=\"og:image:height\" content=\"1080\" \/>\n<meta name=\"twitter:card\" content=\"summary_large_image\" \/>\n<meta name=\"twitter:creator\" content=\"@SplatFilmFest\" \/>\n<meta name=\"twitter:site\" content=\"@SplatFilmFest\" \/>\n<meta name=\"twitter:label1\" content=\"Written by\">\n\t<meta name=\"twitter:data1\" content=\"admin\">\n\t<meta name=\"twitter:label2\" content=\"Est. reading time\">\n\t<meta name=\"twitter:data2\" content=\"1 minuta\">\n<script type=\"application\/ld+json\" class=\"yoast-schema-graph\">{\"@context\":\"https:\/\/schema.org\",\"@graph\":[{\"@type\":\"WebSite\",\"@id\":\"https:\/\/www.archive.splatfilmfest.com\/#website\",\"url\":\"https:\/\/www.archive.splatfilmfest.com\/\",\"name\":\"Splat!FilmFest\",\"description\":\"\",\"potentialAction\":[{\"@type\":\"SearchAction\",\"target\":\"https:\/\/www.archive.splatfilmfest.com\/?s={search_term_string}\",\"query-input\":\"required name=search_term_string\"}],\"inLanguage\":\"pl-PL\"},{\"@type\":\"ImageObject\",\"@id\":\"https:\/\/www.archive.splatfilmfest.com\/index.php\/halloweenparty2023\/#primaryimage\",\"inLanguage\":\"pl-PL\",\"url\":\"https:\/\/www.archive.splatfilmfest.com\/wp-content\/uploads\/2023\/10\/party-na-strone.jpg\",\"width\":1920,\"height\":1080},{\"@type\":\"WebPage\",\"@id\":\"https:\/\/www.archive.splatfilmfest.com\/index.php\/halloweenparty2023\/#webpage\",\"url\":\"https:\/\/www.archive.splatfilmfest.com\/index.php\/halloweenparty2023\/\",\"name\":\"HALLOWEEN PARTY - Splat!FilmFest\",\"isPartOf\":{\"@id\":\"https:\/\/www.archive.splatfilmfest.com\/#website\"},\"primaryImageOfPage\":{\"@id\":\"https:\/\/www.archive.splatfilmfest.com\/index.php\/halloweenparty2023\/#primaryimage\"},\"datePublished\":\"2023-10-16T12:19:39+00:00\",\"dateModified\":\"2023-10-18T08:33:35+00:00\",\"inLanguage\":\"pl-PL\",\"potentialAction\":[{\"@type\":\"ReadAction\",\"target\":[\"https:\/\/www.archive.splatfilmfest.com\/index.php\/halloweenparty2023\/\"]}]}]}<\/script>\n<!-- \/ Yoast SEO plugin. -->","_links":{"self":[{"href":"https:\/\/www.archive.splatfilmfest.com\/index.php\/wp-json\/wp\/v2\/pages\/14103"}],"collection":[{"href":"https:\/\/www.archive.splatfilmfest.com\/index.php\/wp-json\/wp\/v2\/pages"}],"about":[{"href":"https:\/\/www.archive.splatfilmfest.com\/index.php\/wp-json\/wp\/v2\/types\/page"}],"author":[{"embeddable":true,"href":"https:\/\/www.archive.splatfilmfest.com\/index.php\/wp-json\/wp\/v2\/users\/1"}],"replies":[{"embeddable":true,"href":"https:\/\/www.archive.splatfilmfest.com\/index.php\/wp-json\/wp\/v2\/comments?post=14103"}],"version-history":[{"count":6,"href":"https:\/\/www.archive.splatfilmfest.com\/index.php\/wp-json\/wp\/v2\/pages\/14103\/revisions"}],"predecessor-version":[{"id":14129,"href":"https:\/\/www.archive.splatfilmfest.com\/index.php\/wp-json\/wp\/v2\/pages\/14103\/revisions\/14129"}],"wp:featuredmedia":[{"embeddable":true,"href":"https:\/\/www.archive.splatfilmfest.com\/index.php\/wp-json\/wp\/v2\/media\/14106"}],"wp:attachment":[{"href":"https:\/\/www.archive.splatfilmfest.com\/index.php\/wp-json\/wp\/v2\/media?parent=14103"}],"curies":[{"name":"wp","href":"https:\/\/api.w.org\/{rel}","templated":true}]}}