{"id":14068,"date":"2023-10-11T22:34:06","date_gmt":"2023-10-11T20:34:06","guid":{"rendered":"https:\/\/www.archive.splatfilmfest.com\/?page_id=14068"},"modified":"2023-10-11T23:18:14","modified_gmt":"2023-10-11T21:18:14","slug":"wolontariat","status":"publish","type":"page","link":"https:\/\/www.archive.splatfilmfest.com\/index.php\/wolontariat\/","title":{"rendered":"WOLONTARIAT"},"content":{"rendered":"<h2 class=\"xdj266r x11i5rnm xat24cr x1mh8g0r x1vvkbs\" style=\"padding-left: 40px;\"><span class=\"x3nfvp2 x1j61x8r x1fcty0u xdj266r xhhsvwb xat24cr xgzva0m xxymvpz xlup9mm x1kky2od\"><img loading=\"lazy\" class=\"aligncenter size-full wp-image-14072\" src=\"https:\/\/www.archive.splatfilmfest.com\/wp-content\/uploads\/2023\/10\/384104220_785118796881546_7645809424878216853_n.jpg\" alt=\"\" width=\"1200\" height=\"621\" srcset=\"https:\/\/www.archive.splatfilmfest.com\/wp-content\/uploads\/2023\/10\/384104220_785118796881546_7645809424878216853_n.jpg 1200w, https:\/\/www.archive.splatfilmfest.com\/wp-content\/uploads\/2023\/10\/384104220_785118796881546_7645809424878216853_n-768x397.jpg 768w\" sizes=\"(max-width: 1200px) 100vw, 1200px\" \/><\/span><\/h2>\n<h2 class=\"xdj266r x11i5rnm xat24cr x1mh8g0r x1vvkbs\" style=\"padding-left: 40px;\"><span class=\"x3nfvp2 x1j61x8r x1fcty0u xdj266r xhhsvwb xat24cr xgzva0m xxymvpz xlup9mm x1kky2od\"><img loading=\"lazy\" src=\"https:\/\/static.xx.fbcdn.net\/images\/emoji.php\/v9\/t25\/2\/16\/1f383.png\" alt=\"?\" width=\"16\" height=\"16\" \/><\/span><span style=\"color: #000000;\"> Oferujemy wolontariat przy Splat!FilmFest 2023 w Warszawie.<\/span><\/h2>\n<h2 class=\"x11i5rnm xat24cr x1mh8g0r x1vvkbs xtlvy1s\" style=\"padding-left: 40px;\"><span style=\"color: #000000;\"><span class=\"x3nfvp2 x1j61x8r x1fcty0u xdj266r xhhsvwb xat24cr xgzva0m xxymvpz xlup9mm x1kky2od\"><img loading=\"lazy\" src=\"https:\/\/static.xx.fbcdn.net\/images\/emoji.php\/v9\/t25\/2\/16\/1f383.png\" alt=\"?\" width=\"16\" height=\"16\" \/><\/span> ZG\u0141OSZENIA NA WOLONTARIAT PRZYJMUJEMY POPRZEZ FORMULARZ: <a style=\"color: #000000;\" href=\"https:\/\/tinyurl.com\/hxfksra8\" target=\"_blank\" rel=\"noopener noreferrer\">LINK<\/a><\/span><\/h2>\n<h2 class=\"x11i5rnm xat24cr x1mh8g0r x1vvkbs xtlvy1s\" style=\"padding-left: 40px;\"><span style=\"color: #000000;\"><span class=\"x3nfvp2 x1j61x8r x1fcty0u xdj266r xhhsvwb xat24cr xgzva0m xxymvpz xlup9mm x1kky2od\"><img loading=\"lazy\" src=\"https:\/\/static.xx.fbcdn.net\/images\/emoji.php\/v9\/t25\/2\/16\/1f383.png\" alt=\"?\" width=\"16\" height=\"16\" \/><\/span> Je\u015bli chcesz zobaczy\u0107 jak organizuje si\u0119 festiwal filmowy, zdoby\u0107 nowe umiej\u0119tno\u015bci, pozna\u0107 ciekawych ludzi, zapozna\u0107 si\u0119 z najnowszymi filmami gatunkowymi i wzi\u0105\u0107 udzia\u0142 w najbardziej oryginalnym festiwalu filmowym w Polsce \u2013 to wolontariat Splat!FilmFest jest w\u0142a\u015bnie dla Ciebie.<\/span><\/h2>\n<h2 class=\"x11i5rnm xat24cr x1mh8g0r x1vvkbs xtlvy1s\" style=\"padding-left: 40px;\"><span style=\"color: #000000;\"><span class=\"x3nfvp2 x1j61x8r x1fcty0u xdj266r xhhsvwb xat24cr xgzva0m xxymvpz xlup9mm x1kky2od\"><img loading=\"lazy\" src=\"https:\/\/static.xx.fbcdn.net\/images\/emoji.php\/v9\/t25\/2\/16\/1f383.png\" alt=\"?\" width=\"16\" height=\"16\" \/><\/span> Splat!FilmFest organizuj\u0105 ludzie z pasj\u0105, kt\u00f3rzy ch\u0119tnie podziel\u0105 si\u0119 z tob\u0105 swoj\u0105 wiedz\u0105. Daj nam zna\u0107, co najbardziej chcesz robi\u0107 i czego chcesz si\u0119 nauczy\u0107 \u2013 spr\u00f3bujemy znale\u017a\u0107 co\u015b dla ciebie.<\/span><\/h2>\n<h2 class=\"x11i5rnm xat24cr x1mh8g0r x1vvkbs xtlvy1s\" style=\"padding-left: 40px;\"><span style=\"color: #000000;\"><span class=\"x3nfvp2 x1j61x8r x1fcty0u xdj266r xhhsvwb xat24cr xgzva0m xxymvpz xlup9mm x1kky2od\"><img loading=\"lazy\" src=\"https:\/\/static.xx.fbcdn.net\/images\/emoji.php\/v9\/t25\/2\/16\/1f383.png\" alt=\"?\" width=\"16\" height=\"16\" \/><\/span> Wolontariat mo\u017cna realizowa\u0107 mi\u0119dzy 16 a 31 pa\u017adziernika 2023 r., liczb\u0119 godzin i zakres zada\u0144 ustalamy wsp\u00f3lnie i dopasowujemy grafik do zaj\u0119to\u015bci wolontariuszy. Wystawiamy za\u015bwiadczenia i referencje niezb\u0119dne do zaliczenia wolontariatu jako praktyki zawodowej.<\/span><\/h2>\n<h2 class=\"x11i5rnm xat24cr x1mh8g0r x1vvkbs xtlvy1s\" style=\"padding-left: 40px;\"><span style=\"color: #000000;\"><span class=\"x3nfvp2 x1j61x8r x1fcty0u xdj266r xhhsvwb xat24cr xgzva0m xxymvpz xlup9mm x1kky2od\"><img loading=\"lazy\" src=\"https:\/\/static.xx.fbcdn.net\/images\/emoji.php\/v9\/t25\/2\/16\/1f383.png\" alt=\"?\" width=\"16\" height=\"16\" \/><\/span> Na zg\u0142oszenia czekamy do 13 pa\u017adziernika.<\/span><\/h2>\n<h2 class=\"x11i5rnm xat24cr x1mh8g0r x1vvkbs xtlvy1s\" style=\"padding-left: 40px;\"><span style=\"color: #000000;\"><span class=\"x3nfvp2 x1j61x8r x1fcty0u xdj266r xhhsvwb xat24cr xgzva0m xxymvpz xlup9mm x1kky2od\"><img loading=\"lazy\" src=\"https:\/\/static.xx.fbcdn.net\/images\/emoji.php\/v9\/t25\/2\/16\/1f383.png\" alt=\"?\" width=\"16\" height=\"16\" \/><\/span> Nie organizujemy naboru na wolontariat we Wroc\u0142awiu.<\/span><\/h2>\n<h2 class=\"x11i5rnm xat24cr x1mh8g0r x1vvkbs xtlvy1s\" style=\"padding-left: 40px;\"><span style=\"color: #000000;\">Strasznie zapraszamy!<\/span><\/h2>\n","protected":false},"excerpt":{"rendered":"<p>Oferujemy wolontariat przy Splat!FilmFest 2023 w Warszawie. ZG\u0141OSZENIA NA WOLONTARIAT PRZYJMUJEMY POPRZEZ FORMULARZ: LINK Je\u015bli chcesz zobaczy\u0107 jak organizuje si\u0119 festiwal filmowy, zdoby\u0107 nowe umiej\u0119tno\u015bci, pozna\u0107 ciekawych ludzi, zapozna\u0107 si\u0119 z najnowszymi filmami gatunkowymi i wzi\u0105\u0107 udzia\u0142 w najbardziej oryginalnym festiwalu filmowym w Polsce \u2013 to wolontariat Splat!FilmFest jest w\u0142a\u015bnie dla Ciebie. Splat!FilmFest organizuj\u0105 ludzie z pasj\u0105, kt\u00f3rzy ch\u0119tnie podziel\u0105 si\u0119 z tob\u0105 swoj\u0105 wiedz\u0105. Daj nam zna\u0107, co najbardziej chcesz robi\u0107 i czego chcesz si\u0119 nauczy\u0107 \u2013 spr\u00f3bujemy znale\u017a\u0107 co\u015b dla ciebie. Wolontariat mo\u017cna realizowa\u0107 mi\u0119dzy 16 a 31 pa\u017adziernika 2023 r., liczb\u0119 godzin i zakres zada\u0144 ustalamy wsp\u00f3lnie i dopasowujemy grafik do zaj\u0119to\u015bci wolontariuszy. Wystawiamy za\u015bwiadczenia i referencje [&hellip;]<\/p>\n","protected":false},"author":1,"featured_media":0,"parent":0,"menu_order":0,"comment_status":"closed","ping_status":"closed","template":"","meta":[],"yoast_head":"<!-- This site is optimized with the Yoast SEO plugin v15.2.1 - https:\/\/yoast.com\/wordpress\/plugins\/seo\/ -->\n<title>WOLONTARIAT - Splat!FilmFest<\/title>\n<meta name=\"robots\" content=\"index, follow, max-snippet:-1, max-image-preview:large, max-video-preview:-1\" \/>\n<link rel=\"canonical\" href=\"https:\/\/www.archive.splatfilmfest.com\/index.php\/wolontariat\/\" \/>\n<meta property=\"og:locale\" content=\"pl_PL\" \/>\n<meta property=\"og:type\" content=\"article\" \/>\n<meta property=\"og:title\" content=\"WOLONTARIAT - Splat!FilmFest\" \/>\n<meta property=\"og:description\" content=\"Oferujemy wolontariat przy Splat!FilmFest 2023 w Warszawie. ZG\u0141OSZENIA NA WOLONTARIAT PRZYJMUJEMY POPRZEZ FORMULARZ: LINK Je\u015bli chcesz zobaczy\u0107 jak organizuje si\u0119 festiwal filmowy, zdoby\u0107 nowe umiej\u0119tno\u015bci, pozna\u0107 ciekawych ludzi, zapozna\u0107 si\u0119 z najnowszymi filmami gatunkowymi i wzi\u0105\u0107 udzia\u0142 w najbardziej oryginalnym festiwalu filmowym w Polsce \u2013 to wolontariat Splat!FilmFest jest w\u0142a\u015bnie dla Ciebie. Splat!FilmFest organizuj\u0105 ludzie z pasj\u0105, kt\u00f3rzy ch\u0119tnie podziel\u0105 si\u0119 z tob\u0105 swoj\u0105 wiedz\u0105. Daj nam zna\u0107, co najbardziej chcesz robi\u0107 i czego chcesz si\u0119 nauczy\u0107 \u2013 spr\u00f3bujemy znale\u017a\u0107 co\u015b dla ciebie. Wolontariat mo\u017cna realizowa\u0107 mi\u0119dzy 16 a 31 pa\u017adziernika 2023 r., liczb\u0119 godzin i zakres zada\u0144 ustalamy wsp\u00f3lnie i dopasowujemy grafik do zaj\u0119to\u015bci wolontariuszy. Wystawiamy za\u015bwiadczenia i referencje [&hellip;]\" \/>\n<meta property=\"og:url\" content=\"https:\/\/www.archive.splatfilmfest.com\/index.php\/wolontariat\/\" \/>\n<meta property=\"og:site_name\" content=\"Splat!FilmFest\" \/>\n<meta property=\"article:publisher\" content=\"https:\/\/www.facebook.com\/splatfilmfest\" \/>\n<meta property=\"article:modified_time\" content=\"2023-10-11T21:18:14+00:00\" \/>\n<meta property=\"og:image\" content=\"https:\/\/www.splatfilmfest.com\/wp-content\/uploads\/2023\/10\/384104220_785118796881546_7645809424878216853_n.jpg\" \/>\n<meta name=\"twitter:card\" content=\"summary_large_image\" \/>\n<meta name=\"twitter:creator\" content=\"@SplatFilmFest\" \/>\n<meta name=\"twitter:site\" content=\"@SplatFilmFest\" \/>\n<meta name=\"twitter:label1\" content=\"Written by\">\n\t<meta name=\"twitter:data1\" content=\"admin\">\n\t<meta name=\"twitter:label2\" content=\"Est. reading time\">\n\t<meta name=\"twitter:data2\" content=\"1 minuta\">\n<script type=\"application\/ld+json\" class=\"yoast-schema-graph\">{\"@context\":\"https:\/\/schema.org\",\"@graph\":[{\"@type\":\"WebSite\",\"@id\":\"https:\/\/www.archive.splatfilmfest.com\/#website\",\"url\":\"https:\/\/www.archive.splatfilmfest.com\/\",\"name\":\"Splat!FilmFest\",\"description\":\"\",\"potentialAction\":[{\"@type\":\"SearchAction\",\"target\":\"https:\/\/www.archive.splatfilmfest.com\/?s={search_term_string}\",\"query-input\":\"required name=search_term_string\"}],\"inLanguage\":\"pl-PL\"},{\"@type\":\"ImageObject\",\"@id\":\"https:\/\/www.archive.splatfilmfest.com\/index.php\/wolontariat\/#primaryimage\",\"inLanguage\":\"pl-PL\",\"url\":\"https:\/\/www.archive.splatfilmfest.com\/wp-content\/uploads\/2023\/10\/384104220_785118796881546_7645809424878216853_n.jpg\",\"width\":1200,\"height\":621},{\"@type\":\"WebPage\",\"@id\":\"https:\/\/www.archive.splatfilmfest.com\/index.php\/wolontariat\/#webpage\",\"url\":\"https:\/\/www.archive.splatfilmfest.com\/index.php\/wolontariat\/\",\"name\":\"WOLONTARIAT - Splat!FilmFest\",\"isPartOf\":{\"@id\":\"https:\/\/www.archive.splatfilmfest.com\/#website\"},\"primaryImageOfPage\":{\"@id\":\"https:\/\/www.archive.splatfilmfest.com\/index.php\/wolontariat\/#primaryimage\"},\"datePublished\":\"2023-10-11T20:34:06+00:00\",\"dateModified\":\"2023-10-11T21:18:14+00:00\",\"inLanguage\":\"pl-PL\",\"potentialAction\":[{\"@type\":\"ReadAction\",\"target\":[\"https:\/\/www.archive.splatfilmfest.com\/index.php\/wolontariat\/\"]}]}]}<\/script>\n<!-- \/ Yoast SEO plugin. -->","_links":{"self":[{"href":"https:\/\/www.archive.splatfilmfest.com\/index.php\/wp-json\/wp\/v2\/pages\/14068"}],"collection":[{"href":"https:\/\/www.archive.splatfilmfest.com\/index.php\/wp-json\/wp\/v2\/pages"}],"about":[{"href":"https:\/\/www.archive.splatfilmfest.com\/index.php\/wp-json\/wp\/v2\/types\/page"}],"author":[{"embeddable":true,"href":"https:\/\/www.archive.splatfilmfest.com\/index.php\/wp-json\/wp\/v2\/users\/1"}],"replies":[{"embeddable":true,"href":"https:\/\/www.archive.splatfilmfest.com\/index.php\/wp-json\/wp\/v2\/comments?post=14068"}],"version-history":[{"count":4,"href":"https:\/\/www.archive.splatfilmfest.com\/index.php\/wp-json\/wp\/v2\/pages\/14068\/revisions"}],"predecessor-version":[{"id":14075,"href":"https:\/\/www.archive.splatfilmfest.com\/index.php\/wp-json\/wp\/v2\/pages\/14068\/revisions\/14075"}],"wp:attachment":[{"href":"https:\/\/www.archive.splatfilmfest.com\/index.php\/wp-json\/wp\/v2\/media?parent=14068"}],"curies":[{"name":"wp","href":"https:\/\/api.w.org\/{rel}","templated":true}]}}