{"id":13945,"date":"2023-10-07T21:06:05","date_gmt":"2023-10-07T19:06:05","guid":{"rendered":"https:\/\/www.archive.splatfilmfest.com\/?page_id=13945"},"modified":"2023-10-26T14:32:38","modified_gmt":"2023-10-26T12:32:38","slug":"shorts2023","status":"publish","type":"page","link":"https:\/\/www.archive.splatfilmfest.com\/index.php\/shorts2023\/","title":{"rendered":"KR\u00d3TKOMETRA\u017bOWE"},"content":{"rendered":"<p>[vc_row][vc_column][vc_column_text]<\/p>\n<h2>[\/vc_column_text][\/vc_column][\/vc_row][vc_row][vc_column][vc_empty_space][vc_column_text]<\/h2>\n<p>[\/vc_column_text][vc_empty_space][film_textblock text_small=&#8221;kr\u00f3tkometra\u017cowe&#8221; text_big=&#8221;BLOK FILM\u00d3W KR\u00d3TKOMETRA\u017bOWYCH 1 KONKURS M\u00c9LI\u00c8S D\u2019ARGENT&#8221;][vc_empty_space][vc_column_text]<\/p>\n<h1 style=\"text-align: center;\"><a href=\"https:\/\/www.kinoteka.pl\/seanse-filmowe\/movie,7188,blok-filmow-krotkometrazowych-1-konkurs-m??li??s-d%E2%80%99argent\" target=\"_blank\" rel=\"noopener noreferrer\"><span style=\"color: #000000;\">BILETY<\/span><\/a><\/h1>\n<p>[\/vc_column_text][\/vc_column][\/vc_row][vc_row][vc_column][vc_empty_space][\/vc_column][\/vc_row][vc_row][vc_column][film_video film_style=&#8221;1&#8243; film_list_id=&#8221;13749, 13764, 13766, 13750, 13753, 13751&#8243;][\/vc_column][\/vc_row][vc_row][vc_column][vc_column_text]<\/p>\n<p>[\/vc_column_text][vc_empty_space][film_textblock text_small=&#8221;kr\u00f3tkometra\u017cowe&#8221; text_big=&#8221;BLOK FILM\u00d3W KR\u00d3TKOMETRA\u017bOWYCH 2&#8243;][vc_empty_space][vc_column_text]<\/p>\n<h1 style=\"text-align: center;\"><a href=\"https:\/\/www.kinoteka.pl\/seanse-filmowe\/movie,7183,blok-filmow-krotkometrazowych-2\" target=\"_blank\" rel=\"noopener noreferrer\"><span style=\"color: #000000;\">BILETY<\/span><\/a><\/h1>\n<p>[\/vc_column_text][vc_empty_space][\/vc_column][\/vc_row][vc_row][vc_column][vc_empty_space][\/vc_column][\/vc_row][vc_row][vc_column][film_video film_style=&#8221;1&#8243; film_list_id=&#8221;13755, 13756, 13759, 13748, 13762, 13760, 13615&#8243;][vc_empty_space][\/vc_column][\/vc_row][vc_row][vc_column][vc_column_text]<\/p>\n<p>[\/vc_column_text][vc_empty_space][film_textblock text_small=&#8221;kr\u00f3tkometra\u017cowe&#8221; text_big=&#8221;BLOK FILM\u00d3W KR\u00d3TKOMETRA\u017bOWYCH 3&#8243;][vc_empty_space][vc_column_text]<\/p>\n<h1 style=\"text-align: center;\"><a href=\"https:\/\/www.kinoteka.pl\/seanse-filmowe\/movie,7184,blok-filmow-krotkometrazowych-3\" target=\"_blank\" rel=\"noopener noreferrer\"><span style=\"color: #000000;\">BILETY<\/span><\/a><\/h1>\n<p>[\/vc_column_text][\/vc_column][\/vc_row][vc_row][vc_column][vc_empty_space][\/vc_column][\/vc_row][vc_row][vc_column][film_video film_style=&#8221;1&#8243; film_list_id=&#8221;13754, 13757, 13758, 13752, 13763, 13765, 13747&#8243;][\/vc_column][\/vc_row][vc_row][vc_column][vc_column_text]<\/p>\n<p>&nbsp;<\/p>\n<p>&nbsp;<\/p>\n<p>[\/vc_column_text][\/vc_column][\/vc_row]<\/p>","protected":false},"excerpt":{"rendered":"<p>[vc_row][vc_column][vc_column_text] [\/vc_column_text][\/vc_column][\/vc_row][vc_row][vc_column][vc_empty_space][vc_column_text] [\/vc_column_text][vc_empty_space][film_textblock text_small=&#8221;kr\u00f3tkometra\u017cowe&#8221; text_big=&#8221;BLOK FILM\u00d3W KR\u00d3TKOMETRA\u017bOWYCH 1 KONKURS M\u00c9LI\u00c8S D\u2019ARGENT&#8221;][vc_empty_space][vc_column_text] BILETY [\/vc_column_text][\/vc_column][\/vc_row][vc_row][vc_column][vc_empty_space][\/vc_column][\/vc_row][vc_row][vc_column][film_video film_style=&#8221;1&#8243; film_list_id=&#8221;13749, 13764, 13766, 13750, 13753, 13751&#8243;][\/vc_column][\/vc_row][vc_row][vc_column][vc_column_text] [\/vc_column_text][vc_empty_space][film_textblock text_small=&#8221;kr\u00f3tkometra\u017cowe&#8221; text_big=&#8221;BLOK FILM\u00d3W KR\u00d3TKOMETRA\u017bOWYCH 2&#8243;][vc_empty_space][vc_column_text] BILETY [\/vc_column_text][vc_empty_space][\/vc_column][\/vc_row][vc_row][vc_column][vc_empty_space][\/vc_column][\/vc_row][vc_row][vc_column][film_video film_style=&#8221;1&#8243; film_list_id=&#8221;13755, 13756, 13759, 13748, 13762, 13760, 13615&#8243;][vc_empty_space][\/vc_column][\/vc_row][vc_row][vc_column][vc_column_text] [\/vc_column_text][vc_empty_space][film_textblock text_small=&#8221;kr\u00f3tkometra\u017cowe&#8221; text_big=&#8221;BLOK FILM\u00d3W KR\u00d3TKOMETRA\u017bOWYCH 3&#8243;][vc_empty_space][vc_column_text] BILETY [\/vc_column_text][\/vc_column][\/vc_row][vc_row][vc_column][vc_empty_space][\/vc_column][\/vc_row][vc_row][vc_column][film_video film_style=&#8221;1&#8243; film_list_id=&#8221;13754, 13757, 13758, 13752, 13763, 13765, 13747&#8243;][\/vc_column][\/vc_row][vc_row][vc_column][vc_column_text] &nbsp; &nbsp; [\/vc_column_text][\/vc_column][\/vc_row]<\/p>\n","protected":false},"author":1,"featured_media":0,"parent":0,"menu_order":0,"comment_status":"closed","ping_status":"closed","template":"template-nonesidebar.php","meta":[],"yoast_head":"<!-- This site is optimized with the Yoast SEO plugin v15.2.1 - https:\/\/yoast.com\/wordpress\/plugins\/seo\/ -->\n<title>KR\u00d3TKOMETRA\u017bOWE - Splat!FilmFest<\/title>\n<meta name=\"robots\" content=\"index, follow, max-snippet:-1, max-image-preview:large, max-video-preview:-1\" \/>\n<link rel=\"canonical\" href=\"https:\/\/www.archive.splatfilmfest.com\/index.php\/shorts2023\/\" \/>\n<meta property=\"og:locale\" content=\"pl_PL\" \/>\n<meta property=\"og:type\" content=\"article\" \/>\n<meta property=\"og:title\" content=\"[:pl]KR\u00d3TKOMETRA\u017bOWE[:en]SHORTS[:] - Splat!FilmFest\" \/>\n<meta property=\"og:description\" content=\"[vc_row][vc_column][vc_column_text] [\/vc_column_text][\/vc_column][\/vc_row][vc_row][vc_column][vc_empty_space][vc_column_text] [\/vc_column_text][vc_empty_space][film_textblock text_small=&#8221;kr\u00f3tkometra\u017cowe&#8221; text_big=&#8221;BLOK FILM\u00d3W KR\u00d3TKOMETRA\u017bOWYCH 1 KONKURS M\u00c9LI\u00c8S D\u2019ARGENT&#8221;][vc_empty_space][vc_column_text] BILETY [\/vc_column_text][\/vc_column][\/vc_row][vc_row][vc_column][vc_empty_space][\/vc_column][\/vc_row][vc_row][vc_column][film_video film_style=&#8221;1&#8243; film_list_id=&#8221;13749, 13764, 13766, 13750, 13753, 13751&#8243;][\/vc_column][\/vc_row][vc_row][vc_column][vc_column_text] [\/vc_column_text][vc_empty_space][film_textblock text_small=&#8221;kr\u00f3tkometra\u017cowe&#8221; text_big=&#8221;BLOK FILM\u00d3W KR\u00d3TKOMETRA\u017bOWYCH 2&#8243;][vc_empty_space][vc_column_text] BILETY [\/vc_column_text][vc_empty_space][\/vc_column][\/vc_row][vc_row][vc_column][vc_empty_space][\/vc_column][\/vc_row][vc_row][vc_column][film_video film_style=&#8221;1&#8243; film_list_id=&#8221;13755, 13756, 13759, 13748, 13762, 13760, 13615&#8243;][vc_empty_space][\/vc_column][\/vc_row][vc_row][vc_column][vc_column_text] [\/vc_column_text][vc_empty_space][film_textblock text_small=&#8221;kr\u00f3tkometra\u017cowe&#8221; text_big=&#8221;BLOK FILM\u00d3W KR\u00d3TKOMETRA\u017bOWYCH 3&#8243;][vc_empty_space][vc_column_text] BILETY [\/vc_column_text][\/vc_column][\/vc_row][vc_row][vc_column][vc_empty_space][\/vc_column][\/vc_row][vc_row][vc_column][film_video film_style=&#8221;1&#8243; film_list_id=&#8221;13754, 13757, 13758, 13752, 13763, 13765, 13747&#8243;][\/vc_column][\/vc_row][vc_row][vc_column][vc_column_text] &nbsp; &nbsp; [\/vc_column_text][\/vc_column][\/vc_row]\" \/>\n<meta property=\"og:url\" content=\"https:\/\/www.archive.splatfilmfest.com\/index.php\/shorts2023\/\" \/>\n<meta property=\"og:site_name\" content=\"Splat!FilmFest\" \/>\n<meta property=\"article:publisher\" content=\"https:\/\/www.facebook.com\/splatfilmfest\" \/>\n<meta property=\"article:modified_time\" content=\"2023-10-26T12:32:38+00:00\" \/>\n<meta name=\"twitter:card\" content=\"summary_large_image\" \/>\n<meta name=\"twitter:creator\" content=\"@SplatFilmFest\" \/>\n<meta name=\"twitter:site\" content=\"@SplatFilmFest\" \/>\n<meta name=\"twitter:label1\" content=\"Written by\">\n\t<meta name=\"twitter:data1\" content=\"admin\">\n\t<meta name=\"twitter:label2\" content=\"Est. reading time\">\n\t<meta name=\"twitter:data2\" content=\"2 minuty\">\n<script type=\"application\/ld+json\" class=\"yoast-schema-graph\">{\"@context\":\"https:\/\/schema.org\",\"@graph\":[{\"@type\":\"WebSite\",\"@id\":\"https:\/\/www.archive.splatfilmfest.com\/#website\",\"url\":\"https:\/\/www.archive.splatfilmfest.com\/\",\"name\":\"Splat!FilmFest\",\"description\":\"\",\"potentialAction\":[{\"@type\":\"SearchAction\",\"target\":\"https:\/\/www.archive.splatfilmfest.com\/?s={search_term_string}\",\"query-input\":\"required name=search_term_string\"}],\"inLanguage\":\"pl-PL\"},{\"@type\":\"WebPage\",\"@id\":\"https:\/\/www.archive.splatfilmfest.com\/index.php\/shorts2023\/#webpage\",\"url\":\"https:\/\/www.archive.splatfilmfest.com\/index.php\/shorts2023\/\",\"name\":\"[:pl]KR\\u00d3TKOMETRA\\u017bOWE[:en]SHORTS[:] - Splat!FilmFest\",\"isPartOf\":{\"@id\":\"https:\/\/www.archive.splatfilmfest.com\/#website\"},\"datePublished\":\"2023-10-07T19:06:05+00:00\",\"dateModified\":\"2023-10-26T12:32:38+00:00\",\"inLanguage\":\"pl-PL\",\"potentialAction\":[{\"@type\":\"ReadAction\",\"target\":[\"https:\/\/www.archive.splatfilmfest.com\/index.php\/shorts2023\/\"]}]}]}<\/script>\n<!-- \/ Yoast SEO plugin. -->","_links":{"self":[{"href":"https:\/\/www.archive.splatfilmfest.com\/index.php\/wp-json\/wp\/v2\/pages\/13945"}],"collection":[{"href":"https:\/\/www.archive.splatfilmfest.com\/index.php\/wp-json\/wp\/v2\/pages"}],"about":[{"href":"https:\/\/www.archive.splatfilmfest.com\/index.php\/wp-json\/wp\/v2\/types\/page"}],"author":[{"embeddable":true,"href":"https:\/\/www.archive.splatfilmfest.com\/index.php\/wp-json\/wp\/v2\/users\/1"}],"replies":[{"embeddable":true,"href":"https:\/\/www.archive.splatfilmfest.com\/index.php\/wp-json\/wp\/v2\/comments?post=13945"}],"version-history":[{"count":22,"href":"https:\/\/www.archive.splatfilmfest.com\/index.php\/wp-json\/wp\/v2\/pages\/13945\/revisions"}],"predecessor-version":[{"id":14147,"href":"https:\/\/www.archive.splatfilmfest.com\/index.php\/wp-json\/wp\/v2\/pages\/13945\/revisions\/14147"}],"wp:attachment":[{"href":"https:\/\/www.archive.splatfilmfest.com\/index.php\/wp-json\/wp\/v2\/media?parent=13945"}],"curies":[{"name":"wp","href":"https:\/\/api.w.org\/{rel}","templated":true}]}}