{"id":13920,"date":"2023-10-05T14:59:25","date_gmt":"2023-10-05T12:59:25","guid":{"rendered":"https:\/\/www.archive.splatfilmfest.com\/?page_id=13920"},"modified":"2023-10-08T20:05:47","modified_gmt":"2023-10-08T18:05:47","slug":"biletywroclaw2023","status":"publish","type":"page","link":"https:\/\/www.archive.splatfilmfest.com\/index.php\/biletywroclaw2023\/","title":{"rendered":"BILETY WROC\u0141AW"},"content":{"rendered":"<p><\/p>\n<h2 style=\"padding-left: 40px;\"><span style=\"color: #000000;\"><strong>BILETY I KARNETY<br \/>\n<\/strong><\/span><\/h2>\n<h2 style=\"padding-left: 40px;\"><span style=\"color: #000000;\"><strong>Bilety \u00a0i pakiety mo\u017cna naby\u0107 w kasach Kina Nowe Horyzonty i online na stronie: <a style=\"color: #000000;\" href=\"https:\/\/www.kinonh.pl\/cykl.s?id=960\" target=\"_blank\" rel=\"noopener noreferrer\">kinonh.pl<\/a>.<\/strong><\/span><\/h2>\n<h2 style=\"padding-left: 40px;\"><span style=\"color: #000000;\"><strong>Cennik | Wroc\u0142aw | Kino Nowe Horyzonty:<br \/>\n<\/strong><\/span><\/h2>\n<h2 style=\"padding-left: 40px;\"><span style=\"color: #000000;\">24 z\u0142 \u2013 bilet normalny<\/span><br \/>\n<span style=\"color: #000000;\">22 z\u0142 \u2013 bilet klubowy (ulgowy)<\/span><br \/>\n<span style=\"color: #000000;\">20 z\u0142 \u2013 bilet zni\u017ckowy PAKIET 6+, przy zakupie 6 lub wi\u0119cej bilet\u00f3w na dowolne seanse festiwalowe podczas jednej transakcji, zakup tego pakietu mo\u017cliwy w kasach kina i online. W pakiet nie wlicza si\u0119 seans w ramach cyklu &#8220;Najlepsze z Najgorszych&#8221;.<br \/>\n<\/span><\/h2>\n<h2 style=\"padding-left: 40px;\"><\/h2>\n<h2 style=\"padding-left: 40px;\"><span style=\"color: #000000;\">Nie ma mo\u017cliwo\u015bci rezerwacji bilet\u00f3w i pakiet\u00f3w.<\/span><br \/>\n<span style=\"color: #000000;\">Bilety zakupione online mo\u017cna okaza\u0107 przed sal\u0105 na dowolnym urz\u0105dzeniu mobilnym.<\/span><\/h2>\n<h2 style=\"padding-left: 40px;\"><span style=\"color: #000000;\"><strong>\u00a0<\/strong><\/span><\/h2>\n<h2 style=\"padding-left: 40px;\"><span style=\"color: #000000;\">Kup bilet: <a style=\"color: #000000;\" href=\"https:\/\/www.kinonh.pl\/cykl.s?id=960\" target=\"_blank\" rel=\"noopener noreferrer\"><strong>w<\/strong><strong>ww.kinonh.pl<\/strong><\/a><\/span><\/h2>\n<h2 style=\"padding-left: 40px;\"><\/h2>\n<h2 style=\"padding-left: 40px;\"><span style=\"color: #000000;\"><strong>\u00a0<\/strong><\/span><\/h2>\n<p><\/p>","protected":false},"excerpt":{"rendered":"<p>BILETY I KARNETY Bilety \u00a0i pakiety mo\u017cna naby\u0107 w kasach Kina Nowe Horyzonty i online na stronie: kinonh.pl. Cennik | Wroc\u0142aw | Kino Nowe Horyzonty: 24 z\u0142 \u2013 bilet normalny 22 z\u0142 \u2013 bilet klubowy (ulgowy) 20 z\u0142 \u2013 bilet zni\u017ckowy PAKIET 6+, przy zakupie 6 lub wi\u0119cej bilet\u00f3w na dowolne seanse festiwalowe podczas jednej transakcji, zakup tego pakietu mo\u017cliwy w kasach kina i online. W pakiet nie wlicza si\u0119 seans w ramach cyklu &#8220;Najlepsze z Najgorszych&#8221;. Nie ma mo\u017cliwo\u015bci rezerwacji bilet\u00f3w i pakiet\u00f3w. Bilety zakupione online mo\u017cna okaza\u0107 przed sal\u0105 na dowolnym urz\u0105dzeniu mobilnym. \u00a0 Kup bilet: www.kinonh.pl \u00a0<\/p>\n","protected":false},"author":1,"featured_media":0,"parent":0,"menu_order":0,"comment_status":"closed","ping_status":"closed","template":"","meta":[],"yoast_head":"<!-- This site is optimized with the Yoast SEO plugin v15.2.1 - https:\/\/yoast.com\/wordpress\/plugins\/seo\/ -->\n<title>BILETY WROC\u0141AW - Splat!FilmFest<\/title>\n<meta name=\"robots\" content=\"index, follow, max-snippet:-1, max-image-preview:large, max-video-preview:-1\" \/>\n<link rel=\"canonical\" href=\"https:\/\/www.archive.splatfilmfest.com\/index.php\/biletywroclaw2023\/\" \/>\n<meta property=\"og:locale\" content=\"pl_PL\" \/>\n<meta property=\"og:type\" content=\"article\" \/>\n<meta property=\"og:title\" content=\"[:pl]BILETY WROC\u0141AW[:en]TICKETS WROCLAW[:] - Splat!FilmFest\" \/>\n<meta property=\"og:description\" content=\"BILETY I KARNETY Bilety \u00a0i pakiety mo\u017cna naby\u0107 w kasach Kina Nowe Horyzonty i online na stronie: kinonh.pl. Cennik | Wroc\u0142aw | Kino Nowe Horyzonty: 24 z\u0142 \u2013 bilet normalny 22 z\u0142 \u2013 bilet klubowy (ulgowy) 20 z\u0142 \u2013 bilet zni\u017ckowy PAKIET 6+, przy zakupie 6 lub wi\u0119cej bilet\u00f3w na dowolne seanse festiwalowe podczas jednej transakcji, zakup tego pakietu mo\u017cliwy w kasach kina i online. W pakiet nie wlicza si\u0119 seans w ramach cyklu &#8220;Najlepsze z Najgorszych&#8221;. Nie ma mo\u017cliwo\u015bci rezerwacji bilet\u00f3w i pakiet\u00f3w. Bilety zakupione online mo\u017cna okaza\u0107 przed sal\u0105 na dowolnym urz\u0105dzeniu mobilnym. \u00a0 Kup bilet: www.kinonh.pl \u00a0\" \/>\n<meta property=\"og:url\" content=\"https:\/\/www.archive.splatfilmfest.com\/index.php\/biletywroclaw2023\/\" \/>\n<meta property=\"og:site_name\" content=\"Splat!FilmFest\" \/>\n<meta property=\"article:publisher\" content=\"https:\/\/www.facebook.com\/splatfilmfest\" \/>\n<meta property=\"article:modified_time\" content=\"2023-10-08T18:05:47+00:00\" \/>\n<meta name=\"twitter:card\" content=\"summary_large_image\" \/>\n<meta name=\"twitter:creator\" content=\"@SplatFilmFest\" \/>\n<meta name=\"twitter:site\" content=\"@SplatFilmFest\" \/>\n<meta name=\"twitter:label1\" content=\"Written by\">\n\t<meta name=\"twitter:data1\" content=\"admin\">\n\t<meta name=\"twitter:label2\" content=\"Est. reading time\">\n\t<meta name=\"twitter:data2\" content=\"1 minuta\">\n<script type=\"application\/ld+json\" class=\"yoast-schema-graph\">{\"@context\":\"https:\/\/schema.org\",\"@graph\":[{\"@type\":\"WebSite\",\"@id\":\"https:\/\/www.archive.splatfilmfest.com\/#website\",\"url\":\"https:\/\/www.archive.splatfilmfest.com\/\",\"name\":\"Splat!FilmFest\",\"description\":\"\",\"potentialAction\":[{\"@type\":\"SearchAction\",\"target\":\"https:\/\/www.archive.splatfilmfest.com\/?s={search_term_string}\",\"query-input\":\"required name=search_term_string\"}],\"inLanguage\":\"pl-PL\"},{\"@type\":\"WebPage\",\"@id\":\"https:\/\/www.archive.splatfilmfest.com\/index.php\/biletywroclaw2023\/#webpage\",\"url\":\"https:\/\/www.archive.splatfilmfest.com\/index.php\/biletywroclaw2023\/\",\"name\":\"[:pl]BILETY WROC\\u0141AW[:en]TICKETS WROCLAW[:] - Splat!FilmFest\",\"isPartOf\":{\"@id\":\"https:\/\/www.archive.splatfilmfest.com\/#website\"},\"datePublished\":\"2023-10-05T12:59:25+00:00\",\"dateModified\":\"2023-10-08T18:05:47+00:00\",\"inLanguage\":\"pl-PL\",\"potentialAction\":[{\"@type\":\"ReadAction\",\"target\":[\"https:\/\/www.archive.splatfilmfest.com\/index.php\/biletywroclaw2023\/\"]}]}]}<\/script>\n<!-- \/ Yoast SEO plugin. -->","_links":{"self":[{"href":"https:\/\/www.archive.splatfilmfest.com\/index.php\/wp-json\/wp\/v2\/pages\/13920"}],"collection":[{"href":"https:\/\/www.archive.splatfilmfest.com\/index.php\/wp-json\/wp\/v2\/pages"}],"about":[{"href":"https:\/\/www.archive.splatfilmfest.com\/index.php\/wp-json\/wp\/v2\/types\/page"}],"author":[{"embeddable":true,"href":"https:\/\/www.archive.splatfilmfest.com\/index.php\/wp-json\/wp\/v2\/users\/1"}],"replies":[{"embeddable":true,"href":"https:\/\/www.archive.splatfilmfest.com\/index.php\/wp-json\/wp\/v2\/comments?post=13920"}],"version-history":[{"count":4,"href":"https:\/\/www.archive.splatfilmfest.com\/index.php\/wp-json\/wp\/v2\/pages\/13920\/revisions"}],"predecessor-version":[{"id":14000,"href":"https:\/\/www.archive.splatfilmfest.com\/index.php\/wp-json\/wp\/v2\/pages\/13920\/revisions\/14000"}],"wp:attachment":[{"href":"https:\/\/www.archive.splatfilmfest.com\/index.php\/wp-json\/wp\/v2\/media?parent=13920"}],"curies":[{"name":"wp","href":"https:\/\/api.w.org\/{rel}","templated":true}]}}