{"id":13902,"date":"2023-10-04T20:20:30","date_gmt":"2023-10-04T18:20:30","guid":{"rendered":"https:\/\/www.archive.splatfilmfest.com\/?page_id=13902"},"modified":"2023-10-16T16:49:52","modified_gmt":"2023-10-16T14:49:52","slug":"harmonogram-warszawa-2023","status":"publish","type":"page","link":"https:\/\/www.archive.splatfilmfest.com\/index.php\/harmonogram-warszawa-2023\/","title":{"rendered":"HARMONOGRAM WARSZAWA"},"content":{"rendered":"<p>[vc_row][vc_column][vc_column_text][\/vc_column_text][\/vc_column][\/vc_row][vc_row css=&#8221;.vc_custom_1664562739290{border-radius: 35px !important;}&#8221;][vc_column css=&#8221;.vc_custom_1541148860202{border-top-width: 10px !important;border-right-width: 10px !important;border-left-width: 10px !important;padding-bottom: 10px !important;}&#8221;][vc_column_text css=&#8221;.vc_custom_1664562767785{background-color: #dd9999 !important;border-radius: 10px !important;}&#8221;]<\/p>\n<h1 style=\"padding-left: 160px;\"><strong><span style=\"color: #000000;\">HARMONOGRAM | 9. Splat!FilmFest<\/span><\/strong><br \/>\n<strong><span style=\"color: #000000;\">25 &#8211; 30 pa\u017adziernika 2023<\/span><\/strong><br \/>\n<strong><span style=\"color: #000000;\">WARSZAWA<\/span><\/strong><br \/>\n<strong><span style=\"color: #000000;\">KINOTEKA<\/span><\/strong><br \/>\n<strong><span style=\"color: #000000;\">plac Defilad 1<\/span><\/strong><\/h1>\n<h2 style=\"padding-left: 80px;\"><\/h2>\n<h2 style=\"padding-left: 120px;\"><strong><span style=\"color: #000000;\">25 pa\u017adziernika | \u015aRODA<\/span><\/strong><\/h2>\n<h2 style=\"padding-left: 80px;\"><span style=\"color: #000000;\">sala 4<\/span><br \/>\n<span style=\"color: #000000;\">19:30 \u2013 21:40 | <a href=\"https:\/\/www.archive.splatfilmfest.com\/index.php\/film\/vermin\/\" target=\"_blank\" rel=\"noopener noreferrer\">ROBACTWO<\/a> (FILM OTWARCIA)<\/span><br \/>\n<span style=\"color: #000000;\">22:00 \u2013 23:35 | <a href=\"https:\/\/www.archive.splatfilmfest.com\/index.php\/film\/slotherhouse\/\" target=\"_blank\" rel=\"noopener noreferrer\">SLOTHERHOUSE: LENIWA \u015aMIER\u0106<\/a><\/span><\/h2>\n<h2 style=\"padding-left: 80px;\"><span style=\"color: #000000;\">sala 3<\/span><br \/>\n<span style=\"color: #000000;\">21:50 \u2013 23:20 | <a href=\"https:\/\/www.archive.splatfilmfest.com\/index.php\/film\/le-vourdalak\/\" target=\"_blank\" rel=\"noopener noreferrer\">VOURDALAK<\/a><\/span><\/h2>\n<h2><\/h2>\n<h2 style=\"padding-left: 120px;\"><strong><span style=\"color: #000000;\">26 pa\u017adziernika | CZWARTEK<\/span><\/strong><\/h2>\n<h2 style=\"padding-left: 80px;\"><span style=\"color: #000000;\">sala 4<\/span><\/h2>\n<h2 style=\"padding-left: 80px;\"><span style=\"color: #000000;\">18:00\u2013 19:25 | <a href=\"https:\/\/www.archive.splatfilmfest.com\/index.php\/film\/falling-stars\/\" target=\"_blank\" rel=\"noopener noreferrer\">SPADAJ\u0104CE GWIAZDY<\/a> + Q&amp;A<\/span><br \/>\n<span style=\"color: #000000;\">20:20 \u2013 21:35 | <a href=\"https:\/\/www.archive.splatfilmfest.com\/index.php\/film\/all-fun-and-games\/\" target=\"_blank\" rel=\"noopener noreferrer\">RAZ, DWA, TRZY&#8230; WCHODZISZ DO GRY!<\/a> <\/span><br \/>\n<span style=\"color: #000000;\">22:10 \u2013 23:45 | <a href=\"https:\/\/www.archive.splatfilmfest.com\/index.php\/film\/oko-boga\/\" target=\"_blank\" rel=\"noopener noreferrer\">OKO BOGA \u2013 cykl \u201eNajlepsze z Najgorszych\u201d<\/a><\/span><\/h2>\n<h2 style=\"padding-left: 80px;\"><span style=\"color: #000000;\">sala 3<\/span><\/h2>\n<h2 style=\"padding-left: 80px;\"><span style=\"color: #000000;\">17:00 &#8211; 18:40 | <a style=\"color: #000000;\" href=\"https:\/\/www.archive.splatfilmfest.com\/index.php\/shorts2023\/\" target=\"_blank\" rel=\"noopener noreferrer\">BLOK FILM\u00d3W KR\u00d3TKOMETRA\u017bOWYCH 1 &#8211; KONKURS M\u00c9LI\u00c8S D\u2019ARGENT<\/a><\/span><\/h2>\n<h2 style=\"padding-left: 80px;\"><span style=\"color: #000000;\">19:40 \u2013 21:10 | <a style=\"color: #000000;\" href=\"https:\/\/www.archive.splatfilmfest.com\/index.php\/film\/eight-eyes\/\" target=\"_blank\" rel=\"noopener noreferrer\">Z\u0141E OKO<\/a> + Q&amp;A<\/span><br \/>\n<span style=\"color: #000000;\">22:00 \u2013 23:50 | <a style=\"color: #000000;\" href=\"https:\/\/www.archive.splatfilmfest.com\/index.php\/film\/the-sacrifice-game\/\" target=\"_blank\" rel=\"noopener noreferrer\">GRA W OP\u0118TANIE<\/a><\/span><\/h2>\n<h2 style=\"padding-left: 80px;\"><\/h2>\n<h2 style=\"padding-left: 120px;\"><strong><span style=\"color: #000000;\">27 pa\u017adziernika | PI\u0104TEK<\/span><\/strong><\/h2>\n<h2 style=\"padding-left: 80px;\"><span style=\"color: #000000;\">sala 4<\/span><br \/>\n<span style=\"color: #000000;\">18:00 \u2013 19:20 | <a href=\"https:\/\/www.archive.splatfilmfest.com\/index.php\/film\/palenie-powoduje-kaszel\/\" target=\"_blank\" rel=\"noopener noreferrer\">PALENIE POWODUJE KASZEL<\/a><\/span><br \/>\n<span style=\"color: #000000;\">19:50 \u2013 21:25 | <a href=\"https:\/\/www.archive.splatfilmfest.com\/index.php\/film\/pandemonium\/\" target=\"_blank\" rel=\"noopener noreferrer\">PANDEMONIUM<\/a> + Q&amp;A<\/span><br \/>\n<span style=\"color: #000000;\">22:20 \u2013 23:50 | <a href=\"https:\/\/www.archive.splatfilmfest.com\/index.php\/film\/humanist-vampire-seeking-consenting-suicidal-person\/\" target=\"_blank\" rel=\"noopener noreferrer\">HUMANISTYCZNY WAMPIR POSZUKUJ\u0104CY OSOBY SAMOB\u00d3JCZEJ<\/a><\/span><\/h2>\n<h2 style=\"padding-left: 80px;\"><span style=\"color: #000000;\">sala 3<\/span><br \/>\n<span style=\"color: #000000;\">15:30 \u2013 17:30 | <a href=\"https:\/\/www.archive.splatfilmfest.com\/index.php\/shorts2023\/\" target=\"_blank\" rel=\"noopener noreferrer\">BLOK FILM\u00d3W KR\u00d3TKOMETRA\u017bOWYCH 2<\/a><\/span><br \/>\n<span style=\"color: #000000;\">18:00 \u2013 19:45 | <a href=\"https:\/\/www.archive.splatfilmfest.com\/index.php\/film\/hey-viktor\/\" target=\"_blank\" rel=\"noopener noreferrer\">HEY, VIKTOR!<\/a> <\/span><br \/>\n<span style=\"color: #000000;\">20:10 \u2013 21:45 | <a href=\"https:\/\/www.archive.splatfilmfest.com\/index.php\/film\/hood-witch\/\" target=\"_blank\" rel=\"noopener noreferrer\">HOOD WITCH<\/a><\/span><br \/>\n<span style=\"color: #000000;\">22:10 \u2013 23:50 | <a href=\"https:\/\/www.archive.splatfilmfest.com\/index.php\/film\/na-wlasnosc\/\" target=\"_blank\" rel=\"noopener noreferrer\">NA W\u0141ASNO\u015a\u0106<\/a><\/span><\/h2>\n<h2 style=\"padding-left: 80px;\"><span style=\"color: #000000;\">sala 1<\/span><br \/>\n<span style=\"color: #000000;\">20:00 \u2013 21:50 | <a href=\"https:\/\/www.archive.splatfilmfest.com\/index.php\/film\/vhs85\/\" target=\"_blank\" rel=\"noopener noreferrer\">V\/H\/S\/85<\/a><\/span><\/h2>\n<h2 style=\"padding-left: 80px;\"><span style=\"color: #000000;\">KINOTEKA<\/span><\/h2>\n<h2 style=\"padding-left: 80px;\"><span style=\"color: #000000;\">22:00 &#8211; <a href=\"https:\/\/www.archive.splatfilmfest.com\/index.php\/halloweenparty2023\/\" target=\"_blank\" rel=\"noopener noreferrer\">HALLOWEEN PARTY<\/a><\/span><\/h2>\n<p>&nbsp;<\/p>\n<h2 style=\"padding-left: 120px;\"><strong><span style=\"color: #000000;\">28 pa\u017adziernika | SOBOTA<\/span><\/strong><\/h2>\n<h2 style=\"padding-left: 80px;\"><span style=\"color: #000000;\">sala 4<\/span><br \/>\n<span style=\"color: #000000;\">16:00 \u2013 17:35 | <a href=\"https:\/\/www.archive.splatfilmfest.com\/index.php\/film\/wejscie-klonow-brucea-lee\/\" target=\"_blank\" rel=\"noopener noreferrer\">WEJ\u015aCIE KLON\u00d3W BRUCE&#8217;A LEE<\/a><\/span><br \/>\n<span style=\"color: #000000;\">18:10 \u2013 19:50 | <a href=\"https:\/\/www.archive.splatfilmfest.com\/index.php\/film\/youll-never-find-me\/\" target=\"_blank\" rel=\"noopener noreferrer\">NIGDY MNIE NIE ZNAJDZIECIE<\/a> <\/span><br \/>\n<span style=\"color: #000000;\">20:10 \u2013 21:45 | <a href=\"https:\/\/www.archive.splatfilmfest.com\/index.php\/film\/sleep-2\/\" target=\"_blank\" rel=\"noopener noreferrer\">SLEEP<\/a><\/span><br \/>\n<span style=\"color: #000000;\">22:10 \u2013 23:45 | <a href=\"https:\/\/www.archive.splatfilmfest.com\/index.php\/film\/raging-grace\/\" target=\"_blank\" rel=\"noopener noreferrer\">W\u015aCIEK\u0141O\u015a\u0106 GRACE<\/a><\/span><\/h2>\n<h2 style=\"padding-left: 80px;\"><span style=\"color: #000000;\">sala 3<\/span><br \/>\n<span style=\"color: #000000;\">15:30 \u2013 17:30 | <a href=\"https:\/\/www.archive.splatfilmfest.com\/index.php\/shorts2023\/\" target=\"_blank\" rel=\"noopener noreferrer\">BLOK FILM\u00d3W KR\u00d3TKOMETRA\u017bOWYCH 3<\/a><\/span><br \/>\n<span style=\"color: #000000;\">18:00 \u2013 19:30 | <a href=\"https:\/\/www.archive.splatfilmfest.com\/index.php\/film\/divinity\/\" target=\"_blank\" rel=\"noopener noreferrer\">B\u00d3STWO<\/a><\/span><br \/>\n<span style=\"color: #000000;\">20:00 \u2013 21:30 | <a href=\"https:\/\/www.archive.splatfilmfest.com\/index.php\/film\/off-ramp\/\" target=\"_blank\" rel=\"noopener noreferrer\">OFF RAMP<\/a> + Q&amp;A<\/span><br \/>\n<span style=\"color: #000000;\">22:20 \u2013 23:55 | <a href=\"https:\/\/www.archive.splatfilmfest.com\/index.php\/film\/deadland\/\" target=\"_blank\" rel=\"noopener noreferrer\">DEADLAND<\/a><\/span><\/h2>\n<h2 style=\"padding-left: 80px;\"><span style=\"color: #000000;\">sala 2<\/span><br \/>\n<span style=\"color: #000000;\">21:50 \u2013 23:36 | <a href=\"https:\/\/www.archive.splatfilmfest.com\/index.php\/film\/vermin\/\" target=\"_blank\" rel=\"noopener noreferrer\">ROBACTWO<\/a><\/span><\/h2>\n<h2><\/h2>\n<h2 style=\"padding-left: 120px;\"><strong><span style=\"color: #000000;\">29 pa\u017adziernika | NIEDZIELA<\/span><\/strong><\/h2>\n<h2 style=\"padding-left: 80px;\"><span style=\"color: #000000;\">sala 4<\/span><br \/>\n<span style=\"color: #000000;\">15:30 \u2013 17:00 | <a href=\"https:\/\/www.archive.splatfilmfest.com\/index.php\/film\/szatan-cie-wzywa\/\" target=\"_blank\" rel=\"noopener noreferrer\">SZATAN CI\u0118 WZYWA<\/a> <\/span><br \/>\n<span style=\"color: #000000;\">17:30 \u2013 18:55 | <a href=\"https:\/\/www.archive.splatfilmfest.com\/index.php\/film\/home-sweet-home\/\" target=\"_blank\" rel=\"noopener noreferrer\">GDZIE MIESZKA Z\u0141O<\/a><\/span><br \/>\n<span style=\"color: #000000;\">19:20 \u2013 21:05 | <a href=\"https:\/\/www.archive.splatfilmfest.com\/index.php\/film\/conann\/\" target=\"_blank\" rel=\"noopener noreferrer\">CONANN<\/a><\/span><br \/>\n<span style=\"color: #000000;\">21:30 \u2013 23:10 | <a href=\"https:\/\/www.archive.splatfilmfest.com\/index.php\/film\/suitable-flesh\/\" target=\"_blank\" rel=\"noopener noreferrer\">SUITABLE FLESH<\/a><\/span><\/h2>\n<h2 style=\"padding-left: 80px;\"><span style=\"color: #000000;\">sala 3<\/span><br \/>\n<span style=\"color: #000000;\">14:30 \u2013 16:00 | <a href=\"https:\/\/www.archive.splatfilmfest.com\/index.php\/film\/ze-zycie-ma-sens\/\" target=\"_blank\" rel=\"noopener noreferrer\">\u017bE \u017bYCIE MA SENS<\/a> + Q&amp;A<\/span><br \/>\n<span style=\"color: #000000;\">17:00 \u2013 18:35 | <a href=\"https:\/\/www.archive.splatfilmfest.com\/index.php\/film\/zombie-strain\/\" target=\"_blank\" rel=\"noopener noreferrer\">BUCH ZOMBIE<\/a> + Q&amp;A<\/span><br \/>\n<span style=\"color: #000000;\">19:30 \u2013 21:05 | <a href=\"https:\/\/www.archive.splatfilmfest.com\/index.php\/film\/the-coffeetable\/\" target=\"_blank\" rel=\"noopener noreferrer\">STOLIK KAWOWY<\/a><\/span><br \/>\n<span style=\"color: #000000;\">21:30 \u2013 23:00 | <a href=\"https:\/\/www.archive.splatfilmfest.com\/index.php\/film\/le-vourdalak\/\" target=\"_blank\" rel=\"noopener noreferrer\">VOURDALAK<\/a><\/span><\/h2>\n<h2><\/h2>\n<h2 style=\"padding-left: 120px;\"><strong><span style=\"color: #000000;\">30 pa\u017adziernika | PONIEDZIA\u0141EK<\/span><\/strong><\/h2>\n<h2 style=\"padding-left: 80px;\"><span style=\"color: #000000;\">sala 4<\/span><br \/>\n<span style=\"color: #000000;\">19:00 \u2013 20:45 | <a href=\"https:\/\/www.archive.splatfilmfest.com\/index.php\/film\/thecivil-dead\/\" target=\"_blank\" rel=\"noopener noreferrer\">ZGHOSTOWANY<\/a><\/span><br \/>\n<span style=\"color: #000000;\">21:20 \u2013 22:55 | <a href=\"https:\/\/www.archive.splatfilmfest.com\/index.php\/film\/hood-witch\/\" target=\"_blank\" rel=\"noopener noreferrer\">HOOD WITCH<\/a> (film zamkni\u0119cia festiwalu)<\/span><\/h2>\n<h2 style=\"padding-left: 80px;\"><span style=\"color: #000000;\">sala 3<\/span><br \/>\n<span style=\"color: #000000;\">19:20 \u2013 20:40 | <a href=\"https:\/\/www.archive.splatfilmfest.com\/index.php\/film\/kill-dolly-kill\/\" target=\"_blank\" rel=\"noopener noreferrer\">ZAB\u00d3JCZA DOLLY<\/a><\/span><br \/>\n<span style=\"color: #000000;\">21:10 \u2013 22:50 | <a href=\"https:\/\/www.archive.splatfilmfest.com\/index.php\/film\/give-me-an-a\/\" target=\"_blank\" rel=\"noopener noreferrer\">SPRZECIW<\/a><\/span><\/h2>\n<h2 style=\"padding-left: 80px;\"><\/h2>\n<p>&nbsp;<\/p>\n<p>[\/vc_column_text][\/vc_column][\/vc_row][vc_row][vc_column][vc_column_text]<\/p>\n<p>[\/vc_column_text][\/vc_column][\/vc_row][vc_row][vc_column][vc_column_text][\/vc_column_text][\/vc_column][\/vc_row]<\/p>","protected":false},"excerpt":{"rendered":"<p>[vc_row][vc_column][vc_column_text][\/vc_column_text][\/vc_column][\/vc_row][vc_row css=&#8221;.vc_custom_1664562739290{border-radius: 35px !important;}&#8221;][vc_column css=&#8221;.vc_custom_1541148860202{border-top-width: 10px !important;border-right-width: 10px !important;border-left-width: 10px !important;padding-bottom: 10px !important;}&#8221;][vc_column_text css=&#8221;.vc_custom_1664562767785{background-color: #dd9999 !important;border-radius: 10px !important;}&#8221;] HARMONOGRAM | 9. Splat!FilmFest 25 &#8211; 30 pa\u017adziernika 2023 WARSZAWA KINOTEKA plac Defilad 1 25 pa\u017adziernika | \u015aRODA sala 4 19:30 \u2013 21:40 | ROBACTWO (FILM OTWARCIA) 22:00 \u2013 23:35 | SLOTHERHOUSE: LENIWA \u015aMIER\u0106 sala 3 21:50 \u2013 23:20 | VOURDALAK 26 pa\u017adziernika | CZWARTEK sala 4 18:00\u2013 19:25 | SPADAJ\u0104CE GWIAZDY + Q&amp;A 20:20 \u2013 21:35 | RAZ, DWA, TRZY&#8230; WCHODZISZ DO GRY! 22:10 \u2013 23:45 | OKO BOGA \u2013 cykl \u201eNajlepsze z Najgorszych\u201d sala 3 17:00 &#8211; 18:40 | BLOK FILM\u00d3W KR\u00d3TKOMETRA\u017bOWYCH 1 &#8211; KONKURS M\u00c9LI\u00c8S D\u2019ARGENT 19:40 \u2013 21:10 [&hellip;]<\/p>\n","protected":false},"author":1,"featured_media":0,"parent":0,"menu_order":0,"comment_status":"closed","ping_status":"closed","template":"","meta":[],"yoast_head":"<!-- This site is optimized with the Yoast SEO plugin v15.2.1 - https:\/\/yoast.com\/wordpress\/plugins\/seo\/ -->\n<title>HARMONOGRAM WARSZAWA - Splat!FilmFest<\/title>\n<meta name=\"robots\" content=\"index, follow, max-snippet:-1, max-image-preview:large, max-video-preview:-1\" \/>\n<link rel=\"canonical\" href=\"https:\/\/www.archive.splatfilmfest.com\/index.php\/harmonogram-warszawa-2023\/\" \/>\n<meta property=\"og:locale\" content=\"pl_PL\" \/>\n<meta property=\"og:type\" content=\"article\" \/>\n<meta property=\"og:title\" content=\"HARMONOGRAM WARSZAWA - Splat!FilmFest\" \/>\n<meta property=\"og:description\" content=\"[vc_row][vc_column][vc_column_text][\/vc_column_text][\/vc_column][\/vc_row][vc_row css=&#8221;.vc_custom_1664562739290{border-radius: 35px !important;}&#8221;][vc_column css=&#8221;.vc_custom_1541148860202{border-top-width: 10px !important;border-right-width: 10px !important;border-left-width: 10px !important;padding-bottom: 10px !important;}&#8221;][vc_column_text css=&#8221;.vc_custom_1664562767785{background-color: #dd9999 !important;border-radius: 10px !important;}&#8221;] HARMONOGRAM | 9. Splat!FilmFest 25 &#8211; 30 pa\u017adziernika 2023 WARSZAWA KINOTEKA plac Defilad 1 25 pa\u017adziernika | \u015aRODA sala 4 19:30 \u2013 21:40 | ROBACTWO (FILM OTWARCIA) 22:00 \u2013 23:35 | SLOTHERHOUSE: LENIWA \u015aMIER\u0106 sala 3 21:50 \u2013 23:20 | VOURDALAK 26 pa\u017adziernika | CZWARTEK sala 4 18:00\u2013 19:25 | SPADAJ\u0104CE GWIAZDY + Q&amp;A 20:20 \u2013 21:35 | RAZ, DWA, TRZY&#8230; WCHODZISZ DO GRY! 22:10 \u2013 23:45 | OKO BOGA \u2013 cykl \u201eNajlepsze z Najgorszych\u201d sala 3 17:00 &#8211; 18:40 | BLOK FILM\u00d3W KR\u00d3TKOMETRA\u017bOWYCH 1 &#8211; KONKURS M\u00c9LI\u00c8S D\u2019ARGENT 19:40 \u2013 21:10 [&hellip;]\" \/>\n<meta property=\"og:url\" content=\"https:\/\/www.archive.splatfilmfest.com\/index.php\/harmonogram-warszawa-2023\/\" \/>\n<meta property=\"og:site_name\" content=\"Splat!FilmFest\" \/>\n<meta property=\"article:publisher\" content=\"https:\/\/www.facebook.com\/splatfilmfest\" \/>\n<meta property=\"article:modified_time\" content=\"2023-10-16T14:49:52+00:00\" \/>\n<meta name=\"twitter:card\" content=\"summary_large_image\" \/>\n<meta name=\"twitter:creator\" content=\"@SplatFilmFest\" \/>\n<meta name=\"twitter:site\" content=\"@SplatFilmFest\" \/>\n<meta name=\"twitter:label1\" content=\"Written by\">\n\t<meta name=\"twitter:data1\" content=\"admin\">\n\t<meta name=\"twitter:label2\" content=\"Est. reading time\">\n\t<meta name=\"twitter:data2\" content=\"2 minuty\">\n<script type=\"application\/ld+json\" class=\"yoast-schema-graph\">{\"@context\":\"https:\/\/schema.org\",\"@graph\":[{\"@type\":\"WebSite\",\"@id\":\"https:\/\/www.archive.splatfilmfest.com\/#website\",\"url\":\"https:\/\/www.archive.splatfilmfest.com\/\",\"name\":\"Splat!FilmFest\",\"description\":\"\",\"potentialAction\":[{\"@type\":\"SearchAction\",\"target\":\"https:\/\/www.archive.splatfilmfest.com\/?s={search_term_string}\",\"query-input\":\"required name=search_term_string\"}],\"inLanguage\":\"pl-PL\"},{\"@type\":\"WebPage\",\"@id\":\"https:\/\/www.archive.splatfilmfest.com\/index.php\/harmonogram-warszawa-2023\/#webpage\",\"url\":\"https:\/\/www.archive.splatfilmfest.com\/index.php\/harmonogram-warszawa-2023\/\",\"name\":\"HARMONOGRAM WARSZAWA - Splat!FilmFest\",\"isPartOf\":{\"@id\":\"https:\/\/www.archive.splatfilmfest.com\/#website\"},\"datePublished\":\"2023-10-04T18:20:30+00:00\",\"dateModified\":\"2023-10-16T14:49:52+00:00\",\"inLanguage\":\"pl-PL\",\"potentialAction\":[{\"@type\":\"ReadAction\",\"target\":[\"https:\/\/www.archive.splatfilmfest.com\/index.php\/harmonogram-warszawa-2023\/\"]}]}]}<\/script>\n<!-- \/ Yoast SEO plugin. -->","_links":{"self":[{"href":"https:\/\/www.archive.splatfilmfest.com\/index.php\/wp-json\/wp\/v2\/pages\/13902"}],"collection":[{"href":"https:\/\/www.archive.splatfilmfest.com\/index.php\/wp-json\/wp\/v2\/pages"}],"about":[{"href":"https:\/\/www.archive.splatfilmfest.com\/index.php\/wp-json\/wp\/v2\/types\/page"}],"author":[{"embeddable":true,"href":"https:\/\/www.archive.splatfilmfest.com\/index.php\/wp-json\/wp\/v2\/users\/1"}],"replies":[{"embeddable":true,"href":"https:\/\/www.archive.splatfilmfest.com\/index.php\/wp-json\/wp\/v2\/comments?post=13902"}],"version-history":[{"count":24,"href":"https:\/\/www.archive.splatfilmfest.com\/index.php\/wp-json\/wp\/v2\/pages\/13902\/revisions"}],"predecessor-version":[{"id":14114,"href":"https:\/\/www.archive.splatfilmfest.com\/index.php\/wp-json\/wp\/v2\/pages\/13902\/revisions\/14114"}],"wp:attachment":[{"href":"https:\/\/www.archive.splatfilmfest.com\/index.php\/wp-json\/wp\/v2\/media?parent=13902"}],"curies":[{"name":"wp","href":"https:\/\/api.w.org\/{rel}","templated":true}]}}