{"id":13893,"date":"2023-10-04T19:13:53","date_gmt":"2023-10-04T17:13:53","guid":{"rendered":"https:\/\/www.archive.splatfilmfest.com\/?page_id=13893"},"modified":"2023-10-08T19:59:46","modified_gmt":"2023-10-08T17:59:46","slug":"harmonogramwroclaw2023","status":"publish","type":"page","link":"https:\/\/www.archive.splatfilmfest.com\/index.php\/harmonogramwroclaw2023\/","title":{"rendered":"HARMONOGRAM WROC\u0141AW"},"content":{"rendered":"<p>[vc_row][vc_column][vc_column_text][\/vc_column_text][\/vc_column][\/vc_row][vc_row css=&#8221;.vc_custom_1664562739290{border-radius: 35px !important;}&#8221;][vc_column css=&#8221;.vc_custom_1541148860202{border-top-width: 10px !important;border-right-width: 10px !important;border-left-width: 10px !important;padding-bottom: 10px !important;}&#8221;][vc_column_text css=&#8221;.vc_custom_1664562767785{background-color: #dd9999 !important;border-radius: 10px !important;}&#8221;]<\/p>\n<h1 style=\"padding-left: 160px;\"><span style=\"color: #000000;\">HARMONOGRAM | 9. Splat!FilmFest<\/span><br \/>\n<span style=\"color: #000000;\">25 &#8211; 30 pa\u017adziernika 2023<\/span><br \/>\n<span style=\"color: #000000;\">WROC\u0141AW<\/span><br \/>\n<span style=\"color: #000000;\">KINO NOWE HORYZONTY<\/span><br \/>\n<span style=\"color: #000000;\">Kazimierza Wielkiego 19a\/21<\/span><\/h1>\n<p>&nbsp;<\/p>\n<h2 style=\"padding-left: 120px;\"><strong><span style=\"color: #000000;\">25 pa\u017adziernika | \u015aRODA<\/span><\/strong><\/h2>\n<h2 style=\"padding-left: 80px;\"><span style=\"color: #000000;\">sala 7<\/span><br \/>\n<span style=\"color: #000000;\">20:00 \u2013 22:10 | <a href=\"https:\/\/www.archive.splatfilmfest.com\/index.php\/film\/vermin\/\" target=\"_blank\" rel=\"noopener noreferrer\">ROBACTWO<\/a> (FILM OTWARCIA)<\/span><\/h2>\n<p>&nbsp;<\/p>\n<h2 style=\"padding-left: 120px;\"><strong><span style=\"color: #000000;\">26 pa\u017adziernika | CZWARTEK<\/span><\/strong><\/h2>\n<h2 style=\"padding-left: 80px;\"><span style=\"color: #000000;\">sala 7<\/span><br \/>\n<span style=\"color: #000000;\">19:00 \u2013 20:30 | <a href=\"https:\/\/www.archive.splatfilmfest.com\/index.php\/film\/le-vourdalak\/\" target=\"_blank\" rel=\"noopener noreferrer\">VOURDALAK<\/a><\/span><br \/>\n<span style=\"color: #000000;\">21:00 \u2013 22:40 | <a href=\"https:\/\/www.archive.splatfilmfest.com\/index.php\/film\/the-sacrifice-game\/\" target=\"_blank\" rel=\"noopener noreferrer\">GRA W OP\u0118TANIE<\/a><\/span><\/h2>\n<p>&nbsp;<\/p>\n<h2 style=\"padding-left: 120px;\"><strong><span style=\"color: #000000;\">27 pa\u017adziernika | PI\u0104TEK<\/span><\/strong><\/h2>\n<h2 style=\"padding-left: 80px;\"><span style=\"color: #000000;\">sala 7<\/span><br \/>\n<span style=\"color: #000000;\">19:00 \u2013 20:35 | <a href=\"https:\/\/www.archive.splatfilmfest.com\/index.php\/film\/the-coffeetable\/\" target=\"_blank\" rel=\"noopener noreferrer\">STOLIK KAWOWY<\/a><\/span><br \/>\n<span style=\"color: #000000;\">21:00 \u2013 22:30 | <a href=\"https:\/\/www.archive.splatfilmfest.com\/index.php\/film\/eight-eyes\/\" target=\"_blank\" rel=\"noopener noreferrer\">Z\u0141E OKO<\/a><\/span><\/h2>\n<p>&nbsp;<\/p>\n<h2 style=\"padding-left: 120px;\"><strong><span style=\"color: #000000;\">28 pa\u017adziernika | SOBOTA<\/span><\/strong><\/h2>\n<h2 style=\"padding-left: 80px;\"><span style=\"color: #000000;\">sala 7<\/span><br \/>\n<span style=\"color: #000000;\">17:30 \u2013 19:15 | <a href=\"https:\/\/www.archive.splatfilmfest.com\/index.php\/film\/conann\/\" target=\"_blank\" rel=\"noopener noreferrer\">CONANN<\/a><\/span><br \/>\n<span style=\"color: #000000;\">20:00 \u2013 21:35 | <a href=\"https:\/\/www.archive.splatfilmfest.com\/index.php\/film\/raging-grace\/\" target=\"_blank\" rel=\"noopener noreferrer\">W\u015aCIEK\u0141O\u015a\u0106 GRACE<\/a><\/span><br \/>\n<span style=\"color: #000000;\">22:00 \u2013 23:30 | <a href=\"https:\/\/www.archive.splatfilmfest.com\/index.php\/film\/humanist-vampire-seeking-consenting-suicidal-person\/\" target=\"_blank\" rel=\"noopener noreferrer\">HUMANISTYCZNY WAMPIR POSZUKUJ\u0104CY OSOBY SAMOB\u00d3JCZEJ<\/a><\/span><\/h2>\n<p>&nbsp;<\/p>\n<h2 style=\"padding-left: 120px;\"><strong><span style=\"color: #000000;\">29 pa\u017adziernika | NIEDZIELA<\/span><\/strong><\/h2>\n<h2 style=\"padding-left: 80px;\"><span style=\"color: #000000;\">sala 7<\/span><br \/>\n<span style=\"color: #000000;\">16:00 \u2013 17:30 | <a href=\"https:\/\/www.archive.splatfilmfest.com\/index.php\/film\/szatan-cie-wzywa\/\" target=\"_blank\" rel=\"noopener noreferrer\">SZATAN CI\u0118 WZYWA<\/a><\/span><br \/>\n<span style=\"color: #000000;\">18:00 \u2013 19:20 | <a href=\"https:\/\/www.archive.splatfilmfest.com\/index.php\/film\/palenie-powoduje-kaszel\/\" target=\"_blank\" rel=\"noopener noreferrer\">PALENIE POWODUJE KASZEL<\/a><\/span><br \/>\n<span style=\"color: #000000;\">20:00 \u2013 21:40 | <a href=\"https:\/\/www.archive.splatfilmfest.com\/index.php\/film\/youll-never-find-me\/\" target=\"_blank\" rel=\"noopener noreferrer\">NIGDY MNIE NIE ZNAJDZIECIE<\/a><\/span><\/h2>\n<p>&nbsp;<\/p>\n<h2 style=\"padding-left: 120px;\"><strong><span style=\"color: #000000;\">30 pa\u017adziernika | PONIEDZIA\u0141EK<\/span><\/strong><\/h2>\n<h2 style=\"padding-left: 80px;\"><span style=\"color: #000000;\">sala 1<\/span><br \/>\n<span style=\"color: #000000;\">19:00 \u2013 20:35 | <a href=\"https:\/\/www.archive.splatfilmfest.com\/index.php\/film\/oko-boga\/\" target=\"_blank\" rel=\"noopener noreferrer\">OKO BOGA \u2013 cykl \u201eNajlepsze z Najgorszych\u201d<\/a><\/span><br \/>\n<span style=\"color: #000000;\">sala 7<\/span><br \/>\n<span style=\"color: #000000;\">21:00 \u2013 22:35 | <a href=\"https:\/\/www.archive.splatfilmfest.com\/index.php\/film\/hood-witch\/\" target=\"_blank\" rel=\"noopener noreferrer\">HOOD WITCH<\/a> (FILM ZAMKNI\u0118CIA)<\/span><\/h2>\n<p>&nbsp;<\/p>\n<p>[\/vc_column_text][\/vc_column][\/vc_row][vc_row][vc_column][vc_column_text]<\/p>\n<p>[\/vc_column_text][\/vc_column][\/vc_row][vc_row][vc_column][vc_column_text][\/vc_column_text][\/vc_column][\/vc_row]<\/p>","protected":false},"excerpt":{"rendered":"<p>[vc_row][vc_column][vc_column_text][\/vc_column_text][\/vc_column][\/vc_row][vc_row css=&#8221;.vc_custom_1664562739290{border-radius: 35px !important;}&#8221;][vc_column css=&#8221;.vc_custom_1541148860202{border-top-width: 10px !important;border-right-width: 10px !important;border-left-width: 10px !important;padding-bottom: 10px !important;}&#8221;][vc_column_text css=&#8221;.vc_custom_1664562767785{background-color: #dd9999 !important;border-radius: 10px !important;}&#8221;] HARMONOGRAM | 9. Splat!FilmFest 25 &#8211; 30 pa\u017adziernika 2023 WROC\u0141AW KINO NOWE HORYZONTY Kazimierza Wielkiego 19a\/21 &nbsp; 25 pa\u017adziernika | \u015aRODA sala 7 20:00 \u2013 22:10 | ROBACTWO (FILM OTWARCIA) &nbsp; 26 pa\u017adziernika | CZWARTEK sala 7 19:00 \u2013 20:30 | VOURDALAK 21:00 \u2013 22:40 | GRA W OP\u0118TANIE &nbsp; 27 pa\u017adziernika | PI\u0104TEK sala 7 19:00 \u2013 20:35 | STOLIK KAWOWY 21:00 \u2013 22:30 | Z\u0141E OKO &nbsp; 28 pa\u017adziernika | SOBOTA sala 7 17:30 \u2013 19:15 | CONANN 20:00 \u2013 21:35 | W\u015aCIEK\u0141O\u015a\u0106 GRACE 22:00 \u2013 23:30 | HUMANISTYCZNY WAMPIR [&hellip;]<\/p>\n","protected":false},"author":1,"featured_media":0,"parent":0,"menu_order":0,"comment_status":"closed","ping_status":"closed","template":"","meta":[],"yoast_head":"<!-- This site is optimized with the Yoast SEO plugin v15.2.1 - https:\/\/yoast.com\/wordpress\/plugins\/seo\/ -->\n<title>HARMONOGRAM WROC\u0141AW - Splat!FilmFest<\/title>\n<meta name=\"robots\" content=\"index, follow, max-snippet:-1, max-image-preview:large, max-video-preview:-1\" \/>\n<link rel=\"canonical\" href=\"https:\/\/www.archive.splatfilmfest.com\/index.php\/harmonogramwroclaw2023\/\" \/>\n<meta property=\"og:locale\" content=\"pl_PL\" \/>\n<meta property=\"og:type\" content=\"article\" \/>\n<meta property=\"og:title\" content=\"HARMONOGRAM WROC\u0141AW - Splat!FilmFest\" \/>\n<meta property=\"og:description\" content=\"[vc_row][vc_column][vc_column_text][\/vc_column_text][\/vc_column][\/vc_row][vc_row css=&#8221;.vc_custom_1664562739290{border-radius: 35px !important;}&#8221;][vc_column css=&#8221;.vc_custom_1541148860202{border-top-width: 10px !important;border-right-width: 10px !important;border-left-width: 10px !important;padding-bottom: 10px !important;}&#8221;][vc_column_text css=&#8221;.vc_custom_1664562767785{background-color: #dd9999 !important;border-radius: 10px !important;}&#8221;] HARMONOGRAM | 9. Splat!FilmFest 25 &#8211; 30 pa\u017adziernika 2023 WROC\u0141AW KINO NOWE HORYZONTY Kazimierza Wielkiego 19a\/21 &nbsp; 25 pa\u017adziernika | \u015aRODA sala 7 20:00 \u2013 22:10 | ROBACTWO (FILM OTWARCIA) &nbsp; 26 pa\u017adziernika | CZWARTEK sala 7 19:00 \u2013 20:30 | VOURDALAK 21:00 \u2013 22:40 | GRA W OP\u0118TANIE &nbsp; 27 pa\u017adziernika | PI\u0104TEK sala 7 19:00 \u2013 20:35 | STOLIK KAWOWY 21:00 \u2013 22:30 | Z\u0141E OKO &nbsp; 28 pa\u017adziernika | SOBOTA sala 7 17:30 \u2013 19:15 | CONANN 20:00 \u2013 21:35 | W\u015aCIEK\u0141O\u015a\u0106 GRACE 22:00 \u2013 23:30 | HUMANISTYCZNY WAMPIR [&hellip;]\" \/>\n<meta property=\"og:url\" content=\"https:\/\/www.archive.splatfilmfest.com\/index.php\/harmonogramwroclaw2023\/\" \/>\n<meta property=\"og:site_name\" content=\"Splat!FilmFest\" \/>\n<meta property=\"article:publisher\" content=\"https:\/\/www.facebook.com\/splatfilmfest\" \/>\n<meta property=\"article:modified_time\" content=\"2023-10-08T17:59:46+00:00\" \/>\n<meta name=\"twitter:card\" content=\"summary_large_image\" \/>\n<meta name=\"twitter:creator\" content=\"@SplatFilmFest\" \/>\n<meta name=\"twitter:site\" content=\"@SplatFilmFest\" \/>\n<meta name=\"twitter:label1\" content=\"Written by\">\n\t<meta name=\"twitter:data1\" content=\"admin\">\n\t<meta name=\"twitter:label2\" content=\"Est. reading time\">\n\t<meta name=\"twitter:data2\" content=\"1 minuta\">\n<script type=\"application\/ld+json\" class=\"yoast-schema-graph\">{\"@context\":\"https:\/\/schema.org\",\"@graph\":[{\"@type\":\"WebSite\",\"@id\":\"https:\/\/www.archive.splatfilmfest.com\/#website\",\"url\":\"https:\/\/www.archive.splatfilmfest.com\/\",\"name\":\"Splat!FilmFest\",\"description\":\"\",\"potentialAction\":[{\"@type\":\"SearchAction\",\"target\":\"https:\/\/www.archive.splatfilmfest.com\/?s={search_term_string}\",\"query-input\":\"required name=search_term_string\"}],\"inLanguage\":\"pl-PL\"},{\"@type\":\"WebPage\",\"@id\":\"https:\/\/www.archive.splatfilmfest.com\/index.php\/harmonogramwroclaw2023\/#webpage\",\"url\":\"https:\/\/www.archive.splatfilmfest.com\/index.php\/harmonogramwroclaw2023\/\",\"name\":\"HARMONOGRAM WROC\\u0141AW - Splat!FilmFest\",\"isPartOf\":{\"@id\":\"https:\/\/www.archive.splatfilmfest.com\/#website\"},\"datePublished\":\"2023-10-04T17:13:53+00:00\",\"dateModified\":\"2023-10-08T17:59:46+00:00\",\"inLanguage\":\"pl-PL\",\"potentialAction\":[{\"@type\":\"ReadAction\",\"target\":[\"https:\/\/www.archive.splatfilmfest.com\/index.php\/harmonogramwroclaw2023\/\"]}]}]}<\/script>\n<!-- \/ Yoast SEO plugin. -->","_links":{"self":[{"href":"https:\/\/www.archive.splatfilmfest.com\/index.php\/wp-json\/wp\/v2\/pages\/13893"}],"collection":[{"href":"https:\/\/www.archive.splatfilmfest.com\/index.php\/wp-json\/wp\/v2\/pages"}],"about":[{"href":"https:\/\/www.archive.splatfilmfest.com\/index.php\/wp-json\/wp\/v2\/types\/page"}],"author":[{"embeddable":true,"href":"https:\/\/www.archive.splatfilmfest.com\/index.php\/wp-json\/wp\/v2\/users\/1"}],"replies":[{"embeddable":true,"href":"https:\/\/www.archive.splatfilmfest.com\/index.php\/wp-json\/wp\/v2\/comments?post=13893"}],"version-history":[{"count":11,"href":"https:\/\/www.archive.splatfilmfest.com\/index.php\/wp-json\/wp\/v2\/pages\/13893\/revisions"}],"predecessor-version":[{"id":13997,"href":"https:\/\/www.archive.splatfilmfest.com\/index.php\/wp-json\/wp\/v2\/pages\/13893\/revisions\/13997"}],"wp:attachment":[{"href":"https:\/\/www.archive.splatfilmfest.com\/index.php\/wp-json\/wp\/v2\/media?parent=13893"}],"curies":[{"name":"wp","href":"https:\/\/api.w.org\/{rel}","templated":true}]}}