{"id":13513,"date":"2023-09-24T04:06:47","date_gmt":"2023-09-24T02:06:47","guid":{"rendered":"https:\/\/www.archive.splatfilmfest.com\/?page_id=13513"},"modified":"2023-10-07T20:55:53","modified_gmt":"2023-10-07T18:55:53","slug":"dokumenty-2023","status":"publish","type":"page","link":"https:\/\/www.archive.splatfilmfest.com\/index.php\/dokumenty-2023\/","title":{"rendered":"DOKUMENTY"},"content":{"rendered":"<p>[vc_row][vc_column][vc_empty_space][vc_column_text]<\/p>\n<h1 style=\"padding-left: 80px;\"><span style=\"color: #000000;\"><em>DOKUMENTY to sekcja, w kt\u00f3rej zobaczysz filmy dokumentalne, pe\u0142ne ciekawostek i smaczk\u00f3w zwi\u0105zanych z ciekawymi zjawiskami i kinem gatunkowym, o kt\u00f3rych nie \u015bni\u0142o si\u0119 nawet najwi\u0119kszym filmowym nerdom.<\/em><\/span><\/h1>\n<p>[\/vc_column_text][vc_empty_space][film_textblock text_small=&#8221;features&#8221; text_big=&#8221;DOKUMENTY&#8221;][vc_empty_space][\/vc_column][\/vc_row][vc_row][vc_column][vc_empty_space][\/vc_column][\/vc_row][vc_row][vc_column][film_video film_style=&#8221;1&#8243; film_list_id=&#8221;13511, 13491,&#8221;][\/vc_column][\/vc_row]<\/p>","protected":false},"excerpt":{"rendered":"<p>[vc_row][vc_column][vc_empty_space][vc_column_text] DOKUMENTY to sekcja, w kt\u00f3rej zobaczysz filmy dokumentalne, pe\u0142ne ciekawostek i smaczk\u00f3w zwi\u0105zanych z ciekawymi zjawiskami i kinem gatunkowym, o kt\u00f3rych nie \u015bni\u0142o si\u0119 nawet najwi\u0119kszym filmowym nerdom. [\/vc_column_text][vc_empty_space][film_textblock text_small=&#8221;features&#8221; text_big=&#8221;DOKUMENTY&#8221;][vc_empty_space][\/vc_column][\/vc_row][vc_row][vc_column][vc_empty_space][\/vc_column][\/vc_row][vc_row][vc_column][film_video film_style=&#8221;1&#8243; film_list_id=&#8221;13511, 13491,&#8221;][\/vc_column][\/vc_row]<\/p>\n","protected":false},"author":1,"featured_media":0,"parent":0,"menu_order":0,"comment_status":"closed","ping_status":"closed","template":"template-nonesidebar.php","meta":[],"yoast_head":"<!-- This site is optimized with the Yoast SEO plugin v15.2.1 - https:\/\/yoast.com\/wordpress\/plugins\/seo\/ -->\n<title>DOKUMENTY - Splat!FilmFest<\/title>\n<meta name=\"robots\" content=\"index, follow, max-snippet:-1, max-image-preview:large, max-video-preview:-1\" \/>\n<link rel=\"canonical\" href=\"https:\/\/www.archive.splatfilmfest.com\/index.php\/dokumenty-2023\/\" \/>\n<meta property=\"og:locale\" content=\"pl_PL\" \/>\n<meta property=\"og:type\" content=\"article\" \/>\n<meta property=\"og:title\" content=\"[:pl]DOKUMENTY[:en]DOCS[:] - Splat!FilmFest\" \/>\n<meta property=\"og:description\" content=\"[vc_row][vc_column][vc_empty_space][vc_column_text] DOKUMENTY to sekcja, w kt\u00f3rej zobaczysz filmy dokumentalne, pe\u0142ne ciekawostek i smaczk\u00f3w zwi\u0105zanych z ciekawymi zjawiskami i kinem gatunkowym, o kt\u00f3rych nie \u015bni\u0142o si\u0119 nawet najwi\u0119kszym filmowym nerdom. [\/vc_column_text][vc_empty_space][film_textblock text_small=&#8221;features&#8221; text_big=&#8221;DOKUMENTY&#8221;][vc_empty_space][\/vc_column][\/vc_row][vc_row][vc_column][vc_empty_space][\/vc_column][\/vc_row][vc_row][vc_column][film_video film_style=&#8221;1&#8243; film_list_id=&#8221;13511, 13491,&#8221;][\/vc_column][\/vc_row]\" \/>\n<meta property=\"og:url\" content=\"https:\/\/www.archive.splatfilmfest.com\/index.php\/dokumenty-2023\/\" \/>\n<meta property=\"og:site_name\" content=\"Splat!FilmFest\" \/>\n<meta property=\"article:publisher\" content=\"https:\/\/www.facebook.com\/splatfilmfest\" \/>\n<meta property=\"article:modified_time\" content=\"2023-10-07T18:55:53+00:00\" \/>\n<meta name=\"twitter:card\" content=\"summary_large_image\" \/>\n<meta name=\"twitter:creator\" content=\"@SplatFilmFest\" \/>\n<meta name=\"twitter:site\" content=\"@SplatFilmFest\" \/>\n<meta name=\"twitter:label1\" content=\"Written by\">\n\t<meta name=\"twitter:data1\" content=\"admin\">\n\t<meta name=\"twitter:label2\" content=\"Est. reading time\">\n\t<meta name=\"twitter:data2\" content=\"1 minuta\">\n<script type=\"application\/ld+json\" class=\"yoast-schema-graph\">{\"@context\":\"https:\/\/schema.org\",\"@graph\":[{\"@type\":\"WebSite\",\"@id\":\"https:\/\/www.archive.splatfilmfest.com\/#website\",\"url\":\"https:\/\/www.archive.splatfilmfest.com\/\",\"name\":\"Splat!FilmFest\",\"description\":\"\",\"potentialAction\":[{\"@type\":\"SearchAction\",\"target\":\"https:\/\/www.archive.splatfilmfest.com\/?s={search_term_string}\",\"query-input\":\"required name=search_term_string\"}],\"inLanguage\":\"pl-PL\"},{\"@type\":\"WebPage\",\"@id\":\"https:\/\/www.archive.splatfilmfest.com\/index.php\/dokumenty-2023\/#webpage\",\"url\":\"https:\/\/www.archive.splatfilmfest.com\/index.php\/dokumenty-2023\/\",\"name\":\"[:pl]DOKUMENTY[:en]DOCS[:] - Splat!FilmFest\",\"isPartOf\":{\"@id\":\"https:\/\/www.archive.splatfilmfest.com\/#website\"},\"datePublished\":\"2023-09-24T02:06:47+00:00\",\"dateModified\":\"2023-10-07T18:55:53+00:00\",\"inLanguage\":\"pl-PL\",\"potentialAction\":[{\"@type\":\"ReadAction\",\"target\":[\"https:\/\/www.archive.splatfilmfest.com\/index.php\/dokumenty-2023\/\"]}]}]}<\/script>\n<!-- \/ Yoast SEO plugin. -->","_links":{"self":[{"href":"https:\/\/www.archive.splatfilmfest.com\/index.php\/wp-json\/wp\/v2\/pages\/13513"}],"collection":[{"href":"https:\/\/www.archive.splatfilmfest.com\/index.php\/wp-json\/wp\/v2\/pages"}],"about":[{"href":"https:\/\/www.archive.splatfilmfest.com\/index.php\/wp-json\/wp\/v2\/types\/page"}],"author":[{"embeddable":true,"href":"https:\/\/www.archive.splatfilmfest.com\/index.php\/wp-json\/wp\/v2\/users\/1"}],"replies":[{"embeddable":true,"href":"https:\/\/www.archive.splatfilmfest.com\/index.php\/wp-json\/wp\/v2\/comments?post=13513"}],"version-history":[{"count":8,"href":"https:\/\/www.archive.splatfilmfest.com\/index.php\/wp-json\/wp\/v2\/pages\/13513\/revisions"}],"predecessor-version":[{"id":13942,"href":"https:\/\/www.archive.splatfilmfest.com\/index.php\/wp-json\/wp\/v2\/pages\/13513\/revisions\/13942"}],"wp:attachment":[{"href":"https:\/\/www.archive.splatfilmfest.com\/index.php\/wp-json\/wp\/v2\/media?parent=13513"}],"curies":[{"name":"wp","href":"https:\/\/api.w.org\/{rel}","templated":true}]}}