{"id":13485,"date":"2023-09-24T01:32:36","date_gmt":"2023-09-23T23:32:36","guid":{"rendered":"https:\/\/www.archive.splatfilmfest.com\/?page_id=13485"},"modified":"2023-10-07T20:50:12","modified_gmt":"2023-10-07T18:50:12","slug":"strasznie-smiesznie-2023","status":"publish","type":"page","link":"https:\/\/www.archive.splatfilmfest.com\/index.php\/strasznie-smiesznie-2023\/","title":{"rendered":"STRASZNIE \u015aMIESZNIE"},"content":{"rendered":"<p>[vc_row][vc_column][vc_column_text]<\/p>\n<div class=\"wpb_text_column wpb_content_element \">\n<div class=\"wpb_wrapper\">\n<h1 style=\"padding-left: 80px;\"><span style=\"color: #000000;\"><em>STRASZNIE \u015aMIESZNIE \u2013 w tej sekcji jest troch\u0119 \u015bmieszno, troch\u0119 straszno a przede wszystkim du\u017co frajdy i bardzo czarnego humoru.<\/em><\/span><\/h1>\n<\/div>\n<\/div>\n<p>[\/vc_column_text][film_textblock text_small=&#8221;feature&#8221; text_big=&#8221;STRASZNIE \u015aMIESZNIE&#8221;][\/vc_column][\/vc_row][vc_row][vc_column][vc_empty_space][film_video film_style=&#8221;1&#8243; film_list_id=&#8221;13508, 13480, 13484, 13532, 13607, 13449, 13479, 13558&#8243;][\/vc_column][\/vc_row][vc_row][vc_column][\/vc_column][\/vc_row][vc_row][vc_column][vc_empty_space][\/vc_column][\/vc_row][vc_row][vc_column][\/vc_column][\/vc_row][vc_row][vc_column][vc_column_text]<\/p>\n<p>&nbsp;<\/p>\n<p>[\/vc_column_text][\/vc_column][\/vc_row]<\/p>","protected":false},"excerpt":{"rendered":"<p>[vc_row][vc_column][vc_column_text] STRASZNIE \u015aMIESZNIE \u2013 w tej sekcji jest troch\u0119 \u015bmieszno, troch\u0119 straszno a przede wszystkim du\u017co frajdy i bardzo czarnego humoru. [\/vc_column_text][film_textblock text_small=&#8221;feature&#8221; text_big=&#8221;STRASZNIE \u015aMIESZNIE&#8221;][\/vc_column][\/vc_row][vc_row][vc_column][vc_empty_space][film_video film_style=&#8221;1&#8243; film_list_id=&#8221;13508, 13480, 13484, 13532, 13607, 13449, 13479, 13558&#8243;][\/vc_column][\/vc_row][vc_row][vc_column][\/vc_column][\/vc_row][vc_row][vc_column][vc_empty_space][\/vc_column][\/vc_row][vc_row][vc_column][\/vc_column][\/vc_row][vc_row][vc_column][vc_column_text] &nbsp; [\/vc_column_text][\/vc_column][\/vc_row]<\/p>\n","protected":false},"author":1,"featured_media":13428,"parent":0,"menu_order":0,"comment_status":"closed","ping_status":"closed","template":"template-nonesidebar.php","meta":[],"yoast_head":"<!-- This site is optimized with the Yoast SEO plugin v15.2.1 - https:\/\/yoast.com\/wordpress\/plugins\/seo\/ -->\n<title>STRASZNIE \u015aMIESZNIE - Splat!FilmFest<\/title>\n<meta name=\"robots\" content=\"index, follow, max-snippet:-1, max-image-preview:large, max-video-preview:-1\" \/>\n<link rel=\"canonical\" href=\"https:\/\/www.archive.splatfilmfest.com\/index.php\/strasznie-smiesznie-2023\/\" \/>\n<meta property=\"og:locale\" content=\"pl_PL\" \/>\n<meta property=\"og:type\" content=\"article\" \/>\n<meta property=\"og:title\" content=\"[:pl]STRASZNIE \u015aMIESZNIE[:en]HORRIBLY FUNNY[:] - Splat!FilmFest\" \/>\n<meta property=\"og:description\" content=\"[vc_row][vc_column][vc_column_text] STRASZNIE \u015aMIESZNIE \u2013 w tej sekcji jest troch\u0119 \u015bmieszno, troch\u0119 straszno a przede wszystkim du\u017co frajdy i bardzo czarnego humoru. [\/vc_column_text][film_textblock text_small=&#8221;feature&#8221; text_big=&#8221;STRASZNIE \u015aMIESZNIE&#8221;][\/vc_column][\/vc_row][vc_row][vc_column][vc_empty_space][film_video film_style=&#8221;1&#8243; film_list_id=&#8221;13508, 13480, 13484, 13532, 13607, 13449, 13479, 13558&#8243;][\/vc_column][\/vc_row][vc_row][vc_column][\/vc_column][\/vc_row][vc_row][vc_column][vc_empty_space][\/vc_column][\/vc_row][vc_row][vc_column][\/vc_column][\/vc_row][vc_row][vc_column][vc_column_text] &nbsp; [\/vc_column_text][\/vc_column][\/vc_row]\" \/>\n<meta property=\"og:url\" content=\"https:\/\/www.archive.splatfilmfest.com\/index.php\/strasznie-smiesznie-2023\/\" \/>\n<meta property=\"og:site_name\" content=\"Splat!FilmFest\" \/>\n<meta property=\"article:publisher\" content=\"https:\/\/www.facebook.com\/splatfilmfest\" \/>\n<meta property=\"article:modified_time\" content=\"2023-10-07T18:50:12+00:00\" \/>\n<meta property=\"og:image\" content=\"https:\/\/www.archive.splatfilmfest.com\/wp-content\/uploads\/2023\/09\/OFF-RAMP8.jpg\" \/>\n\t<meta property=\"og:image:width\" content=\"1920\" \/>\n\t<meta property=\"og:image:height\" content=\"1080\" \/>\n<meta name=\"twitter:card\" content=\"summary_large_image\" \/>\n<meta name=\"twitter:creator\" content=\"@SplatFilmFest\" \/>\n<meta name=\"twitter:site\" content=\"@SplatFilmFest\" \/>\n<meta name=\"twitter:label1\" content=\"Written by\">\n\t<meta name=\"twitter:data1\" content=\"admin\">\n\t<meta name=\"twitter:label2\" content=\"Est. reading time\">\n\t<meta name=\"twitter:data2\" content=\"1 minuta\">\n<script type=\"application\/ld+json\" class=\"yoast-schema-graph\">{\"@context\":\"https:\/\/schema.org\",\"@graph\":[{\"@type\":\"WebSite\",\"@id\":\"https:\/\/www.archive.splatfilmfest.com\/#website\",\"url\":\"https:\/\/www.archive.splatfilmfest.com\/\",\"name\":\"Splat!FilmFest\",\"description\":\"\",\"potentialAction\":[{\"@type\":\"SearchAction\",\"target\":\"https:\/\/www.archive.splatfilmfest.com\/?s={search_term_string}\",\"query-input\":\"required name=search_term_string\"}],\"inLanguage\":\"pl-PL\"},{\"@type\":\"ImageObject\",\"@id\":\"https:\/\/www.archive.splatfilmfest.com\/index.php\/strasznie-smiesznie-2023\/#primaryimage\",\"inLanguage\":\"pl-PL\",\"url\":\"https:\/\/www.archive.splatfilmfest.com\/wp-content\/uploads\/2023\/09\/OFF-RAMP8.jpg\",\"width\":1920,\"height\":1080},{\"@type\":\"WebPage\",\"@id\":\"https:\/\/www.archive.splatfilmfest.com\/index.php\/strasznie-smiesznie-2023\/#webpage\",\"url\":\"https:\/\/www.archive.splatfilmfest.com\/index.php\/strasznie-smiesznie-2023\/\",\"name\":\"[:pl]STRASZNIE \\u015aMIESZNIE[:en]HORRIBLY FUNNY[:] - Splat!FilmFest\",\"isPartOf\":{\"@id\":\"https:\/\/www.archive.splatfilmfest.com\/#website\"},\"primaryImageOfPage\":{\"@id\":\"https:\/\/www.archive.splatfilmfest.com\/index.php\/strasznie-smiesznie-2023\/#primaryimage\"},\"datePublished\":\"2023-09-23T23:32:36+00:00\",\"dateModified\":\"2023-10-07T18:50:12+00:00\",\"inLanguage\":\"pl-PL\",\"potentialAction\":[{\"@type\":\"ReadAction\",\"target\":[\"https:\/\/www.archive.splatfilmfest.com\/index.php\/strasznie-smiesznie-2023\/\"]}]}]}<\/script>\n<!-- \/ Yoast SEO plugin. -->","_links":{"self":[{"href":"https:\/\/www.archive.splatfilmfest.com\/index.php\/wp-json\/wp\/v2\/pages\/13485"}],"collection":[{"href":"https:\/\/www.archive.splatfilmfest.com\/index.php\/wp-json\/wp\/v2\/pages"}],"about":[{"href":"https:\/\/www.archive.splatfilmfest.com\/index.php\/wp-json\/wp\/v2\/types\/page"}],"author":[{"embeddable":true,"href":"https:\/\/www.archive.splatfilmfest.com\/index.php\/wp-json\/wp\/v2\/users\/1"}],"replies":[{"embeddable":true,"href":"https:\/\/www.archive.splatfilmfest.com\/index.php\/wp-json\/wp\/v2\/comments?post=13485"}],"version-history":[{"count":9,"href":"https:\/\/www.archive.splatfilmfest.com\/index.php\/wp-json\/wp\/v2\/pages\/13485\/revisions"}],"predecessor-version":[{"id":13938,"href":"https:\/\/www.archive.splatfilmfest.com\/index.php\/wp-json\/wp\/v2\/pages\/13485\/revisions\/13938"}],"wp:featuredmedia":[{"embeddable":true,"href":"https:\/\/www.archive.splatfilmfest.com\/index.php\/wp-json\/wp\/v2\/media\/13428"}],"wp:attachment":[{"href":"https:\/\/www.archive.splatfilmfest.com\/index.php\/wp-json\/wp\/v2\/media?parent=13485"}],"curies":[{"name":"wp","href":"https:\/\/api.w.org\/{rel}","templated":true}]}}