{"id":13204,"date":"2023-01-11T15:28:18","date_gmt":"2023-01-11T14:28:18","guid":{"rendered":"https:\/\/www.archive.splatfilmfest.com\/?page_id=13204"},"modified":"2023-12-12T16:27:30","modified_gmt":"2023-12-12T15:27:30","slug":"submitafilm2024","status":"publish","type":"page","link":"https:\/\/www.archive.splatfilmfest.com\/index.php\/submitafilm2024\/","title":{"rendered":"ZG\u0141O\u015a FILM 2024"},"content":{"rendered":"<p><\/p>\n<h2><span style=\"color: #000000;\">Trwa nab\u00f3r film\u00f3w na 10. Splat!FilmFest 2024.<\/span><\/h2>\n<h2><span style=\"color: #000000;\">Zg\u0142asza\u0107 filmy na festiwal mo\u017cna od 12 grudnia 2023 do 31 czerwca 2024 roku przez platform\u0119 FilmFreeway<br \/>\n<\/span><\/h2>\n<h2><span style=\"color: #000000;\">ZG\u0141O\u015a FILM: <a href=\"https:\/\/filmfreeway.com\/SplatFilmFest\" target=\"_blank\" rel=\"noopener noreferrer\">filmfreeway.com\/SplatFilmFest<\/a> <\/span><\/h2>\n<h2><span style=\"color: #000000;\">REGULAMIN: <a href=\"https:\/\/www.archive.splatfilmfest.com\/wp-content\/uploads\/2023\/12\/PL-Regulamin-10.-SplatFilmFest-2024.pdf\" target=\"_blank\" rel=\"noopener noreferrer\">link<\/a> <\/span><\/h2>\n<h2><span style=\"color: #000000;\">10. Splat!FilmFest odbywa si\u0119 w dniach: 24-31 pa\u017adziernika 2024 w Warszawie (Kinoteka PKiN) i Wroc\u0142awiu (Kino Nowe Horyzonty).<br \/>\n<\/span><\/h2>\n<p><a href=\"https:\/\/filmfreeway.com\/SplatFilmFest\" target=\"_blank\" rel=\"noopener noreferrer\"><img loading=\"lazy\" class=\"size-full wp-image-11829 alignleft\" src=\"https:\/\/www.archive.splatfilmfest.com\/wp-content\/uploads\/2022\/03\/logo-FlmFreeway-.png\" alt=\"\" width=\"526\" height=\"98\" \/><\/a><\/p>","protected":false},"excerpt":{"rendered":"<p>Trwa nab\u00f3r film\u00f3w na 10. Splat!FilmFest 2024. Zg\u0142asza\u0107 filmy na festiwal mo\u017cna od 12 grudnia 2023 do 31 czerwca 2024 roku przez platform\u0119 FilmFreeway ZG\u0141O\u015a FILM: filmfreeway.com\/SplatFilmFest REGULAMIN: link 10. Splat!FilmFest odbywa si\u0119 w dniach: 24-31 pa\u017adziernika 2024 w Warszawie (Kinoteka PKiN) i Wroc\u0142awiu (Kino Nowe Horyzonty).<\/p>\n","protected":false},"author":1,"featured_media":0,"parent":0,"menu_order":0,"comment_status":"closed","ping_status":"closed","template":"","meta":[],"yoast_head":"<!-- This site is optimized with the Yoast SEO plugin v15.2.1 - https:\/\/yoast.com\/wordpress\/plugins\/seo\/ -->\n<title>ZG\u0141O\u015a FILM 2024 - Splat!FilmFest<\/title>\n<meta name=\"robots\" content=\"index, follow, max-snippet:-1, max-image-preview:large, max-video-preview:-1\" \/>\n<link rel=\"canonical\" href=\"https:\/\/www.archive.splatfilmfest.com\/index.php\/submitafilm2024\/?lang=en\" \/>\n<meta property=\"og:locale\" content=\"pl_PL\" \/>\n<meta property=\"og:type\" content=\"article\" \/>\n<meta property=\"og:title\" content=\"[:pl]ZG\u0141O\u015a FILM 2024[:en]SUBMIT A FILM 2024[:] - Splat!FilmFest\" \/>\n<meta property=\"og:description\" content=\"Trwa nab\u00f3r film\u00f3w na 10. Splat!FilmFest 2024. Zg\u0142asza\u0107 filmy na festiwal mo\u017cna od 12 grudnia 2023 do 31 czerwca 2024 roku przez platform\u0119 FilmFreeway ZG\u0141O\u015a FILM: filmfreeway.com\/SplatFilmFest REGULAMIN: link 10. Splat!FilmFest odbywa si\u0119 w dniach: 24-31 pa\u017adziernika 2024 w Warszawie (Kinoteka PKiN) i Wroc\u0142awiu (Kino Nowe Horyzonty).\" \/>\n<meta property=\"og:url\" content=\"https:\/\/www.archive.splatfilmfest.com\/index.php\/submitafilm2024\/?lang=en\" \/>\n<meta property=\"og:site_name\" content=\"Splat!FilmFest\" \/>\n<meta property=\"article:publisher\" content=\"https:\/\/www.facebook.com\/splatfilmfest\" \/>\n<meta property=\"article:modified_time\" content=\"2023-12-12T15:27:30+00:00\" \/>\n<meta property=\"og:image\" content=\"https:\/\/www.splatfilmfest.com\/wp-content\/uploads\/2022\/03\/logo-FlmFreeway-.png\" \/>\n<meta name=\"twitter:card\" content=\"summary_large_image\" \/>\n<meta name=\"twitter:creator\" content=\"@SplatFilmFest\" \/>\n<meta name=\"twitter:site\" content=\"@SplatFilmFest\" \/>\n<meta name=\"twitter:label1\" content=\"Written by\">\n\t<meta name=\"twitter:data1\" content=\"admin\">\n\t<meta name=\"twitter:label2\" content=\"Est. reading time\">\n\t<meta name=\"twitter:data2\" content=\"0 minut\">\n<script type=\"application\/ld+json\" class=\"yoast-schema-graph\">{\"@context\":\"https:\/\/schema.org\",\"@graph\":[{\"@type\":\"WebSite\",\"@id\":\"https:\/\/www.archive.splatfilmfest.com\/#website\",\"url\":\"https:\/\/www.archive.splatfilmfest.com\/\",\"name\":\"Splat!FilmFest\",\"description\":\"\",\"potentialAction\":[{\"@type\":\"SearchAction\",\"target\":\"https:\/\/www.archive.splatfilmfest.com\/?s={search_term_string}\",\"query-input\":\"required name=search_term_string\"}],\"inLanguage\":\"pl-PL\"},{\"@type\":\"ImageObject\",\"@id\":\"https:\/\/www.archive.splatfilmfest.com\/index.php\/submitafilm2024\/?lang=en#primaryimage\",\"inLanguage\":\"pl-PL\",\"url\":\"https:\/\/www.archive.splatfilmfest.com\/wp-content\/uploads\/2022\/03\/logo-FlmFreeway-.png\",\"width\":526,\"height\":98},{\"@type\":\"WebPage\",\"@id\":\"https:\/\/www.archive.splatfilmfest.com\/index.php\/submitafilm2024\/?lang=en#webpage\",\"url\":\"https:\/\/www.archive.splatfilmfest.com\/index.php\/submitafilm2024\/?lang=en\",\"name\":\"[:pl]ZG\\u0141O\\u015a FILM 2024[:en]SUBMIT A FILM 2024[:] - Splat!FilmFest\",\"isPartOf\":{\"@id\":\"https:\/\/www.archive.splatfilmfest.com\/#website\"},\"primaryImageOfPage\":{\"@id\":\"https:\/\/www.archive.splatfilmfest.com\/index.php\/submitafilm2024\/?lang=en#primaryimage\"},\"datePublished\":\"2023-01-11T14:28:18+00:00\",\"dateModified\":\"2023-12-12T15:27:30+00:00\",\"inLanguage\":\"pl-PL\",\"potentialAction\":[{\"@type\":\"ReadAction\",\"target\":[\"https:\/\/www.archive.splatfilmfest.com\/index.php\/submitafilm2024\/?lang=en\"]}]}]}<\/script>\n<!-- \/ Yoast SEO plugin. -->","_links":{"self":[{"href":"https:\/\/www.archive.splatfilmfest.com\/index.php\/wp-json\/wp\/v2\/pages\/13204"}],"collection":[{"href":"https:\/\/www.archive.splatfilmfest.com\/index.php\/wp-json\/wp\/v2\/pages"}],"about":[{"href":"https:\/\/www.archive.splatfilmfest.com\/index.php\/wp-json\/wp\/v2\/types\/page"}],"author":[{"embeddable":true,"href":"https:\/\/www.archive.splatfilmfest.com\/index.php\/wp-json\/wp\/v2\/users\/1"}],"replies":[{"embeddable":true,"href":"https:\/\/www.archive.splatfilmfest.com\/index.php\/wp-json\/wp\/v2\/comments?post=13204"}],"version-history":[{"count":6,"href":"https:\/\/www.archive.splatfilmfest.com\/index.php\/wp-json\/wp\/v2\/pages\/13204\/revisions"}],"predecessor-version":[{"id":14163,"href":"https:\/\/www.archive.splatfilmfest.com\/index.php\/wp-json\/wp\/v2\/pages\/13204\/revisions\/14163"}],"wp:attachment":[{"href":"https:\/\/www.archive.splatfilmfest.com\/index.php\/wp-json\/wp\/v2\/media?parent=13204"}],"curies":[{"name":"wp","href":"https:\/\/api.w.org\/{rel}","templated":true}]}}