{"id":13158,"date":"2022-10-28T19:02:34","date_gmt":"2022-10-28T17:02:34","guid":{"rendered":"https:\/\/www.archive.splatfilmfest.com\/?page_id=13158"},"modified":"2022-11-04T10:28:03","modified_gmt":"2022-11-04T09:28:03","slug":"konkursy-publicznosci-2022","status":"publish","type":"page","link":"https:\/\/www.archive.splatfilmfest.com\/index.php\/konkursy-publicznosci-2022\/","title":{"rendered":"KONKURSY PUBLICZNO\u015aCI 2022"},"content":{"rendered":"<p><\/p>\n<h2><span style=\"color: #000000;\">[vc_row][vc_column][film_textblock text_small=&#8221;features&#8221; text_big=&#8221;8. Splat!FilmFest 2022&#8243;][vc_empty_space][vc_empty_space][vc_single_image image=&#8221;12572&#8243; img_size=&#8221;full&#8221; alignment=&#8221;center&#8221;][vc_empty_space][vc_empty_space][\/vc_column][\/vc_row]<\/span><\/h2>\n<h2><span style=\"color: #000000;\">Z ogromn\u0105 przyjemno\u015bci\u0105 og\u0142aszamy wyniki g\u0142osowania publiczno\u015bci na najlepsze filmy Splat!FilmFest 2022 dla film\u00f3w pe\u0142nometra\u017cowych i kr\u00f3tkometra\u017cowych.<\/span><\/h2>\n<h2><\/h2>\n<p>&nbsp;<\/p>\n<h2><strong><span style=\"color: #000000;\">FILMY PE\u0141NOMETRA\u017bOWE<\/span><\/strong><\/h2>\n<ul>\n<li>\n<h2><span style=\"color: #000000;\">najlepszy film: <strong>TERRIFIER 2<\/strong>, re\u017c. Damien Leone<br \/>\n<\/span><\/h2>\n<\/li>\n<li>\n<h2><span style=\"color: #000000;\">najlepsza re\u017cyseria: <strong>TERRIFIER 2<\/strong>, re\u017c. Damien Leone<br \/>\n<\/span><\/h2>\n<\/li>\n<li>\n<h2><span style=\"color: #000000;\">najlepszy scenariusz: <strong>CI\u0118CIE!<\/strong>, re\u017c. Michel Hazanavicius<\/span><\/h2>\n<\/li>\n<li>\n<h2><span style=\"color: #000000;\">najstraszniejszy film: <strong>TERRIFIER 2<\/strong>, re\u017c. Damien Leone<\/span><\/h2>\n<\/li>\n<li>\n<h2><span style=\"color: #000000;\">najbardziej szokuj\u0105cy film: <strong>TERRIFIER 2<\/strong>, re\u017c. Damien Leone<\/span><\/h2>\n<\/li>\n<li>\n<h2><span style=\"color: #000000;\">najlepsze efekty specjalne: <strong>TERRIFIER 2<\/strong>, re\u017c. Damien Leone<\/span><\/h2>\n<\/li>\n<\/ul>\n<h2><\/h2>\n<p>&nbsp;<\/p>\n<h2><strong><span style=\"color: #000000;\">FILMY KR\u00d3TKOMETRA\u017bOWE<\/span><\/strong><\/h2>\n<ul>\n<li>\n<h2><span style=\"color: #000000;\">najlepszy film: <strong>WAMPIR<\/strong>, re\u017c. Olaf Konfederak<\/span><\/h2>\n<\/li>\n<\/ul>\n<h2><\/h2>\n<p>&nbsp;<\/p>\n<h2><strong><span style=\"color: #000000;\">FILMY KR\u00d3TKOMETRA\u017bOWE &#8211; KONKURS M\u00c9LI\u00c8S D\u2019ARGENT<\/span><\/strong><\/h2>\n<ul>\n<li>\n<h2><span style=\"color: #000000;\">najlepszy film: <strong>THE HERO<\/strong>, re\u017c. Milena Dutkowska<\/span><\/h2>\n<\/li>\n<\/ul>\n<h2><\/h2>\n<p>&nbsp;<\/p>\n<h2><span style=\"color: #000000;\">STRASZNIE GRATULUJEMY!<\/span><\/h2>\n<h2><\/h2>\n<p>&nbsp;<\/p>\n<h2><span style=\"color: #000000;\">Widz\u00f3w, kt\u00f3rzy wzi\u0119li udzia\u0142 w g\u0142osowaniu i wygrali nagrody, poinformujemy mailowo.<\/span><\/h2>\n<p>&nbsp;<\/p>\n<p>&nbsp;<\/p>","protected":false},"excerpt":{"rendered":"<p>[vc_row][vc_column][film_textblock text_small=&#8221;features&#8221; text_big=&#8221;8. Splat!FilmFest 2022&#8243;][vc_empty_space][vc_empty_space][vc_single_image image=&#8221;12572&#8243; img_size=&#8221;full&#8221; alignment=&#8221;center&#8221;][vc_empty_space][vc_empty_space][\/vc_column][\/vc_row] Z ogromn\u0105 przyjemno\u015bci\u0105 og\u0142aszamy wyniki g\u0142osowania publiczno\u015bci na najlepsze filmy Splat!FilmFest 2022 dla film\u00f3w pe\u0142nometra\u017cowych i kr\u00f3tkometra\u017cowych. &nbsp; FILMY PE\u0141NOMETRA\u017bOWE najlepszy film: TERRIFIER 2, re\u017c. Damien Leone najlepsza re\u017cyseria: TERRIFIER 2, re\u017c. Damien Leone najlepszy scenariusz: CI\u0118CIE!, re\u017c. Michel Hazanavicius najstraszniejszy film: TERRIFIER 2, re\u017c. Damien Leone najbardziej szokuj\u0105cy film: TERRIFIER 2, re\u017c. Damien Leone najlepsze efekty specjalne: TERRIFIER 2, re\u017c. Damien Leone &nbsp; FILMY KR\u00d3TKOMETRA\u017bOWE najlepszy film: WAMPIR, re\u017c. Olaf Konfederak &nbsp; FILMY KR\u00d3TKOMETRA\u017bOWE &#8211; KONKURS M\u00c9LI\u00c8S D\u2019ARGENT najlepszy film: THE HERO, re\u017c. Milena Dutkowska &nbsp; STRASZNIE GRATULUJEMY! &nbsp; Widz\u00f3w, kt\u00f3rzy wzi\u0119li udzia\u0142 w g\u0142osowaniu i wygrali nagrody, poinformujemy mailowo. &nbsp; [&hellip;]<\/p>\n","protected":false},"author":7,"featured_media":0,"parent":0,"menu_order":0,"comment_status":"closed","ping_status":"closed","template":"","meta":[],"yoast_head":"<!-- This site is optimized with the Yoast SEO plugin v15.2.1 - https:\/\/yoast.com\/wordpress\/plugins\/seo\/ -->\n<title>KONKURSY PUBLICZNO\u015aCI 2022 - Splat!FilmFest<\/title>\n<meta name=\"robots\" content=\"index, follow, max-snippet:-1, max-image-preview:large, max-video-preview:-1\" \/>\n<link rel=\"canonical\" href=\"https:\/\/www.archive.splatfilmfest.com\/index.php\/konkursy-publicznosci-2022\/\" \/>\n<meta property=\"og:locale\" content=\"pl_PL\" \/>\n<meta property=\"og:type\" content=\"article\" \/>\n<meta property=\"og:title\" content=\"[:pl]KONKURSY PUBLICZNO\u015aCI 2022[:en]AUDIENCE AWARDS 2022[:] - Splat!FilmFest\" \/>\n<meta property=\"og:description\" content=\"[vc_row][vc_column][film_textblock text_small=&#8221;features&#8221; text_big=&#8221;8. Splat!FilmFest 2022&#8243;][vc_empty_space][vc_empty_space][vc_single_image image=&#8221;12572&#8243; img_size=&#8221;full&#8221; alignment=&#8221;center&#8221;][vc_empty_space][vc_empty_space][\/vc_column][\/vc_row] Z ogromn\u0105 przyjemno\u015bci\u0105 og\u0142aszamy wyniki g\u0142osowania publiczno\u015bci na najlepsze filmy Splat!FilmFest 2022 dla film\u00f3w pe\u0142nometra\u017cowych i kr\u00f3tkometra\u017cowych. &nbsp; FILMY PE\u0141NOMETRA\u017bOWE najlepszy film: TERRIFIER 2, re\u017c. Damien Leone najlepsza re\u017cyseria: TERRIFIER 2, re\u017c. Damien Leone najlepszy scenariusz: CI\u0118CIE!, re\u017c. Michel Hazanavicius najstraszniejszy film: TERRIFIER 2, re\u017c. Damien Leone najbardziej szokuj\u0105cy film: TERRIFIER 2, re\u017c. Damien Leone najlepsze efekty specjalne: TERRIFIER 2, re\u017c. Damien Leone &nbsp; FILMY KR\u00d3TKOMETRA\u017bOWE najlepszy film: WAMPIR, re\u017c. Olaf Konfederak &nbsp; FILMY KR\u00d3TKOMETRA\u017bOWE &#8211; KONKURS M\u00c9LI\u00c8S D\u2019ARGENT najlepszy film: THE HERO, re\u017c. Milena Dutkowska &nbsp; STRASZNIE GRATULUJEMY! &nbsp; Widz\u00f3w, kt\u00f3rzy wzi\u0119li udzia\u0142 w g\u0142osowaniu i wygrali nagrody, poinformujemy mailowo. &nbsp; [&hellip;]\" \/>\n<meta property=\"og:url\" content=\"https:\/\/www.archive.splatfilmfest.com\/index.php\/konkursy-publicznosci-2022\/\" \/>\n<meta property=\"og:site_name\" content=\"Splat!FilmFest\" \/>\n<meta property=\"article:publisher\" content=\"https:\/\/www.facebook.com\/splatfilmfest\" \/>\n<meta property=\"article:modified_time\" content=\"2022-11-04T09:28:03+00:00\" \/>\n<meta name=\"twitter:card\" content=\"summary_large_image\" \/>\n<meta name=\"twitter:creator\" content=\"@SplatFilmFest\" \/>\n<meta name=\"twitter:site\" content=\"@SplatFilmFest\" \/>\n<meta name=\"twitter:label1\" content=\"Written by\">\n\t<meta name=\"twitter:data1\" content=\"Leokadia\">\n\t<meta name=\"twitter:label2\" content=\"Est. reading time\">\n\t<meta name=\"twitter:data2\" content=\"1 minuta\">\n<script type=\"application\/ld+json\" class=\"yoast-schema-graph\">{\"@context\":\"https:\/\/schema.org\",\"@graph\":[{\"@type\":\"WebSite\",\"@id\":\"https:\/\/www.archive.splatfilmfest.com\/#website\",\"url\":\"https:\/\/www.archive.splatfilmfest.com\/\",\"name\":\"Splat!FilmFest\",\"description\":\"\",\"potentialAction\":[{\"@type\":\"SearchAction\",\"target\":\"https:\/\/www.archive.splatfilmfest.com\/?s={search_term_string}\",\"query-input\":\"required name=search_term_string\"}],\"inLanguage\":\"pl-PL\"},{\"@type\":\"WebPage\",\"@id\":\"https:\/\/www.archive.splatfilmfest.com\/index.php\/konkursy-publicznosci-2022\/#webpage\",\"url\":\"https:\/\/www.archive.splatfilmfest.com\/index.php\/konkursy-publicznosci-2022\/\",\"name\":\"[:pl]KONKURSY PUBLICZNO\\u015aCI 2022[:en]AUDIENCE AWARDS 2022[:] - Splat!FilmFest\",\"isPartOf\":{\"@id\":\"https:\/\/www.archive.splatfilmfest.com\/#website\"},\"datePublished\":\"2022-10-28T17:02:34+00:00\",\"dateModified\":\"2022-11-04T09:28:03+00:00\",\"inLanguage\":\"pl-PL\",\"potentialAction\":[{\"@type\":\"ReadAction\",\"target\":[\"https:\/\/www.archive.splatfilmfest.com\/index.php\/konkursy-publicznosci-2022\/\"]}]}]}<\/script>\n<!-- \/ Yoast SEO plugin. -->","_links":{"self":[{"href":"https:\/\/www.archive.splatfilmfest.com\/index.php\/wp-json\/wp\/v2\/pages\/13158"}],"collection":[{"href":"https:\/\/www.archive.splatfilmfest.com\/index.php\/wp-json\/wp\/v2\/pages"}],"about":[{"href":"https:\/\/www.archive.splatfilmfest.com\/index.php\/wp-json\/wp\/v2\/types\/page"}],"author":[{"embeddable":true,"href":"https:\/\/www.archive.splatfilmfest.com\/index.php\/wp-json\/wp\/v2\/users\/7"}],"replies":[{"embeddable":true,"href":"https:\/\/www.archive.splatfilmfest.com\/index.php\/wp-json\/wp\/v2\/comments?post=13158"}],"version-history":[{"count":13,"href":"https:\/\/www.archive.splatfilmfest.com\/index.php\/wp-json\/wp\/v2\/pages\/13158\/revisions"}],"predecessor-version":[{"id":13191,"href":"https:\/\/www.archive.splatfilmfest.com\/index.php\/wp-json\/wp\/v2\/pages\/13158\/revisions\/13191"}],"wp:attachment":[{"href":"https:\/\/www.archive.splatfilmfest.com\/index.php\/wp-json\/wp\/v2\/media?parent=13158"}],"curies":[{"name":"wp","href":"https:\/\/api.w.org\/{rel}","templated":true}]}}