{"id":12585,"date":"2022-09-25T02:27:02","date_gmt":"2022-09-25T00:27:02","guid":{"rendered":"https:\/\/www.archive.splatfilmfest.com\/?page_id=12585"},"modified":"2022-09-25T02:43:49","modified_gmt":"2022-09-25T00:43:49","slug":"o-festiwalu2021","status":"publish","type":"page","link":"https:\/\/www.archive.splatfilmfest.com\/index.php\/o-festiwalu2021\/","title":{"rendered":"O FESTIWALU"},"content":{"rendered":"<p>[vc_column][film_discover style_discover=&#8221;3&#8243; small_title=&#8221;Splat!FilmFest 2021&#8243;][\/film_discover][film_discover style_discover=&#8221;3&#8243; image=&#8221;11785&#8243;]<\/p>\n<h2><span style=\"color: #000000;\"><strong>7. edycja Splat!FilmFest \u2013 International Fantastic Film Festival w 2021 roku odbywa si\u0119 w kinach i online w dniach\u00a0 od 17 listopada do 19 grudnia! Tym razem a\u017c w trzech miastach i pierwszy raz we Wroc\u0142awiu, yay! <\/strong><\/span><\/h2>\n<h2><span style=\"color: #000000;\"><strong>Dok\u0142adne terminy:<\/strong><\/span><\/h2>\n<h2><span style=\"color: #000000;\">LUBLIN: Kino CSK\/Centrum Spotkania Kultur, 17 \u2013 21 listopada<\/span><\/h2>\n<h2><span style=\"color: #000000;\">WROC\u0141AW: Kino Nowe Horyzonty, 24 \u2013 28 listopada<\/span><\/h2>\n<h2><span style=\"color: #000000;\">WARSZAWA: Kino Muran\u00f3w, 1 \u2013 5 grudnia<\/span><\/h2>\n<h2><span style=\"color: #000000;\">ONLINE: 6 \u2013 19 grudnia<\/span><\/h2>\n<h2><span style=\"color: #000000;\"><br \/>\nORGANIZATOR FESTIWALU:<br \/>\nNowa Aleksandria<\/span><\/h2>\n<h2><span style=\"color: #000000;\"><br \/>\nWSP\u00d3\u0141ORGANIZATORZY FESTIWALU:<br \/>\nCentrum Spotkania Kultur w Lublinie<br \/>\nKino CSK<br \/>\nKino Nowe Horyzonty<br \/>\nKino Muran\u00f3w<\/span><\/h2>\n<h2><span style=\"color: #000000;\"><br \/>\nFESTIWAL WSP\u00d3\u0141FINANSUJ\u0104:<br \/>\nMinister Kultury, Dziedzictwa Narodowego i Sportu<br \/>\nMiasto Lublin<br \/>\nMiasto Sto\u0142eczne Warszawa<br \/>\nWojew\u00f3dztwo Lubelskie<\/span><\/h2>\n<p>[\/film_discover][\/vc_column]<\/p>","protected":false},"excerpt":{"rendered":"<p>[vc_column][film_discover style_discover=&#8221;3&#8243; small_title=&#8221;Splat!FilmFest 2021&#8243;][\/film_discover][film_discover style_discover=&#8221;3&#8243; image=&#8221;11785&#8243;] 7. edycja Splat!FilmFest \u2013 International Fantastic Film Festival w 2021 roku odbywa si\u0119 w kinach i online w dniach\u00a0 od 17 listopada do 19 grudnia! Tym razem a\u017c w trzech miastach i pierwszy raz we Wroc\u0142awiu, yay! Dok\u0142adne terminy: LUBLIN: Kino CSK\/Centrum Spotkania Kultur, 17 \u2013 21 listopada WROC\u0141AW: Kino Nowe Horyzonty, 24 \u2013 28 listopada WARSZAWA: Kino Muran\u00f3w, 1 \u2013 5 grudnia ONLINE: 6 \u2013 19 grudnia ORGANIZATOR FESTIWALU: Nowa Aleksandria WSP\u00d3\u0141ORGANIZATORZY FESTIWALU: Centrum Spotkania Kultur w Lublinie Kino CSK Kino Nowe Horyzonty Kino Muran\u00f3w FESTIWAL WSP\u00d3\u0141FINANSUJ\u0104: Minister Kultury, Dziedzictwa Narodowego i Sportu Miasto Lublin Miasto Sto\u0142eczne Warszawa Wojew\u00f3dztwo Lubelskie [\/film_discover][\/vc_column]<\/p>\n","protected":false},"author":1,"featured_media":0,"parent":0,"menu_order":0,"comment_status":"closed","ping_status":"closed","template":"","meta":[],"yoast_head":"<!-- This site is optimized with the Yoast SEO plugin v15.2.1 - https:\/\/yoast.com\/wordpress\/plugins\/seo\/ -->\n<title>O FESTIWALU - Splat!FilmFest<\/title>\n<meta name=\"robots\" content=\"index, follow, max-snippet:-1, max-image-preview:large, max-video-preview:-1\" \/>\n<link rel=\"canonical\" href=\"https:\/\/www.archive.splatfilmfest.com\/index.php\/o-festiwalu2021\/\" \/>\n<meta property=\"og:locale\" content=\"pl_PL\" \/>\n<meta property=\"og:type\" content=\"article\" \/>\n<meta property=\"og:title\" content=\"O FESTIWALU - Splat!FilmFest\" \/>\n<meta property=\"og:description\" content=\"[vc_column][film_discover style_discover=&#8221;3&#8243; small_title=&#8221;Splat!FilmFest 2021&#8243;][\/film_discover][film_discover style_discover=&#8221;3&#8243; image=&#8221;11785&#8243;] 7. edycja Splat!FilmFest \u2013 International Fantastic Film Festival w 2021 roku odbywa si\u0119 w kinach i online w dniach\u00a0 od 17 listopada do 19 grudnia! Tym razem a\u017c w trzech miastach i pierwszy raz we Wroc\u0142awiu, yay! Dok\u0142adne terminy: LUBLIN: Kino CSK\/Centrum Spotkania Kultur, 17 \u2013 21 listopada WROC\u0141AW: Kino Nowe Horyzonty, 24 \u2013 28 listopada WARSZAWA: Kino Muran\u00f3w, 1 \u2013 5 grudnia ONLINE: 6 \u2013 19 grudnia ORGANIZATOR FESTIWALU: Nowa Aleksandria WSP\u00d3\u0141ORGANIZATORZY FESTIWALU: Centrum Spotkania Kultur w Lublinie Kino CSK Kino Nowe Horyzonty Kino Muran\u00f3w FESTIWAL WSP\u00d3\u0141FINANSUJ\u0104: Minister Kultury, Dziedzictwa Narodowego i Sportu Miasto Lublin Miasto Sto\u0142eczne Warszawa Wojew\u00f3dztwo Lubelskie [\/film_discover][\/vc_column]\" \/>\n<meta property=\"og:url\" content=\"https:\/\/www.archive.splatfilmfest.com\/index.php\/o-festiwalu2021\/\" \/>\n<meta property=\"og:site_name\" content=\"Splat!FilmFest\" \/>\n<meta property=\"article:publisher\" content=\"https:\/\/www.facebook.com\/splatfilmfest\" \/>\n<meta property=\"article:modified_time\" content=\"2022-09-25T00:43:49+00:00\" \/>\n<meta name=\"twitter:card\" content=\"summary_large_image\" \/>\n<meta name=\"twitter:creator\" content=\"@SplatFilmFest\" \/>\n<meta name=\"twitter:site\" content=\"@SplatFilmFest\" \/>\n<meta name=\"twitter:label1\" content=\"Written by\">\n\t<meta name=\"twitter:data1\" content=\"admin\">\n\t<meta name=\"twitter:label2\" content=\"Est. reading time\">\n\t<meta name=\"twitter:data2\" content=\"0 minut\">\n<script type=\"application\/ld+json\" class=\"yoast-schema-graph\">{\"@context\":\"https:\/\/schema.org\",\"@graph\":[{\"@type\":\"WebSite\",\"@id\":\"https:\/\/www.archive.splatfilmfest.com\/#website\",\"url\":\"https:\/\/www.archive.splatfilmfest.com\/\",\"name\":\"Splat!FilmFest\",\"description\":\"\",\"potentialAction\":[{\"@type\":\"SearchAction\",\"target\":\"https:\/\/www.archive.splatfilmfest.com\/?s={search_term_string}\",\"query-input\":\"required name=search_term_string\"}],\"inLanguage\":\"pl-PL\"},{\"@type\":\"WebPage\",\"@id\":\"https:\/\/www.archive.splatfilmfest.com\/index.php\/o-festiwalu2021\/#webpage\",\"url\":\"https:\/\/www.archive.splatfilmfest.com\/index.php\/o-festiwalu2021\/\",\"name\":\"O FESTIWALU - Splat!FilmFest\",\"isPartOf\":{\"@id\":\"https:\/\/www.archive.splatfilmfest.com\/#website\"},\"datePublished\":\"2022-09-25T00:27:02+00:00\",\"dateModified\":\"2022-09-25T00:43:49+00:00\",\"inLanguage\":\"pl-PL\",\"potentialAction\":[{\"@type\":\"ReadAction\",\"target\":[\"https:\/\/www.archive.splatfilmfest.com\/index.php\/o-festiwalu2021\/\"]}]}]}<\/script>\n<!-- \/ Yoast SEO plugin. -->","_links":{"self":[{"href":"https:\/\/www.archive.splatfilmfest.com\/index.php\/wp-json\/wp\/v2\/pages\/12585"}],"collection":[{"href":"https:\/\/www.archive.splatfilmfest.com\/index.php\/wp-json\/wp\/v2\/pages"}],"about":[{"href":"https:\/\/www.archive.splatfilmfest.com\/index.php\/wp-json\/wp\/v2\/types\/page"}],"author":[{"embeddable":true,"href":"https:\/\/www.archive.splatfilmfest.com\/index.php\/wp-json\/wp\/v2\/users\/1"}],"replies":[{"embeddable":true,"href":"https:\/\/www.archive.splatfilmfest.com\/index.php\/wp-json\/wp\/v2\/comments?post=12585"}],"version-history":[{"count":17,"href":"https:\/\/www.archive.splatfilmfest.com\/index.php\/wp-json\/wp\/v2\/pages\/12585\/revisions"}],"predecessor-version":[{"id":12604,"href":"https:\/\/www.archive.splatfilmfest.com\/index.php\/wp-json\/wp\/v2\/pages\/12585\/revisions\/12604"}],"wp:attachment":[{"href":"https:\/\/www.archive.splatfilmfest.com\/index.php\/wp-json\/wp\/v2\/media?parent=12585"}],"curies":[{"name":"wp","href":"https:\/\/api.w.org\/{rel}","templated":true}]}}