{"id":11858,"date":"2022-09-16T13:38:26","date_gmt":"2022-09-16T11:38:26","guid":{"rendered":"https:\/\/www.archive.splatfilmfest.com\/?page_id=11858"},"modified":"2023-01-11T15:01:47","modified_gmt":"2023-01-11T14:01:47","slug":"program-2022","status":"publish","type":"page","link":"https:\/\/www.archive.splatfilmfest.com\/index.php\/program-2022\/","title":{"rendered":"PROGRAM 2022"},"content":{"rendered":"<p>[vc_row][vc_column][film_textblock text_small=&#8221;features&#8221; text_big=&#8221;8. Splat!FilmFest 2022&#8243;][vc_empty_space][vc_empty_space][vc_single_image image=&#8221;12526&#8243; img_size=&#8221;full&#8221; alignment=&#8221;center&#8221;][vc_empty_space][vc_empty_space][\/vc_column][\/vc_row][vc_row][vc_column][vc_empty_space][vc_empty_space][film_textblock text_small=&#8221;features&#8221; text_big=&#8221;STRACH I TERROR&#8221;][vc_empty_space][vc_empty_space][\/vc_column][\/vc_row][vc_row][vc_column][vc_empty_space][\/vc_column][\/vc_row][vc_row][vc_column][film_video film_style=&#8221;2&#8243; film_list_id=&#8221;12302, 12037, 12032, 12026, 12038, 12020, 12403, 12307, 12299, 12010, 12007, 12413, 12770, 12973&#8243;][vc_empty_space][\/vc_column][\/vc_row][vc_row][vc_column][vc_empty_space][film_textblock text_small=&#8221;features&#8221; text_big=&#8221;STRASZNIE \u015aMIESZNIE&#8221;][vc_empty_space][vc_empty_space][\/vc_column][\/vc_row][vc_row][vc_column][vc_empty_space][\/vc_column][\/vc_row][vc_row][vc_column][film_video film_style=&#8221;2&#8243; film_list_id=&#8221;11854, 12284,12287, 12029, 12014&#8243;][vc_empty_space][vc_empty_space][film_textblock text_small=&#8221;features&#8221; text_big=&#8221;WTF&#8221;][vc_empty_space][vc_empty_space][\/vc_column][\/vc_row][vc_row][vc_column][vc_empty_space][\/vc_column][\/vc_row][vc_row][vc_column][film_video film_style=&#8221;2&#8243; film_list_id=&#8221;12264, 12017, 12290, 12023, 12293&#8243;][vc_empty_space][vc_empty_space][\/vc_column][\/vc_row][vc_row][vc_column][vc_empty_space][vc_empty_space][film_textblock text_small=&#8221;features&#8221; text_big=&#8221;DOKUMENTY&#8221;][vc_empty_space][vc_empty_space][\/vc_column][\/vc_row][vc_row][vc_column][vc_empty_space][\/vc_column][\/vc_row][vc_row][vc_column][film_video film_style=&#8221;2&#8243; film_list_id=&#8221;12261, 12296, 12309&#8243;][\/vc_column][\/vc_row][vc_row][vc_column][vc_empty_space][vc_empty_space][film_textblock text_small=&#8221;features&#8221; text_big=&#8221;KULTOWE&#8221;][vc_empty_space][vc_empty_space][\/vc_column][\/vc_row][vc_row][vc_column][vc_empty_space][\/vc_column][\/vc_row][vc_row][vc_column][film_video film_style=&#8221;2&#8243; film_list_id=&#8221;12305&#8243;][vc_empty_space][\/vc_column][\/vc_row][vc_empty_space][film_textblock text_small=&#8221;features&#8221; text_big=&#8221;cykl NAJLEPSZE Z NAJGORSZYCH&#8221;][vc_empty_space][vc_row][vc_column][vc_empty_space][\/vc_column][\/vc_row][vc_row][vc_column][film_video film_style=&#8221;2&#8243; film_list_id=&#8221;12283&#8243;][\/vc_column][\/vc_row][vc_empty_space][film_textblock text_small=&#8221;kr\u00f3tkometra\u017cowe&#8221; text_big=&#8221;WARSZAWA: BLOK M\u00c9LI\u00c8S D&#8217;ARGENT&#8221;][vc_empty_space][vc_row][vc_column][vc_empty_space][vc_row][\/vc_row][vc_column][\/vc_column][film_video film_style=&#8221;2&#8243; film_list_id=&#8221;12339, 12379, 12375, 12383, 12384, 12387&#8243;][vc_empty_space]<\/p>\n<p>&nbsp;<\/p>\n<p>[film_textblock text_small=&#8221;kr\u00f3tkometra\u017cowe&#8221; text_big=&#8221;WARSZAWA: BLOK II&#8221;][vc_empty_space][vc_row][vc_column][vc_empty_space][\/vc_column][\/vc_row][vc_row][vc_column][film_video film_style=&#8221;2&#8243; film_list_id=&#8221;12312, 12318, 12321, 12348, 12351, 12364&#8243;][vc_row][vc_column][vc_column_text]<\/p>\n<p>&nbsp;<\/p>\n<p>[\/vc_column_text][vc_empty_space][film_textblock text_small=&#8221;kr\u00f3tkometra\u017cowe&#8221; text_big=&#8221;WROC\u0141AW: BLOK I&#8221;][vc_empty_space][\/vc_column][\/vc_row][vc_row][vc_column][vc_empty_space][\/vc_column][\/vc_row][vc_row][vc_column][film_video film_style=&#8221;2&#8243; film_list_id=&#8221;12324, 12371, 12336, 12393, 12390, 12330&#8243;][vc_row][vc_column][vc_column_text]<\/p>\n<p>&nbsp;<\/p>\n<p>[\/vc_column_text][vc_empty_space][film_textblock text_small=&#8221;kr\u00f3tkometra\u017cowe&#8221; text_big=&#8221;WROC\u0141AW: BLOK II&#8221;][vc_empty_space][\/vc_column][\/vc_row][vc_row][vc_column][vc_empty_space][\/vc_column][\/vc_row][vc_row][vc_column][film_video film_style=&#8221;2&#8243; film_list_id=&#8221;12368, 12342, 12333, 12345, 12315, 12327&#8243;][\/vc_column][\/vc_row][vc_row][vc_column][vc_column_text]<\/p>\n<p>&nbsp;<\/p>\n<p>[\/vc_column_text][vc_empty_space][film_textblock text_small=&#8221;features&#8221; text_big=&#8221;GO\u015aCIE&#8221;][vc_empty_space][\/vc_column][\/vc_row][vc_row][vc_column][vc_empty_space][\/vc_column][\/vc_row][vc_row][vc_column][film_video film_style=&#8221;2&#8243; film_list_id=&#8221;13003, 13005, 13007, 13009, 13001, 13011, 13014, 13016, 13018, 13020, 13022&#8243;][\/vc_column][\/vc_row]<\/p>\n<p>&nbsp;<\/p>\n<p>&nbsp;<\/p>\n<h2 style=\"text-align: center;\"><span style=\"color: #000000;\">STRASZNIE ZAPRASZAMY!<\/span><\/h2>\n<p><\/p>","protected":false},"excerpt":{"rendered":"<p>[vc_row][vc_column][film_textblock text_small=&#8221;features&#8221; text_big=&#8221;8. Splat!FilmFest 2022&#8243;][vc_empty_space][vc_empty_space][vc_single_image image=&#8221;12526&#8243; img_size=&#8221;full&#8221; alignment=&#8221;center&#8221;][vc_empty_space][vc_empty_space][\/vc_column][\/vc_row][vc_row][vc_column][vc_empty_space][vc_empty_space][film_textblock text_small=&#8221;features&#8221; text_big=&#8221;STRACH I TERROR&#8221;][vc_empty_space][vc_empty_space][\/vc_column][\/vc_row][vc_row][vc_column][vc_empty_space][\/vc_column][\/vc_row][vc_row][vc_column][film_video film_style=&#8221;2&#8243; film_list_id=&#8221;12302, 12037, 12032, 12026, 12038, 12020, 12403, 12307, 12299, 12010, 12007, 12413, 12770, 12973&#8243;][vc_empty_space][\/vc_column][\/vc_row][vc_row][vc_column][vc_empty_space][film_textblock text_small=&#8221;features&#8221; text_big=&#8221;STRASZNIE \u015aMIESZNIE&#8221;][vc_empty_space][vc_empty_space][\/vc_column][\/vc_row][vc_row][vc_column][vc_empty_space][\/vc_column][\/vc_row][vc_row][vc_column][film_video film_style=&#8221;2&#8243; film_list_id=&#8221;11854, 12284,12287, 12029, 12014&#8243;][vc_empty_space][vc_empty_space][film_textblock text_small=&#8221;features&#8221; text_big=&#8221;WTF&#8221;][vc_empty_space][vc_empty_space][\/vc_column][\/vc_row][vc_row][vc_column][vc_empty_space][\/vc_column][\/vc_row][vc_row][vc_column][film_video film_style=&#8221;2&#8243; film_list_id=&#8221;12264, 12017, 12290, 12023, 12293&#8243;][vc_empty_space][vc_empty_space][\/vc_column][\/vc_row][vc_row][vc_column][vc_empty_space][vc_empty_space][film_textblock text_small=&#8221;features&#8221; text_big=&#8221;DOKUMENTY&#8221;][vc_empty_space][vc_empty_space][\/vc_column][\/vc_row][vc_row][vc_column][vc_empty_space][\/vc_column][\/vc_row][vc_row][vc_column][film_video film_style=&#8221;2&#8243; film_list_id=&#8221;12261, 12296, 12309&#8243;][\/vc_column][\/vc_row][vc_row][vc_column][vc_empty_space][vc_empty_space][film_textblock text_small=&#8221;features&#8221; text_big=&#8221;KULTOWE&#8221;][vc_empty_space][vc_empty_space][\/vc_column][\/vc_row][vc_row][vc_column][vc_empty_space][\/vc_column][\/vc_row][vc_row][vc_column][film_video film_style=&#8221;2&#8243; film_list_id=&#8221;12305&#8243;][vc_empty_space][\/vc_column][\/vc_row][vc_empty_space][film_textblock text_small=&#8221;features&#8221; text_big=&#8221;cykl NAJLEPSZE Z NAJGORSZYCH&#8221;][vc_empty_space][vc_row][vc_column][vc_empty_space][\/vc_column][\/vc_row][vc_row][vc_column][film_video film_style=&#8221;2&#8243; film_list_id=&#8221;12283&#8243;][\/vc_column][\/vc_row][vc_empty_space][film_textblock text_small=&#8221;kr\u00f3tkometra\u017cowe&#8221; text_big=&#8221;WARSZAWA: BLOK M\u00c9LI\u00c8S D&#8217;ARGENT&#8221;][vc_empty_space][vc_row][vc_column][vc_empty_space][vc_row][\/vc_row][vc_column][\/vc_column][film_video film_style=&#8221;2&#8243; film_list_id=&#8221;12339, 12379, 12375, 12383, 12384, 12387&#8243;][vc_empty_space] &nbsp; [film_textblock text_small=&#8221;kr\u00f3tkometra\u017cowe&#8221; text_big=&#8221;WARSZAWA: BLOK II&#8221;][vc_empty_space][vc_row][vc_column][vc_empty_space][\/vc_column][\/vc_row][vc_row][vc_column][film_video film_style=&#8221;2&#8243; film_list_id=&#8221;12312, 12318, 12321, 12348, 12351, 12364&#8243;][vc_row][vc_column][vc_column_text] &nbsp; [\/vc_column_text][vc_empty_space][film_textblock text_small=&#8221;kr\u00f3tkometra\u017cowe&#8221; text_big=&#8221;WROC\u0141AW: BLOK I&#8221;][vc_empty_space][\/vc_column][\/vc_row][vc_row][vc_column][vc_empty_space][\/vc_column][\/vc_row][vc_row][vc_column][film_video film_style=&#8221;2&#8243; film_list_id=&#8221;12324, 12371, 12336, 12393, 12390, 12330&#8243;][vc_row][vc_column][vc_column_text] &nbsp; [\/vc_column_text][vc_empty_space][film_textblock text_small=&#8221;kr\u00f3tkometra\u017cowe&#8221; text_big=&#8221;WROC\u0141AW: BLOK II&#8221;][vc_empty_space][\/vc_column][\/vc_row][vc_row][vc_column][vc_empty_space][\/vc_column][\/vc_row][vc_row][vc_column][film_video film_style=&#8221;2&#8243; film_list_id=&#8221;12368, 12342, 12333, 12345, 12315, [&hellip;]<\/p>\n","protected":false},"author":1,"featured_media":0,"parent":0,"menu_order":0,"comment_status":"closed","ping_status":"closed","template":"","meta":[],"yoast_head":"<!-- This site is optimized with the Yoast SEO plugin v15.2.1 - https:\/\/yoast.com\/wordpress\/plugins\/seo\/ -->\n<title>PROGRAM 2022 - Splat!FilmFest<\/title>\n<meta name=\"robots\" content=\"index, follow, max-snippet:-1, max-image-preview:large, max-video-preview:-1\" \/>\n<link rel=\"canonical\" href=\"https:\/\/www.archive.splatfilmfest.com\/index.php\/program-2022\/\" \/>\n<meta property=\"og:locale\" content=\"pl_PL\" \/>\n<meta property=\"og:type\" content=\"article\" \/>\n<meta property=\"og:title\" content=\"PROGRAM 2022 - Splat!FilmFest\" \/>\n<meta property=\"og:description\" content=\"[vc_row][vc_column][film_textblock text_small=&#8221;features&#8221; text_big=&#8221;8. Splat!FilmFest 2022&#8243;][vc_empty_space][vc_empty_space][vc_single_image image=&#8221;12526&#8243; img_size=&#8221;full&#8221; alignment=&#8221;center&#8221;][vc_empty_space][vc_empty_space][\/vc_column][\/vc_row][vc_row][vc_column][vc_empty_space][vc_empty_space][film_textblock text_small=&#8221;features&#8221; text_big=&#8221;STRACH I TERROR&#8221;][vc_empty_space][vc_empty_space][\/vc_column][\/vc_row][vc_row][vc_column][vc_empty_space][\/vc_column][\/vc_row][vc_row][vc_column][film_video film_style=&#8221;2&#8243; film_list_id=&#8221;12302, 12037, 12032, 12026, 12038, 12020, 12403, 12307, 12299, 12010, 12007, 12413, 12770, 12973&#8243;][vc_empty_space][\/vc_column][\/vc_row][vc_row][vc_column][vc_empty_space][film_textblock text_small=&#8221;features&#8221; text_big=&#8221;STRASZNIE \u015aMIESZNIE&#8221;][vc_empty_space][vc_empty_space][\/vc_column][\/vc_row][vc_row][vc_column][vc_empty_space][\/vc_column][\/vc_row][vc_row][vc_column][film_video film_style=&#8221;2&#8243; film_list_id=&#8221;11854, 12284,12287, 12029, 12014&#8243;][vc_empty_space][vc_empty_space][film_textblock text_small=&#8221;features&#8221; text_big=&#8221;WTF&#8221;][vc_empty_space][vc_empty_space][\/vc_column][\/vc_row][vc_row][vc_column][vc_empty_space][\/vc_column][\/vc_row][vc_row][vc_column][film_video film_style=&#8221;2&#8243; film_list_id=&#8221;12264, 12017, 12290, 12023, 12293&#8243;][vc_empty_space][vc_empty_space][\/vc_column][\/vc_row][vc_row][vc_column][vc_empty_space][vc_empty_space][film_textblock text_small=&#8221;features&#8221; text_big=&#8221;DOKUMENTY&#8221;][vc_empty_space][vc_empty_space][\/vc_column][\/vc_row][vc_row][vc_column][vc_empty_space][\/vc_column][\/vc_row][vc_row][vc_column][film_video film_style=&#8221;2&#8243; film_list_id=&#8221;12261, 12296, 12309&#8243;][\/vc_column][\/vc_row][vc_row][vc_column][vc_empty_space][vc_empty_space][film_textblock text_small=&#8221;features&#8221; text_big=&#8221;KULTOWE&#8221;][vc_empty_space][vc_empty_space][\/vc_column][\/vc_row][vc_row][vc_column][vc_empty_space][\/vc_column][\/vc_row][vc_row][vc_column][film_video film_style=&#8221;2&#8243; film_list_id=&#8221;12305&#8243;][vc_empty_space][\/vc_column][\/vc_row][vc_empty_space][film_textblock text_small=&#8221;features&#8221; text_big=&#8221;cykl NAJLEPSZE Z NAJGORSZYCH&#8221;][vc_empty_space][vc_row][vc_column][vc_empty_space][\/vc_column][\/vc_row][vc_row][vc_column][film_video film_style=&#8221;2&#8243; film_list_id=&#8221;12283&#8243;][\/vc_column][\/vc_row][vc_empty_space][film_textblock text_small=&#8221;kr\u00f3tkometra\u017cowe&#8221; text_big=&#8221;WARSZAWA: BLOK M\u00c9LI\u00c8S D&#8217;ARGENT&#8221;][vc_empty_space][vc_row][vc_column][vc_empty_space][vc_row][\/vc_row][vc_column][\/vc_column][film_video film_style=&#8221;2&#8243; film_list_id=&#8221;12339, 12379, 12375, 12383, 12384, 12387&#8243;][vc_empty_space] &nbsp; [film_textblock text_small=&#8221;kr\u00f3tkometra\u017cowe&#8221; text_big=&#8221;WARSZAWA: BLOK II&#8221;][vc_empty_space][vc_row][vc_column][vc_empty_space][\/vc_column][\/vc_row][vc_row][vc_column][film_video film_style=&#8221;2&#8243; film_list_id=&#8221;12312, 12318, 12321, 12348, 12351, 12364&#8243;][vc_row][vc_column][vc_column_text] &nbsp; [\/vc_column_text][vc_empty_space][film_textblock text_small=&#8221;kr\u00f3tkometra\u017cowe&#8221; text_big=&#8221;WROC\u0141AW: BLOK I&#8221;][vc_empty_space][\/vc_column][\/vc_row][vc_row][vc_column][vc_empty_space][\/vc_column][\/vc_row][vc_row][vc_column][film_video film_style=&#8221;2&#8243; film_list_id=&#8221;12324, 12371, 12336, 12393, 12390, 12330&#8243;][vc_row][vc_column][vc_column_text] &nbsp; [\/vc_column_text][vc_empty_space][film_textblock text_small=&#8221;kr\u00f3tkometra\u017cowe&#8221; text_big=&#8221;WROC\u0141AW: BLOK II&#8221;][vc_empty_space][\/vc_column][\/vc_row][vc_row][vc_column][vc_empty_space][\/vc_column][\/vc_row][vc_row][vc_column][film_video film_style=&#8221;2&#8243; film_list_id=&#8221;12368, 12342, 12333, 12345, 12315, [&hellip;]\" \/>\n<meta property=\"og:url\" content=\"https:\/\/www.archive.splatfilmfest.com\/index.php\/program-2022\/\" \/>\n<meta property=\"og:site_name\" content=\"Splat!FilmFest\" \/>\n<meta property=\"article:publisher\" content=\"https:\/\/www.facebook.com\/splatfilmfest\" \/>\n<meta property=\"article:modified_time\" content=\"2023-01-11T14:01:47+00:00\" \/>\n<meta name=\"twitter:card\" content=\"summary_large_image\" \/>\n<meta name=\"twitter:creator\" content=\"@SplatFilmFest\" \/>\n<meta name=\"twitter:site\" content=\"@SplatFilmFest\" \/>\n<meta name=\"twitter:label1\" content=\"Written by\">\n\t<meta name=\"twitter:data1\" content=\"admin\">\n\t<meta name=\"twitter:label2\" content=\"Est. reading time\">\n\t<meta name=\"twitter:data2\" content=\"5 minut\">\n<script type=\"application\/ld+json\" class=\"yoast-schema-graph\">{\"@context\":\"https:\/\/schema.org\",\"@graph\":[{\"@type\":\"WebSite\",\"@id\":\"https:\/\/www.archive.splatfilmfest.com\/#website\",\"url\":\"https:\/\/www.archive.splatfilmfest.com\/\",\"name\":\"Splat!FilmFest\",\"description\":\"\",\"potentialAction\":[{\"@type\":\"SearchAction\",\"target\":\"https:\/\/www.archive.splatfilmfest.com\/?s={search_term_string}\",\"query-input\":\"required name=search_term_string\"}],\"inLanguage\":\"pl-PL\"},{\"@type\":\"WebPage\",\"@id\":\"https:\/\/www.archive.splatfilmfest.com\/index.php\/program-2022\/#webpage\",\"url\":\"https:\/\/www.archive.splatfilmfest.com\/index.php\/program-2022\/\",\"name\":\"PROGRAM 2022 - Splat!FilmFest\",\"isPartOf\":{\"@id\":\"https:\/\/www.archive.splatfilmfest.com\/#website\"},\"datePublished\":\"2022-09-16T11:38:26+00:00\",\"dateModified\":\"2023-01-11T14:01:47+00:00\",\"inLanguage\":\"pl-PL\",\"potentialAction\":[{\"@type\":\"ReadAction\",\"target\":[\"https:\/\/www.archive.splatfilmfest.com\/index.php\/program-2022\/\"]}]}]}<\/script>\n<!-- \/ Yoast SEO plugin. -->","_links":{"self":[{"href":"https:\/\/www.archive.splatfilmfest.com\/index.php\/wp-json\/wp\/v2\/pages\/11858"}],"collection":[{"href":"https:\/\/www.archive.splatfilmfest.com\/index.php\/wp-json\/wp\/v2\/pages"}],"about":[{"href":"https:\/\/www.archive.splatfilmfest.com\/index.php\/wp-json\/wp\/v2\/types\/page"}],"author":[{"embeddable":true,"href":"https:\/\/www.archive.splatfilmfest.com\/index.php\/wp-json\/wp\/v2\/users\/1"}],"replies":[{"embeddable":true,"href":"https:\/\/www.archive.splatfilmfest.com\/index.php\/wp-json\/wp\/v2\/comments?post=11858"}],"version-history":[{"count":30,"href":"https:\/\/www.archive.splatfilmfest.com\/index.php\/wp-json\/wp\/v2\/pages\/11858\/revisions"}],"predecessor-version":[{"id":13201,"href":"https:\/\/www.archive.splatfilmfest.com\/index.php\/wp-json\/wp\/v2\/pages\/11858\/revisions\/13201"}],"wp:attachment":[{"href":"https:\/\/www.archive.splatfilmfest.com\/index.php\/wp-json\/wp\/v2\/media?parent=11858"}],"curies":[{"name":"wp","href":"https:\/\/api.w.org\/{rel}","templated":true}]}}