{"id":10434,"date":"2020-11-27T19:01:25","date_gmt":"2020-11-27T18:01:25","guid":{"rendered":"https:\/\/www.archive.splatfilmfest.com\/?page_id=10434"},"modified":"2020-11-29T16:55:21","modified_gmt":"2020-11-29T15:55:21","slug":"konkurs-melies-dargent2020","status":"publish","type":"page","link":"https:\/\/www.archive.splatfilmfest.com\/index.php\/konkurs-melies-dargent2020\/","title":{"rendered":"KONKURS M\u00c9LI\u00c8S D\u2019ARGENT"},"content":{"rendered":"<p>[vc_row][vc_column][vc_single_image image=&#8221;10495&#8243; img_size=&#8221;full&#8221; alignment=&#8221;center&#8221; onclick=&#8221;custom_link&#8221; link=&#8221;https:\/\/melies.org&#8221;][vc_empty_space][vc_column_text]<em>Splat!FilmFest jako cz\u0142onek <a href=\"https:\/\/melies.org\/\">The M\u00e9li\u00e8s International Festivals Federation<\/a> jest organizatorem specjalnego konkursu M\u00c9LI\u00c8S D\u2019ARGENT. W konkursie bierze udzia\u0142 6\u00a0europejskich film\u00f3w kr\u00f3tkometra\u017cowych wyselekcjonowanych przez Splat!FilmFest. Na najlepszy film g\u0142osuje online publiczno\u015b\u0107 festiwalu. G\u0142osowa\u0107 online na filmy w ramach konkursu M\u00c9LI\u00c8S D\u2019ARGENT mo\u017cna od 1 do 13 grudnia 2020, pod linkiem: <a href=\"https:\/\/melies.org\" target=\"_blank\" rel=\"noopener noreferrer\">ONLINE<\/a>.<\/em><\/p>\n<p>[\/vc_column_text][vc_empty_space][film_textblock text_small=&#8221;features&#8221; text_big=&#8221;FILMY KONKURSOWE&#8221;][vc_empty_space][\/vc_column][\/vc_row][vc_row][vc_column][vc_empty_space][\/vc_column][\/vc_row][vc_row][vc_column][film_video film_style=&#8221;2&#8243; film_list_id=&#8221;9873, 9852, 9863, 9854, 9848, 9866&#8243;][\/vc_column][\/vc_row]<\/p>","protected":false},"excerpt":{"rendered":"<p>[vc_row][vc_column][vc_single_image image=&#8221;10495&#8243; img_size=&#8221;full&#8221; alignment=&#8221;center&#8221; onclick=&#8221;custom_link&#8221; link=&#8221;https:\/\/melies.org&#8221;][vc_empty_space][vc_column_text]Splat!FilmFest jako cz\u0142onek The M\u00e9li\u00e8s International Festivals Federation jest organizatorem specjalnego konkursu M\u00c9LI\u00c8S D\u2019ARGENT. W konkursie bierze udzia\u0142 6\u00a0europejskich film\u00f3w kr\u00f3tkometra\u017cowych wyselekcjonowanych przez Splat!FilmFest. Na najlepszy film g\u0142osuje online publiczno\u015b\u0107 festiwalu. G\u0142osowa\u0107 online na filmy w ramach konkursu M\u00c9LI\u00c8S D\u2019ARGENT mo\u017cna od 1 do 13 grudnia 2020, pod linkiem: ONLINE. [\/vc_column_text][vc_empty_space][film_textblock text_small=&#8221;features&#8221; text_big=&#8221;FILMY KONKURSOWE&#8221;][vc_empty_space][\/vc_column][\/vc_row][vc_row][vc_column][vc_empty_space][\/vc_column][\/vc_row][vc_row][vc_column][film_video film_style=&#8221;2&#8243; film_list_id=&#8221;9873, 9852, 9863, 9854, 9848, 9866&#8243;][\/vc_column][\/vc_row]<\/p>\n","protected":false},"author":5,"featured_media":9752,"parent":0,"menu_order":0,"comment_status":"closed","ping_status":"closed","template":"","meta":[],"yoast_head":"<!-- This site is optimized with the Yoast SEO plugin v15.2.1 - https:\/\/yoast.com\/wordpress\/plugins\/seo\/ -->\n<title>KONKURS M\u00c9LI\u00c8S D\u2019ARGENT - Splat!FilmFest<\/title>\n<meta name=\"robots\" content=\"index, follow, max-snippet:-1, max-image-preview:large, max-video-preview:-1\" \/>\n<link rel=\"canonical\" href=\"https:\/\/www.archive.splatfilmfest.com\/index.php\/konkurs-melies-dargent2020\/?lang=en\" \/>\n<meta property=\"og:locale\" content=\"pl_PL\" \/>\n<meta property=\"og:type\" content=\"article\" \/>\n<meta property=\"og:title\" content=\"KONKURS M\u00c9LI\u00c8S D\u2019ARGENT - Splat!FilmFest\" \/>\n<meta property=\"og:description\" content=\"[vc_row][vc_column][vc_single_image image=&#8221;10495&#8243; img_size=&#8221;full&#8221; alignment=&#8221;center&#8221; onclick=&#8221;custom_link&#8221; link=&#8221;https:\/\/melies.org&#8221;][vc_empty_space][vc_column_text]Splat!FilmFest jako cz\u0142onek The M\u00e9li\u00e8s International Festivals Federation jest organizatorem specjalnego konkursu M\u00c9LI\u00c8S D\u2019ARGENT. W konkursie bierze udzia\u0142 6\u00a0europejskich film\u00f3w kr\u00f3tkometra\u017cowych wyselekcjonowanych przez Splat!FilmFest. Na najlepszy film g\u0142osuje online publiczno\u015b\u0107 festiwalu. G\u0142osowa\u0107 online na filmy w ramach konkursu M\u00c9LI\u00c8S D\u2019ARGENT mo\u017cna od 1 do 13 grudnia 2020, pod linkiem: ONLINE. [\/vc_column_text][vc_empty_space][film_textblock text_small=&#8221;features&#8221; text_big=&#8221;FILMY KONKURSOWE&#8221;][vc_empty_space][\/vc_column][\/vc_row][vc_row][vc_column][vc_empty_space][\/vc_column][\/vc_row][vc_row][vc_column][film_video film_style=&#8221;2&#8243; film_list_id=&#8221;9873, 9852, 9863, 9854, 9848, 9866&#8243;][\/vc_column][\/vc_row]\" \/>\n<meta property=\"og:url\" content=\"https:\/\/www.archive.splatfilmfest.com\/index.php\/konkurs-melies-dargent2020\/?lang=en\" \/>\n<meta property=\"og:site_name\" content=\"Splat!FilmFest\" \/>\n<meta property=\"article:publisher\" content=\"https:\/\/www.facebook.com\/splatfilmfest\" \/>\n<meta property=\"article:modified_time\" content=\"2020-11-29T15:55:21+00:00\" \/>\n<meta property=\"og:image\" content=\"https:\/\/www.archive.splatfilmfest.com\/wp-content\/uploads\/2020\/11\/SYNCHRONIZATION-316x916x9-wys-768x432.png\" \/>\n\t<meta property=\"og:image:width\" content=\"768\" \/>\n\t<meta property=\"og:image:height\" content=\"432\" \/>\n<meta name=\"twitter:card\" content=\"summary_large_image\" \/>\n<meta name=\"twitter:creator\" content=\"@SplatFilmFest\" \/>\n<meta name=\"twitter:site\" content=\"@SplatFilmFest\" \/>\n<meta name=\"twitter:label1\" content=\"Written by\">\n\t<meta name=\"twitter:data1\" content=\"splat\">\n\t<meta name=\"twitter:label2\" content=\"Est. reading time\">\n\t<meta name=\"twitter:data2\" content=\"1 minuta\">\n<script type=\"application\/ld+json\" class=\"yoast-schema-graph\">{\"@context\":\"https:\/\/schema.org\",\"@graph\":[{\"@type\":\"WebSite\",\"@id\":\"https:\/\/www.archive.splatfilmfest.com\/#website\",\"url\":\"https:\/\/www.archive.splatfilmfest.com\/\",\"name\":\"Splat!FilmFest\",\"description\":\"\",\"potentialAction\":[{\"@type\":\"SearchAction\",\"target\":\"https:\/\/www.archive.splatfilmfest.com\/?s={search_term_string}\",\"query-input\":\"required name=search_term_string\"}],\"inLanguage\":\"pl-PL\"},{\"@type\":\"ImageObject\",\"@id\":\"https:\/\/www.archive.splatfilmfest.com\/index.php\/konkurs-melies-dargent2020\/?lang=en#primaryimage\",\"inLanguage\":\"pl-PL\",\"url\":\"https:\/\/www.archive.splatfilmfest.com\/wp-content\/uploads\/2020\/11\/SYNCHRONIZATION-316x916x9-wys.png\",\"width\":1422,\"height\":800},{\"@type\":\"WebPage\",\"@id\":\"https:\/\/www.archive.splatfilmfest.com\/index.php\/konkurs-melies-dargent2020\/?lang=en#webpage\",\"url\":\"https:\/\/www.archive.splatfilmfest.com\/index.php\/konkurs-melies-dargent2020\/?lang=en\",\"name\":\"KONKURS M\\u00c9LI\\u00c8S D\\u2019ARGENT - Splat!FilmFest\",\"isPartOf\":{\"@id\":\"https:\/\/www.archive.splatfilmfest.com\/#website\"},\"primaryImageOfPage\":{\"@id\":\"https:\/\/www.archive.splatfilmfest.com\/index.php\/konkurs-melies-dargent2020\/?lang=en#primaryimage\"},\"datePublished\":\"2020-11-27T18:01:25+00:00\",\"dateModified\":\"2020-11-29T15:55:21+00:00\",\"inLanguage\":\"pl-PL\",\"potentialAction\":[{\"@type\":\"ReadAction\",\"target\":[\"https:\/\/www.archive.splatfilmfest.com\/index.php\/konkurs-melies-dargent2020\/?lang=en\"]}]}]}<\/script>\n<!-- \/ Yoast SEO plugin. -->","_links":{"self":[{"href":"https:\/\/www.archive.splatfilmfest.com\/index.php\/wp-json\/wp\/v2\/pages\/10434"}],"collection":[{"href":"https:\/\/www.archive.splatfilmfest.com\/index.php\/wp-json\/wp\/v2\/pages"}],"about":[{"href":"https:\/\/www.archive.splatfilmfest.com\/index.php\/wp-json\/wp\/v2\/types\/page"}],"author":[{"embeddable":true,"href":"https:\/\/www.archive.splatfilmfest.com\/index.php\/wp-json\/wp\/v2\/users\/5"}],"replies":[{"embeddable":true,"href":"https:\/\/www.archive.splatfilmfest.com\/index.php\/wp-json\/wp\/v2\/comments?post=10434"}],"version-history":[{"count":10,"href":"https:\/\/www.archive.splatfilmfest.com\/index.php\/wp-json\/wp\/v2\/pages\/10434\/revisions"}],"predecessor-version":[{"id":10505,"href":"https:\/\/www.archive.splatfilmfest.com\/index.php\/wp-json\/wp\/v2\/pages\/10434\/revisions\/10505"}],"wp:featuredmedia":[{"embeddable":true,"href":"https:\/\/www.archive.splatfilmfest.com\/index.php\/wp-json\/wp\/v2\/media\/9752"}],"wp:attachment":[{"href":"https:\/\/www.archive.splatfilmfest.com\/index.php\/wp-json\/wp\/v2\/media?parent=10434"}],"curies":[{"name":"wp","href":"https:\/\/api.w.org\/{rel}","templated":true}]}}