{"id":10413,"date":"2020-11-25T20:58:32","date_gmt":"2020-11-25T19:58:32","guid":{"rendered":"https:\/\/www.archive.splatfilmfest.com\/?page_id=10413"},"modified":"2020-11-30T18:09:11","modified_gmt":"2020-11-30T17:09:11","slug":"nagroda-final-girl2020","status":"publish","type":"page","link":"https:\/\/www.archive.splatfilmfest.com\/index.php\/nagroda-final-girl2020\/","title":{"rendered":"NAGRODA FINAL GIRL"},"content":{"rendered":"<p>[vc_row][vc_column][vc_empty_space][vc_column_text]<\/p>\n<div class=\"wpb_text_column wpb_content_element \">\n<h2 class=\"wpb_wrapper\">Nagroda dla najlepszej, najciekawszej i najfajniejszej filmowej bohaterki Splat!FilmFest, przyznawana przez fantastyczne osoby z bran\u017cy filmowej, kulturalnej i rozrywkowej.W sk\u0142ad Jury wchodz\u0105 nast\u0119puj\u0105ce Final Girls:<\/h2>\n<h2 class=\"wpb_wrapper\">Katarzyna Borowiecka<br \/>\nPatryk Chilewicz<br \/>\nDiana D\u0105browska<br \/>\nMagdalena Gorgol-Rzepecka<br \/>\nMarta G\u00f3rna<br \/>\nKaja Klimek<br \/>\nMadam<br \/>\nMarta Weronika Najman<br \/>\nKatarzyna Orysiak-Marrison<br \/>\nAgnieszka Pisarek<br \/>\nMonika Stolat<\/h2>\n<\/div>\n<h2><strong><img loading=\"lazy\" class=\"alignnone size-full wp-image-10470\" src=\"https:\/\/www.archive.splatfilmfest.com\/wp-content\/uploads\/2020\/11\/Katarzyna-Borowiecka-1.jpg\" alt=\"\" width=\"300\" height=\"300\" srcset=\"https:\/\/www.archive.splatfilmfest.com\/wp-content\/uploads\/2020\/11\/Katarzyna-Borowiecka-1.jpg 300w, https:\/\/www.archive.splatfilmfest.com\/wp-content\/uploads\/2020\/11\/Katarzyna-Borowiecka-1-55x55.jpg 55w\" sizes=\"(max-width: 300px) 100vw, 300px\" \/><\/strong><\/h2>\n<h2><strong>Katarzyna Borowiecka<\/strong><br \/>\nDziennikarka (g\u0142\u00f3wnie) filmowa. W radiowej Tr\u00f3jce, gdzie przygotowywa\u0142a mi\u0119dzy innymi nagrodzon\u0105 MediaTORem audycj\u0119 ABCpopkultury. W Canal+ prowadzi\u0142a magazyn Aktualno\u015bci Filmowe. Na YouTube jest gospodyni\u0105 Netflix Studio.<br \/>\nProwadzi autorski <a href=\"https:\/\/www.facebook.com\/POPcastBorowieckiej\" target=\"_blank\" rel=\"noopener noreferrer\">POPcast. Podcast o popkulturze<\/a>. Wkr\u00f3tce wraca do radia &#8211; Radia 357.<\/h2>\n<p>&nbsp;<\/p>\n<h2><strong><img loading=\"lazy\" class=\"alignnone size-full wp-image-10507\" src=\"https:\/\/www.archive.splatfilmfest.com\/wp-content\/uploads\/2020\/11\/Patryk-Chilewicz.jpg\" alt=\"\" width=\"300\" height=\"300\" srcset=\"https:\/\/www.archive.splatfilmfest.com\/wp-content\/uploads\/2020\/11\/Patryk-Chilewicz.jpg 300w, https:\/\/www.archive.splatfilmfest.com\/wp-content\/uploads\/2020\/11\/Patryk-Chilewicz-55x55.jpg 55w\" sizes=\"(max-width: 300px) 100vw, 300px\" \/><\/strong><\/h2>\n<h2><strong>Patryk Chilewicz<\/strong><br \/>\nPisze, \u015bpiewa, krzyczy, wyst\u0119puje. Jest. CEO <a href=\"https:\/\/www.facebook.com\/vogulepoland\" target=\"_blank\" rel=\"noopener noreferrer\">Vogule Poland<\/a>.<\/h2>\n<h2><a href=\"https:\/\/www.instagram.com\/patrykchilewicz\/\" target=\"_blank\" rel=\"noopener noreferrer\">Instagram<\/a> | <a href=\"https:\/\/www.facebook.com\/patrykchilewicz\" target=\"_blank\" rel=\"noopener noreferrer\">Facebook<\/a> | <a href=\"https:\/\/twitter.com\/patrykchilewicz\" target=\"_blank\" rel=\"noopener noreferrer\">Twitter<\/a><\/h2>\n<p>&nbsp;<\/p>\n<h2><strong><img loading=\"lazy\" class=\"alignnone size-full wp-image-10468\" src=\"https:\/\/www.archive.splatfilmfest.com\/wp-content\/uploads\/2020\/11\/Diana-Dabrowska.jpg\" alt=\"\" width=\"300\" height=\"300\" srcset=\"https:\/\/www.archive.splatfilmfest.com\/wp-content\/uploads\/2020\/11\/Diana-Dabrowska.jpg 300w, https:\/\/www.archive.splatfilmfest.com\/wp-content\/uploads\/2020\/11\/Diana-Dabrowska-55x55.jpg 55w\" sizes=\"(max-width: 300px) 100vw, 300px\" \/><\/strong><\/h2>\n<h2><strong>Diana D\u0105browska<\/strong><br \/>\nFilmoznawczyni zwi\u0105zana z \u0141odzi\u0105, krytyczka filmowa, animatorka kultury, organizatorka wielu wydarze\u0144 i przegl\u0105d\u00f3w filmowych. Publikowa\u0142a na \u0142amach Filmwebu, Miesi\u0119cznika KINO, Kultury Liberalnej, Ekran\u00f3w, Stopklatki, Studi\u00f3w Filmoznawczych, a tak\u017ce w tomach zbiorowych. W 2019 nominowana do Nagrody Polskiego Instytutu Sztuki Filmowej w kategorii krytyka filmowa. Na \u0142amach polsko-w\u0142oskiego magazynu Gazzetta Italia prowadzi swoj\u0105 rubryk\u0119 filmow\u0105 o znamiennym tytule &#8211; &#8220;<a href=\"https:\/\/www.facebook.com\/kinonadzieja\" target=\"_blank\" rel=\"noopener noreferrer\">Dop\u00f3ki jest kino, jest nadzieja<\/a>&#8220;.<\/h2>\n<p>&nbsp;<\/p>\n<div class=\"wpb_wrapper\">\n<h2><strong><img loading=\"lazy\" class=\"alignnone size-full wp-image-10473\" src=\"https:\/\/www.archive.splatfilmfest.com\/wp-content\/uploads\/2020\/11\/Magdalena-Gorgol-Rzepecka.jpg\" alt=\"\" width=\"300\" height=\"300\" srcset=\"https:\/\/www.archive.splatfilmfest.com\/wp-content\/uploads\/2020\/11\/Magdalena-Gorgol-Rzepecka.jpg 300w, https:\/\/www.archive.splatfilmfest.com\/wp-content\/uploads\/2020\/11\/Magdalena-Gorgol-Rzepecka-55x55.jpg 55w\" sizes=\"(max-width: 300px) 100vw, 300px\" \/><\/strong><\/h2>\n<h2><strong>Magdalena Gorgol-Rzepecka<\/strong><br \/>\nKulturoznawczyni i historyczka sztuki. Absolwentka Zarz\u0105dzania w Szkole G\u0142\u00f3wnej Handlowej w Warszawie. Beneficjentka kilku stypendi\u00f3w w dziedzinie kultury i sztuki. Od pocz\u0105tku w zespole <a href=\"https:\/\/www.spotkaniakultur.com\/\" target=\"_blank\" rel=\"noopener noreferrer\">Centrum Spotkania Kultur w Lublinie<\/a>, zgodnie ze swoim wykszta\u0142ceniem i zainteresowaniami. Mened\u017cerka, producentka, inicjatorka i kuratorka dzia\u0142a\u0144 w obszarze teatru i sztuki. Instruktorka dzieci\u0119cego zespo\u0142u teatralnego. W CSK pe\u0142ni funkcj\u0119 Kierowniczki Biura Organizacji Dzia\u0142a\u0144 Kulturalnych. Prywatnie pasjonatka teatru, literatury czeskiej, lubelskiej kuchni regionalnej, malarstwa Marka Rothko i sztuki w przestrzeni publicznej.<\/h2>\n<p>&nbsp;<\/p>\n<\/div>\n<h2><strong><img loading=\"lazy\" class=\"alignnone size-full wp-image-10474\" src=\"https:\/\/www.archive.splatfilmfest.com\/wp-content\/uploads\/2020\/11\/Marta-Gorna.jpg\" alt=\"\" width=\"300\" height=\"300\" srcset=\"https:\/\/www.archive.splatfilmfest.com\/wp-content\/uploads\/2020\/11\/Marta-Gorna.jpg 300w, https:\/\/www.archive.splatfilmfest.com\/wp-content\/uploads\/2020\/11\/Marta-Gorna-55x55.jpg 55w\" sizes=\"(max-width: 300px) 100vw, 300px\" \/><\/strong><\/h2>\n<h2><strong>Marta G\u00f3rna<\/strong><br \/>\nOd blisko dekady zwi\u0105zana z Gazet\u0105 Wyborcz\u0105. Publikowa\u0142a w papierze i w sieci, tak\u017ce w Wysokich Obcasach i Du\u017cym Formacie a tak\u017ce Magazynie \u015awi\u0105tecznym GW. Obecnie pracuje jako dziennikarka w dziale Kultura Gazety Wyborczej, realizuje si\u0119 te\u017c jako autorka bloga <a href=\"https:\/\/www.facebook.com\/gornaoglada\" target=\"_blank\" rel=\"noopener noreferrer\">G\u00f3rna Ogl\u0105da<\/a>. Pisze o kinie klasy B, C i pozbawionym klasy, przeprowadza te\u017c wywiady z gwiazdami ery VHS. Jej najwi\u0119ksz\u0105 pasj\u0105 s\u0105 aktorki kina klasy B.<\/h2>\n<p>&nbsp;<\/p>\n<h2><strong><img loading=\"lazy\" class=\"alignnone size-full wp-image-10469\" src=\"https:\/\/www.archive.splatfilmfest.com\/wp-content\/uploads\/2020\/11\/Kaja-Klimek.jpg\" alt=\"\" width=\"300\" height=\"300\" srcset=\"https:\/\/www.archive.splatfilmfest.com\/wp-content\/uploads\/2020\/11\/Kaja-Klimek.jpg 300w, https:\/\/www.archive.splatfilmfest.com\/wp-content\/uploads\/2020\/11\/Kaja-Klimek-55x55.jpg 55w\" sizes=\"(max-width: 300px) 100vw, 300px\" \/><\/strong><\/h2>\n<h2><strong>Kaja Klimek <\/strong><a href=\"https:\/\/www.facebook.com\/kajutex\" target=\"_blank\" rel=\"noopener noreferrer\"><strong>Kajutex<\/strong><\/a><br \/>\nEdukatorka, t\u0142umaczka i krytyczka filmowa i popkulturowa. Absolwentka dziennikarstwa i kulturoznawstwa na Uniwersytecie Jagiello\u0144skim. Prowadzi zaj\u0119cia po\u015bwi\u0119cone filmowi i popkulturze na Uniwersytecie Warszawskim i Uniwersytecie Gda\u0144skim oraz warszawsk\u0105 Akademi\u0119 Filmu Dokumentalnego przy Festiwalu Millenium Docs Against Gravity. Stale wsp\u00f3\u0142pracuje z Nowymi Horyzontami Edukacji Filmowej i Filmotek\u0105 Szkoln\u0105. Obecnie prowadzi program &#8220;Seriaale&#8221; na TVN Fabu\u0142a &#8211; pierwszy telewizyjny program w Polsce w ca\u0142o\u015bci po\u015bwi\u0119cony serialom.<\/h2>\n<p>&nbsp;<\/p>\n<h2><strong><img loading=\"lazy\" class=\"alignnone size-full wp-image-10472\" src=\"https:\/\/www.archive.splatfilmfest.com\/wp-content\/uploads\/2020\/11\/MAdam.jpg\" alt=\"\" width=\"300\" height=\"300\" srcset=\"https:\/\/www.archive.splatfilmfest.com\/wp-content\/uploads\/2020\/11\/MAdam.jpg 300w, https:\/\/www.archive.splatfilmfest.com\/wp-content\/uploads\/2020\/11\/MAdam-55x55.jpg 55w\" sizes=\"(max-width: 300px) 100vw, 300px\" \/><\/strong><\/h2>\n<h2><strong>Madam<\/strong><br \/>\nWydaj\u0119 si\u0119 gburowaty, ale tak naprawd\u0119 po prostu nie lubi ludzi. Dlatego w\u0142a\u015bnie gra imprezy. Ma s\u0142abo\u015b\u0107 do wszystkich, kt\u00f3rzy prosz\u0105 o piosenki Madonny. Autor fanpejd\u017ca &#8220;Muzyka z\u0142a i jeszcze gorsza&#8221;, redaktor &#8220;<a href=\"https:\/\/www.facebook.com\/vogulepoland\" target=\"_blank\" rel=\"noopener noreferrer\">Vogule Poland<\/a>&#8220;, did\u017cej cykl\u00f3w imprez &#8220;Winda do nieba&#8221; i &#8220;Aleja gwiazd&#8221; oraz jedna z najzabawniejszych os\u00f3b na \u015bwiecie.<\/h2>\n<h2><a href=\"https:\/\/www.instagram.com\/heisthemadam\/\" target=\"_blank\" rel=\"noopener noreferrer\">Instagram<\/a> | <a href=\"https:\/\/www.facebook.com\/heistheMadam\/\" target=\"_blank\" rel=\"noopener noreferrer\">Facebook<\/a> | <a href=\"https:\/\/mobile.twitter.com\/heisthemadam\" target=\"_blank\" rel=\"noopener noreferrer\">Twitter<\/a><\/h2>\n<p>&nbsp;<\/p>\n<h2><a href=\"https:\/\/www.facebook.com\/MartaOceansoulNajman\" target=\"_blank\" rel=\"noopener noreferrer\"><strong><img loading=\"lazy\" class=\"alignnone size-full wp-image-10476\" src=\"https:\/\/www.archive.splatfilmfest.com\/wp-content\/uploads\/2020\/11\/Najman2.jpg\" alt=\"\" width=\"300\" height=\"300\" srcset=\"https:\/\/www.archive.splatfilmfest.com\/wp-content\/uploads\/2020\/11\/Najman2.jpg 300w, https:\/\/www.archive.splatfilmfest.com\/wp-content\/uploads\/2020\/11\/Najman2-55x55.jpg 55w\" sizes=\"(max-width: 300px) 100vw, 300px\" \/><\/strong><\/a><\/h2>\n<h2><a href=\"https:\/\/www.facebook.com\/MartaOceansoulNajman\" target=\"_blank\" rel=\"noopener noreferrer\"><strong>Marta Weronika Najman<\/strong><\/a><br \/>\nJedyny \u017ce\u0144ski pierwiastek na kanale dyskusyjnym <a href=\"https:\/\/www.youtube.com\/c\/NapisyKo%C5%84cowe\" target=\"_blank\" rel=\"noopener noreferrer\">Napisy Ko\u0144cowe<\/a> i wsp\u00f3\u0142prowadz\u0105ca serii Ikony Horroru. Kiedy nie rozmawia o filmach, gra w gry albo nagrywa sesj\u0119 RPG pod mark\u0105 Spalmy to! W kinie lubi zar\u00f3wno te produkcje, kt\u00f3re sprawiaj\u0105, \u017ce robi si\u0119 cieplej w serduszku, jak i ryj\u0105c\u0105 bani\u0119 psychodel\u0119. W horrorach kocha r\u00f3wnie mocno Koszmar z ulicy wi\u0105z\u00f3w, co Midsommar. Prywatnie &#8211; hoduje Pusheeny.<\/h2>\n<h2><img loading=\"lazy\" class=\"alignnone size-full wp-image-10471\" src=\"https:\/\/www.archive.splatfilmfest.com\/wp-content\/uploads\/2020\/11\/Katarzyna-Orysiak-Marrison.jpg\" alt=\"\" width=\"300\" height=\"300\" srcset=\"https:\/\/www.archive.splatfilmfest.com\/wp-content\/uploads\/2020\/11\/Katarzyna-Orysiak-Marrison.jpg 300w, https:\/\/www.archive.splatfilmfest.com\/wp-content\/uploads\/2020\/11\/Katarzyna-Orysiak-Marrison-55x55.jpg 55w\" sizes=\"(max-width: 300px) 100vw, 300px\" \/><\/h2>\n<h2><strong>Katarzyna Orysiak-Marrison<\/strong><\/h2>\n<h2>Dyrektorka promocji w Gutek Film, od ponad 12 lat zwi\u0105zana z bran\u017c\u0105 dystrybucji filmowej. W przesz\u0142o\u015bci produkowa\u0142a i odpowiada\u0142a za program Tygodnia Kina Hiszpa\u0144skiego i Festiwalu Filmy \u015awiata Ale Kino+, pracowa\u0142a te\u017c przy Warszawskim Festiwalu Filmowym. Od lat wierna kinu latynoameryka\u0144skiemu. Woli sale kinowe od seans\u00f3w online, pe\u0142ne metra\u017ce od seriali, wczesne poranki od p\u00f3\u017anych wieczor\u00f3w i herbat\u0119 od kawy. Poza tym piecze chleb, \u0107wiczy jog\u0119, je\u017adzi na rowerze i robi na drutach, czyli uprawia standardowe hobby czas\u00f3w pandemii i spo\u0142ecznego dystansu.<\/h2>\n<p>&nbsp;<\/p>\n<h2><img loading=\"lazy\" class=\"alignnone size-full wp-image-10467\" src=\"https:\/\/www.archive.splatfilmfest.com\/wp-content\/uploads\/2020\/11\/Agnieszka-Pisarek.jpg\" alt=\"\" width=\"300\" height=\"300\" srcset=\"https:\/\/www.archive.splatfilmfest.com\/wp-content\/uploads\/2020\/11\/Agnieszka-Pisarek.jpg 300w, https:\/\/www.archive.splatfilmfest.com\/wp-content\/uploads\/2020\/11\/Agnieszka-Pisarek-55x55.jpg 55w\" sizes=\"(max-width: 300px) 100vw, 300px\" \/><\/h2>\n<h2><strong>Agnieszka Pisarek<\/strong><br \/>\nFilmoznawczyni, krytyczka i edukatorka filmowa. Wsp\u00f3\u0142pracowa\u0142a z wieloma instytucjami kultury, redakcjami, festiwalami i konkursami filmowymi oraz plac\u00f3wkami o\u015bwiatowymi, prowadz\u0105c zaj\u0119cia z zakresu sztuki i marketingu na r\u00f3\u017cnych etapach kszta\u0142cenia. W latach 2010 &#8211; 2016 realizowa\u0142a spektakle teatralne jako re\u017cyserka i instruktorka teatr\u00f3w m\u0142odzie\u017cowych i amatorskich.<br \/>\nOd 2016 roku wsp\u00f3\u0142tw\u00f3rczyni tre\u015bci na kanale <a href=\"https:\/\/www.youtube.com\/c\/SfilmowaniTV\" target=\"_blank\" rel=\"noopener noreferrer\">Sfilmowani.<\/a><\/h2>\n<p>&nbsp;<\/p>\n<p>&nbsp;<\/p>\n<h2><strong><img loading=\"lazy\" class=\"alignnone size-full wp-image-10489\" src=\"https:\/\/www.archive.splatfilmfest.com\/wp-content\/uploads\/2020\/11\/Monika-Stolat1.jpg\" alt=\"\" width=\"300\" height=\"300\" srcset=\"https:\/\/www.archive.splatfilmfest.com\/wp-content\/uploads\/2020\/11\/Monika-Stolat1.jpg 300w, https:\/\/www.archive.splatfilmfest.com\/wp-content\/uploads\/2020\/11\/Monika-Stolat1-55x55.jpg 55w\" sizes=\"(max-width: 300px) 100vw, 300px\" \/><\/strong><\/h2>\n<h2><strong>Monika Stolat<\/strong><br \/>\nDyrektorka Splat!FilmFest, autorka cyklu <a href=\"https:\/\/www.facebook.com\/najlepszeznajgorszych\" target=\"_blank\" rel=\"noopener noreferrer\">Filmy Najlepsze z Najgorszych<\/a>, kuratorka <a href=\"https:\/\/www.facebook.com\/kinocsk\" target=\"_blank\" rel=\"noopener noreferrer\">Kina CSK<\/a> w Centrum Spotkania Kultur w Lublinie.<\/h2>\n<p>&nbsp;<\/p>\n<p>[\/vc_column_text][\/vc_column][\/vc_row][vc_row][vc_column][vc_empty_space][film_textblock text_small=&#8221;features&#8221; text_big=&#8221;FILMY KONKURSOWE&#8221;][vc_empty_space][\/vc_column][\/vc_row][vc_row][vc_column][vc_empty_space][\/vc_column][\/vc_row][vc_row][vc_column][film_video film_style=&#8221;2&#8243; film_list_id=&#8221;10058, 9570, 9575, 9576, 10217&#8243;][\/vc_column][\/vc_row]<\/p>\n","protected":false},"excerpt":{"rendered":"<p>[vc_row][vc_column][vc_empty_space][vc_column_text] Nagroda dla najlepszej, najciekawszej i najfajniejszej filmowej bohaterki Splat!FilmFest, przyznawana przez fantastyczne osoby z bran\u017cy filmowej, kulturalnej i rozrywkowej.W sk\u0142ad Jury wchodz\u0105 nast\u0119puj\u0105ce Final Girls: Katarzyna Borowiecka Patryk Chilewicz Diana D\u0105browska Magdalena Gorgol-Rzepecka Marta G\u00f3rna Kaja Klimek Madam Marta Weronika Najman Katarzyna Orysiak-Marrison Agnieszka Pisarek Monika Stolat Katarzyna Borowiecka Dziennikarka (g\u0142\u00f3wnie) filmowa. W radiowej Tr\u00f3jce, gdzie przygotowywa\u0142a mi\u0119dzy innymi nagrodzon\u0105 MediaTORem audycj\u0119 ABCpopkultury. W Canal+ prowadzi\u0142a magazyn Aktualno\u015bci Filmowe. Na YouTube jest gospodyni\u0105 Netflix Studio. Prowadzi autorski POPcast. Podcast o popkulturze. Wkr\u00f3tce wraca do radia &#8211; Radia 357. &nbsp; Patryk Chilewicz Pisze, \u015bpiewa, krzyczy, wyst\u0119puje. Jest. CEO Vogule Poland. Instagram | Facebook | Twitter &nbsp; Diana D\u0105browska Filmoznawczyni zwi\u0105zana [&hellip;]<\/p>\n","protected":false},"author":5,"featured_media":10168,"parent":0,"menu_order":0,"comment_status":"closed","ping_status":"closed","template":"","meta":[],"yoast_head":"<!-- This site is optimized with the Yoast SEO plugin v15.2.1 - https:\/\/yoast.com\/wordpress\/plugins\/seo\/ -->\n<title>NAGRODA FINAL GIRL - Splat!FilmFest<\/title>\n<meta name=\"robots\" content=\"index, follow, max-snippet:-1, max-image-preview:large, max-video-preview:-1\" \/>\n<link rel=\"canonical\" href=\"https:\/\/www.archive.splatfilmfest.com\/index.php\/nagroda-final-girl2020\/\" \/>\n<meta property=\"og:locale\" content=\"pl_PL\" \/>\n<meta property=\"og:type\" content=\"article\" \/>\n<meta property=\"og:title\" content=\"NAGRODA FINAL GIRL - Splat!FilmFest\" \/>\n<meta property=\"og:description\" content=\"[vc_row][vc_column][vc_empty_space][vc_column_text] Nagroda dla najlepszej, najciekawszej i najfajniejszej filmowej bohaterki Splat!FilmFest, przyznawana przez fantastyczne osoby z bran\u017cy filmowej, kulturalnej i rozrywkowej.W sk\u0142ad Jury wchodz\u0105 nast\u0119puj\u0105ce Final Girls: Katarzyna Borowiecka Patryk Chilewicz Diana D\u0105browska Magdalena Gorgol-Rzepecka Marta G\u00f3rna Kaja Klimek Madam Marta Weronika Najman Katarzyna Orysiak-Marrison Agnieszka Pisarek Monika Stolat Katarzyna Borowiecka Dziennikarka (g\u0142\u00f3wnie) filmowa. W radiowej Tr\u00f3jce, gdzie przygotowywa\u0142a mi\u0119dzy innymi nagrodzon\u0105 MediaTORem audycj\u0119 ABCpopkultury. W Canal+ prowadzi\u0142a magazyn Aktualno\u015bci Filmowe. Na YouTube jest gospodyni\u0105 Netflix Studio. Prowadzi autorski POPcast. Podcast o popkulturze. Wkr\u00f3tce wraca do radia &#8211; Radia 357. &nbsp; Patryk Chilewicz Pisze, \u015bpiewa, krzyczy, wyst\u0119puje. Jest. CEO Vogule Poland. Instagram | Facebook | Twitter &nbsp; Diana D\u0105browska Filmoznawczyni zwi\u0105zana [&hellip;]\" \/>\n<meta property=\"og:url\" content=\"https:\/\/www.archive.splatfilmfest.com\/index.php\/nagroda-final-girl2020\/\" \/>\n<meta property=\"og:site_name\" content=\"Splat!FilmFest\" \/>\n<meta property=\"article:publisher\" content=\"https:\/\/www.facebook.com\/splatfilmfest\" \/>\n<meta property=\"article:modified_time\" content=\"2020-11-30T17:09:11+00:00\" \/>\n<meta property=\"og:image\" content=\"https:\/\/www.archive.splatfilmfest.com\/wp-content\/uploads\/2020\/11\/AV-THE-HUNT-7jpg-1422x800-1.jpg\" \/>\n\t<meta property=\"og:image:width\" content=\"1422\" \/>\n\t<meta property=\"og:image:height\" content=\"800\" \/>\n<meta name=\"twitter:card\" content=\"summary_large_image\" \/>\n<meta name=\"twitter:creator\" content=\"@SplatFilmFest\" \/>\n<meta name=\"twitter:site\" content=\"@SplatFilmFest\" \/>\n<meta name=\"twitter:label1\" content=\"Written by\">\n\t<meta name=\"twitter:data1\" content=\"splat\">\n\t<meta name=\"twitter:label2\" content=\"Est. reading time\">\n\t<meta name=\"twitter:data2\" content=\"3 minuty\">\n<script type=\"application\/ld+json\" class=\"yoast-schema-graph\">{\"@context\":\"https:\/\/schema.org\",\"@graph\":[{\"@type\":\"WebSite\",\"@id\":\"https:\/\/www.archive.splatfilmfest.com\/#website\",\"url\":\"https:\/\/www.archive.splatfilmfest.com\/\",\"name\":\"Splat!FilmFest\",\"description\":\"\",\"potentialAction\":[{\"@type\":\"SearchAction\",\"target\":\"https:\/\/www.archive.splatfilmfest.com\/?s={search_term_string}\",\"query-input\":\"required name=search_term_string\"}],\"inLanguage\":\"pl-PL\"},{\"@type\":\"ImageObject\",\"@id\":\"https:\/\/www.archive.splatfilmfest.com\/index.php\/nagroda-final-girl2020\/#primaryimage\",\"inLanguage\":\"pl-PL\",\"url\":\"https:\/\/www.archive.splatfilmfest.com\/wp-content\/uploads\/2020\/11\/AV-THE-HUNT-7jpg-1422x800-1.jpg\",\"width\":1422,\"height\":800},{\"@type\":\"WebPage\",\"@id\":\"https:\/\/www.archive.splatfilmfest.com\/index.php\/nagroda-final-girl2020\/#webpage\",\"url\":\"https:\/\/www.archive.splatfilmfest.com\/index.php\/nagroda-final-girl2020\/\",\"name\":\"NAGRODA FINAL GIRL - Splat!FilmFest\",\"isPartOf\":{\"@id\":\"https:\/\/www.archive.splatfilmfest.com\/#website\"},\"primaryImageOfPage\":{\"@id\":\"https:\/\/www.archive.splatfilmfest.com\/index.php\/nagroda-final-girl2020\/#primaryimage\"},\"datePublished\":\"2020-11-25T19:58:32+00:00\",\"dateModified\":\"2020-11-30T17:09:11+00:00\",\"inLanguage\":\"pl-PL\",\"potentialAction\":[{\"@type\":\"ReadAction\",\"target\":[\"https:\/\/www.archive.splatfilmfest.com\/index.php\/nagroda-final-girl2020\/\"]}]}]}<\/script>\n<!-- \/ Yoast SEO plugin. -->","_links":{"self":[{"href":"https:\/\/www.archive.splatfilmfest.com\/index.php\/wp-json\/wp\/v2\/pages\/10413"}],"collection":[{"href":"https:\/\/www.archive.splatfilmfest.com\/index.php\/wp-json\/wp\/v2\/pages"}],"about":[{"href":"https:\/\/www.archive.splatfilmfest.com\/index.php\/wp-json\/wp\/v2\/types\/page"}],"author":[{"embeddable":true,"href":"https:\/\/www.archive.splatfilmfest.com\/index.php\/wp-json\/wp\/v2\/users\/5"}],"replies":[{"embeddable":true,"href":"https:\/\/www.archive.splatfilmfest.com\/index.php\/wp-json\/wp\/v2\/comments?post=10413"}],"version-history":[{"count":43,"href":"https:\/\/www.archive.splatfilmfest.com\/index.php\/wp-json\/wp\/v2\/pages\/10413\/revisions"}],"predecessor-version":[{"id":10511,"href":"https:\/\/www.archive.splatfilmfest.com\/index.php\/wp-json\/wp\/v2\/pages\/10413\/revisions\/10511"}],"wp:featuredmedia":[{"embeddable":true,"href":"https:\/\/www.archive.splatfilmfest.com\/index.php\/wp-json\/wp\/v2\/media\/10168"}],"wp:attachment":[{"href":"https:\/\/www.archive.splatfilmfest.com\/index.php\/wp-json\/wp\/v2\/media?parent=10413"}],"curies":[{"name":"wp","href":"https:\/\/api.w.org\/{rel}","templated":true}]}}