{"id":10398,"date":"2020-11-25T20:39:29","date_gmt":"2020-11-25T19:39:29","guid":{"rendered":"https:\/\/www.archive.splatfilmfest.com\/?page_id=10398"},"modified":"2020-11-27T20:05:06","modified_gmt":"2020-11-27T19:05:06","slug":"nagroda-papaya-rocks2020","status":"publish","type":"page","link":"https:\/\/www.archive.splatfilmfest.com\/index.php\/nagroda-papaya-rocks2020\/","title":{"rendered":"NAGRODA PAPAYA.ROCKS"},"content":{"rendered":"<p>[vc_row][vc_column][vc_single_image image=&#8221;9482&#8243; img_size=&#8221;full&#8221; alignment=&#8221;center&#8221;][vc_empty_space][vc_column_text]NAGRODA PAPAYA.ROCKS &#8211; DLA NAJCIEKAWSZEGO BOHATERA FILMOWEGO SPLAT!FILMFEST 2020<\/p>\n<p>Specjalne wyr\u00f3\u017cnienie przyznawane przez redakcj\u0119 portalu <a href=\"https:\/\/papaya.rocks\/pl\/news\/6-edycja-splatfilmfest-juz-wkrotce-zobacz-zwiastun-imprezy-i\" target=\"_blank\" rel=\"noopener noreferrer\">Papaya.Rocks<\/a>. Trafi w r\u0119ce tw\u00f3rc\u00f3w jednego z pokazywanych podczas tegorocznej edycji film\u00f3w, kt\u00f3rzy zaprezentuj\u0105 na ekranie niezwyk\u0142\u0105, godn\u0105 zapami\u0119tania, a w przysz\u0142o\u015bci by\u0107 mo\u017ce kultow\u0105 posta\u0107. Tak\u0105, kt\u00f3ra trafia\u0107 b\u0119dzie kiedy\u015b do ranking\u00f3w najciekawszych bohater\u00f3w filmowych \u2013 podobnych do tych, jakie sami tworzymy cz\u0119sto w Papaya.Rocks.<\/p>\n<p>[\/vc_column_text][vc_empty_space][film_textblock text_small=&#8221;features&#8221; text_big=&#8221;FILMY KONKURSOWE&#8221;][vc_empty_space][\/vc_column][\/vc_row][vc_row][vc_column][vc_empty_space][\/vc_column][\/vc_row][vc_row][vc_column][film_video film_style=&#8221;2&#8243; film_list_id=&#8221;9570, 9574, 10256, 9552, 9564, 10262, 9575&#8243;][\/vc_column][\/vc_row]<\/p>","protected":false},"excerpt":{"rendered":"<p>[vc_row][vc_column][vc_single_image image=&#8221;9482&#8243; img_size=&#8221;full&#8221; alignment=&#8221;center&#8221;][vc_empty_space][vc_column_text]NAGRODA PAPAYA.ROCKS &#8211; DLA NAJCIEKAWSZEGO BOHATERA FILMOWEGO SPLAT!FILMFEST 2020 Specjalne wyr\u00f3\u017cnienie przyznawane przez redakcj\u0119 portalu Papaya.Rocks. Trafi w r\u0119ce tw\u00f3rc\u00f3w jednego z pokazywanych podczas tegorocznej edycji film\u00f3w, kt\u00f3rzy zaprezentuj\u0105 na ekranie niezwyk\u0142\u0105, godn\u0105 zapami\u0119tania, a w przysz\u0142o\u015bci by\u0107 mo\u017ce kultow\u0105 posta\u0107. Tak\u0105, kt\u00f3ra trafia\u0107 b\u0119dzie kiedy\u015b do ranking\u00f3w najciekawszych bohater\u00f3w filmowych \u2013 podobnych do tych, jakie sami tworzymy cz\u0119sto w Papaya.Rocks. [\/vc_column_text][vc_empty_space][film_textblock text_small=&#8221;features&#8221; text_big=&#8221;FILMY KONKURSOWE&#8221;][vc_empty_space][\/vc_column][\/vc_row][vc_row][vc_column][vc_empty_space][\/vc_column][\/vc_row][vc_row][vc_column][film_video film_style=&#8221;2&#8243; film_list_id=&#8221;9570, 9574, 10256, 9552, 9564, 10262, 9575&#8243;][\/vc_column][\/vc_row]<\/p>\n","protected":false},"author":5,"featured_media":10443,"parent":0,"menu_order":0,"comment_status":"closed","ping_status":"closed","template":"","meta":[],"yoast_head":"<!-- This site is optimized with the Yoast SEO plugin v15.2.1 - https:\/\/yoast.com\/wordpress\/plugins\/seo\/ -->\n<title>NAGRODA PAPAYA.ROCKS - Splat!FilmFest<\/title>\n<meta name=\"robots\" content=\"index, follow, max-snippet:-1, max-image-preview:large, max-video-preview:-1\" \/>\n<link rel=\"canonical\" href=\"https:\/\/www.archive.splatfilmfest.com\/index.php\/nagroda-papaya-rocks2020\/\" \/>\n<meta property=\"og:locale\" content=\"pl_PL\" \/>\n<meta property=\"og:type\" content=\"article\" \/>\n<meta property=\"og:title\" content=\"[:pl]NAGRODA PAPAYA.ROCKS[:en]PAPAYA.ROCKS AWARD[:] - Splat!FilmFest\" \/>\n<meta property=\"og:description\" content=\"[vc_row][vc_column][vc_single_image image=&#8221;9482&#8243; img_size=&#8221;full&#8221; alignment=&#8221;center&#8221;][vc_empty_space][vc_column_text]NAGRODA PAPAYA.ROCKS &#8211; DLA NAJCIEKAWSZEGO BOHATERA FILMOWEGO SPLAT!FILMFEST 2020 Specjalne wyr\u00f3\u017cnienie przyznawane przez redakcj\u0119 portalu Papaya.Rocks. Trafi w r\u0119ce tw\u00f3rc\u00f3w jednego z pokazywanych podczas tegorocznej edycji film\u00f3w, kt\u00f3rzy zaprezentuj\u0105 na ekranie niezwyk\u0142\u0105, godn\u0105 zapami\u0119tania, a w przysz\u0142o\u015bci by\u0107 mo\u017ce kultow\u0105 posta\u0107. Tak\u0105, kt\u00f3ra trafia\u0107 b\u0119dzie kiedy\u015b do ranking\u00f3w najciekawszych bohater\u00f3w filmowych \u2013 podobnych do tych, jakie sami tworzymy cz\u0119sto w Papaya.Rocks. [\/vc_column_text][vc_empty_space][film_textblock text_small=&#8221;features&#8221; text_big=&#8221;FILMY KONKURSOWE&#8221;][vc_empty_space][\/vc_column][\/vc_row][vc_row][vc_column][vc_empty_space][\/vc_column][\/vc_row][vc_row][vc_column][film_video film_style=&#8221;2&#8243; film_list_id=&#8221;9570, 9574, 10256, 9552, 9564, 10262, 9575&#8243;][\/vc_column][\/vc_row]\" \/>\n<meta property=\"og:url\" content=\"https:\/\/www.archive.splatfilmfest.com\/index.php\/nagroda-papaya-rocks2020\/\" \/>\n<meta property=\"og:site_name\" content=\"Splat!FilmFest\" \/>\n<meta property=\"article:publisher\" content=\"https:\/\/www.facebook.com\/splatfilmfest\" \/>\n<meta property=\"article:modified_time\" content=\"2020-11-27T19:05:06+00:00\" \/>\n<meta property=\"og:image\" content=\"https:\/\/www.archive.splatfilmfest.com\/wp-content\/uploads\/2020\/11\/papaya.jpg\" \/>\n\t<meta property=\"og:image:width\" content=\"1209\" \/>\n\t<meta property=\"og:image:height\" content=\"865\" \/>\n<meta name=\"twitter:card\" content=\"summary_large_image\" \/>\n<meta name=\"twitter:creator\" content=\"@SplatFilmFest\" \/>\n<meta name=\"twitter:site\" content=\"@SplatFilmFest\" \/>\n<meta name=\"twitter:label1\" content=\"Written by\">\n\t<meta name=\"twitter:data1\" content=\"splat\">\n\t<meta name=\"twitter:label2\" content=\"Est. reading time\">\n\t<meta name=\"twitter:data2\" content=\"1 minuta\">\n<script type=\"application\/ld+json\" class=\"yoast-schema-graph\">{\"@context\":\"https:\/\/schema.org\",\"@graph\":[{\"@type\":\"WebSite\",\"@id\":\"https:\/\/www.archive.splatfilmfest.com\/#website\",\"url\":\"https:\/\/www.archive.splatfilmfest.com\/\",\"name\":\"Splat!FilmFest\",\"description\":\"\",\"potentialAction\":[{\"@type\":\"SearchAction\",\"target\":\"https:\/\/www.archive.splatfilmfest.com\/?s={search_term_string}\",\"query-input\":\"required name=search_term_string\"}],\"inLanguage\":\"pl-PL\"},{\"@type\":\"ImageObject\",\"@id\":\"https:\/\/www.archive.splatfilmfest.com\/index.php\/nagroda-papaya-rocks2020\/#primaryimage\",\"inLanguage\":\"pl-PL\",\"url\":\"https:\/\/www.archive.splatfilmfest.com\/wp-content\/uploads\/2020\/11\/papaya.jpg\",\"width\":1209,\"height\":865},{\"@type\":\"WebPage\",\"@id\":\"https:\/\/www.archive.splatfilmfest.com\/index.php\/nagroda-papaya-rocks2020\/#webpage\",\"url\":\"https:\/\/www.archive.splatfilmfest.com\/index.php\/nagroda-papaya-rocks2020\/\",\"name\":\"[:pl]NAGRODA PAPAYA.ROCKS[:en]PAPAYA.ROCKS AWARD[:] - Splat!FilmFest\",\"isPartOf\":{\"@id\":\"https:\/\/www.archive.splatfilmfest.com\/#website\"},\"primaryImageOfPage\":{\"@id\":\"https:\/\/www.archive.splatfilmfest.com\/index.php\/nagroda-papaya-rocks2020\/#primaryimage\"},\"datePublished\":\"2020-11-25T19:39:29+00:00\",\"dateModified\":\"2020-11-27T19:05:06+00:00\",\"inLanguage\":\"pl-PL\",\"potentialAction\":[{\"@type\":\"ReadAction\",\"target\":[\"https:\/\/www.archive.splatfilmfest.com\/index.php\/nagroda-papaya-rocks2020\/\"]}]}]}<\/script>\n<!-- \/ Yoast SEO plugin. -->","_links":{"self":[{"href":"https:\/\/www.archive.splatfilmfest.com\/index.php\/wp-json\/wp\/v2\/pages\/10398"}],"collection":[{"href":"https:\/\/www.archive.splatfilmfest.com\/index.php\/wp-json\/wp\/v2\/pages"}],"about":[{"href":"https:\/\/www.archive.splatfilmfest.com\/index.php\/wp-json\/wp\/v2\/types\/page"}],"author":[{"embeddable":true,"href":"https:\/\/www.archive.splatfilmfest.com\/index.php\/wp-json\/wp\/v2\/users\/5"}],"replies":[{"embeddable":true,"href":"https:\/\/www.archive.splatfilmfest.com\/index.php\/wp-json\/wp\/v2\/comments?post=10398"}],"version-history":[{"count":16,"href":"https:\/\/www.archive.splatfilmfest.com\/index.php\/wp-json\/wp\/v2\/pages\/10398\/revisions"}],"predecessor-version":[{"id":10447,"href":"https:\/\/www.archive.splatfilmfest.com\/index.php\/wp-json\/wp\/v2\/pages\/10398\/revisions\/10447"}],"wp:featuredmedia":[{"embeddable":true,"href":"https:\/\/www.archive.splatfilmfest.com\/index.php\/wp-json\/wp\/v2\/media\/10443"}],"wp:attachment":[{"href":"https:\/\/www.archive.splatfilmfest.com\/index.php\/wp-json\/wp\/v2\/media?parent=10398"}],"curies":[{"name":"wp","href":"https:\/\/api.w.org\/{rel}","templated":true}]}}