{"id":10076,"date":"2020-11-16T13:01:17","date_gmt":"2020-11-16T12:01:17","guid":{"rendered":"https:\/\/www.archive.splatfilmfest.com\/?page_id=10076"},"modified":"2020-12-09T13:30:00","modified_gmt":"2020-12-09T12:30:00","slug":"nagrody-publicznosci-2020","status":"publish","type":"page","link":"https:\/\/www.archive.splatfilmfest.com\/index.php\/nagrody-publicznosci-2020\/","title":{"rendered":"NAGRODY PUBLICZNO\u015aCI"},"content":{"rendered":"<h2><span style=\"color: #000000;\">Podczas festiwalu Splat!FilmFest 2020 widzki i widzowie przyznaj\u0105 Nagrody Publiczno\u015bci w kilku kategoriach:<\/span><\/h2>\n<h2><strong><span style=\"color: #000000;\">FILMY PE\u0141NOMETRA\u017bOWE<\/span><\/strong><br \/>\n<span style=\"color: #000000;\">Najlepszy film<\/span><br \/>\n<span style=\"color: #000000;\">Najlepsza re\u017cyseria<\/span><br \/>\n<span style=\"color: #000000;\">Najlepszy scenariusz<\/span><br \/>\n<span style=\"color: #000000;\">Najstraszniejszy film<\/span><br \/>\n<span style=\"color: #000000;\">Najbardziej szokuj\u0105cy film<\/span><br \/>\n<span style=\"color: #000000;\">Najlepsze efekty specjalne<\/span><\/h2>\n<h2>G\u0142osowa\u0107 na filmy pe\u0142nometra\u017cowe mo\u017cna od 1 do 13 grudnia 2020 online, przez formularz: <a href=\"https:\/\/docs.google.com\/forms\/d\/e\/1FAIpQLSeozvhjR7cjuAuDncg6OnbaGp21w5h54fVhYzJiHenX3ld4GA\/viewform\" target=\"_blank\" rel=\"noopener noreferrer\">LINK<\/a><\/h2>\n<h2><\/h2>\n<h2><strong><span style=\"color: #000000;\">FILMY KR\u00d3TKOMETRA\u017bOWE<\/span><\/strong><br \/>\n<span style=\"color: #000000;\">Najlepszy film kr\u00f3tkometra\u017cowy<\/span><\/h2>\n<h2>G\u0142osowa\u0107 na filmy kr\u00f3tkometra\u017cowe mo\u017cna od 1 do 13 grudnia 2020 online, przez formularz: <a href=\"https:\/\/docs.google.com\/forms\/d\/e\/1FAIpQLScO5_6-nsTTwIeZk97MdLmlgmiVm-JctSm1hOAekjC02izmLQ\/viewform\" target=\"_blank\" rel=\"noopener noreferrer\">LINK<\/a><\/h2>\n<h2><\/h2>\n","protected":false},"excerpt":{"rendered":"<p>Podczas festiwalu Splat!FilmFest 2020 widzki i widzowie przyznaj\u0105 Nagrody Publiczno\u015bci w kilku kategoriach: FILMY PE\u0141NOMETRA\u017bOWE Najlepszy film Najlepsza re\u017cyseria Najlepszy scenariusz Najstraszniejszy film Najbardziej szokuj\u0105cy film Najlepsze efekty specjalne G\u0142osowa\u0107 na filmy pe\u0142nometra\u017cowe mo\u017cna od 1 do 13 grudnia 2020 online, przez formularz: LINK FILMY KR\u00d3TKOMETRA\u017bOWE Najlepszy film kr\u00f3tkometra\u017cowy G\u0142osowa\u0107 na filmy kr\u00f3tkometra\u017cowe mo\u017cna od 1 do 13 grudnia 2020 online, przez formularz: LINK<\/p>\n","protected":false},"author":1,"featured_media":9592,"parent":0,"menu_order":0,"comment_status":"closed","ping_status":"closed","template":"","meta":[],"yoast_head":"<!-- This site is optimized with the Yoast SEO plugin v15.2.1 - https:\/\/yoast.com\/wordpress\/plugins\/seo\/ -->\n<title>NAGRODY PUBLICZNO\u015aCI - Splat!FilmFest<\/title>\n<meta name=\"robots\" content=\"index, follow, max-snippet:-1, max-image-preview:large, max-video-preview:-1\" \/>\n<link rel=\"canonical\" href=\"https:\/\/www.archive.splatfilmfest.com\/index.php\/nagrody-publicznosci-2020\/\" \/>\n<meta property=\"og:locale\" content=\"pl_PL\" \/>\n<meta property=\"og:type\" content=\"article\" \/>\n<meta property=\"og:title\" content=\"[:pl]NAGRODY PUBLICZNO\u015aCI[:en]AUDIENCE AWARDS[:] - Splat!FilmFest\" \/>\n<meta property=\"og:description\" content=\"Podczas festiwalu Splat!FilmFest 2020 widzki i widzowie przyznaj\u0105 Nagrody Publiczno\u015bci w kilku kategoriach: FILMY PE\u0141NOMETRA\u017bOWE Najlepszy film Najlepsza re\u017cyseria Najlepszy scenariusz Najstraszniejszy film Najbardziej szokuj\u0105cy film Najlepsze efekty specjalne G\u0142osowa\u0107 na filmy pe\u0142nometra\u017cowe mo\u017cna od 1 do 13 grudnia 2020 online, przez formularz: LINK FILMY KR\u00d3TKOMETRA\u017bOWE Najlepszy film kr\u00f3tkometra\u017cowy G\u0142osowa\u0107 na filmy kr\u00f3tkometra\u017cowe mo\u017cna od 1 do 13 grudnia 2020 online, przez formularz: LINK\" \/>\n<meta property=\"og:url\" content=\"https:\/\/www.archive.splatfilmfest.com\/index.php\/nagrody-publicznosci-2020\/\" \/>\n<meta property=\"og:site_name\" content=\"Splat!FilmFest\" \/>\n<meta property=\"article:publisher\" content=\"https:\/\/www.facebook.com\/splatfilmfest\" \/>\n<meta property=\"article:modified_time\" content=\"2020-12-09T12:30:00+00:00\" \/>\n<meta property=\"og:image\" content=\"https:\/\/www.archive.splatfilmfest.com\/wp-content\/uploads\/2020\/11\/COME-TRUE-716x916x9-wys.png\" \/>\n\t<meta property=\"og:image:width\" content=\"1778\" \/>\n\t<meta property=\"og:image:height\" content=\"1000\" \/>\n<meta name=\"twitter:card\" content=\"summary_large_image\" \/>\n<meta name=\"twitter:creator\" content=\"@SplatFilmFest\" \/>\n<meta name=\"twitter:site\" content=\"@SplatFilmFest\" \/>\n<meta name=\"twitter:label1\" content=\"Written by\">\n\t<meta name=\"twitter:data1\" content=\"admin\">\n\t<meta name=\"twitter:label2\" content=\"Est. reading time\">\n\t<meta name=\"twitter:data2\" content=\"0 minut\">\n<script type=\"application\/ld+json\" class=\"yoast-schema-graph\">{\"@context\":\"https:\/\/schema.org\",\"@graph\":[{\"@type\":\"WebSite\",\"@id\":\"https:\/\/www.archive.splatfilmfest.com\/#website\",\"url\":\"https:\/\/www.archive.splatfilmfest.com\/\",\"name\":\"Splat!FilmFest\",\"description\":\"\",\"potentialAction\":[{\"@type\":\"SearchAction\",\"target\":\"https:\/\/www.archive.splatfilmfest.com\/?s={search_term_string}\",\"query-input\":\"required name=search_term_string\"}],\"inLanguage\":\"pl-PL\"},{\"@type\":\"ImageObject\",\"@id\":\"https:\/\/www.archive.splatfilmfest.com\/index.php\/nagrody-publicznosci-2020\/#primaryimage\",\"inLanguage\":\"pl-PL\",\"url\":\"https:\/\/www.archive.splatfilmfest.com\/wp-content\/uploads\/2020\/11\/COME-TRUE-716x916x9-wys.png\",\"width\":1778,\"height\":1000},{\"@type\":\"WebPage\",\"@id\":\"https:\/\/www.archive.splatfilmfest.com\/index.php\/nagrody-publicznosci-2020\/#webpage\",\"url\":\"https:\/\/www.archive.splatfilmfest.com\/index.php\/nagrody-publicznosci-2020\/\",\"name\":\"[:pl]NAGRODY PUBLICZNO\\u015aCI[:en]AUDIENCE AWARDS[:] - Splat!FilmFest\",\"isPartOf\":{\"@id\":\"https:\/\/www.archive.splatfilmfest.com\/#website\"},\"primaryImageOfPage\":{\"@id\":\"https:\/\/www.archive.splatfilmfest.com\/index.php\/nagrody-publicznosci-2020\/#primaryimage\"},\"datePublished\":\"2020-11-16T12:01:17+00:00\",\"dateModified\":\"2020-12-09T12:30:00+00:00\",\"inLanguage\":\"pl-PL\",\"potentialAction\":[{\"@type\":\"ReadAction\",\"target\":[\"https:\/\/www.archive.splatfilmfest.com\/index.php\/nagrody-publicznosci-2020\/\"]}]}]}<\/script>\n<!-- \/ Yoast SEO plugin. -->","_links":{"self":[{"href":"https:\/\/www.archive.splatfilmfest.com\/index.php\/wp-json\/wp\/v2\/pages\/10076"}],"collection":[{"href":"https:\/\/www.archive.splatfilmfest.com\/index.php\/wp-json\/wp\/v2\/pages"}],"about":[{"href":"https:\/\/www.archive.splatfilmfest.com\/index.php\/wp-json\/wp\/v2\/types\/page"}],"author":[{"embeddable":true,"href":"https:\/\/www.archive.splatfilmfest.com\/index.php\/wp-json\/wp\/v2\/users\/1"}],"replies":[{"embeddable":true,"href":"https:\/\/www.archive.splatfilmfest.com\/index.php\/wp-json\/wp\/v2\/comments?post=10076"}],"version-history":[{"count":6,"href":"https:\/\/www.archive.splatfilmfest.com\/index.php\/wp-json\/wp\/v2\/pages\/10076\/revisions"}],"predecessor-version":[{"id":10530,"href":"https:\/\/www.archive.splatfilmfest.com\/index.php\/wp-json\/wp\/v2\/pages\/10076\/revisions\/10530"}],"wp:featuredmedia":[{"embeddable":true,"href":"https:\/\/www.archive.splatfilmfest.com\/index.php\/wp-json\/wp\/v2\/media\/9592"}],"wp:attachment":[{"href":"https:\/\/www.archive.splatfilmfest.com\/index.php\/wp-json\/wp\/v2\/media?parent=10076"}],"curies":[{"name":"wp","href":"https:\/\/api.w.org\/{rel}","templated":true}]}}